{"id":10591,"date":"2026-02-11T15:44:58","date_gmt":"2026-02-11T15:44:58","guid":{"rendered":"https:\/\/groupefranc.com\/?page_id=10591"},"modified":"2026-02-11T22:09:42","modified_gmt":"2026-02-11T22:09:42","slug":"jeremy-chauvidon","status":"publish","type":"page","link":"https:\/\/groupefranc.com\/index.php\/portraits\/jeremy-chauvidon\/","title":{"rendered":"J\u00e9r\u00e9my Chauvidon\u200b"},"content":{"rendered":"\t\t<div data-elementor-type=\"wp-page\" data-elementor-id=\"10591\" class=\"elementor elementor-10591\">\n\t\t\t\t\t\t<section class=\"elementor-section elementor-top-section elementor-element elementor-element-8af2734 elementor-section-full_width background-primary elementor-section-height-min-height elementor-section-items-top elementor-section-height-default wpr-particle-no wpr-jarallax-no wpr-parallax-no wpr-sticky-section-no\" data-id=\"8af2734\" data-element_type=\"section\" data-e-type=\"section\" data-settings=\"{&quot;background_background&quot;:&quot;classic&quot;}\">\n\t\t\t\t\t\t\t<div class=\"elementor-background-overlay\"><\/div>\n\t\t\t\t\t\t\t<div class=\"elementor-container elementor-column-gap-no\">\n\t\t\t\t\t<div class=\"elementor-column elementor-col-50 elementor-top-column elementor-element elementor-element-9a65c76 m_auto-responsive \" data-id=\"9a65c76\" data-element_type=\"column\" data-e-type=\"column\">\n\t\t\t<div class=\"elementor-widget-wrap elementor-element-populated\">\n\t\t\t\t\t\t<div class=\"elementor-element elementor-element-7abaf4e portrait_title maxime elementor-widget elementor-widget-heading\" data-id=\"7abaf4e\" data-element_type=\"widget\" data-e-type=\"widget\" data-settings=\"{&quot;_animation&quot;:&quot;none&quot;}\" data-widget_type=\"heading.default\">\n\t\t\t\t\t<h2 class=\"elementor-heading-title elementor-size-default\">INNOVER DANS LA CONTINUIT\u00c9, FAIRE GRANDIR L\u2019H\u00c9RITAGE\n<\/h2>\t\t\t\t<\/div>\n\t\t\t\t<div class=\"elementor-element elementor-element-c2fb4ff animated-fast portrait_title name elementor-widget elementor-widget-heading\" data-id=\"c2fb4ff\" data-element_type=\"widget\" data-e-type=\"widget\" data-settings=\"{&quot;_animation&quot;:&quot;none&quot;}\" data-widget_type=\"heading.default\">\n\t\t\t\t\t<h1 class=\"elementor-heading-title elementor-size-default\">J\u00e9r\u00e9my Chauvidon<\/h1>\t\t\t\t<\/div>\n\t\t\t\t<div class=\"elementor-element elementor-element-4399d97 animated-fast portrait_title title elementor-widget elementor-widget-heading\" data-id=\"4399d97\" data-element_type=\"widget\" data-e-type=\"widget\" data-settings=\"{&quot;_animation&quot;:&quot;none&quot;}\" data-widget_type=\"heading.default\">\n\t\t\t\t\t<h2 class=\"elementor-heading-title elementor-size-default\">Directeur et Associ\u00e9 des Agences de Paris, Lyon - Rh\u00f4ne-Alpes et M\u00e9diterran\u00e9e<\/h2>\t\t\t\t<\/div>\n\t\t\t\t<div class=\"elementor-element elementor-element-2fc0448 animated-slow elementor-widget__width-initial elementor-widget-tablet__width-initial elementor-widget elementor-widget-text-editor\" data-id=\"2fc0448\" data-element_type=\"widget\" data-e-type=\"widget\" data-settings=\"{&quot;_animation&quot;:&quot;none&quot;}\" data-widget_type=\"text-editor.default\">\n\t\t\t\t\t\t\t\t\t<p><span style=\"font-weight: 400;\">Architecte dipl\u00f4m\u00e9 de l\u2019\u00c9cole nationale sup\u00e9rieure d\u2019architecture de Paris-Val-de-Seine, J\u00e9r\u00e9my Chauvidon incarne la nouvelle g\u00e9n\u00e9ration d\u2019architectes du <a href=\"https:\/\/groupefranc.com\/index.php\/a-propos-groupe-franc-architectures\/\">GROUPE FRANC ARCHITECTURES<\/a> : exigeante, curieuse et tourn\u00e9e vers l\u2019innovation.<\/span><\/p><p><span style=\"font-weight: 400;\">\u00a0 \u00a0Fils de Jean-Claude Chauvidon, figure historique de l\u2019agence entre 1975 et 2014, il rejoint naturellement la maison familiale en 2013, anim\u00e9 par la m\u00eame passion du m\u00e9tier et la volont\u00e9 de poursuivre une histoire architecturale transmise de p\u00e8re en fils.<\/span><\/p>\t\t\t\t\t\t\t\t<\/div>\n\t\t<div class=\"elementor-element elementor-element-2a239d2 e-con-full elementor-hidden-desktop e-flex wpr-particle-no wpr-jarallax-no wpr-parallax-no wpr-sticky-section-no e-con e-parent\" data-id=\"2a239d2\" data-element_type=\"container\" data-e-type=\"container\">\n\t\t<div class=\"elementor-element elementor-element-8840687 e-con-full container_portrait e-flex wpr-particle-no wpr-jarallax-no wpr-parallax-no wpr-sticky-section-no e-con e-child\" data-id=\"8840687\" data-element_type=\"container\" data-e-type=\"container\" id=\"Jeremy_Chauvidon\">\n\t\t<div class=\"elementor-element elementor-element-4632552 e-con-full img e-flex wpr-particle-no wpr-jarallax-no wpr-parallax-no wpr-sticky-section-no e-con e-child\" data-id=\"4632552\" data-element_type=\"container\" data-e-type=\"container\" data-settings=\"{&quot;background_background&quot;:&quot;classic&quot;}\">\n\t\t\t\t<\/div>\n\t\t\t\t<\/div>\n\t\t\t\t<\/div>\n\t\t\t\t<div class=\"elementor-element elementor-element-22bc8d1 animated-slow elementor-widget__width-initial elementor-widget-tablet__width-initial elementor-widget elementor-widget-text-editor\" data-id=\"22bc8d1\" data-element_type=\"widget\" data-e-type=\"widget\" data-settings=\"{&quot;_animation&quot;:&quot;none&quot;}\" data-widget_type=\"text-editor.default\">\n\t\t\t\t\t\t\t\t\t<p><span style=\"font-weight: 400;\">&nbsp; &nbsp;Dot\u00e9 d\u2019un esprit cr\u00e9atif et d\u2019une solide culture technique, J\u00e9r\u00e9my Chauvidon s\u2019est rapidement impos\u00e9 par sa capacit\u00e9 \u00e0 concevoir des projets ambitieux, conciliant qualit\u00e9 architecturale et prouesses constructives. Il a notamment contribu\u00e9 \u00e0 l\u2019\u00e9mergence de nouvelles typologies logistiques, comme les b\u00e2timents \u00e0 \u00e9tages, symboles de la densification raisonn\u00e9e et de l\u2019\u00e9volution des usages urbains.<\/span><\/p>\n<p><span style=\"font-weight: 400;\">&nbsp; &nbsp;Associ\u00e9 depuis 2023 et aujourd\u2019hui directeur des agences de Paris et d\u2019Aix-en-Provence, il \u0153uvre \u00e0 renforcer la transversalit\u00e9 entre les \u00e9quipes et \u00e0 transmettre aux jeunes g\u00e9n\u00e9rations la culture d\u2019exigence et de savoir-faire qui caract\u00e9rise le <a href=\"https:\/\/groupefranc.com\/index.php\/a-propos-groupe-franc-architectures\/\">GROUPE FRANC ARCHITECTURES<\/a>.<\/span><span style=\"font-weight: 400;\"><br><\/span><span style=\"font-weight: 400;\">Son approche repose sur un \u00e9quilibre entre <\/span><b>cr\u00e9ation, rigueur technique et \u00e9change interg\u00e9n\u00e9rationnel<\/b><span style=\"font-weight: 400;\">, au service de projets durables et visionnaires.<\/span><\/p>\n<p><b><em>\u00ab L\u2019architecture n\u2019est pas un style, c\u2019est un dialogue entre l\u2019usage et l\u2019\u00e9poque. \u00bb<\/em><br>JC<\/b><\/p>\t\t\t\t\t\t\t\t<\/div>\n\t\t\t\t\t<\/div>\n\t\t<\/div>\n\t\t\t\t<div class=\"elementor-column elementor-col-50 elementor-top-column elementor-element elementor-element-ee756c6 elementor-hidden-tablet elementor-hidden-mobile\" data-id=\"ee756c6\" data-element_type=\"column\" data-e-type=\"column\" data-settings=\"{&quot;background_background&quot;:&quot;classic&quot;}\">\n\t\t\t<div class=\"elementor-widget-wrap elementor-element-populated\">\n\t\t\t\t<div class=\"elementor-element elementor-element-0e3646b e-con-full container_portrait e-flex wpr-particle-no wpr-jarallax-no wpr-parallax-no wpr-sticky-section-no e-con e-child\" data-id=\"0e3646b\" data-element_type=\"container\" data-e-type=\"container\" id=\"Jeremy_Chauvidon\">\n\t\t<div class=\"elementor-element elementor-element-7953ed7 e-con-full img e-flex wpr-particle-no wpr-jarallax-no wpr-parallax-no wpr-sticky-section-no e-con e-child\" data-id=\"7953ed7\" data-element_type=\"container\" data-e-type=\"container\" data-settings=\"{&quot;background_background&quot;:&quot;classic&quot;}\">\n\t\t\t\t<\/div>\n\t\t\t\t<\/div>\n\t\t\t\t\t<\/div>\n\t\t<\/div>\n\t\t\t\t\t<\/div>\n\t\t<\/section>\n\t\t\t\t<\/div>\n\t\t","protected":false},"excerpt":{"rendered":"<p>INNOVER DANS LA CONTINUIT\u00c9, FAIRE GRANDIR L\u2019H\u00c9RITAGE J\u00e9r\u00e9my Chauvidon Directeur et Associ\u00e9 des Agences de Paris, Lyon &#8211; Rh\u00f4ne-Alpes et M\u00e9diterran\u00e9e Architecte dipl\u00f4m\u00e9 de l\u2019\u00c9cole nationale sup\u00e9rieure d\u2019architecture de Paris-Val-de-Seine, J\u00e9r\u00e9my Chauvidon incarne la nouvelle g\u00e9n\u00e9ration d\u2019architectes du GROUPE FRANC ARCHITECTURES : exigeante, curieuse et tourn\u00e9e vers l\u2019innovation. \u00a0 \u00a0Fils de Jean-Claude Chauvidon, figure historique de l\u2019agence entre 1975 et 2014, il rejoint naturellement la maison familiale en 2013, anim\u00e9 par la m\u00eame passion du m\u00e9tier et la volont\u00e9 de poursuivre une histoire architecturale transmise de p\u00e8re en fils. &nbsp; &nbsp;Dot\u00e9 d\u2019un esprit cr\u00e9atif et d\u2019une solide culture technique, J\u00e9r\u00e9my Chauvidon s\u2019est rapidement impos\u00e9 par sa capacit\u00e9 \u00e0 concevoir des projets ambitieux, conciliant qualit\u00e9 architecturale et prouesses constructives. Il a notamment contribu\u00e9 \u00e0 l\u2019\u00e9mergence de nouvelles typologies logistiques, comme les b\u00e2timents \u00e0 \u00e9tages, symboles de la densification raisonn\u00e9e et de l\u2019\u00e9volution des usages urbains. &nbsp; &nbsp;Associ\u00e9 depuis 2023 et aujourd\u2019hui directeur des agences de Paris et d\u2019Aix-en-Provence, il \u0153uvre \u00e0 renforcer la transversalit\u00e9 entre les \u00e9quipes et \u00e0 transmettre aux jeunes g\u00e9n\u00e9rations la culture d\u2019exigence et de savoir-faire qui caract\u00e9rise le GROUPE FRANC ARCHITECTURES.Son approche repose sur un \u00e9quilibre entre cr\u00e9ation, rigueur technique et \u00e9change interg\u00e9n\u00e9rationnel, au service de projets durables et visionnaires. \u00ab L\u2019architecture n\u2019est pas un style, c\u2019est un dialogue entre l\u2019usage et l\u2019\u00e9poque. \u00bbJC<\/p>\n","protected":false},"author":1,"featured_media":4111,"parent":4082,"menu_order":0,"comment_status":"closed","ping_status":"closed","template":"elementor_canvas","meta":{"_vp_format_video_url":"","_vp_image_focal_point":[],"footnotes":""},"class_list":["post-10591","page","type-page","status-publish","has-post-thumbnail","hentry"],"yoast_head":"<!-- This site is optimized with the Yoast SEO plugin v27.1.1 - https:\/\/yoast.com\/product\/yoast-seo-wordpress\/ -->\n<title>J\u00e9r\u00e9my Chauvidon\u200b - GROUPE FRANC ARCHITECTURES<\/title>\n<meta name=\"description\" content=\"Gabriel Franc, Pr\u00e9sident du Groupe Franc Architectures. Entrepreneur visionnaire expert en conception-r\u00e9alisation et immobilier durable\" \/>\n<meta name=\"robots\" content=\"index, follow, max-snippet:-1, max-image-preview:large, max-video-preview:-1\" \/>\n<link rel=\"canonical\" href=\"https:\/\/groupefranc.com\/index.php\/portraits\/jeremy-chauvidon\/\" \/>\n<meta property=\"og:locale\" content=\"en_US\" \/>\n<meta property=\"og:type\" content=\"article\" \/>\n<meta property=\"og:title\" content=\"Gabriel Franc\" \/>\n<meta property=\"og:description\" content=\"Gabriel Franc, Pr\u00e9sident du Groupe Franc Architectures. Entrepreneur visionnaire expert en conception-r\u00e9alisation et immobilier durable\" \/>\n<meta property=\"og:url\" content=\"https:\/\/groupefranc.com\/index.php\/portraits\/jeremy-chauvidon\/\" \/>\n<meta property=\"og:site_name\" content=\"GROUPE FRANC ARCHITECTURES\" \/>\n<meta property=\"article:modified_time\" content=\"2026-02-11T22:09:42+00:00\" \/>\n<meta property=\"og:image\" content=\"https:\/\/groupefranc.com\/wp-content\/uploads\/2025\/11\/Gabriel-Franc.webp\" \/>\n\t<meta property=\"og:image:width\" content=\"1094\" \/>\n\t<meta property=\"og:image:height\" content=\"1641\" \/>\n\t<meta property=\"og:image:type\" content=\"image\/webp\" \/>\n<meta name=\"twitter:card\" content=\"summary_large_image\" \/>\n<meta name=\"twitter:label1\" content=\"Est. reading time\" \/>\n\t<meta name=\"twitter:data1\" content=\"1 minute\" \/>\n<script type=\"application\/ld+json\" class=\"yoast-schema-graph\">{\"@context\":\"https:\/\/schema.org\",\"@graph\":[{\"@type\":\"WebPage\",\"@id\":\"https:\/\/groupefranc.com\/index.php\/portraits\/jeremy-chauvidon\/\",\"url\":\"https:\/\/groupefranc.com\/index.php\/portraits\/jeremy-chauvidon\/\",\"name\":\"J\u00e9r\u00e9my Chauvidon\u200b - GROUPE FRANC ARCHITECTURES\",\"isPartOf\":{\"@id\":\"https:\/\/groupefranc.com\/#website\"},\"primaryImageOfPage\":{\"@id\":\"https:\/\/groupefranc.com\/index.php\/portraits\/jeremy-chauvidon\/#primaryimage\"},\"image\":{\"@id\":\"https:\/\/groupefranc.com\/index.php\/portraits\/jeremy-chauvidon\/#primaryimage\"},\"thumbnailUrl\":\"https:\/\/groupefranc.com\/wp-content\/uploads\/2025\/11\/Jeremy-CHAUVIDON.webp\",\"datePublished\":\"2026-02-11T15:44:58+00:00\",\"dateModified\":\"2026-02-11T22:09:42+00:00\",\"description\":\"Gabriel Franc, Pr\u00e9sident du Groupe Franc Architectures. Entrepreneur visionnaire expert en conception-r\u00e9alisation et immobilier durable\",\"breadcrumb\":{\"@id\":\"https:\/\/groupefranc.com\/index.php\/portraits\/jeremy-chauvidon\/#breadcrumb\"},\"inLanguage\":\"en-US\",\"potentialAction\":[{\"@type\":\"ReadAction\",\"target\":[\"https:\/\/groupefranc.com\/index.php\/portraits\/jeremy-chauvidon\/\"]}]},{\"@type\":\"ImageObject\",\"inLanguage\":\"en-US\",\"@id\":\"https:\/\/groupefranc.com\/index.php\/portraits\/jeremy-chauvidon\/#primaryimage\",\"url\":\"https:\/\/groupefranc.com\/wp-content\/uploads\/2025\/11\/Jeremy-CHAUVIDON.webp\",\"contentUrl\":\"https:\/\/groupefranc.com\/wp-content\/uploads\/2025\/11\/Jeremy-CHAUVIDON.webp\",\"width\":1333,\"height\":2000},{\"@type\":\"BreadcrumbList\",\"@id\":\"https:\/\/groupefranc.com\/index.php\/portraits\/jeremy-chauvidon\/#breadcrumb\",\"itemListElement\":[{\"@type\":\"ListItem\",\"position\":1,\"name\":\"Home\",\"item\":\"https:\/\/groupefranc.com\/\"},{\"@type\":\"ListItem\",\"position\":2,\"name\":\"Portraits\",\"item\":\"https:\/\/groupefranc.com\/index.php\/portraits\/\"},{\"@type\":\"ListItem\",\"position\":3,\"name\":\"J\u00e9r\u00e9my Chauvidon\u200b\"}]},{\"@type\":\"WebSite\",\"@id\":\"https:\/\/groupefranc.com\/#website\",\"url\":\"https:\/\/groupefranc.com\/\",\"name\":\"GROUPE FRANC ARCHITECTURES\",\"description\":\"\",\"publisher\":{\"@id\":\"https:\/\/groupefranc.com\/#organization\"},\"potentialAction\":[{\"@type\":\"SearchAction\",\"target\":{\"@type\":\"EntryPoint\",\"urlTemplate\":\"https:\/\/groupefranc.com\/?s={search_term_string}\"},\"query-input\":{\"@type\":\"PropertyValueSpecification\",\"valueRequired\":true,\"valueName\":\"search_term_string\"}}],\"inLanguage\":\"en-US\"},{\"@type\":\"Organization\",\"@id\":\"https:\/\/groupefranc.com\/#organization\",\"name\":\"GROUPE FRANC ARCHITECTURES\",\"url\":\"https:\/\/groupefranc.com\/\",\"logo\":{\"@type\":\"ImageObject\",\"inLanguage\":\"en-US\",\"@id\":\"https:\/\/groupefranc.com\/#\/schema\/logo\/image\/\",\"url\":\"https:\/\/groupefranc.com\/wp-content\/uploads\/2021\/12\/cropped-logo.png\",\"contentUrl\":\"https:\/\/groupefranc.com\/wp-content\/uploads\/2021\/12\/cropped-logo.png\",\"width\":705,\"height\":723,\"caption\":\"GROUPE FRANC ARCHITECTURES\"},\"image\":{\"@id\":\"https:\/\/groupefranc.com\/#\/schema\/logo\/image\/\"},\"sameAs\":[\"https:\/\/www.linkedin.com\/company\/groupe-franc\/\"]}]}<\/script>\n<!-- \/ Yoast SEO plugin. -->","yoast_head_json":{"title":"J\u00e9r\u00e9my Chauvidon\u200b - GROUPE FRANC ARCHITECTURES","description":"Gabriel Franc, Pr\u00e9sident du Groupe Franc Architectures. Entrepreneur visionnaire expert en conception-r\u00e9alisation et immobilier durable","robots":{"index":"index","follow":"follow","max-snippet":"max-snippet:-1","max-image-preview":"max-image-preview:large","max-video-preview":"max-video-preview:-1"},"canonical":"https:\/\/groupefranc.com\/index.php\/portraits\/jeremy-chauvidon\/","og_locale":"en_US","og_type":"article","og_title":"Gabriel Franc","og_description":"Gabriel Franc, Pr\u00e9sident du Groupe Franc Architectures. Entrepreneur visionnaire expert en conception-r\u00e9alisation et immobilier durable","og_url":"https:\/\/groupefranc.com\/index.php\/portraits\/jeremy-chauvidon\/","og_site_name":"GROUPE FRANC ARCHITECTURES","article_modified_time":"2026-02-11T22:09:42+00:00","og_image":[{"width":1094,"height":1641,"url":"https:\/\/groupefranc.com\/wp-content\/uploads\/2025\/11\/Gabriel-Franc.webp","type":"image\/webp"}],"twitter_card":"summary_large_image","twitter_misc":{"Est. reading time":"1 minute"},"schema":{"@context":"https:\/\/schema.org","@graph":[{"@type":"WebPage","@id":"https:\/\/groupefranc.com\/index.php\/portraits\/jeremy-chauvidon\/","url":"https:\/\/groupefranc.com\/index.php\/portraits\/jeremy-chauvidon\/","name":"J\u00e9r\u00e9my Chauvidon\u200b - GROUPE FRANC ARCHITECTURES","isPartOf":{"@id":"https:\/\/groupefranc.com\/#website"},"primaryImageOfPage":{"@id":"https:\/\/groupefranc.com\/index.php\/portraits\/jeremy-chauvidon\/#primaryimage"},"image":{"@id":"https:\/\/groupefranc.com\/index.php\/portraits\/jeremy-chauvidon\/#primaryimage"},"thumbnailUrl":"https:\/\/groupefranc.com\/wp-content\/uploads\/2025\/11\/Jeremy-CHAUVIDON.webp","datePublished":"2026-02-11T15:44:58+00:00","dateModified":"2026-02-11T22:09:42+00:00","description":"Gabriel Franc, Pr\u00e9sident du Groupe Franc Architectures. Entrepreneur visionnaire expert en conception-r\u00e9alisation et immobilier durable","breadcrumb":{"@id":"https:\/\/groupefranc.com\/index.php\/portraits\/jeremy-chauvidon\/#breadcrumb"},"inLanguage":"en-US","potentialAction":[{"@type":"ReadAction","target":["https:\/\/groupefranc.com\/index.php\/portraits\/jeremy-chauvidon\/"]}]},{"@type":"ImageObject","inLanguage":"en-US","@id":"https:\/\/groupefranc.com\/index.php\/portraits\/jeremy-chauvidon\/#primaryimage","url":"https:\/\/groupefranc.com\/wp-content\/uploads\/2025\/11\/Jeremy-CHAUVIDON.webp","contentUrl":"https:\/\/groupefranc.com\/wp-content\/uploads\/2025\/11\/Jeremy-CHAUVIDON.webp","width":1333,"height":2000},{"@type":"BreadcrumbList","@id":"https:\/\/groupefranc.com\/index.php\/portraits\/jeremy-chauvidon\/#breadcrumb","itemListElement":[{"@type":"ListItem","position":1,"name":"Home","item":"https:\/\/groupefranc.com\/"},{"@type":"ListItem","position":2,"name":"Portraits","item":"https:\/\/groupefranc.com\/index.php\/portraits\/"},{"@type":"ListItem","position":3,"name":"J\u00e9r\u00e9my Chauvidon\u200b"}]},{"@type":"WebSite","@id":"https:\/\/groupefranc.com\/#website","url":"https:\/\/groupefranc.com\/","name":"GROUPE FRANC ARCHITECTURES","description":"","publisher":{"@id":"https:\/\/groupefranc.com\/#organization"},"potentialAction":[{"@type":"SearchAction","target":{"@type":"EntryPoint","urlTemplate":"https:\/\/groupefranc.com\/?s={search_term_string}"},"query-input":{"@type":"PropertyValueSpecification","valueRequired":true,"valueName":"search_term_string"}}],"inLanguage":"en-US"},{"@type":"Organization","@id":"https:\/\/groupefranc.com\/#organization","name":"GROUPE FRANC ARCHITECTURES","url":"https:\/\/groupefranc.com\/","logo":{"@type":"ImageObject","inLanguage":"en-US","@id":"https:\/\/groupefranc.com\/#\/schema\/logo\/image\/","url":"https:\/\/groupefranc.com\/wp-content\/uploads\/2021\/12\/cropped-logo.png","contentUrl":"https:\/\/groupefranc.com\/wp-content\/uploads\/2021\/12\/cropped-logo.png","width":705,"height":723,"caption":"GROUPE FRANC ARCHITECTURES"},"image":{"@id":"https:\/\/groupefranc.com\/#\/schema\/logo\/image\/"},"sameAs":["https:\/\/www.linkedin.com\/company\/groupe-franc\/"]}]}},"_links":{"self":[{"href":"https:\/\/groupefranc.com\/index.php\/wp-json\/wp\/v2\/pages\/10591","targetHints":{"allow":["GET"]}}],"collection":[{"href":"https:\/\/groupefranc.com\/index.php\/wp-json\/wp\/v2\/pages"}],"about":[{"href":"https:\/\/groupefranc.com\/index.php\/wp-json\/wp\/v2\/types\/page"}],"author":[{"embeddable":true,"href":"https:\/\/groupefranc.com\/index.php\/wp-json\/wp\/v2\/users\/1"}],"replies":[{"embeddable":true,"href":"https:\/\/groupefranc.com\/index.php\/wp-json\/wp\/v2\/comments?post=10591"}],"version-history":[{"count":10,"href":"https:\/\/groupefranc.com\/index.php\/wp-json\/wp\/v2\/pages\/10591\/revisions"}],"predecessor-version":[{"id":10878,"href":"https:\/\/groupefranc.com\/index.php\/wp-json\/wp\/v2\/pages\/10591\/revisions\/10878"}],"up":[{"embeddable":true,"href":"https:\/\/groupefranc.com\/index.php\/wp-json\/wp\/v2\/pages\/4082"}],"wp:featuredmedia":[{"embeddable":true,"href":"https:\/\/groupefranc.com\/index.php\/wp-json\/wp\/v2\/media\/4111"}],"wp:attachment":[{"href":"https:\/\/groupefranc.com\/index.php\/wp-json\/wp\/v2\/media?parent=10591"}],"curies":[{"name":"wp","href":"https:\/\/api.w.org\/{rel}","templated":true}]}}