{"id":10597,"date":"2026-02-11T15:51:52","date_gmt":"2026-02-11T15:51:52","guid":{"rendered":"https:\/\/groupefranc.com\/?page_id=10597"},"modified":"2026-02-11T22:09:04","modified_gmt":"2026-02-11T22:09:04","slug":"ali-maoudji","status":"publish","type":"page","link":"https:\/\/groupefranc.com\/index.php\/portraits\/ali-maoudji\/","title":{"rendered":"Ali Maoudji"},"content":{"rendered":"\t\t<div data-elementor-type=\"wp-page\" data-elementor-id=\"10597\" class=\"elementor elementor-10597\">\n\t\t\t\t\t\t<section class=\"elementor-section elementor-top-section elementor-element elementor-element-8af2734 elementor-section-full_width background-primary elementor-section-height-min-height elementor-section-items-top elementor-section-height-default wpr-particle-no wpr-jarallax-no wpr-parallax-no wpr-sticky-section-no\" data-id=\"8af2734\" data-element_type=\"section\" data-e-type=\"section\" data-settings=\"{&quot;background_background&quot;:&quot;classic&quot;}\">\n\t\t\t\t\t\t\t<div class=\"elementor-background-overlay\"><\/div>\n\t\t\t\t\t\t\t<div class=\"elementor-container elementor-column-gap-no\">\n\t\t\t\t\t<div class=\"elementor-column elementor-col-50 elementor-top-column elementor-element elementor-element-9a65c76 m_auto-responsive \" data-id=\"9a65c76\" data-element_type=\"column\" data-e-type=\"column\">\n\t\t\t<div class=\"elementor-widget-wrap elementor-element-populated\">\n\t\t\t\t\t\t<div class=\"elementor-element elementor-element-7abaf4e portrait_title maxime elementor-widget elementor-widget-heading\" data-id=\"7abaf4e\" data-element_type=\"widget\" data-e-type=\"widget\" data-settings=\"{&quot;_animation&quot;:&quot;none&quot;}\" data-widget_type=\"heading.default\">\n\t\t\t\t\t<h2 class=\"elementor-heading-title elementor-size-default\">RELIER LA CONCEPTION AU CHANTIER AVEC EXIGENCE ET PASSION<\/h2>\t\t\t\t<\/div>\n\t\t\t\t<div class=\"elementor-element elementor-element-c2fb4ff animated-fast portrait_title name elementor-widget elementor-widget-heading\" data-id=\"c2fb4ff\" data-element_type=\"widget\" data-e-type=\"widget\" data-settings=\"{&quot;_animation&quot;:&quot;none&quot;}\" data-widget_type=\"heading.default\">\n\t\t\t\t\t<h1 class=\"elementor-heading-title elementor-size-default\">Ali Maoudji<\/h1>\t\t\t\t<\/div>\n\t\t\t\t<div class=\"elementor-element elementor-element-4399d97 animated-fast portrait_title title elementor-widget elementor-widget-heading\" data-id=\"4399d97\" data-element_type=\"widget\" data-e-type=\"widget\" data-settings=\"{&quot;_animation&quot;:&quot;none&quot;}\" data-widget_type=\"heading.default\">\n\t\t\t\t\t<h2 class=\"elementor-heading-title elementor-size-default\">Directeur du P\u00f4le Travaux et Associ\u00e9 de l\u2019Agence Franc Paris<\/h2>\t\t\t\t<\/div>\n\t\t\t\t<div class=\"elementor-element elementor-element-2fc0448 animated-slow elementor-widget__width-initial elementor-widget-tablet__width-initial elementor-widget elementor-widget-text-editor\" data-id=\"2fc0448\" data-element_type=\"widget\" data-e-type=\"widget\" data-settings=\"{&quot;_animation&quot;:&quot;none&quot;}\" data-widget_type=\"text-editor.default\">\n\t\t\t\t\t\t\t\t\t<p><span style=\"font-weight: 400;\">Architecte et ing\u00e9nieur, <\/span><b>Ali Maoudji<\/b><span style=\"font-weight: 400;\"> incarne la rigueur technique et la passion du terrain propres \u00e0 la culture d\u2019architecte-b\u00e2tisseur du <a href=\"https:\/\/groupefranc.com\/index.php\/a-propos-groupe-franc-architectures\/\">GROUPE FRANC ARCHITECTURES<\/a>. <\/span><\/p><p><span style=\"font-weight: 400;\"><br \/>\u00a0 \u00a0Dipl\u00f4m\u00e9 d\u2019un double cursus en architecture et en ing\u00e9nierie, il d\u00e9bute sa carri\u00e8re au sein du groupe AGECA, avant de rejoindre <a href=\"https:\/\/groupefranc.com\/index.php\/agences\/agence-franc\/\">l\u2019Agence Franc<\/a> en 2007, \u00e0 la suite de sa rencontre d\u00e9terminante avec <\/span><b>G\u00e9rard Franc<\/b><span style=\"font-weight: 400;\">, \u00e9galement architecte-ing\u00e9nieur.<\/span><\/p>\t\t\t\t\t\t\t\t<\/div>\n\t\t<div class=\"elementor-element elementor-element-2a239d2 e-con-full elementor-hidden-desktop e-flex wpr-particle-no wpr-jarallax-no wpr-parallax-no wpr-sticky-section-no e-con e-parent\" data-id=\"2a239d2\" data-element_type=\"container\" data-e-type=\"container\">\n\t\t<div class=\"elementor-element elementor-element-8840687 e-con-full container_portrait e-flex wpr-particle-no wpr-jarallax-no wpr-parallax-no wpr-sticky-section-no e-con e-child\" data-id=\"8840687\" data-element_type=\"container\" data-e-type=\"container\" id=\"Ali_Maoudji\">\n\t\t<div class=\"elementor-element elementor-element-4632552 e-con-full img e-flex wpr-particle-no wpr-jarallax-no wpr-parallax-no wpr-sticky-section-no e-con e-child\" data-id=\"4632552\" data-element_type=\"container\" data-e-type=\"container\" data-settings=\"{&quot;background_background&quot;:&quot;classic&quot;}\">\n\t\t\t\t<\/div>\n\t\t\t\t<\/div>\n\t\t\t\t<\/div>\n\t\t\t\t<div class=\"elementor-element elementor-element-22bc8d1 animated-slow elementor-widget__width-initial elementor-widget-tablet__width-initial elementor-widget elementor-widget-text-editor\" data-id=\"22bc8d1\" data-element_type=\"widget\" data-e-type=\"widget\" data-settings=\"{&quot;_animation&quot;:&quot;none&quot;}\" data-widget_type=\"text-editor.default\">\n\t\t\t\t\t\t\t\t\t<p><span style=\"font-weight: 400;\">&nbsp; &nbsp;Son arriv\u00e9e marque le renforcement du <\/span><b>p\u00f4le Travaux<\/b><span style=\"font-weight: 400;\">, qu\u2019il dirige aujourd\u2019hui. V\u00e9ritable lien entre la conception et la r\u00e9alisation, il accompagne les ma\u00eetres d\u2019ouvrage dans le suivi des chantiers les plus complexes, en veillant \u00e0 la qualit\u00e9 d\u2019ex\u00e9cution, au respect des d\u00e9lais et \u00e0 la ma\u00eetrise budg\u00e9taire.<\/span><span style=\"font-weight: 400;\"><br><\/span><span style=\"font-weight: 400;\"><br>&nbsp; &nbsp;<\/span><span style=\"font-weight: 400;\">Boulimique de travail et profond\u00e9ment attach\u00e9 \u00e0 la transmission, <\/span><b>Ali Maoudji<\/b><span style=\"font-weight: 400;\"> s\u2019implique dans la mont\u00e9e en comp\u00e9tence des \u00e9quipes et le d\u00e9veloppement d\u2019une expertise collective, pla\u00e7ant la pr\u00e9cision technique et la fiabilit\u00e9 au c\u0153ur de chaque projet.<\/span><\/p>\n<p><span style=\"font-weight: 400;\">&nbsp; &nbsp;Associ\u00e9 depuis 2023, il contribue activement \u00e0 la structuration de l\u2019agence parisienne et \u00e0 la diffusion d\u2019une culture commune : celle d\u2019une architecture solide, durable et exigeante, o\u00f9 la ma\u00eetrise du d\u00e9tail rejoint l\u2019excellence op\u00e9rationnelle.<\/span><\/p>\n<p><b><em>\u00ab Chaque chantier est une promesse tenue entre l\u2019id\u00e9e et la r\u00e9alit\u00e9. \u00bb<\/em><br>AM<\/b><\/p>\t\t\t\t\t\t\t\t<\/div>\n\t\t\t\t\t<\/div>\n\t\t<\/div>\n\t\t\t\t<div class=\"elementor-column elementor-col-50 elementor-top-column elementor-element elementor-element-ee756c6 elementor-hidden-tablet elementor-hidden-mobile\" data-id=\"ee756c6\" data-element_type=\"column\" data-e-type=\"column\" data-settings=\"{&quot;background_background&quot;:&quot;classic&quot;}\">\n\t\t\t<div class=\"elementor-widget-wrap elementor-element-populated\">\n\t\t\t\t<div class=\"elementor-element elementor-element-0e3646b e-con-full container_portrait e-flex wpr-particle-no wpr-jarallax-no wpr-parallax-no wpr-sticky-section-no e-con e-child\" data-id=\"0e3646b\" data-element_type=\"container\" data-e-type=\"container\" id=\"Ali_Maoudji\">\n\t\t<div class=\"elementor-element elementor-element-7953ed7 e-con-full img e-flex wpr-particle-no wpr-jarallax-no wpr-parallax-no wpr-sticky-section-no e-con e-child\" data-id=\"7953ed7\" data-element_type=\"container\" data-e-type=\"container\" data-settings=\"{&quot;background_background&quot;:&quot;classic&quot;}\">\n\t\t\t\t<\/div>\n\t\t\t\t<\/div>\n\t\t\t\t\t<\/div>\n\t\t<\/div>\n\t\t\t\t\t<\/div>\n\t\t<\/section>\n\t\t\t\t<\/div>\n\t\t","protected":false},"excerpt":{"rendered":"<p>RELIER LA CONCEPTION AU CHANTIER AVEC EXIGENCE ET PASSION Ali Maoudji Directeur du P\u00f4le Travaux et Associ\u00e9 de l\u2019Agence Franc Paris Architecte et ing\u00e9nieur, Ali Maoudji incarne la rigueur technique et la passion du terrain propres \u00e0 la culture d\u2019architecte-b\u00e2tisseur du GROUPE FRANC ARCHITECTURES. \u00a0 \u00a0Dipl\u00f4m\u00e9 d\u2019un double cursus en architecture et en ing\u00e9nierie, il d\u00e9bute sa carri\u00e8re au sein du groupe AGECA, avant de rejoindre l\u2019Agence Franc en 2007, \u00e0 la suite de sa rencontre d\u00e9terminante avec G\u00e9rard Franc, \u00e9galement architecte-ing\u00e9nieur. &nbsp; &nbsp;Son arriv\u00e9e marque le renforcement du p\u00f4le Travaux, qu\u2019il dirige aujourd\u2019hui. V\u00e9ritable lien entre la conception et la r\u00e9alisation, il accompagne les ma\u00eetres d\u2019ouvrage dans le suivi des chantiers les plus complexes, en veillant \u00e0 la qualit\u00e9 d\u2019ex\u00e9cution, au respect des d\u00e9lais et \u00e0 la ma\u00eetrise budg\u00e9taire. &nbsp; &nbsp;Boulimique de travail et profond\u00e9ment attach\u00e9 \u00e0 la transmission, Ali Maoudji s\u2019implique dans la mont\u00e9e en comp\u00e9tence des \u00e9quipes et le d\u00e9veloppement d\u2019une expertise collective, pla\u00e7ant la pr\u00e9cision technique et la fiabilit\u00e9 au c\u0153ur de chaque projet. &nbsp; &nbsp;Associ\u00e9 depuis 2023, il contribue activement \u00e0 la structuration de l\u2019agence parisienne et \u00e0 la diffusion d\u2019une culture commune : celle d\u2019une architecture solide, durable et exigeante, o\u00f9 la ma\u00eetrise du d\u00e9tail rejoint l\u2019excellence op\u00e9rationnelle. \u00ab Chaque chantier est une promesse tenue entre l\u2019id\u00e9e et la r\u00e9alit\u00e9. \u00bbAM<\/p>\n","protected":false},"author":1,"featured_media":4098,"parent":4082,"menu_order":0,"comment_status":"closed","ping_status":"closed","template":"elementor_canvas","meta":{"_vp_format_video_url":"","_vp_image_focal_point":[],"footnotes":""},"class_list":["post-10597","page","type-page","status-publish","has-post-thumbnail","hentry"],"yoast_head":"<!-- This site is optimized with the Yoast SEO plugin v27.1.1 - https:\/\/yoast.com\/product\/yoast-seo-wordpress\/ -->\n<title>Ali Maoudji - GROUPE FRANC ARCHITECTURES<\/title>\n<meta name=\"description\" content=\"Gabriel Franc, Pr\u00e9sident du Groupe Franc Architectures. Entrepreneur visionnaire expert en conception-r\u00e9alisation et immobilier durable\" \/>\n<meta name=\"robots\" content=\"index, follow, max-snippet:-1, max-image-preview:large, max-video-preview:-1\" \/>\n<link rel=\"canonical\" href=\"https:\/\/groupefranc.com\/index.php\/portraits\/ali-maoudji\/\" \/>\n<meta property=\"og:locale\" content=\"en_US\" \/>\n<meta property=\"og:type\" content=\"article\" \/>\n<meta property=\"og:title\" content=\"Gabriel Franc\" \/>\n<meta property=\"og:description\" content=\"Gabriel Franc, Pr\u00e9sident du Groupe Franc Architectures. Entrepreneur visionnaire expert en conception-r\u00e9alisation et immobilier durable\" \/>\n<meta property=\"og:url\" content=\"https:\/\/groupefranc.com\/index.php\/portraits\/ali-maoudji\/\" \/>\n<meta property=\"og:site_name\" content=\"GROUPE FRANC ARCHITECTURES\" \/>\n<meta property=\"article:modified_time\" content=\"2026-02-11T22:09:04+00:00\" \/>\n<meta property=\"og:image\" content=\"https:\/\/groupefranc.com\/wp-content\/uploads\/2025\/11\/Gabriel-Franc.webp\" \/>\n\t<meta property=\"og:image:width\" content=\"1094\" \/>\n\t<meta property=\"og:image:height\" content=\"1641\" \/>\n\t<meta property=\"og:image:type\" content=\"image\/webp\" \/>\n<meta name=\"twitter:card\" content=\"summary_large_image\" \/>\n<meta name=\"twitter:label1\" content=\"Est. reading time\" \/>\n\t<meta name=\"twitter:data1\" content=\"1 minute\" \/>\n<script type=\"application\/ld+json\" class=\"yoast-schema-graph\">{\"@context\":\"https:\/\/schema.org\",\"@graph\":[{\"@type\":\"WebPage\",\"@id\":\"https:\/\/groupefranc.com\/index.php\/portraits\/ali-maoudji\/\",\"url\":\"https:\/\/groupefranc.com\/index.php\/portraits\/ali-maoudji\/\",\"name\":\"Ali Maoudji - GROUPE FRANC ARCHITECTURES\",\"isPartOf\":{\"@id\":\"https:\/\/groupefranc.com\/#website\"},\"primaryImageOfPage\":{\"@id\":\"https:\/\/groupefranc.com\/index.php\/portraits\/ali-maoudji\/#primaryimage\"},\"image\":{\"@id\":\"https:\/\/groupefranc.com\/index.php\/portraits\/ali-maoudji\/#primaryimage\"},\"thumbnailUrl\":\"https:\/\/groupefranc.com\/wp-content\/uploads\/2025\/11\/Ali-Maoudji.webp\",\"datePublished\":\"2026-02-11T15:51:52+00:00\",\"dateModified\":\"2026-02-11T22:09:04+00:00\",\"description\":\"Gabriel Franc, Pr\u00e9sident du Groupe Franc Architectures. Entrepreneur visionnaire expert en conception-r\u00e9alisation et immobilier durable\",\"breadcrumb\":{\"@id\":\"https:\/\/groupefranc.com\/index.php\/portraits\/ali-maoudji\/#breadcrumb\"},\"inLanguage\":\"en-US\",\"potentialAction\":[{\"@type\":\"ReadAction\",\"target\":[\"https:\/\/groupefranc.com\/index.php\/portraits\/ali-maoudji\/\"]}]},{\"@type\":\"ImageObject\",\"inLanguage\":\"en-US\",\"@id\":\"https:\/\/groupefranc.com\/index.php\/portraits\/ali-maoudji\/#primaryimage\",\"url\":\"https:\/\/groupefranc.com\/wp-content\/uploads\/2025\/11\/Ali-Maoudji.webp\",\"contentUrl\":\"https:\/\/groupefranc.com\/wp-content\/uploads\/2025\/11\/Ali-Maoudji.webp\",\"width\":1333,\"height\":2000,\"caption\":\"Ali Maoudji\"},{\"@type\":\"BreadcrumbList\",\"@id\":\"https:\/\/groupefranc.com\/index.php\/portraits\/ali-maoudji\/#breadcrumb\",\"itemListElement\":[{\"@type\":\"ListItem\",\"position\":1,\"name\":\"Home\",\"item\":\"https:\/\/groupefranc.com\/\"},{\"@type\":\"ListItem\",\"position\":2,\"name\":\"Portraits\",\"item\":\"https:\/\/groupefranc.com\/index.php\/portraits\/\"},{\"@type\":\"ListItem\",\"position\":3,\"name\":\"Ali Maoudji\"}]},{\"@type\":\"WebSite\",\"@id\":\"https:\/\/groupefranc.com\/#website\",\"url\":\"https:\/\/groupefranc.com\/\",\"name\":\"GROUPE FRANC ARCHITECTURES\",\"description\":\"\",\"publisher\":{\"@id\":\"https:\/\/groupefranc.com\/#organization\"},\"potentialAction\":[{\"@type\":\"SearchAction\",\"target\":{\"@type\":\"EntryPoint\",\"urlTemplate\":\"https:\/\/groupefranc.com\/?s={search_term_string}\"},\"query-input\":{\"@type\":\"PropertyValueSpecification\",\"valueRequired\":true,\"valueName\":\"search_term_string\"}}],\"inLanguage\":\"en-US\"},{\"@type\":\"Organization\",\"@id\":\"https:\/\/groupefranc.com\/#organization\",\"name\":\"GROUPE FRANC ARCHITECTURES\",\"url\":\"https:\/\/groupefranc.com\/\",\"logo\":{\"@type\":\"ImageObject\",\"inLanguage\":\"en-US\",\"@id\":\"https:\/\/groupefranc.com\/#\/schema\/logo\/image\/\",\"url\":\"https:\/\/groupefranc.com\/wp-content\/uploads\/2021\/12\/cropped-logo.png\",\"contentUrl\":\"https:\/\/groupefranc.com\/wp-content\/uploads\/2021\/12\/cropped-logo.png\",\"width\":705,\"height\":723,\"caption\":\"GROUPE FRANC ARCHITECTURES\"},\"image\":{\"@id\":\"https:\/\/groupefranc.com\/#\/schema\/logo\/image\/\"},\"sameAs\":[\"https:\/\/www.linkedin.com\/company\/groupe-franc\/\"]}]}<\/script>\n<!-- \/ Yoast SEO plugin. -->","yoast_head_json":{"title":"Ali Maoudji - GROUPE FRANC ARCHITECTURES","description":"Gabriel Franc, Pr\u00e9sident du Groupe Franc Architectures. Entrepreneur visionnaire expert en conception-r\u00e9alisation et immobilier durable","robots":{"index":"index","follow":"follow","max-snippet":"max-snippet:-1","max-image-preview":"max-image-preview:large","max-video-preview":"max-video-preview:-1"},"canonical":"https:\/\/groupefranc.com\/index.php\/portraits\/ali-maoudji\/","og_locale":"en_US","og_type":"article","og_title":"Gabriel Franc","og_description":"Gabriel Franc, Pr\u00e9sident du Groupe Franc Architectures. Entrepreneur visionnaire expert en conception-r\u00e9alisation et immobilier durable","og_url":"https:\/\/groupefranc.com\/index.php\/portraits\/ali-maoudji\/","og_site_name":"GROUPE FRANC ARCHITECTURES","article_modified_time":"2026-02-11T22:09:04+00:00","og_image":[{"width":1094,"height":1641,"url":"https:\/\/groupefranc.com\/wp-content\/uploads\/2025\/11\/Gabriel-Franc.webp","type":"image\/webp"}],"twitter_card":"summary_large_image","twitter_misc":{"Est. reading time":"1 minute"},"schema":{"@context":"https:\/\/schema.org","@graph":[{"@type":"WebPage","@id":"https:\/\/groupefranc.com\/index.php\/portraits\/ali-maoudji\/","url":"https:\/\/groupefranc.com\/index.php\/portraits\/ali-maoudji\/","name":"Ali Maoudji - GROUPE FRANC ARCHITECTURES","isPartOf":{"@id":"https:\/\/groupefranc.com\/#website"},"primaryImageOfPage":{"@id":"https:\/\/groupefranc.com\/index.php\/portraits\/ali-maoudji\/#primaryimage"},"image":{"@id":"https:\/\/groupefranc.com\/index.php\/portraits\/ali-maoudji\/#primaryimage"},"thumbnailUrl":"https:\/\/groupefranc.com\/wp-content\/uploads\/2025\/11\/Ali-Maoudji.webp","datePublished":"2026-02-11T15:51:52+00:00","dateModified":"2026-02-11T22:09:04+00:00","description":"Gabriel Franc, Pr\u00e9sident du Groupe Franc Architectures. Entrepreneur visionnaire expert en conception-r\u00e9alisation et immobilier durable","breadcrumb":{"@id":"https:\/\/groupefranc.com\/index.php\/portraits\/ali-maoudji\/#breadcrumb"},"inLanguage":"en-US","potentialAction":[{"@type":"ReadAction","target":["https:\/\/groupefranc.com\/index.php\/portraits\/ali-maoudji\/"]}]},{"@type":"ImageObject","inLanguage":"en-US","@id":"https:\/\/groupefranc.com\/index.php\/portraits\/ali-maoudji\/#primaryimage","url":"https:\/\/groupefranc.com\/wp-content\/uploads\/2025\/11\/Ali-Maoudji.webp","contentUrl":"https:\/\/groupefranc.com\/wp-content\/uploads\/2025\/11\/Ali-Maoudji.webp","width":1333,"height":2000,"caption":"Ali Maoudji"},{"@type":"BreadcrumbList","@id":"https:\/\/groupefranc.com\/index.php\/portraits\/ali-maoudji\/#breadcrumb","itemListElement":[{"@type":"ListItem","position":1,"name":"Home","item":"https:\/\/groupefranc.com\/"},{"@type":"ListItem","position":2,"name":"Portraits","item":"https:\/\/groupefranc.com\/index.php\/portraits\/"},{"@type":"ListItem","position":3,"name":"Ali Maoudji"}]},{"@type":"WebSite","@id":"https:\/\/groupefranc.com\/#website","url":"https:\/\/groupefranc.com\/","name":"GROUPE FRANC ARCHITECTURES","description":"","publisher":{"@id":"https:\/\/groupefranc.com\/#organization"},"potentialAction":[{"@type":"SearchAction","target":{"@type":"EntryPoint","urlTemplate":"https:\/\/groupefranc.com\/?s={search_term_string}"},"query-input":{"@type":"PropertyValueSpecification","valueRequired":true,"valueName":"search_term_string"}}],"inLanguage":"en-US"},{"@type":"Organization","@id":"https:\/\/groupefranc.com\/#organization","name":"GROUPE FRANC ARCHITECTURES","url":"https:\/\/groupefranc.com\/","logo":{"@type":"ImageObject","inLanguage":"en-US","@id":"https:\/\/groupefranc.com\/#\/schema\/logo\/image\/","url":"https:\/\/groupefranc.com\/wp-content\/uploads\/2021\/12\/cropped-logo.png","contentUrl":"https:\/\/groupefranc.com\/wp-content\/uploads\/2021\/12\/cropped-logo.png","width":705,"height":723,"caption":"GROUPE FRANC ARCHITECTURES"},"image":{"@id":"https:\/\/groupefranc.com\/#\/schema\/logo\/image\/"},"sameAs":["https:\/\/www.linkedin.com\/company\/groupe-franc\/"]}]}},"_links":{"self":[{"href":"https:\/\/groupefranc.com\/index.php\/wp-json\/wp\/v2\/pages\/10597","targetHints":{"allow":["GET"]}}],"collection":[{"href":"https:\/\/groupefranc.com\/index.php\/wp-json\/wp\/v2\/pages"}],"about":[{"href":"https:\/\/groupefranc.com\/index.php\/wp-json\/wp\/v2\/types\/page"}],"author":[{"embeddable":true,"href":"https:\/\/groupefranc.com\/index.php\/wp-json\/wp\/v2\/users\/1"}],"replies":[{"embeddable":true,"href":"https:\/\/groupefranc.com\/index.php\/wp-json\/wp\/v2\/comments?post=10597"}],"version-history":[{"count":13,"href":"https:\/\/groupefranc.com\/index.php\/wp-json\/wp\/v2\/pages\/10597\/revisions"}],"predecessor-version":[{"id":10875,"href":"https:\/\/groupefranc.com\/index.php\/wp-json\/wp\/v2\/pages\/10597\/revisions\/10875"}],"up":[{"embeddable":true,"href":"https:\/\/groupefranc.com\/index.php\/wp-json\/wp\/v2\/pages\/4082"}],"wp:featuredmedia":[{"embeddable":true,"href":"https:\/\/groupefranc.com\/index.php\/wp-json\/wp\/v2\/media\/4098"}],"wp:attachment":[{"href":"https:\/\/groupefranc.com\/index.php\/wp-json\/wp\/v2\/media?parent=10597"}],"curies":[{"name":"wp","href":"https:\/\/api.w.org\/{rel}","templated":true}]}}