{"id":10612,"date":"2026-02-11T16:04:04","date_gmt":"2026-02-11T16:04:04","guid":{"rendered":"https:\/\/groupefranc.com\/?page_id=10612"},"modified":"2026-02-11T22:08:09","modified_gmt":"2026-02-11T22:08:09","slug":"estelle-derly","status":"publish","type":"page","link":"https:\/\/groupefranc.com\/index.php\/portraits\/estelle-derly\/","title":{"rendered":"Estelle Derly"},"content":{"rendered":"\t\t<div data-elementor-type=\"wp-page\" data-elementor-id=\"10612\" class=\"elementor elementor-10612\">\n\t\t\t\t\t\t<section class=\"elementor-section elementor-top-section elementor-element elementor-element-8af2734 elementor-section-full_width background-primary elementor-section-height-min-height elementor-section-items-top elementor-section-height-default wpr-particle-no wpr-jarallax-no wpr-parallax-no wpr-sticky-section-no\" data-id=\"8af2734\" data-element_type=\"section\" data-e-type=\"section\" data-settings=\"{&quot;background_background&quot;:&quot;classic&quot;}\">\n\t\t\t\t\t\t\t<div class=\"elementor-background-overlay\"><\/div>\n\t\t\t\t\t\t\t<div class=\"elementor-container elementor-column-gap-no\">\n\t\t\t\t\t<div class=\"elementor-column elementor-col-50 elementor-top-column elementor-element elementor-element-9a65c76 m_auto-responsive \" data-id=\"9a65c76\" data-element_type=\"column\" data-e-type=\"column\">\n\t\t\t<div class=\"elementor-widget-wrap elementor-element-populated\">\n\t\t\t\t\t\t<div class=\"elementor-element elementor-element-7abaf4e portrait_title maxime elementor-widget elementor-widget-heading\" data-id=\"7abaf4e\" data-element_type=\"widget\" data-e-type=\"widget\" data-settings=\"{&quot;_animation&quot;:&quot;none&quot;}\" data-widget_type=\"heading.default\">\n\t\t\t\t\t<h2 class=\"elementor-heading-title elementor-size-default\">DU DESIGN \u00c0 LA DIRECTION, UNE EXIGENCE PARTAG\u00c9E : B\u00c2TIR AVEC SENS ET PR\u00c9CISION<\/h2>\t\t\t\t<\/div>\n\t\t\t\t<div class=\"elementor-element elementor-element-c2fb4ff animated-fast portrait_title name elementor-widget elementor-widget-heading\" data-id=\"c2fb4ff\" data-element_type=\"widget\" data-e-type=\"widget\" data-settings=\"{&quot;_animation&quot;:&quot;none&quot;}\" data-widget_type=\"heading.default\">\n\t\t\t\t\t<h1 class=\"elementor-heading-title elementor-size-default\">Estelle Derly<\/h1>\t\t\t\t<\/div>\n\t\t\t\t<div class=\"elementor-element elementor-element-4399d97 animated-fast portrait_title title elementor-widget elementor-widget-heading\" data-id=\"4399d97\" data-element_type=\"widget\" data-e-type=\"widget\" data-settings=\"{&quot;_animation&quot;:&quot;none&quot;}\" data-widget_type=\"heading.default\">\n\t\t\t\t\t<h2 class=\"elementor-heading-title elementor-size-default\">Directrice G\u00e9n\u00e9rale de l\u2019Agence Franc Le Havre<\/h2>\t\t\t\t<\/div>\n\t\t\t\t<div class=\"elementor-element elementor-element-2fc0448 animated-slow elementor-widget__width-initial elementor-widget-tablet__width-initial elementor-widget elementor-widget-text-editor\" data-id=\"2fc0448\" data-element_type=\"widget\" data-e-type=\"widget\" data-settings=\"{&quot;_animation&quot;:&quot;none&quot;}\" data-widget_type=\"text-editor.default\">\n\t\t\t\t\t\t\t\t\t<p><span style=\"font-weight: 400;\">Architecte d\u2019int\u00e9rieur et designer dipl\u00f4m\u00e9e de <a href=\"https:\/\/www.esamdesign.com\/\">l\u2019ESAM Design<\/a>, Estelle Derly d\u00e9bute sa carri\u00e8re \u00e0 Paris avant de rejoindre plusieurs agences d\u2019architecture et de design au Havre, o\u00f9 elle acquiert une solide exp\u00e9rience dans la conception et la conduite de projets m\u00ealant esth\u00e9tique, fonctionnalit\u00e9 et technicit\u00e9.<\/span><\/p><p><span style=\"font-weight: 400;\">\u00a0 \u00a0En 2013, elle fonde sa propre agence de design, qu\u2019elle dirige durant plusieurs ann\u00e9es avant le rapprochement avec le <a href=\"https:\/\/groupefranc.com\/index.php\/a-propos-groupe-franc-architectures\/\">GROUPE FRANC ARCHITECTURES<\/a>. \u00c0 la suite du rachat de l\u2019agence du Havre, elle en devient Directrice Adjointe, puis Directrice G\u00e9n\u00e9rale, affirmant une vision r\u00e9solument transversale du m\u00e9tier d\u2019architecte-b\u00e2tisseur.<\/span><\/p>\t\t\t\t\t\t\t\t<\/div>\n\t\t<div class=\"elementor-element elementor-element-2a239d2 e-con-full elementor-hidden-desktop e-flex wpr-particle-no wpr-jarallax-no wpr-parallax-no wpr-sticky-section-no e-con e-parent\" data-id=\"2a239d2\" data-element_type=\"container\" data-e-type=\"container\">\n\t\t<div class=\"elementor-element elementor-element-8840687 e-con-full container_portrait e-flex wpr-particle-no wpr-jarallax-no wpr-parallax-no wpr-sticky-section-no e-con e-child\" data-id=\"8840687\" data-element_type=\"container\" data-e-type=\"container\" id=\"Estelle_Derly\">\n\t\t<div class=\"elementor-element elementor-element-4632552 e-con-full img e-flex wpr-particle-no wpr-jarallax-no wpr-parallax-no wpr-sticky-section-no e-con e-child\" data-id=\"4632552\" data-element_type=\"container\" data-e-type=\"container\" data-settings=\"{&quot;background_background&quot;:&quot;classic&quot;}\">\n\t\t\t\t<\/div>\n\t\t\t\t<\/div>\n\t\t\t\t<\/div>\n\t\t\t\t<div class=\"elementor-element elementor-element-22bc8d1 animated-slow elementor-widget__width-initial elementor-widget-tablet__width-initial elementor-widget elementor-widget-text-editor\" data-id=\"22bc8d1\" data-element_type=\"widget\" data-e-type=\"widget\" data-settings=\"{&quot;_animation&quot;:&quot;none&quot;}\" data-widget_type=\"text-editor.default\">\n\t\t\t\t\t\t\t\t\t<p><span style=\"font-weight: 400;\">\u00a0 \u00a0Sous sa direction, <a href=\"https:\/\/groupefranc.com\/index.php\/agences\/agence-franc-architectures-le-havre\/\">l\u2019agence du Havre<\/a> s\u2019impose comme un acteur cl\u00e9 dans la r\u00e9gion Normandie, port\u00e9e par une \u00e9quipe pluridisciplinaire engag\u00e9e dans la conception et la r\u00e9alisation de projets vari\u00e9s, logements, bureaux, b\u00e2timents industriels, logistiques ou \u00e9quipements publics.<br \/><\/span><span style=\"font-weight: 400;\"><br \/><\/span><span style=\"font-weight: 400;\">\u00a0 \u00a0Dot\u00e9e d\u2019une sensibilit\u00e9 forte pour le design et la mise en \u0153uvre, Estelle Derly place la qualit\u00e9 d\u2019usage, la coh\u00e9rence architecturale et la durabilit\u00e9 au c\u0153ur de chaque projet.<\/span><\/p><p><span style=\"font-weight: 400;\"><em><strong>\u00ab La beaut\u00e9 n\u2019est pas un luxe, c\u2019est une exigence partag\u00e9e \u00e0 chaque \u00e9tape du projet. \u00bb<\/strong><\/em><br \/><strong>ED<\/strong><\/span><\/p>\t\t\t\t\t\t\t\t<\/div>\n\t\t\t\t\t<\/div>\n\t\t<\/div>\n\t\t\t\t<div class=\"elementor-column elementor-col-50 elementor-top-column elementor-element elementor-element-ee756c6 elementor-hidden-tablet elementor-hidden-mobile\" data-id=\"ee756c6\" data-element_type=\"column\" data-e-type=\"column\" data-settings=\"{&quot;background_background&quot;:&quot;classic&quot;}\">\n\t\t\t<div class=\"elementor-widget-wrap elementor-element-populated\">\n\t\t\t\t<div class=\"elementor-element elementor-element-0e3646b e-con-full container_portrait e-flex wpr-particle-no wpr-jarallax-no wpr-parallax-no wpr-sticky-section-no e-con e-child\" data-id=\"0e3646b\" data-element_type=\"container\" data-e-type=\"container\" id=\"Estelle_Derly\">\n\t\t<a class=\"elementor-element elementor-element-7953ed7 e-con-full img e-flex wpr-particle-no wpr-jarallax-no wpr-parallax-no wpr-sticky-section-no e-con e-child\" data-id=\"7953ed7\" data-element_type=\"container\" data-e-type=\"container\" data-settings=\"{&quot;background_background&quot;:&quot;classic&quot;}\" href=\"https:\/\/groupefranc.com\/index.php\/portraits\/gabriel-franc\/\" target=\"_blank\">\n\t\t\t\t<\/a>\n\t\t\t\t<\/div>\n\t\t\t\t\t<\/div>\n\t\t<\/div>\n\t\t\t\t\t<\/div>\n\t\t<\/section>\n\t\t\t\t<\/div>\n\t\t","protected":false},"excerpt":{"rendered":"<p>DU DESIGN \u00c0 LA DIRECTION, UNE EXIGENCE PARTAG\u00c9E : B\u00c2TIR AVEC SENS ET PR\u00c9CISION Estelle Derly Directrice G\u00e9n\u00e9rale de l\u2019Agence Franc Le Havre Architecte d\u2019int\u00e9rieur et designer dipl\u00f4m\u00e9e de l\u2019ESAM Design, Estelle Derly d\u00e9bute sa carri\u00e8re \u00e0 Paris avant de rejoindre plusieurs agences d\u2019architecture et de design au Havre, o\u00f9 elle acquiert une solide exp\u00e9rience dans la conception et la conduite de projets m\u00ealant esth\u00e9tique, fonctionnalit\u00e9 et technicit\u00e9. \u00a0 \u00a0En 2013, elle fonde sa propre agence de design, qu\u2019elle dirige durant plusieurs ann\u00e9es avant le rapprochement avec le GROUPE FRANC ARCHITECTURES. \u00c0 la suite du rachat de l\u2019agence du Havre, elle en devient Directrice Adjointe, puis Directrice G\u00e9n\u00e9rale, affirmant une vision r\u00e9solument transversale du m\u00e9tier d\u2019architecte-b\u00e2tisseur. \u00a0 \u00a0Sous sa direction, l\u2019agence du Havre s\u2019impose comme un acteur cl\u00e9 dans la r\u00e9gion Normandie, port\u00e9e par une \u00e9quipe pluridisciplinaire engag\u00e9e dans la conception et la r\u00e9alisation de projets vari\u00e9s, logements, bureaux, b\u00e2timents industriels, logistiques ou \u00e9quipements publics. \u00a0 \u00a0Dot\u00e9e d\u2019une sensibilit\u00e9 forte pour le design et la mise en \u0153uvre, Estelle Derly place la qualit\u00e9 d\u2019usage, la coh\u00e9rence architecturale et la durabilit\u00e9 au c\u0153ur de chaque projet. \u00ab La beaut\u00e9 n\u2019est pas un luxe, c\u2019est une exigence partag\u00e9e \u00e0 chaque \u00e9tape du projet. \u00bbED<\/p>\n","protected":false},"author":1,"featured_media":4104,"parent":4082,"menu_order":0,"comment_status":"closed","ping_status":"closed","template":"elementor_canvas","meta":{"_vp_format_video_url":"","_vp_image_focal_point":[],"footnotes":""},"class_list":["post-10612","page","type-page","status-publish","has-post-thumbnail","hentry"],"yoast_head":"<!-- This site is optimized with the Yoast SEO plugin v27.1.1 - https:\/\/yoast.com\/product\/yoast-seo-wordpress\/ -->\n<title>Estelle Derly - GROUPE FRANC ARCHITECTURES<\/title>\n<meta name=\"description\" content=\"Gabriel Franc, Pr\u00e9sident du Groupe Franc Architectures. Entrepreneur visionnaire expert en conception-r\u00e9alisation et immobilier durable\" \/>\n<meta name=\"robots\" content=\"index, follow, max-snippet:-1, max-image-preview:large, max-video-preview:-1\" \/>\n<link rel=\"canonical\" href=\"https:\/\/groupefranc.com\/index.php\/portraits\/estelle-derly\/\" \/>\n<meta property=\"og:locale\" content=\"en_US\" \/>\n<meta property=\"og:type\" content=\"article\" \/>\n<meta property=\"og:title\" content=\"Gabriel Franc\" \/>\n<meta property=\"og:description\" content=\"Gabriel Franc, Pr\u00e9sident du Groupe Franc Architectures. Entrepreneur visionnaire expert en conception-r\u00e9alisation et immobilier durable\" \/>\n<meta property=\"og:url\" content=\"https:\/\/groupefranc.com\/index.php\/portraits\/estelle-derly\/\" \/>\n<meta property=\"og:site_name\" content=\"GROUPE FRANC ARCHITECTURES\" \/>\n<meta property=\"article:modified_time\" content=\"2026-02-11T22:08:09+00:00\" \/>\n<meta property=\"og:image\" content=\"https:\/\/groupefranc.com\/wp-content\/uploads\/2025\/11\/Gabriel-Franc.webp\" \/>\n\t<meta property=\"og:image:width\" content=\"1094\" \/>\n\t<meta property=\"og:image:height\" content=\"1641\" \/>\n\t<meta property=\"og:image:type\" content=\"image\/webp\" \/>\n<meta name=\"twitter:card\" content=\"summary_large_image\" \/>\n<meta name=\"twitter:label1\" content=\"Est. reading time\" \/>\n\t<meta name=\"twitter:data1\" content=\"1 minute\" \/>\n<script type=\"application\/ld+json\" class=\"yoast-schema-graph\">{\"@context\":\"https:\/\/schema.org\",\"@graph\":[{\"@type\":\"WebPage\",\"@id\":\"https:\/\/groupefranc.com\/index.php\/portraits\/estelle-derly\/\",\"url\":\"https:\/\/groupefranc.com\/index.php\/portraits\/estelle-derly\/\",\"name\":\"Estelle Derly - GROUPE FRANC ARCHITECTURES\",\"isPartOf\":{\"@id\":\"https:\/\/groupefranc.com\/#website\"},\"primaryImageOfPage\":{\"@id\":\"https:\/\/groupefranc.com\/index.php\/portraits\/estelle-derly\/#primaryimage\"},\"image\":{\"@id\":\"https:\/\/groupefranc.com\/index.php\/portraits\/estelle-derly\/#primaryimage\"},\"thumbnailUrl\":\"https:\/\/groupefranc.com\/wp-content\/uploads\/2025\/11\/Estelle-DERLY-AM9A0323.webp\",\"datePublished\":\"2026-02-11T16:04:04+00:00\",\"dateModified\":\"2026-02-11T22:08:09+00:00\",\"description\":\"Gabriel Franc, Pr\u00e9sident du Groupe Franc Architectures. Entrepreneur visionnaire expert en conception-r\u00e9alisation et immobilier durable\",\"breadcrumb\":{\"@id\":\"https:\/\/groupefranc.com\/index.php\/portraits\/estelle-derly\/#breadcrumb\"},\"inLanguage\":\"en-US\",\"potentialAction\":[{\"@type\":\"ReadAction\",\"target\":[\"https:\/\/groupefranc.com\/index.php\/portraits\/estelle-derly\/\"]}]},{\"@type\":\"ImageObject\",\"inLanguage\":\"en-US\",\"@id\":\"https:\/\/groupefranc.com\/index.php\/portraits\/estelle-derly\/#primaryimage\",\"url\":\"https:\/\/groupefranc.com\/wp-content\/uploads\/2025\/11\/Estelle-DERLY-AM9A0323.webp\",\"contentUrl\":\"https:\/\/groupefranc.com\/wp-content\/uploads\/2025\/11\/Estelle-DERLY-AM9A0323.webp\",\"width\":1204,\"height\":1806,\"caption\":\"Estelle Derly\"},{\"@type\":\"BreadcrumbList\",\"@id\":\"https:\/\/groupefranc.com\/index.php\/portraits\/estelle-derly\/#breadcrumb\",\"itemListElement\":[{\"@type\":\"ListItem\",\"position\":1,\"name\":\"Home\",\"item\":\"https:\/\/groupefranc.com\/\"},{\"@type\":\"ListItem\",\"position\":2,\"name\":\"Portraits\",\"item\":\"https:\/\/groupefranc.com\/index.php\/portraits\/\"},{\"@type\":\"ListItem\",\"position\":3,\"name\":\"Estelle Derly\"}]},{\"@type\":\"WebSite\",\"@id\":\"https:\/\/groupefranc.com\/#website\",\"url\":\"https:\/\/groupefranc.com\/\",\"name\":\"GROUPE FRANC ARCHITECTURES\",\"description\":\"\",\"publisher\":{\"@id\":\"https:\/\/groupefranc.com\/#organization\"},\"potentialAction\":[{\"@type\":\"SearchAction\",\"target\":{\"@type\":\"EntryPoint\",\"urlTemplate\":\"https:\/\/groupefranc.com\/?s={search_term_string}\"},\"query-input\":{\"@type\":\"PropertyValueSpecification\",\"valueRequired\":true,\"valueName\":\"search_term_string\"}}],\"inLanguage\":\"en-US\"},{\"@type\":\"Organization\",\"@id\":\"https:\/\/groupefranc.com\/#organization\",\"name\":\"GROUPE FRANC ARCHITECTURES\",\"url\":\"https:\/\/groupefranc.com\/\",\"logo\":{\"@type\":\"ImageObject\",\"inLanguage\":\"en-US\",\"@id\":\"https:\/\/groupefranc.com\/#\/schema\/logo\/image\/\",\"url\":\"https:\/\/groupefranc.com\/wp-content\/uploads\/2021\/12\/cropped-logo.png\",\"contentUrl\":\"https:\/\/groupefranc.com\/wp-content\/uploads\/2021\/12\/cropped-logo.png\",\"width\":705,\"height\":723,\"caption\":\"GROUPE FRANC ARCHITECTURES\"},\"image\":{\"@id\":\"https:\/\/groupefranc.com\/#\/schema\/logo\/image\/\"},\"sameAs\":[\"https:\/\/www.linkedin.com\/company\/groupe-franc\/\"]}]}<\/script>\n<!-- \/ Yoast SEO plugin. -->","yoast_head_json":{"title":"Estelle Derly - GROUPE FRANC ARCHITECTURES","description":"Gabriel Franc, Pr\u00e9sident du Groupe Franc Architectures. Entrepreneur visionnaire expert en conception-r\u00e9alisation et immobilier durable","robots":{"index":"index","follow":"follow","max-snippet":"max-snippet:-1","max-image-preview":"max-image-preview:large","max-video-preview":"max-video-preview:-1"},"canonical":"https:\/\/groupefranc.com\/index.php\/portraits\/estelle-derly\/","og_locale":"en_US","og_type":"article","og_title":"Gabriel Franc","og_description":"Gabriel Franc, Pr\u00e9sident du Groupe Franc Architectures. Entrepreneur visionnaire expert en conception-r\u00e9alisation et immobilier durable","og_url":"https:\/\/groupefranc.com\/index.php\/portraits\/estelle-derly\/","og_site_name":"GROUPE FRANC ARCHITECTURES","article_modified_time":"2026-02-11T22:08:09+00:00","og_image":[{"width":1094,"height":1641,"url":"https:\/\/groupefranc.com\/wp-content\/uploads\/2025\/11\/Gabriel-Franc.webp","type":"image\/webp"}],"twitter_card":"summary_large_image","twitter_misc":{"Est. reading time":"1 minute"},"schema":{"@context":"https:\/\/schema.org","@graph":[{"@type":"WebPage","@id":"https:\/\/groupefranc.com\/index.php\/portraits\/estelle-derly\/","url":"https:\/\/groupefranc.com\/index.php\/portraits\/estelle-derly\/","name":"Estelle Derly - GROUPE FRANC ARCHITECTURES","isPartOf":{"@id":"https:\/\/groupefranc.com\/#website"},"primaryImageOfPage":{"@id":"https:\/\/groupefranc.com\/index.php\/portraits\/estelle-derly\/#primaryimage"},"image":{"@id":"https:\/\/groupefranc.com\/index.php\/portraits\/estelle-derly\/#primaryimage"},"thumbnailUrl":"https:\/\/groupefranc.com\/wp-content\/uploads\/2025\/11\/Estelle-DERLY-AM9A0323.webp","datePublished":"2026-02-11T16:04:04+00:00","dateModified":"2026-02-11T22:08:09+00:00","description":"Gabriel Franc, Pr\u00e9sident du Groupe Franc Architectures. Entrepreneur visionnaire expert en conception-r\u00e9alisation et immobilier durable","breadcrumb":{"@id":"https:\/\/groupefranc.com\/index.php\/portraits\/estelle-derly\/#breadcrumb"},"inLanguage":"en-US","potentialAction":[{"@type":"ReadAction","target":["https:\/\/groupefranc.com\/index.php\/portraits\/estelle-derly\/"]}]},{"@type":"ImageObject","inLanguage":"en-US","@id":"https:\/\/groupefranc.com\/index.php\/portraits\/estelle-derly\/#primaryimage","url":"https:\/\/groupefranc.com\/wp-content\/uploads\/2025\/11\/Estelle-DERLY-AM9A0323.webp","contentUrl":"https:\/\/groupefranc.com\/wp-content\/uploads\/2025\/11\/Estelle-DERLY-AM9A0323.webp","width":1204,"height":1806,"caption":"Estelle Derly"},{"@type":"BreadcrumbList","@id":"https:\/\/groupefranc.com\/index.php\/portraits\/estelle-derly\/#breadcrumb","itemListElement":[{"@type":"ListItem","position":1,"name":"Home","item":"https:\/\/groupefranc.com\/"},{"@type":"ListItem","position":2,"name":"Portraits","item":"https:\/\/groupefranc.com\/index.php\/portraits\/"},{"@type":"ListItem","position":3,"name":"Estelle Derly"}]},{"@type":"WebSite","@id":"https:\/\/groupefranc.com\/#website","url":"https:\/\/groupefranc.com\/","name":"GROUPE FRANC ARCHITECTURES","description":"","publisher":{"@id":"https:\/\/groupefranc.com\/#organization"},"potentialAction":[{"@type":"SearchAction","target":{"@type":"EntryPoint","urlTemplate":"https:\/\/groupefranc.com\/?s={search_term_string}"},"query-input":{"@type":"PropertyValueSpecification","valueRequired":true,"valueName":"search_term_string"}}],"inLanguage":"en-US"},{"@type":"Organization","@id":"https:\/\/groupefranc.com\/#organization","name":"GROUPE FRANC ARCHITECTURES","url":"https:\/\/groupefranc.com\/","logo":{"@type":"ImageObject","inLanguage":"en-US","@id":"https:\/\/groupefranc.com\/#\/schema\/logo\/image\/","url":"https:\/\/groupefranc.com\/wp-content\/uploads\/2021\/12\/cropped-logo.png","contentUrl":"https:\/\/groupefranc.com\/wp-content\/uploads\/2021\/12\/cropped-logo.png","width":705,"height":723,"caption":"GROUPE FRANC ARCHITECTURES"},"image":{"@id":"https:\/\/groupefranc.com\/#\/schema\/logo\/image\/"},"sameAs":["https:\/\/www.linkedin.com\/company\/groupe-franc\/"]}]}},"_links":{"self":[{"href":"https:\/\/groupefranc.com\/index.php\/wp-json\/wp\/v2\/pages\/10612","targetHints":{"allow":["GET"]}}],"collection":[{"href":"https:\/\/groupefranc.com\/index.php\/wp-json\/wp\/v2\/pages"}],"about":[{"href":"https:\/\/groupefranc.com\/index.php\/wp-json\/wp\/v2\/types\/page"}],"author":[{"embeddable":true,"href":"https:\/\/groupefranc.com\/index.php\/wp-json\/wp\/v2\/users\/1"}],"replies":[{"embeddable":true,"href":"https:\/\/groupefranc.com\/index.php\/wp-json\/wp\/v2\/comments?post=10612"}],"version-history":[{"count":16,"href":"https:\/\/groupefranc.com\/index.php\/wp-json\/wp\/v2\/pages\/10612\/revisions"}],"predecessor-version":[{"id":10869,"href":"https:\/\/groupefranc.com\/index.php\/wp-json\/wp\/v2\/pages\/10612\/revisions\/10869"}],"up":[{"embeddable":true,"href":"https:\/\/groupefranc.com\/index.php\/wp-json\/wp\/v2\/pages\/4082"}],"wp:featuredmedia":[{"embeddable":true,"href":"https:\/\/groupefranc.com\/index.php\/wp-json\/wp\/v2\/media\/4104"}],"wp:attachment":[{"href":"https:\/\/groupefranc.com\/index.php\/wp-json\/wp\/v2\/media?parent=10612"}],"curies":[{"name":"wp","href":"https:\/\/api.w.org\/{rel}","templated":true}]}}