{"id":10624,"date":"2026-02-11T16:09:32","date_gmt":"2026-02-11T16:09:32","guid":{"rendered":"https:\/\/groupefranc.com\/?page_id=10624"},"modified":"2026-02-11T22:07:34","modified_gmt":"2026-02-11T22:07:34","slug":"david-lhorset","status":"publish","type":"page","link":"https:\/\/groupefranc.com\/index.php\/portraits\/david-lhorset\/","title":{"rendered":"David L\u2019Horset"},"content":{"rendered":"\t\t<div data-elementor-type=\"wp-page\" data-elementor-id=\"10624\" class=\"elementor elementor-10624\">\n\t\t\t\t\t\t<section class=\"elementor-section elementor-top-section elementor-element elementor-element-8af2734 elementor-section-full_width background-primary elementor-section-height-min-height elementor-section-items-top elementor-section-height-default wpr-particle-no wpr-jarallax-no wpr-parallax-no wpr-sticky-section-no\" data-id=\"8af2734\" data-element_type=\"section\" data-e-type=\"section\" data-settings=\"{&quot;background_background&quot;:&quot;classic&quot;}\">\n\t\t\t\t\t\t\t<div class=\"elementor-background-overlay\"><\/div>\n\t\t\t\t\t\t\t<div class=\"elementor-container elementor-column-gap-no\">\n\t\t\t\t\t<div class=\"elementor-column elementor-col-50 elementor-top-column elementor-element elementor-element-9a65c76 m_auto-responsive \" data-id=\"9a65c76\" data-element_type=\"column\" data-e-type=\"column\">\n\t\t\t<div class=\"elementor-widget-wrap elementor-element-populated\">\n\t\t\t\t\t\t<div class=\"elementor-element elementor-element-7abaf4e portrait_title maxime elementor-widget elementor-widget-heading\" data-id=\"7abaf4e\" data-element_type=\"widget\" data-e-type=\"widget\" data-settings=\"{&quot;_animation&quot;:&quot;none&quot;}\" data-widget_type=\"heading.default\">\n\t\t\t\t\t<h2 class=\"elementor-heading-title elementor-size-default\">ANCRER LE SENS DANS LA MESURE, DONNER FORME AU TERRITOIRE<\/h2>\t\t\t\t<\/div>\n\t\t\t\t<div class=\"elementor-element elementor-element-c2fb4ff animated-fast portrait_title name elementor-widget elementor-widget-heading\" data-id=\"c2fb4ff\" data-element_type=\"widget\" data-e-type=\"widget\" data-settings=\"{&quot;_animation&quot;:&quot;none&quot;}\" data-widget_type=\"heading.default\">\n\t\t\t\t\t<h1 class=\"elementor-heading-title elementor-size-default\">David L\u2019Horset<\/h1>\t\t\t\t<\/div>\n\t\t\t\t<div class=\"elementor-element elementor-element-4399d97 animated-fast portrait_title title elementor-widget elementor-widget-heading\" data-id=\"4399d97\" data-element_type=\"widget\" data-e-type=\"widget\" data-settings=\"{&quot;_animation&quot;:&quot;none&quot;}\" data-widget_type=\"heading.default\">\n\t\t\t\t\t<h2 class=\"elementor-heading-title elementor-size-default\">G\u00e9rant Associ\u00e9, POLYFORM \u2013 GROUPE FRANC ARCHITECTURES \u00e0 Caen<\/h2>\t\t\t\t<\/div>\n\t\t\t\t<div class=\"elementor-element elementor-element-2fc0448 animated-slow elementor-widget__width-initial elementor-widget-tablet__width-initial elementor-widget elementor-widget-text-editor\" data-id=\"2fc0448\" data-element_type=\"widget\" data-e-type=\"widget\" data-settings=\"{&quot;_animation&quot;:&quot;none&quot;}\" data-widget_type=\"text-editor.default\">\n\t\t\t\t\t\t\t\t\t<p><span style=\"font-weight: 400;\">Architecte DPLG form\u00e9 \u00e0 <a href=\"https:\/\/ensa-normandie.fr\/\">l\u2019\u00c9cole d\u2019Architecture de Normandie<\/a>, <\/span><b>David L\u2019Horset<\/b><span style=\"font-weight: 400;\"> fonde en 2013 l\u2019agence <\/span><a href=\"https:\/\/groupefranc.com\/index.php\/agences\/agence-polyform-groupe-franc-architectures\/\"><b>POLYFORM Architectes<\/b><\/a><span style=\"font-weight: 400;\"> \u00e0 Caen, qu\u2019il dirige avec exigence et cr\u00e9ativit\u00e9 pendant plus de vingt ans avant son int\u00e9gration au <\/span><a href=\"https:\/\/groupefranc.com\/index.php\/a-propos-groupe-franc-architectures\/\"><b>GROUPE FRANC ARCHITECTURES<\/b><\/a><span style=\"font-weight: 400;\"> en 2019.<\/span><\/p><p><span style=\"font-weight: 400;\">\u00a0 \u00a0\u00c0 la t\u00eate de l\u2019agence, il d\u00e9veloppe une approche transversale m\u00ealant <\/span><b>architecture, urbanisme et am\u00e9nagement du territoire<\/b><span style=\"font-weight: 400;\">, avec une attention particuli\u00e8re port\u00e9e \u00e0 la r\u00e9habilitation et \u00e0 la transformation du b\u00e2ti existant. Ses projets, qu\u2019ils concernent des <\/span><b>\u00e9quipements publics, b\u00e2timents tertiaires, logements ou sites industriels<\/b><span style=\"font-weight: 400;\">, se distinguent par leur <\/span><b>justesse d\u2019\u00e9chelle<\/b><span style=\"font-weight: 400;\">, leur <\/span><b>ancrage local<\/b><span style=\"font-weight: 400;\"> et leur <\/span><b>sobri\u00e9t\u00e9 \u00e9l\u00e9gante<\/b><span style=\"font-weight: 400;\">.<\/span><\/p>\t\t\t\t\t\t\t\t<\/div>\n\t\t<div class=\"elementor-element elementor-element-2a239d2 e-con-full elementor-hidden-desktop e-flex wpr-particle-no wpr-jarallax-no wpr-parallax-no wpr-sticky-section-no e-con e-parent\" data-id=\"2a239d2\" data-element_type=\"container\" data-e-type=\"container\">\n\t\t<div class=\"elementor-element elementor-element-8840687 e-con-full container_portrait e-flex wpr-particle-no wpr-jarallax-no wpr-parallax-no wpr-sticky-section-no e-con e-child\" data-id=\"8840687\" data-element_type=\"container\" data-e-type=\"container\" id=\"David_Horset\">\n\t\t<div class=\"elementor-element elementor-element-4632552 e-con-full img e-flex wpr-particle-no wpr-jarallax-no wpr-parallax-no wpr-sticky-section-no e-con e-child\" data-id=\"4632552\" data-element_type=\"container\" data-e-type=\"container\" data-settings=\"{&quot;background_background&quot;:&quot;classic&quot;}\">\n\t\t\t\t<\/div>\n\t\t\t\t<\/div>\n\t\t\t\t<\/div>\n\t\t\t\t<div class=\"elementor-element elementor-element-22bc8d1 animated-slow elementor-widget__width-initial elementor-widget-tablet__width-initial elementor-widget elementor-widget-text-editor\" data-id=\"22bc8d1\" data-element_type=\"widget\" data-e-type=\"widget\" data-settings=\"{&quot;_animation&quot;:&quot;none&quot;}\" data-widget_type=\"text-editor.default\">\n\t\t\t\t\t\t\t\t\t<p><span style=\"font-weight: 400;\">\u00a0 \u00a0Son travail s\u2019inscrit dans une d\u00e9marche environnementale consciente et ma\u00eetris\u00e9e : recours aux mat\u00e9riaux biosourc\u00e9s, optimisation des enveloppes b\u00e2ties, et int\u00e9gration fine des b\u00e2timents dans leur contexte paysager et urbain. Il privil\u00e9gie les solutions <\/span><b>adaptables, modulaires et p\u00e9rennes<\/b><span style=\"font-weight: 400;\">, anticipant les usages de demain tout en respectant l\u2019histoire des lieux.<\/span><\/p><p><span style=\"font-weight: 400;\">\u00a0 \u00a0Membre du <\/span><a href=\"https:\/\/groupefranc.com\/index.php\/a-propos-groupe-franc-architectures\/\"><b>GROUPE FRANC ARCHITECTURES<\/b><\/a><span style=\"font-weight: 400;\">, <\/span><b>David L\u2019Horset<\/b><span style=\"font-weight: 400;\"> incarne la continuit\u00e9 entre la tradition constructive normande et une vision contemporaine de l\u2019architecture. Sous son impulsion, l\u2019agence POLYFORM s\u2019affirme comme un acteur de r\u00e9f\u00e9rence dans le Grand Ouest, au croisement du patrimoine, de l\u2019innovation et du d\u00e9veloppement durable.<\/span><\/p><p><b><em>\u00ab Concevoir, c\u2019est comprendre le lieu avant m\u00eame de tracer le premier trait. \u00bb<\/em><br \/><\/b><b>DLH<\/b><\/p>\t\t\t\t\t\t\t\t<\/div>\n\t\t\t\t\t<\/div>\n\t\t<\/div>\n\t\t\t\t<div class=\"elementor-column elementor-col-50 elementor-top-column elementor-element elementor-element-ee756c6 elementor-hidden-tablet elementor-hidden-mobile\" data-id=\"ee756c6\" data-element_type=\"column\" data-e-type=\"column\" data-settings=\"{&quot;background_background&quot;:&quot;classic&quot;}\">\n\t\t\t<div class=\"elementor-widget-wrap elementor-element-populated\">\n\t\t\t\t<div class=\"elementor-element elementor-element-0e3646b e-con-full container_portrait e-flex wpr-particle-no wpr-jarallax-no wpr-parallax-no wpr-sticky-section-no e-con e-child\" data-id=\"0e3646b\" data-element_type=\"container\" data-e-type=\"container\" id=\"David_Horset\">\n\t\t<div class=\"elementor-element elementor-element-7953ed7 e-con-full img e-flex wpr-particle-no wpr-jarallax-no wpr-parallax-no wpr-sticky-section-no e-con e-child\" data-id=\"7953ed7\" data-element_type=\"container\" data-e-type=\"container\" data-settings=\"{&quot;background_background&quot;:&quot;classic&quot;}\">\n\t\t\t\t<\/div>\n\t\t\t\t<\/div>\n\t\t\t\t\t<\/div>\n\t\t<\/div>\n\t\t\t\t\t<\/div>\n\t\t<\/section>\n\t\t\t\t<\/div>\n\t\t","protected":false},"excerpt":{"rendered":"<p>ANCRER LE SENS DANS LA MESURE, DONNER FORME AU TERRITOIRE David L\u2019Horset G\u00e9rant Associ\u00e9, POLYFORM \u2013 GROUPE FRANC ARCHITECTURES \u00e0 Caen Architecte DPLG form\u00e9 \u00e0 l\u2019\u00c9cole d\u2019Architecture de Normandie, David L\u2019Horset fonde en 2013 l\u2019agence POLYFORM Architectes \u00e0 Caen, qu\u2019il dirige avec exigence et cr\u00e9ativit\u00e9 pendant plus de vingt ans avant son int\u00e9gration au GROUPE FRANC ARCHITECTURES en 2019. \u00a0 \u00a0\u00c0 la t\u00eate de l\u2019agence, il d\u00e9veloppe une approche transversale m\u00ealant architecture, urbanisme et am\u00e9nagement du territoire, avec une attention particuli\u00e8re port\u00e9e \u00e0 la r\u00e9habilitation et \u00e0 la transformation du b\u00e2ti existant. Ses projets, qu\u2019ils concernent des \u00e9quipements publics, b\u00e2timents tertiaires, logements ou sites industriels, se distinguent par leur justesse d\u2019\u00e9chelle, leur ancrage local et leur sobri\u00e9t\u00e9 \u00e9l\u00e9gante. \u00a0 \u00a0Son travail s\u2019inscrit dans une d\u00e9marche environnementale consciente et ma\u00eetris\u00e9e : recours aux mat\u00e9riaux biosourc\u00e9s, optimisation des enveloppes b\u00e2ties, et int\u00e9gration fine des b\u00e2timents dans leur contexte paysager et urbain. Il privil\u00e9gie les solutions adaptables, modulaires et p\u00e9rennes, anticipant les usages de demain tout en respectant l\u2019histoire des lieux. \u00a0 \u00a0Membre du GROUPE FRANC ARCHITECTURES, David L\u2019Horset incarne la continuit\u00e9 entre la tradition constructive normande et une vision contemporaine de l\u2019architecture. Sous son impulsion, l\u2019agence POLYFORM s\u2019affirme comme un acteur de r\u00e9f\u00e9rence dans le Grand Ouest, au croisement du patrimoine, de l\u2019innovation et du d\u00e9veloppement durable. \u00ab Concevoir, c\u2019est comprendre le lieu avant m\u00eame de tracer le premier trait. \u00bbDLH<\/p>\n","protected":false},"author":1,"featured_media":4103,"parent":4082,"menu_order":0,"comment_status":"closed","ping_status":"closed","template":"elementor_canvas","meta":{"_vp_format_video_url":"","_vp_image_focal_point":[],"footnotes":""},"class_list":["post-10624","page","type-page","status-publish","has-post-thumbnail","hentry"],"yoast_head":"<!-- This site is optimized with the Yoast SEO plugin v27.1.1 - https:\/\/yoast.com\/product\/yoast-seo-wordpress\/ -->\n<title>David L\u2019Horset - GROUPE FRANC ARCHITECTURES<\/title>\n<meta name=\"description\" content=\"Gabriel Franc, Pr\u00e9sident du Groupe Franc Architectures. Entrepreneur visionnaire expert en conception-r\u00e9alisation et immobilier durable\" \/>\n<meta name=\"robots\" content=\"index, follow, max-snippet:-1, max-image-preview:large, max-video-preview:-1\" \/>\n<link rel=\"canonical\" href=\"https:\/\/groupefranc.com\/index.php\/portraits\/david-lhorset\/\" \/>\n<meta property=\"og:locale\" content=\"en_US\" \/>\n<meta property=\"og:type\" content=\"article\" \/>\n<meta property=\"og:title\" content=\"Gabriel Franc\" \/>\n<meta property=\"og:description\" content=\"Gabriel Franc, Pr\u00e9sident du Groupe Franc Architectures. Entrepreneur visionnaire expert en conception-r\u00e9alisation et immobilier durable\" \/>\n<meta property=\"og:url\" content=\"https:\/\/groupefranc.com\/index.php\/portraits\/david-lhorset\/\" \/>\n<meta property=\"og:site_name\" content=\"GROUPE FRANC ARCHITECTURES\" \/>\n<meta property=\"article:modified_time\" content=\"2026-02-11T22:07:34+00:00\" \/>\n<meta property=\"og:image\" content=\"https:\/\/groupefranc.com\/wp-content\/uploads\/2025\/11\/Gabriel-Franc.webp\" \/>\n\t<meta property=\"og:image:width\" content=\"1094\" \/>\n\t<meta property=\"og:image:height\" content=\"1641\" \/>\n\t<meta property=\"og:image:type\" content=\"image\/webp\" \/>\n<meta name=\"twitter:card\" content=\"summary_large_image\" \/>\n<meta name=\"twitter:label1\" content=\"Est. reading time\" \/>\n\t<meta name=\"twitter:data1\" content=\"1 minute\" \/>\n<script type=\"application\/ld+json\" class=\"yoast-schema-graph\">{\"@context\":\"https:\/\/schema.org\",\"@graph\":[{\"@type\":\"WebPage\",\"@id\":\"https:\/\/groupefranc.com\/index.php\/portraits\/david-lhorset\/\",\"url\":\"https:\/\/groupefranc.com\/index.php\/portraits\/david-lhorset\/\",\"name\":\"David L\u2019Horset - GROUPE FRANC ARCHITECTURES\",\"isPartOf\":{\"@id\":\"https:\/\/groupefranc.com\/#website\"},\"primaryImageOfPage\":{\"@id\":\"https:\/\/groupefranc.com\/index.php\/portraits\/david-lhorset\/#primaryimage\"},\"image\":{\"@id\":\"https:\/\/groupefranc.com\/index.php\/portraits\/david-lhorset\/#primaryimage\"},\"thumbnailUrl\":\"https:\/\/groupefranc.com\/wp-content\/uploads\/2025\/11\/david.webp\",\"datePublished\":\"2026-02-11T16:09:32+00:00\",\"dateModified\":\"2026-02-11T22:07:34+00:00\",\"description\":\"Gabriel Franc, Pr\u00e9sident du Groupe Franc Architectures. Entrepreneur visionnaire expert en conception-r\u00e9alisation et immobilier durable\",\"breadcrumb\":{\"@id\":\"https:\/\/groupefranc.com\/index.php\/portraits\/david-lhorset\/#breadcrumb\"},\"inLanguage\":\"en-US\",\"potentialAction\":[{\"@type\":\"ReadAction\",\"target\":[\"https:\/\/groupefranc.com\/index.php\/portraits\/david-lhorset\/\"]}]},{\"@type\":\"ImageObject\",\"inLanguage\":\"en-US\",\"@id\":\"https:\/\/groupefranc.com\/index.php\/portraits\/david-lhorset\/#primaryimage\",\"url\":\"https:\/\/groupefranc.com\/wp-content\/uploads\/2025\/11\/david.webp\",\"contentUrl\":\"https:\/\/groupefranc.com\/wp-content\/uploads\/2025\/11\/david.webp\",\"width\":1409,\"height\":2113,\"caption\":\"David L\u2019Horset\"},{\"@type\":\"BreadcrumbList\",\"@id\":\"https:\/\/groupefranc.com\/index.php\/portraits\/david-lhorset\/#breadcrumb\",\"itemListElement\":[{\"@type\":\"ListItem\",\"position\":1,\"name\":\"Home\",\"item\":\"https:\/\/groupefranc.com\/\"},{\"@type\":\"ListItem\",\"position\":2,\"name\":\"Portraits\",\"item\":\"https:\/\/groupefranc.com\/index.php\/portraits\/\"},{\"@type\":\"ListItem\",\"position\":3,\"name\":\"David L\u2019Horset\"}]},{\"@type\":\"WebSite\",\"@id\":\"https:\/\/groupefranc.com\/#website\",\"url\":\"https:\/\/groupefranc.com\/\",\"name\":\"GROUPE FRANC ARCHITECTURES\",\"description\":\"\",\"publisher\":{\"@id\":\"https:\/\/groupefranc.com\/#organization\"},\"potentialAction\":[{\"@type\":\"SearchAction\",\"target\":{\"@type\":\"EntryPoint\",\"urlTemplate\":\"https:\/\/groupefranc.com\/?s={search_term_string}\"},\"query-input\":{\"@type\":\"PropertyValueSpecification\",\"valueRequired\":true,\"valueName\":\"search_term_string\"}}],\"inLanguage\":\"en-US\"},{\"@type\":\"Organization\",\"@id\":\"https:\/\/groupefranc.com\/#organization\",\"name\":\"GROUPE FRANC ARCHITECTURES\",\"url\":\"https:\/\/groupefranc.com\/\",\"logo\":{\"@type\":\"ImageObject\",\"inLanguage\":\"en-US\",\"@id\":\"https:\/\/groupefranc.com\/#\/schema\/logo\/image\/\",\"url\":\"https:\/\/groupefranc.com\/wp-content\/uploads\/2021\/12\/cropped-logo.png\",\"contentUrl\":\"https:\/\/groupefranc.com\/wp-content\/uploads\/2021\/12\/cropped-logo.png\",\"width\":705,\"height\":723,\"caption\":\"GROUPE FRANC ARCHITECTURES\"},\"image\":{\"@id\":\"https:\/\/groupefranc.com\/#\/schema\/logo\/image\/\"},\"sameAs\":[\"https:\/\/www.linkedin.com\/company\/groupe-franc\/\"]}]}<\/script>\n<!-- \/ Yoast SEO plugin. -->","yoast_head_json":{"title":"David L\u2019Horset - GROUPE FRANC ARCHITECTURES","description":"Gabriel Franc, Pr\u00e9sident du Groupe Franc Architectures. Entrepreneur visionnaire expert en conception-r\u00e9alisation et immobilier durable","robots":{"index":"index","follow":"follow","max-snippet":"max-snippet:-1","max-image-preview":"max-image-preview:large","max-video-preview":"max-video-preview:-1"},"canonical":"https:\/\/groupefranc.com\/index.php\/portraits\/david-lhorset\/","og_locale":"en_US","og_type":"article","og_title":"Gabriel Franc","og_description":"Gabriel Franc, Pr\u00e9sident du Groupe Franc Architectures. Entrepreneur visionnaire expert en conception-r\u00e9alisation et immobilier durable","og_url":"https:\/\/groupefranc.com\/index.php\/portraits\/david-lhorset\/","og_site_name":"GROUPE FRANC ARCHITECTURES","article_modified_time":"2026-02-11T22:07:34+00:00","og_image":[{"width":1094,"height":1641,"url":"https:\/\/groupefranc.com\/wp-content\/uploads\/2025\/11\/Gabriel-Franc.webp","type":"image\/webp"}],"twitter_card":"summary_large_image","twitter_misc":{"Est. reading time":"1 minute"},"schema":{"@context":"https:\/\/schema.org","@graph":[{"@type":"WebPage","@id":"https:\/\/groupefranc.com\/index.php\/portraits\/david-lhorset\/","url":"https:\/\/groupefranc.com\/index.php\/portraits\/david-lhorset\/","name":"David L\u2019Horset - GROUPE FRANC ARCHITECTURES","isPartOf":{"@id":"https:\/\/groupefranc.com\/#website"},"primaryImageOfPage":{"@id":"https:\/\/groupefranc.com\/index.php\/portraits\/david-lhorset\/#primaryimage"},"image":{"@id":"https:\/\/groupefranc.com\/index.php\/portraits\/david-lhorset\/#primaryimage"},"thumbnailUrl":"https:\/\/groupefranc.com\/wp-content\/uploads\/2025\/11\/david.webp","datePublished":"2026-02-11T16:09:32+00:00","dateModified":"2026-02-11T22:07:34+00:00","description":"Gabriel Franc, Pr\u00e9sident du Groupe Franc Architectures. Entrepreneur visionnaire expert en conception-r\u00e9alisation et immobilier durable","breadcrumb":{"@id":"https:\/\/groupefranc.com\/index.php\/portraits\/david-lhorset\/#breadcrumb"},"inLanguage":"en-US","potentialAction":[{"@type":"ReadAction","target":["https:\/\/groupefranc.com\/index.php\/portraits\/david-lhorset\/"]}]},{"@type":"ImageObject","inLanguage":"en-US","@id":"https:\/\/groupefranc.com\/index.php\/portraits\/david-lhorset\/#primaryimage","url":"https:\/\/groupefranc.com\/wp-content\/uploads\/2025\/11\/david.webp","contentUrl":"https:\/\/groupefranc.com\/wp-content\/uploads\/2025\/11\/david.webp","width":1409,"height":2113,"caption":"David L\u2019Horset"},{"@type":"BreadcrumbList","@id":"https:\/\/groupefranc.com\/index.php\/portraits\/david-lhorset\/#breadcrumb","itemListElement":[{"@type":"ListItem","position":1,"name":"Home","item":"https:\/\/groupefranc.com\/"},{"@type":"ListItem","position":2,"name":"Portraits","item":"https:\/\/groupefranc.com\/index.php\/portraits\/"},{"@type":"ListItem","position":3,"name":"David L\u2019Horset"}]},{"@type":"WebSite","@id":"https:\/\/groupefranc.com\/#website","url":"https:\/\/groupefranc.com\/","name":"GROUPE FRANC ARCHITECTURES","description":"","publisher":{"@id":"https:\/\/groupefranc.com\/#organization"},"potentialAction":[{"@type":"SearchAction","target":{"@type":"EntryPoint","urlTemplate":"https:\/\/groupefranc.com\/?s={search_term_string}"},"query-input":{"@type":"PropertyValueSpecification","valueRequired":true,"valueName":"search_term_string"}}],"inLanguage":"en-US"},{"@type":"Organization","@id":"https:\/\/groupefranc.com\/#organization","name":"GROUPE FRANC ARCHITECTURES","url":"https:\/\/groupefranc.com\/","logo":{"@type":"ImageObject","inLanguage":"en-US","@id":"https:\/\/groupefranc.com\/#\/schema\/logo\/image\/","url":"https:\/\/groupefranc.com\/wp-content\/uploads\/2021\/12\/cropped-logo.png","contentUrl":"https:\/\/groupefranc.com\/wp-content\/uploads\/2021\/12\/cropped-logo.png","width":705,"height":723,"caption":"GROUPE FRANC ARCHITECTURES"},"image":{"@id":"https:\/\/groupefranc.com\/#\/schema\/logo\/image\/"},"sameAs":["https:\/\/www.linkedin.com\/company\/groupe-franc\/"]}]}},"_links":{"self":[{"href":"https:\/\/groupefranc.com\/index.php\/wp-json\/wp\/v2\/pages\/10624","targetHints":{"allow":["GET"]}}],"collection":[{"href":"https:\/\/groupefranc.com\/index.php\/wp-json\/wp\/v2\/pages"}],"about":[{"href":"https:\/\/groupefranc.com\/index.php\/wp-json\/wp\/v2\/types\/page"}],"author":[{"embeddable":true,"href":"https:\/\/groupefranc.com\/index.php\/wp-json\/wp\/v2\/users\/1"}],"replies":[{"embeddable":true,"href":"https:\/\/groupefranc.com\/index.php\/wp-json\/wp\/v2\/comments?post=10624"}],"version-history":[{"count":10,"href":"https:\/\/groupefranc.com\/index.php\/wp-json\/wp\/v2\/pages\/10624\/revisions"}],"predecessor-version":[{"id":10866,"href":"https:\/\/groupefranc.com\/index.php\/wp-json\/wp\/v2\/pages\/10624\/revisions\/10866"}],"up":[{"embeddable":true,"href":"https:\/\/groupefranc.com\/index.php\/wp-json\/wp\/v2\/pages\/4082"}],"wp:featuredmedia":[{"embeddable":true,"href":"https:\/\/groupefranc.com\/index.php\/wp-json\/wp\/v2\/media\/4103"}],"wp:attachment":[{"href":"https:\/\/groupefranc.com\/index.php\/wp-json\/wp\/v2\/media?parent=10624"}],"curies":[{"name":"wp","href":"https:\/\/api.w.org\/{rel}","templated":true}]}}