{"id":10660,"date":"2026-02-11T16:27:15","date_gmt":"2026-02-11T16:27:15","guid":{"rendered":"https:\/\/groupefranc.com\/?page_id=10660"},"modified":"2026-02-11T22:06:30","modified_gmt":"2026-02-11T22:06:30","slug":"danielle-campos-beauchene","status":"publish","type":"page","link":"https:\/\/groupefranc.com\/index.php\/portraits\/danielle-campos-beauchene\/","title":{"rendered":"Danielle Campos Beauch\u00eane"},"content":{"rendered":"\t\t<div data-elementor-type=\"wp-page\" data-elementor-id=\"10660\" class=\"elementor elementor-10660\">\n\t\t\t\t\t\t<section class=\"elementor-section elementor-top-section elementor-element elementor-element-8af2734 elementor-section-full_width background-primary elementor-section-height-min-height elementor-section-items-top elementor-section-height-default wpr-particle-no wpr-jarallax-no wpr-parallax-no wpr-sticky-section-no\" data-id=\"8af2734\" data-element_type=\"section\" data-e-type=\"section\" data-settings=\"{&quot;background_background&quot;:&quot;classic&quot;}\">\n\t\t\t\t\t\t\t<div class=\"elementor-background-overlay\"><\/div>\n\t\t\t\t\t\t\t<div class=\"elementor-container elementor-column-gap-no\">\n\t\t\t\t\t<div class=\"elementor-column elementor-col-50 elementor-top-column elementor-element elementor-element-9a65c76 m_auto-responsive \" data-id=\"9a65c76\" data-element_type=\"column\" data-e-type=\"column\">\n\t\t\t<div class=\"elementor-widget-wrap elementor-element-populated\">\n\t\t\t\t\t\t<div class=\"elementor-element elementor-element-7abaf4e portrait_title maxime elementor-widget elementor-widget-heading\" data-id=\"7abaf4e\" data-element_type=\"widget\" data-e-type=\"widget\" data-settings=\"{&quot;_animation&quot;:&quot;none&quot;}\" data-widget_type=\"heading.default\">\n\t\t\t\t\t<h2 class=\"elementor-heading-title elementor-size-default\">DU D\u00c9TAIL \u00c0 L\u2019HUMAIN, L\u2019ARCHITECTURE COMME EXP\u00c9RIENCE<\/h2>\t\t\t\t<\/div>\n\t\t\t\t<div class=\"elementor-element elementor-element-c2fb4ff animated-fast portrait_title name elementor-widget elementor-widget-heading\" data-id=\"c2fb4ff\" data-element_type=\"widget\" data-e-type=\"widget\" data-settings=\"{&quot;_animation&quot;:&quot;none&quot;}\" data-widget_type=\"heading.default\">\n\t\t\t\t\t<h1 class=\"elementor-heading-title elementor-size-default\">Danielle Campos Beauch\u00eane<\/h1>\t\t\t\t<\/div>\n\t\t\t\t<div class=\"elementor-element elementor-element-4399d97 animated-fast portrait_title title elementor-widget elementor-widget-heading\" data-id=\"4399d97\" data-element_type=\"widget\" data-e-type=\"widget\" data-settings=\"{&quot;_animation&quot;:&quot;none&quot;}\" data-widget_type=\"heading.default\">\n\t\t\t\t\t<h2 class=\"elementor-heading-title elementor-size-default\">Directrice G\u00e9n\u00e9rale de l\u2019Agence Franc Bordeaux<\/h2>\t\t\t\t<\/div>\n\t\t\t\t<div class=\"elementor-element elementor-element-2fc0448 animated-slow elementor-widget__width-initial elementor-widget-tablet__width-initial elementor-widget elementor-widget-text-editor\" data-id=\"2fc0448\" data-element_type=\"widget\" data-e-type=\"widget\" data-settings=\"{&quot;_animation&quot;:&quot;none&quot;}\" data-widget_type=\"text-editor.default\">\n\t\t\t\t\t\t\t\t\t<p>Dipl\u00f4m\u00e9e de <a href=\"https:\/\/www.versailles.archi.fr\/fr\">l\u2019\u00c9cole d\u2019Architecture de Versailles<\/a>, elle compl\u00e8te sa formation \u00e0 l\u2019\u00c9cole d\u2019Architecture de Porto puis \u00e0 l\u2019EFAB, en management immobilier.<\/p><p>\u00a0 \u00a0Apr\u00e8s plusieurs ann\u00e9es au sein de grandes agences fran\u00e7aises o\u00f9 elle participe \u00e0 des projets d\u2019envergure, elle fonde en 2012 sa premi\u00e8re soci\u00e9t\u00e9, qu\u2019elle dirigera pendant 8 ans.<br \/><br \/>\u00a0 \u00a0Elle rejoint <a href=\"https:\/\/groupefranc.com\/index.php\/agences\/agence-franc-architectures-bordeaux\/\">Archiconcept<\/a> int\u00e9gr\u00e9e au <a href=\"https:\/\/groupefranc.com\/index.php\/a-propos-groupe-franc-architectures\/\">GROUPE FRANC ARCHITECTURES<\/a> en 2020 et nouvellement <a href=\"https:\/\/groupefranc.com\/index.php\/agences\/agence-franc-architectures-bordeaux\/\">Agence Franc Bordeaux<\/a>, dont elle est nomm\u00e9e Directrice G\u00e9n\u00e9rale.<br \/>Alliant rigueur technique et sensibilit\u00e9 artistique, Danielle CAMPOS BEAUCHESNE con\u00e7oit une architecture fond\u00e9e sur l\u2019\u00e9quilibre entre performance, esth\u00e9tique et durabilit\u00e9, pla\u00e7ant toujours l\u2019usage et la qualit\u00e9 de vie au c\u0153ur de chaque projet.<\/p>\t\t\t\t\t\t\t\t<\/div>\n\t\t<div class=\"elementor-element elementor-element-2a239d2 e-con-full elementor-hidden-desktop e-flex wpr-particle-no wpr-jarallax-no wpr-parallax-no wpr-sticky-section-no e-con e-parent\" data-id=\"2a239d2\" data-element_type=\"container\" data-e-type=\"container\">\n\t\t<div class=\"elementor-element elementor-element-8840687 e-con-full container_portrait e-flex wpr-particle-no wpr-jarallax-no wpr-parallax-no wpr-sticky-section-no e-con e-child\" data-id=\"8840687\" data-element_type=\"container\" data-e-type=\"container\" id=\"Danielle_Campos_Beauchene\">\n\t\t<div class=\"elementor-element elementor-element-4632552 e-con-full img e-flex wpr-particle-no wpr-jarallax-no wpr-parallax-no wpr-sticky-section-no e-con e-child\" data-id=\"4632552\" data-element_type=\"container\" data-e-type=\"container\" data-settings=\"{&quot;background_background&quot;:&quot;classic&quot;}\">\n\t\t\t\t<\/div>\n\t\t\t\t<\/div>\n\t\t\t\t<\/div>\n\t\t\t\t<div class=\"elementor-element elementor-element-22bc8d1 animated-slow elementor-widget__width-initial elementor-widget-tablet__width-initial elementor-widget elementor-widget-text-editor\" data-id=\"22bc8d1\" data-element_type=\"widget\" data-e-type=\"widget\" data-settings=\"{&quot;_animation&quot;:&quot;none&quot;}\" data-widget_type=\"text-editor.default\">\n\t\t\t\t\t\t\t\t\t<p>\u00a0 \u00a0Dipl\u00f4m\u00e9e de <a href=\"https:\/\/www.versailles.archi.fr\/fr\">l\u2019\u00c9cole d\u2019Architecture de Versailles<\/a>, elle compl\u00e8te sa formation \u00e0 l\u2019\u00c9cole d\u2019Architecture de Porto puis \u00e0 l\u2019EFAB, en management immobilier.<\/p><p>\u00a0 \u00a0Apr\u00e8s plusieurs ann\u00e9es au sein de grandes agences fran\u00e7aises o\u00f9 elle participe \u00e0 des projets d\u2019envergure, elle fonde en 2012 sa premi\u00e8re soci\u00e9t\u00e9, qu\u2019elle dirigera pendant 8 ans.<\/p><p>\u00a0 \u00a0Elle rejoint <a href=\"https:\/\/groupefranc.com\/index.php\/agences\/agence-franc-architectures-bordeaux\/\">Archiconcept<\/a> int\u00e9gr\u00e9e au <a href=\"https:\/\/groupefranc.com\/index.php\/a-propos-groupe-franc-architectures\/\">GROUPE FRANC ARCHITECTURES<\/a> en 2020 et nouvellement <a href=\"https:\/\/groupefranc.com\/index.php\/agences\/agence-franc-architectures-bordeaux\/\">Agence Franc Bordeaux<\/a>, dont elle est nomm\u00e9e Directrice G\u00e9n\u00e9rale.<\/p><p>\u00a0 \u00a0Alliant rigueur technique et sensibilit\u00e9 artistique, Danielle CAMPOS BEAUCHESNE con\u00e7oit une architecture fond\u00e9e sur l\u2019\u00e9quilibre entre performance, esth\u00e9tique et durabilit\u00e9, pla\u00e7ant toujours l\u2019usage et la qualit\u00e9 de vie au c\u0153ur de chaque projet.<\/p><p><em><strong>\u00ab L\u2019architecture, c\u2019est l\u2019art d\u2019\u00e9quilibrer les formes, sans jamais oublier qu\u2019elle n\u2019est qu\u2019une r\u00e9interpr\u00e9tation de ce qui existe d\u00e9j\u00e0, o\u00f9 un minimum peut r\u00e9v\u00e9ler son maximum.\u00bb <\/strong><\/em><br \/><em><strong>DCB<\/strong><\/em><\/p>\t\t\t\t\t\t\t\t<\/div>\n\t\t\t\t\t<\/div>\n\t\t<\/div>\n\t\t\t\t<div class=\"elementor-column elementor-col-50 elementor-top-column elementor-element elementor-element-ee756c6 elementor-hidden-tablet elementor-hidden-mobile\" data-id=\"ee756c6\" data-element_type=\"column\" data-e-type=\"column\" data-settings=\"{&quot;background_background&quot;:&quot;classic&quot;}\">\n\t\t\t<div class=\"elementor-widget-wrap elementor-element-populated\">\n\t\t\t\t<div class=\"elementor-element elementor-element-0e3646b e-con-full container_portrait e-flex wpr-particle-no wpr-jarallax-no wpr-parallax-no wpr-sticky-section-no e-con e-child\" data-id=\"0e3646b\" data-element_type=\"container\" data-e-type=\"container\" id=\"Danielle_Campos_Beauchene\">\n\t\t<div class=\"elementor-element elementor-element-7953ed7 e-con-full img e-flex wpr-particle-no wpr-jarallax-no wpr-parallax-no wpr-sticky-section-no e-con e-child\" data-id=\"7953ed7\" data-element_type=\"container\" data-e-type=\"container\" data-settings=\"{&quot;background_background&quot;:&quot;classic&quot;}\">\n\t\t\t\t<\/div>\n\t\t\t\t<\/div>\n\t\t\t\t\t<\/div>\n\t\t<\/div>\n\t\t\t\t\t<\/div>\n\t\t<\/section>\n\t\t\t\t<\/div>\n\t\t","protected":false},"excerpt":{"rendered":"<p>DU D\u00c9TAIL \u00c0 L\u2019HUMAIN, L\u2019ARCHITECTURE COMME EXP\u00c9RIENCE Danielle Campos Beauch\u00eane Directrice G\u00e9n\u00e9rale de l\u2019Agence Franc Bordeaux Dipl\u00f4m\u00e9e de l\u2019\u00c9cole d\u2019Architecture de Versailles, elle compl\u00e8te sa formation \u00e0 l\u2019\u00c9cole d\u2019Architecture de Porto puis \u00e0 l\u2019EFAB, en management immobilier. \u00a0 \u00a0Apr\u00e8s plusieurs ann\u00e9es au sein de grandes agences fran\u00e7aises o\u00f9 elle participe \u00e0 des projets d\u2019envergure, elle fonde en 2012 sa premi\u00e8re soci\u00e9t\u00e9, qu\u2019elle dirigera pendant 8 ans. \u00a0 \u00a0Elle rejoint Archiconcept int\u00e9gr\u00e9e au GROUPE FRANC ARCHITECTURES en 2020 et nouvellement Agence Franc Bordeaux, dont elle est nomm\u00e9e Directrice G\u00e9n\u00e9rale.Alliant rigueur technique et sensibilit\u00e9 artistique, Danielle CAMPOS BEAUCHESNE con\u00e7oit une architecture fond\u00e9e sur l\u2019\u00e9quilibre entre performance, esth\u00e9tique et durabilit\u00e9, pla\u00e7ant toujours l\u2019usage et la qualit\u00e9 de vie au c\u0153ur de chaque projet. \u00a0 \u00a0Dipl\u00f4m\u00e9e de l\u2019\u00c9cole d\u2019Architecture de Versailles, elle compl\u00e8te sa formation \u00e0 l\u2019\u00c9cole d\u2019Architecture de Porto puis \u00e0 l\u2019EFAB, en management immobilier. \u00a0 \u00a0Apr\u00e8s plusieurs ann\u00e9es au sein de grandes agences fran\u00e7aises o\u00f9 elle participe \u00e0 des projets d\u2019envergure, elle fonde en 2012 sa premi\u00e8re soci\u00e9t\u00e9, qu\u2019elle dirigera pendant 8 ans. \u00a0 \u00a0Elle rejoint Archiconcept int\u00e9gr\u00e9e au GROUPE FRANC ARCHITECTURES en 2020 et nouvellement Agence Franc Bordeaux, dont elle est nomm\u00e9e Directrice G\u00e9n\u00e9rale. \u00a0 \u00a0Alliant rigueur technique et sensibilit\u00e9 artistique, Danielle CAMPOS BEAUCHESNE con\u00e7oit une architecture fond\u00e9e sur l\u2019\u00e9quilibre entre performance, esth\u00e9tique et durabilit\u00e9, pla\u00e7ant toujours l\u2019usage et la qualit\u00e9 de vie au c\u0153ur de chaque projet. \u00ab L\u2019architecture, c\u2019est l\u2019art d\u2019\u00e9quilibrer les formes, sans jamais oublier qu\u2019elle n\u2019est qu\u2019une r\u00e9interpr\u00e9tation de ce qui existe d\u00e9j\u00e0, o\u00f9 un minimum peut r\u00e9v\u00e9ler son maximum.\u00bb DCB<\/p>\n","protected":false},"author":1,"featured_media":4102,"parent":4082,"menu_order":0,"comment_status":"closed","ping_status":"closed","template":"elementor_canvas","meta":{"_vp_format_video_url":"","_vp_image_focal_point":[],"footnotes":""},"class_list":["post-10660","page","type-page","status-publish","has-post-thumbnail","hentry"],"yoast_head":"<!-- This site is optimized with the Yoast SEO plugin v27.1.1 - https:\/\/yoast.com\/product\/yoast-seo-wordpress\/ -->\n<title>Danielle Campos Beauch\u00eane - GROUPE FRANC ARCHITECTURES<\/title>\n<meta name=\"description\" content=\"Gabriel Franc, Pr\u00e9sident du Groupe Franc Architectures. Entrepreneur visionnaire expert en conception-r\u00e9alisation et immobilier durable\" \/>\n<meta name=\"robots\" content=\"index, follow, max-snippet:-1, max-image-preview:large, max-video-preview:-1\" \/>\n<link rel=\"canonical\" href=\"https:\/\/groupefranc.com\/index.php\/portraits\/danielle-campos-beauchene\/\" \/>\n<meta property=\"og:locale\" content=\"en_US\" \/>\n<meta property=\"og:type\" content=\"article\" \/>\n<meta property=\"og:title\" content=\"Gabriel Franc\" \/>\n<meta property=\"og:description\" content=\"Gabriel Franc, Pr\u00e9sident du Groupe Franc Architectures. Entrepreneur visionnaire expert en conception-r\u00e9alisation et immobilier durable\" \/>\n<meta property=\"og:url\" content=\"https:\/\/groupefranc.com\/index.php\/portraits\/danielle-campos-beauchene\/\" \/>\n<meta property=\"og:site_name\" content=\"GROUPE FRANC ARCHITECTURES\" \/>\n<meta property=\"article:modified_time\" content=\"2026-02-11T22:06:30+00:00\" \/>\n<meta property=\"og:image\" content=\"https:\/\/groupefranc.com\/wp-content\/uploads\/2025\/11\/Gabriel-Franc.webp\" \/>\n\t<meta property=\"og:image:width\" content=\"1094\" \/>\n\t<meta property=\"og:image:height\" content=\"1641\" \/>\n\t<meta property=\"og:image:type\" content=\"image\/webp\" \/>\n<meta name=\"twitter:card\" content=\"summary_large_image\" \/>\n<meta name=\"twitter:label1\" content=\"Est. reading time\" \/>\n\t<meta name=\"twitter:data1\" content=\"2 minutes\" \/>\n<script type=\"application\/ld+json\" class=\"yoast-schema-graph\">{\"@context\":\"https:\/\/schema.org\",\"@graph\":[{\"@type\":\"WebPage\",\"@id\":\"https:\/\/groupefranc.com\/index.php\/portraits\/danielle-campos-beauchene\/\",\"url\":\"https:\/\/groupefranc.com\/index.php\/portraits\/danielle-campos-beauchene\/\",\"name\":\"Danielle Campos Beauch\u00eane - GROUPE FRANC ARCHITECTURES\",\"isPartOf\":{\"@id\":\"https:\/\/groupefranc.com\/#website\"},\"primaryImageOfPage\":{\"@id\":\"https:\/\/groupefranc.com\/index.php\/portraits\/danielle-campos-beauchene\/#primaryimage\"},\"image\":{\"@id\":\"https:\/\/groupefranc.com\/index.php\/portraits\/danielle-campos-beauchene\/#primaryimage\"},\"thumbnailUrl\":\"https:\/\/groupefranc.com\/wp-content\/uploads\/2025\/11\/11-Danielle-Campos-Beauchene-scaled.png\",\"datePublished\":\"2026-02-11T16:27:15+00:00\",\"dateModified\":\"2026-02-11T22:06:30+00:00\",\"description\":\"Gabriel Franc, Pr\u00e9sident du Groupe Franc Architectures. Entrepreneur visionnaire expert en conception-r\u00e9alisation et immobilier durable\",\"breadcrumb\":{\"@id\":\"https:\/\/groupefranc.com\/index.php\/portraits\/danielle-campos-beauchene\/#breadcrumb\"},\"inLanguage\":\"en-US\",\"potentialAction\":[{\"@type\":\"ReadAction\",\"target\":[\"https:\/\/groupefranc.com\/index.php\/portraits\/danielle-campos-beauchene\/\"]}]},{\"@type\":\"ImageObject\",\"inLanguage\":\"en-US\",\"@id\":\"https:\/\/groupefranc.com\/index.php\/portraits\/danielle-campos-beauchene\/#primaryimage\",\"url\":\"https:\/\/groupefranc.com\/wp-content\/uploads\/2025\/11\/11-Danielle-Campos-Beauchene-scaled.png\",\"contentUrl\":\"https:\/\/groupefranc.com\/wp-content\/uploads\/2025\/11\/11-Danielle-Campos-Beauchene-scaled.png\",\"width\":1921,\"height\":2560,\"caption\":\"Danielle Campos Beauch\u00eane\"},{\"@type\":\"BreadcrumbList\",\"@id\":\"https:\/\/groupefranc.com\/index.php\/portraits\/danielle-campos-beauchene\/#breadcrumb\",\"itemListElement\":[{\"@type\":\"ListItem\",\"position\":1,\"name\":\"Home\",\"item\":\"https:\/\/groupefranc.com\/\"},{\"@type\":\"ListItem\",\"position\":2,\"name\":\"Portraits\",\"item\":\"https:\/\/groupefranc.com\/index.php\/portraits\/\"},{\"@type\":\"ListItem\",\"position\":3,\"name\":\"Danielle Campos Beauch\u00eane\"}]},{\"@type\":\"WebSite\",\"@id\":\"https:\/\/groupefranc.com\/#website\",\"url\":\"https:\/\/groupefranc.com\/\",\"name\":\"GROUPE FRANC ARCHITECTURES\",\"description\":\"\",\"publisher\":{\"@id\":\"https:\/\/groupefranc.com\/#organization\"},\"potentialAction\":[{\"@type\":\"SearchAction\",\"target\":{\"@type\":\"EntryPoint\",\"urlTemplate\":\"https:\/\/groupefranc.com\/?s={search_term_string}\"},\"query-input\":{\"@type\":\"PropertyValueSpecification\",\"valueRequired\":true,\"valueName\":\"search_term_string\"}}],\"inLanguage\":\"en-US\"},{\"@type\":\"Organization\",\"@id\":\"https:\/\/groupefranc.com\/#organization\",\"name\":\"GROUPE FRANC ARCHITECTURES\",\"url\":\"https:\/\/groupefranc.com\/\",\"logo\":{\"@type\":\"ImageObject\",\"inLanguage\":\"en-US\",\"@id\":\"https:\/\/groupefranc.com\/#\/schema\/logo\/image\/\",\"url\":\"https:\/\/groupefranc.com\/wp-content\/uploads\/2021\/12\/cropped-logo.png\",\"contentUrl\":\"https:\/\/groupefranc.com\/wp-content\/uploads\/2021\/12\/cropped-logo.png\",\"width\":705,\"height\":723,\"caption\":\"GROUPE FRANC ARCHITECTURES\"},\"image\":{\"@id\":\"https:\/\/groupefranc.com\/#\/schema\/logo\/image\/\"},\"sameAs\":[\"https:\/\/www.linkedin.com\/company\/groupe-franc\/\"]}]}<\/script>\n<!-- \/ Yoast SEO plugin. -->","yoast_head_json":{"title":"Danielle Campos Beauch\u00eane - GROUPE FRANC ARCHITECTURES","description":"Gabriel Franc, Pr\u00e9sident du Groupe Franc Architectures. Entrepreneur visionnaire expert en conception-r\u00e9alisation et immobilier durable","robots":{"index":"index","follow":"follow","max-snippet":"max-snippet:-1","max-image-preview":"max-image-preview:large","max-video-preview":"max-video-preview:-1"},"canonical":"https:\/\/groupefranc.com\/index.php\/portraits\/danielle-campos-beauchene\/","og_locale":"en_US","og_type":"article","og_title":"Gabriel Franc","og_description":"Gabriel Franc, Pr\u00e9sident du Groupe Franc Architectures. Entrepreneur visionnaire expert en conception-r\u00e9alisation et immobilier durable","og_url":"https:\/\/groupefranc.com\/index.php\/portraits\/danielle-campos-beauchene\/","og_site_name":"GROUPE FRANC ARCHITECTURES","article_modified_time":"2026-02-11T22:06:30+00:00","og_image":[{"width":1094,"height":1641,"url":"https:\/\/groupefranc.com\/wp-content\/uploads\/2025\/11\/Gabriel-Franc.webp","type":"image\/webp"}],"twitter_card":"summary_large_image","twitter_misc":{"Est. reading time":"2 minutes"},"schema":{"@context":"https:\/\/schema.org","@graph":[{"@type":"WebPage","@id":"https:\/\/groupefranc.com\/index.php\/portraits\/danielle-campos-beauchene\/","url":"https:\/\/groupefranc.com\/index.php\/portraits\/danielle-campos-beauchene\/","name":"Danielle Campos Beauch\u00eane - GROUPE FRANC ARCHITECTURES","isPartOf":{"@id":"https:\/\/groupefranc.com\/#website"},"primaryImageOfPage":{"@id":"https:\/\/groupefranc.com\/index.php\/portraits\/danielle-campos-beauchene\/#primaryimage"},"image":{"@id":"https:\/\/groupefranc.com\/index.php\/portraits\/danielle-campos-beauchene\/#primaryimage"},"thumbnailUrl":"https:\/\/groupefranc.com\/wp-content\/uploads\/2025\/11\/11-Danielle-Campos-Beauchene-scaled.png","datePublished":"2026-02-11T16:27:15+00:00","dateModified":"2026-02-11T22:06:30+00:00","description":"Gabriel Franc, Pr\u00e9sident du Groupe Franc Architectures. Entrepreneur visionnaire expert en conception-r\u00e9alisation et immobilier durable","breadcrumb":{"@id":"https:\/\/groupefranc.com\/index.php\/portraits\/danielle-campos-beauchene\/#breadcrumb"},"inLanguage":"en-US","potentialAction":[{"@type":"ReadAction","target":["https:\/\/groupefranc.com\/index.php\/portraits\/danielle-campos-beauchene\/"]}]},{"@type":"ImageObject","inLanguage":"en-US","@id":"https:\/\/groupefranc.com\/index.php\/portraits\/danielle-campos-beauchene\/#primaryimage","url":"https:\/\/groupefranc.com\/wp-content\/uploads\/2025\/11\/11-Danielle-Campos-Beauchene-scaled.png","contentUrl":"https:\/\/groupefranc.com\/wp-content\/uploads\/2025\/11\/11-Danielle-Campos-Beauchene-scaled.png","width":1921,"height":2560,"caption":"Danielle Campos Beauch\u00eane"},{"@type":"BreadcrumbList","@id":"https:\/\/groupefranc.com\/index.php\/portraits\/danielle-campos-beauchene\/#breadcrumb","itemListElement":[{"@type":"ListItem","position":1,"name":"Home","item":"https:\/\/groupefranc.com\/"},{"@type":"ListItem","position":2,"name":"Portraits","item":"https:\/\/groupefranc.com\/index.php\/portraits\/"},{"@type":"ListItem","position":3,"name":"Danielle Campos Beauch\u00eane"}]},{"@type":"WebSite","@id":"https:\/\/groupefranc.com\/#website","url":"https:\/\/groupefranc.com\/","name":"GROUPE FRANC ARCHITECTURES","description":"","publisher":{"@id":"https:\/\/groupefranc.com\/#organization"},"potentialAction":[{"@type":"SearchAction","target":{"@type":"EntryPoint","urlTemplate":"https:\/\/groupefranc.com\/?s={search_term_string}"},"query-input":{"@type":"PropertyValueSpecification","valueRequired":true,"valueName":"search_term_string"}}],"inLanguage":"en-US"},{"@type":"Organization","@id":"https:\/\/groupefranc.com\/#organization","name":"GROUPE FRANC ARCHITECTURES","url":"https:\/\/groupefranc.com\/","logo":{"@type":"ImageObject","inLanguage":"en-US","@id":"https:\/\/groupefranc.com\/#\/schema\/logo\/image\/","url":"https:\/\/groupefranc.com\/wp-content\/uploads\/2021\/12\/cropped-logo.png","contentUrl":"https:\/\/groupefranc.com\/wp-content\/uploads\/2021\/12\/cropped-logo.png","width":705,"height":723,"caption":"GROUPE FRANC ARCHITECTURES"},"image":{"@id":"https:\/\/groupefranc.com\/#\/schema\/logo\/image\/"},"sameAs":["https:\/\/www.linkedin.com\/company\/groupe-franc\/"]}]}},"_links":{"self":[{"href":"https:\/\/groupefranc.com\/index.php\/wp-json\/wp\/v2\/pages\/10660","targetHints":{"allow":["GET"]}}],"collection":[{"href":"https:\/\/groupefranc.com\/index.php\/wp-json\/wp\/v2\/pages"}],"about":[{"href":"https:\/\/groupefranc.com\/index.php\/wp-json\/wp\/v2\/types\/page"}],"author":[{"embeddable":true,"href":"https:\/\/groupefranc.com\/index.php\/wp-json\/wp\/v2\/users\/1"}],"replies":[{"embeddable":true,"href":"https:\/\/groupefranc.com\/index.php\/wp-json\/wp\/v2\/comments?post=10660"}],"version-history":[{"count":7,"href":"https:\/\/groupefranc.com\/index.php\/wp-json\/wp\/v2\/pages\/10660\/revisions"}],"predecessor-version":[{"id":10854,"href":"https:\/\/groupefranc.com\/index.php\/wp-json\/wp\/v2\/pages\/10660\/revisions\/10854"}],"up":[{"embeddable":true,"href":"https:\/\/groupefranc.com\/index.php\/wp-json\/wp\/v2\/pages\/4082"}],"wp:featuredmedia":[{"embeddable":true,"href":"https:\/\/groupefranc.com\/index.php\/wp-json\/wp\/v2\/media\/4102"}],"wp:attachment":[{"href":"https:\/\/groupefranc.com\/index.php\/wp-json\/wp\/v2\/media?parent=10660"}],"curies":[{"name":"wp","href":"https:\/\/api.w.org\/{rel}","templated":true}]}}