{"id":10666,"date":"2026-02-11T16:32:46","date_gmt":"2026-02-11T16:32:46","guid":{"rendered":"https:\/\/groupefranc.com\/?page_id=10666"},"modified":"2026-02-11T22:06:05","modified_gmt":"2026-02-11T22:06:05","slug":"marianne-dorde","status":"publish","type":"page","link":"https:\/\/groupefranc.com\/index.php\/portraits\/marianne-dorde\/","title":{"rendered":"Marianne Dord\u00e9"},"content":{"rendered":"\t\t<div data-elementor-type=\"wp-page\" data-elementor-id=\"10666\" class=\"elementor elementor-10666\">\n\t\t\t\t\t\t<section class=\"elementor-section elementor-top-section elementor-element elementor-element-8af2734 elementor-section-full_width background-primary elementor-section-height-min-height elementor-section-items-top elementor-section-height-default wpr-particle-no wpr-jarallax-no wpr-parallax-no wpr-sticky-section-no\" data-id=\"8af2734\" data-element_type=\"section\" data-e-type=\"section\" data-settings=\"{&quot;background_background&quot;:&quot;classic&quot;}\">\n\t\t\t\t\t\t\t<div class=\"elementor-background-overlay\"><\/div>\n\t\t\t\t\t\t\t<div class=\"elementor-container elementor-column-gap-no\">\n\t\t\t\t\t<div class=\"elementor-column elementor-col-50 elementor-top-column elementor-element elementor-element-9a65c76 m_auto-responsive \" data-id=\"9a65c76\" data-element_type=\"column\" data-e-type=\"column\">\n\t\t\t<div class=\"elementor-widget-wrap elementor-element-populated\">\n\t\t\t\t\t\t<div class=\"elementor-element elementor-element-7abaf4e portrait_title maxime elementor-widget elementor-widget-heading\" data-id=\"7abaf4e\" data-element_type=\"widget\" data-e-type=\"widget\" data-settings=\"{&quot;_animation&quot;:&quot;none&quot;}\" data-widget_type=\"heading.default\">\n\t\t\t\t\t<h2 class=\"elementor-heading-title elementor-size-default\">HABITER LE MONDE AUTREMENT : UNE ARCHITECTURE DU SENSIBLE ET DU R\u00c9EL<\/h2>\t\t\t\t<\/div>\n\t\t\t\t<div class=\"elementor-element elementor-element-c2fb4ff animated-fast portrait_title name elementor-widget elementor-widget-heading\" data-id=\"c2fb4ff\" data-element_type=\"widget\" data-e-type=\"widget\" data-settings=\"{&quot;_animation&quot;:&quot;none&quot;}\" data-widget_type=\"heading.default\">\n\t\t\t\t\t<h1 class=\"elementor-heading-title elementor-size-default\">Marianne Dord\u00e9<\/h1>\t\t\t\t<\/div>\n\t\t\t\t<div class=\"elementor-element elementor-element-4399d97 animated-fast portrait_title title elementor-widget elementor-widget-heading\" data-id=\"4399d97\" data-element_type=\"widget\" data-e-type=\"widget\" data-settings=\"{&quot;_animation&quot;:&quot;none&quot;}\" data-widget_type=\"heading.default\">\n\t\t\t\t\t<h2 class=\"elementor-heading-title elementor-size-default\">Architecte Associ\u00e9e, MACADDAM \u2013 GROUPE FRANC ARCHITECTURES \u00e0 Toulouse<\/h2>\t\t\t\t<\/div>\n\t\t\t\t<div class=\"elementor-element elementor-element-2fc0448 animated-slow elementor-widget__width-initial elementor-widget-tablet__width-initial elementor-widget elementor-widget-text-editor\" data-id=\"2fc0448\" data-element_type=\"widget\" data-e-type=\"widget\" data-settings=\"{&quot;_animation&quot;:&quot;none&quot;}\" data-widget_type=\"text-editor.default\">\n\t\t\t\t\t\t\t\t\t<p>Architecte DPLG dipl\u00f4m\u00e9e de <a href=\"https:\/\/www.toulouse.archi.fr\/fr\">l\u2019\u00c9cole d\u2019Architecture de Toulouse<\/a>, Marianne Dord\u00e9 exerce depuis pr\u00e8s de vingt ans. Associ\u00e9e de <a href=\"https:\/\/groupefranc.com\/index.php\/agences\/agence-macaddam-groupe-franc-architectures\/\">l\u2019agence MACADDAM<\/a>, int\u00e9gr\u00e9e au <a href=\"https:\/\/groupefranc.com\/index.php\/a-propos-groupe-franc-architectures\/\">GROUPE FRANC ARCHITECTURES<\/a> depuis 2020, elle s\u2019est progressivement sp\u00e9cialis\u00e9e dans le domaine du logement, secteur au sein duquel elle a su affirmer une approche exigeante, claire et profond\u00e9ment humaine.<\/p><p>\u00a0 \u00a0Guid\u00e9e par une rigueur constante, tant dans ses relations que dans son travail, elle con\u00e7oit le logement comme un espace du quotidien, un lieu de vie avant tout. Son attention \u00e0 la pr\u00e9cision, aux d\u00e9tails et \u00e0 la coh\u00e9rence de chaque choix en fait une interlocutrice de confiance pour les ma\u00eetres d\u2019ouvrage, avec lesquels elle a su tisser des relations solides et durables.<\/p>\t\t\t\t\t\t\t\t<\/div>\n\t\t<div class=\"elementor-element elementor-element-2a239d2 e-con-full elementor-hidden-desktop e-flex wpr-particle-no wpr-jarallax-no wpr-parallax-no wpr-sticky-section-no e-con e-parent\" data-id=\"2a239d2\" data-element_type=\"container\" data-e-type=\"container\">\n\t\t<div class=\"elementor-element elementor-element-8840687 e-con-full container_portrait e-flex wpr-particle-no wpr-jarallax-no wpr-parallax-no wpr-sticky-section-no e-con e-child\" data-id=\"8840687\" data-element_type=\"container\" data-e-type=\"container\" id=\"Marianne_Dorde\">\n\t\t<div class=\"elementor-element elementor-element-4632552 e-con-full img e-flex wpr-particle-no wpr-jarallax-no wpr-parallax-no wpr-sticky-section-no e-con e-child\" data-id=\"4632552\" data-element_type=\"container\" data-e-type=\"container\" data-settings=\"{&quot;background_background&quot;:&quot;classic&quot;}\">\n\t\t\t\t<\/div>\n\t\t\t\t<\/div>\n\t\t\t\t<\/div>\n\t\t\t\t<div class=\"elementor-element elementor-element-22bc8d1 animated-slow elementor-widget__width-initial elementor-widget-tablet__width-initial elementor-widget elementor-widget-text-editor\" data-id=\"22bc8d1\" data-element_type=\"widget\" data-e-type=\"widget\" data-settings=\"{&quot;_animation&quot;:&quot;none&quot;}\" data-widget_type=\"text-editor.default\">\n\t\t\t\t\t\t\t\t\t<p>\u00a0 \u00a0Sa connaissance fine des codes du logement et des r\u00e9glementations lui permet d\u2019aborder chaque projet avec une ma\u00eetrise technique s\u00fbre, sans jamais perdre de vue l\u2019essentiel : la qualit\u00e9 de vie des occupants et des usagers.<\/p><p>\u00a0 \u00a0Pour elle, concevoir un logement, c\u2019est comprendre les modes d\u2019habiter, anticiper les usages et cr\u00e9er des espaces qui favorisent le bien-\u00eatre et le vivre-ensemble.<\/p><p>\u00a0 \u00a0Attach\u00e9e \u00e0 une architecture contextuelle et raisonn\u00e9e, elle tire toujours parti du site et de son environnement, cherchant \u00e0 inscrire le projet dans son territoire avec justesse et sobri\u00e9t\u00e9. L\u2019attention port\u00e9e \u00e0 la dimension environnementale est une composante essentielle de sa d\u00e9marche, qui privil\u00e9gie la durabilit\u00e9, la pertinence des mat\u00e9riaux et la ma\u00eetrise des ressources.<\/p><p>\u00a0 \u00a0\u00c0 travers ses projets, Marianne Dord\u00e9 d\u00e9fend une architecture du r\u00e9el, o\u00f9 la pr\u00e9cision technique, la qualit\u00e9 d\u2019usage et la responsabilit\u00e9 environnementale se conjuguent pour offrir des lieux \u00e0 la fois ancr\u00e9s, sensibles et durables.<\/p><p><em><strong>\u00ab Une architecture juste est celle qui sait s\u2019effacer au profit de la vie qu\u2019elle abrite. \u00bb <br \/>M.D.<\/strong><\/em><\/p>\t\t\t\t\t\t\t\t<\/div>\n\t\t\t\t\t<\/div>\n\t\t<\/div>\n\t\t\t\t<div class=\"elementor-column elementor-col-50 elementor-top-column elementor-element elementor-element-ee756c6 elementor-hidden-tablet elementor-hidden-mobile\" data-id=\"ee756c6\" data-element_type=\"column\" data-e-type=\"column\" data-settings=\"{&quot;background_background&quot;:&quot;classic&quot;}\">\n\t\t\t<div class=\"elementor-widget-wrap elementor-element-populated\">\n\t\t\t\t<div class=\"elementor-element elementor-element-0e3646b e-con-full container_portrait e-flex wpr-particle-no wpr-jarallax-no wpr-parallax-no wpr-sticky-section-no e-con e-child\" data-id=\"0e3646b\" data-element_type=\"container\" data-e-type=\"container\" id=\"Marianne_Dorde\">\n\t\t<div class=\"elementor-element elementor-element-7953ed7 e-con-full img e-flex wpr-particle-no wpr-jarallax-no wpr-parallax-no wpr-sticky-section-no e-con e-child\" data-id=\"7953ed7\" data-element_type=\"container\" data-e-type=\"container\" data-settings=\"{&quot;background_background&quot;:&quot;classic&quot;}\">\n\t\t\t\t<\/div>\n\t\t\t\t<\/div>\n\t\t\t\t\t<\/div>\n\t\t<\/div>\n\t\t\t\t\t<\/div>\n\t\t<\/section>\n\t\t\t\t<\/div>\n\t\t","protected":false},"excerpt":{"rendered":"<p>HABITER LE MONDE AUTREMENT : UNE ARCHITECTURE DU SENSIBLE ET DU R\u00c9EL Marianne Dord\u00e9 Architecte Associ\u00e9e, MACADDAM \u2013 GROUPE FRANC ARCHITECTURES \u00e0 Toulouse Architecte DPLG dipl\u00f4m\u00e9e de l\u2019\u00c9cole d\u2019Architecture de Toulouse, Marianne Dord\u00e9 exerce depuis pr\u00e8s de vingt ans. Associ\u00e9e de l\u2019agence MACADDAM, int\u00e9gr\u00e9e au GROUPE FRANC ARCHITECTURES depuis 2020, elle s\u2019est progressivement sp\u00e9cialis\u00e9e dans le domaine du logement, secteur au sein duquel elle a su affirmer une approche exigeante, claire et profond\u00e9ment humaine. \u00a0 \u00a0Guid\u00e9e par une rigueur constante, tant dans ses relations que dans son travail, elle con\u00e7oit le logement comme un espace du quotidien, un lieu de vie avant tout. Son attention \u00e0 la pr\u00e9cision, aux d\u00e9tails et \u00e0 la coh\u00e9rence de chaque choix en fait une interlocutrice de confiance pour les ma\u00eetres d\u2019ouvrage, avec lesquels elle a su tisser des relations solides et durables. \u00a0 \u00a0Sa connaissance fine des codes du logement et des r\u00e9glementations lui permet d\u2019aborder chaque projet avec une ma\u00eetrise technique s\u00fbre, sans jamais perdre de vue l\u2019essentiel : la qualit\u00e9 de vie des occupants et des usagers. \u00a0 \u00a0Pour elle, concevoir un logement, c\u2019est comprendre les modes d\u2019habiter, anticiper les usages et cr\u00e9er des espaces qui favorisent le bien-\u00eatre et le vivre-ensemble. \u00a0 \u00a0Attach\u00e9e \u00e0 une architecture contextuelle et raisonn\u00e9e, elle tire toujours parti du site et de son environnement, cherchant \u00e0 inscrire le projet dans son territoire avec justesse et sobri\u00e9t\u00e9. L\u2019attention port\u00e9e \u00e0 la dimension environnementale est une composante essentielle de sa d\u00e9marche, qui privil\u00e9gie la durabilit\u00e9, la pertinence des mat\u00e9riaux et la ma\u00eetrise des ressources. \u00a0 \u00a0\u00c0 travers ses projets, Marianne Dord\u00e9 d\u00e9fend une architecture du r\u00e9el, o\u00f9 la pr\u00e9cision technique, la qualit\u00e9 d\u2019usage et la responsabilit\u00e9 environnementale se conjuguent pour offrir des lieux \u00e0 la fois ancr\u00e9s, sensibles et durables. \u00ab Une architecture juste est celle qui sait s\u2019effacer au profit de la vie qu\u2019elle abrite. \u00bb M.D.<\/p>\n","protected":false},"author":1,"featured_media":4112,"parent":4082,"menu_order":0,"comment_status":"closed","ping_status":"closed","template":"elementor_canvas","meta":{"_vp_format_video_url":"","_vp_image_focal_point":[],"footnotes":""},"class_list":["post-10666","page","type-page","status-publish","has-post-thumbnail","hentry"],"yoast_head":"<!-- This site is optimized with the Yoast SEO plugin v27.1.1 - https:\/\/yoast.com\/product\/yoast-seo-wordpress\/ -->\n<title>Marianne Dord\u00e9 - GROUPE FRANC ARCHITECTURES<\/title>\n<meta name=\"description\" content=\"Gabriel Franc, Pr\u00e9sident du Groupe Franc Architectures. Entrepreneur visionnaire expert en conception-r\u00e9alisation et immobilier durable\" \/>\n<meta name=\"robots\" content=\"index, follow, max-snippet:-1, max-image-preview:large, max-video-preview:-1\" \/>\n<link rel=\"canonical\" href=\"https:\/\/groupefranc.com\/index.php\/portraits\/marianne-dorde\/\" \/>\n<meta property=\"og:locale\" content=\"en_US\" \/>\n<meta property=\"og:type\" content=\"article\" \/>\n<meta property=\"og:title\" content=\"Gabriel Franc\" \/>\n<meta property=\"og:description\" content=\"Gabriel Franc, Pr\u00e9sident du Groupe Franc Architectures. Entrepreneur visionnaire expert en conception-r\u00e9alisation et immobilier durable\" \/>\n<meta property=\"og:url\" content=\"https:\/\/groupefranc.com\/index.php\/portraits\/marianne-dorde\/\" \/>\n<meta property=\"og:site_name\" content=\"GROUPE FRANC ARCHITECTURES\" \/>\n<meta property=\"article:modified_time\" content=\"2026-02-11T22:06:05+00:00\" \/>\n<meta property=\"og:image\" content=\"https:\/\/groupefranc.com\/wp-content\/uploads\/2025\/11\/Gabriel-Franc.webp\" \/>\n\t<meta property=\"og:image:width\" content=\"1094\" \/>\n\t<meta property=\"og:image:height\" content=\"1641\" \/>\n\t<meta property=\"og:image:type\" content=\"image\/webp\" \/>\n<meta name=\"twitter:card\" content=\"summary_large_image\" \/>\n<meta name=\"twitter:label1\" content=\"Est. reading time\" \/>\n\t<meta name=\"twitter:data1\" content=\"2 minutes\" \/>\n<script type=\"application\/ld+json\" class=\"yoast-schema-graph\">{\"@context\":\"https:\/\/schema.org\",\"@graph\":[{\"@type\":\"WebPage\",\"@id\":\"https:\/\/groupefranc.com\/index.php\/portraits\/marianne-dorde\/\",\"url\":\"https:\/\/groupefranc.com\/index.php\/portraits\/marianne-dorde\/\",\"name\":\"Marianne Dord\u00e9 - GROUPE FRANC ARCHITECTURES\",\"isPartOf\":{\"@id\":\"https:\/\/groupefranc.com\/#website\"},\"primaryImageOfPage\":{\"@id\":\"https:\/\/groupefranc.com\/index.php\/portraits\/marianne-dorde\/#primaryimage\"},\"image\":{\"@id\":\"https:\/\/groupefranc.com\/index.php\/portraits\/marianne-dorde\/#primaryimage\"},\"thumbnailUrl\":\"https:\/\/groupefranc.com\/wp-content\/uploads\/2025\/11\/MARIANNE.webp\",\"datePublished\":\"2026-02-11T16:32:46+00:00\",\"dateModified\":\"2026-02-11T22:06:05+00:00\",\"description\":\"Gabriel Franc, Pr\u00e9sident du Groupe Franc Architectures. Entrepreneur visionnaire expert en conception-r\u00e9alisation et immobilier durable\",\"breadcrumb\":{\"@id\":\"https:\/\/groupefranc.com\/index.php\/portraits\/marianne-dorde\/#breadcrumb\"},\"inLanguage\":\"en-US\",\"potentialAction\":[{\"@type\":\"ReadAction\",\"target\":[\"https:\/\/groupefranc.com\/index.php\/portraits\/marianne-dorde\/\"]}]},{\"@type\":\"ImageObject\",\"inLanguage\":\"en-US\",\"@id\":\"https:\/\/groupefranc.com\/index.php\/portraits\/marianne-dorde\/#primaryimage\",\"url\":\"https:\/\/groupefranc.com\/wp-content\/uploads\/2025\/11\/MARIANNE.webp\",\"contentUrl\":\"https:\/\/groupefranc.com\/wp-content\/uploads\/2025\/11\/MARIANNE.webp\",\"width\":1476,\"height\":1476,\"caption\":\"Marianne Dord\u00e9\"},{\"@type\":\"BreadcrumbList\",\"@id\":\"https:\/\/groupefranc.com\/index.php\/portraits\/marianne-dorde\/#breadcrumb\",\"itemListElement\":[{\"@type\":\"ListItem\",\"position\":1,\"name\":\"Home\",\"item\":\"https:\/\/groupefranc.com\/\"},{\"@type\":\"ListItem\",\"position\":2,\"name\":\"Portraits\",\"item\":\"https:\/\/groupefranc.com\/index.php\/portraits\/\"},{\"@type\":\"ListItem\",\"position\":3,\"name\":\"Marianne Dord\u00e9\"}]},{\"@type\":\"WebSite\",\"@id\":\"https:\/\/groupefranc.com\/#website\",\"url\":\"https:\/\/groupefranc.com\/\",\"name\":\"GROUPE FRANC ARCHITECTURES\",\"description\":\"\",\"publisher\":{\"@id\":\"https:\/\/groupefranc.com\/#organization\"},\"potentialAction\":[{\"@type\":\"SearchAction\",\"target\":{\"@type\":\"EntryPoint\",\"urlTemplate\":\"https:\/\/groupefranc.com\/?s={search_term_string}\"},\"query-input\":{\"@type\":\"PropertyValueSpecification\",\"valueRequired\":true,\"valueName\":\"search_term_string\"}}],\"inLanguage\":\"en-US\"},{\"@type\":\"Organization\",\"@id\":\"https:\/\/groupefranc.com\/#organization\",\"name\":\"GROUPE FRANC ARCHITECTURES\",\"url\":\"https:\/\/groupefranc.com\/\",\"logo\":{\"@type\":\"ImageObject\",\"inLanguage\":\"en-US\",\"@id\":\"https:\/\/groupefranc.com\/#\/schema\/logo\/image\/\",\"url\":\"https:\/\/groupefranc.com\/wp-content\/uploads\/2021\/12\/cropped-logo.png\",\"contentUrl\":\"https:\/\/groupefranc.com\/wp-content\/uploads\/2021\/12\/cropped-logo.png\",\"width\":705,\"height\":723,\"caption\":\"GROUPE FRANC ARCHITECTURES\"},\"image\":{\"@id\":\"https:\/\/groupefranc.com\/#\/schema\/logo\/image\/\"},\"sameAs\":[\"https:\/\/www.linkedin.com\/company\/groupe-franc\/\"]}]}<\/script>\n<!-- \/ Yoast SEO plugin. -->","yoast_head_json":{"title":"Marianne Dord\u00e9 - GROUPE FRANC ARCHITECTURES","description":"Gabriel Franc, Pr\u00e9sident du Groupe Franc Architectures. Entrepreneur visionnaire expert en conception-r\u00e9alisation et immobilier durable","robots":{"index":"index","follow":"follow","max-snippet":"max-snippet:-1","max-image-preview":"max-image-preview:large","max-video-preview":"max-video-preview:-1"},"canonical":"https:\/\/groupefranc.com\/index.php\/portraits\/marianne-dorde\/","og_locale":"en_US","og_type":"article","og_title":"Gabriel Franc","og_description":"Gabriel Franc, Pr\u00e9sident du Groupe Franc Architectures. Entrepreneur visionnaire expert en conception-r\u00e9alisation et immobilier durable","og_url":"https:\/\/groupefranc.com\/index.php\/portraits\/marianne-dorde\/","og_site_name":"GROUPE FRANC ARCHITECTURES","article_modified_time":"2026-02-11T22:06:05+00:00","og_image":[{"width":1094,"height":1641,"url":"https:\/\/groupefranc.com\/wp-content\/uploads\/2025\/11\/Gabriel-Franc.webp","type":"image\/webp"}],"twitter_card":"summary_large_image","twitter_misc":{"Est. reading time":"2 minutes"},"schema":{"@context":"https:\/\/schema.org","@graph":[{"@type":"WebPage","@id":"https:\/\/groupefranc.com\/index.php\/portraits\/marianne-dorde\/","url":"https:\/\/groupefranc.com\/index.php\/portraits\/marianne-dorde\/","name":"Marianne Dord\u00e9 - GROUPE FRANC ARCHITECTURES","isPartOf":{"@id":"https:\/\/groupefranc.com\/#website"},"primaryImageOfPage":{"@id":"https:\/\/groupefranc.com\/index.php\/portraits\/marianne-dorde\/#primaryimage"},"image":{"@id":"https:\/\/groupefranc.com\/index.php\/portraits\/marianne-dorde\/#primaryimage"},"thumbnailUrl":"https:\/\/groupefranc.com\/wp-content\/uploads\/2025\/11\/MARIANNE.webp","datePublished":"2026-02-11T16:32:46+00:00","dateModified":"2026-02-11T22:06:05+00:00","description":"Gabriel Franc, Pr\u00e9sident du Groupe Franc Architectures. Entrepreneur visionnaire expert en conception-r\u00e9alisation et immobilier durable","breadcrumb":{"@id":"https:\/\/groupefranc.com\/index.php\/portraits\/marianne-dorde\/#breadcrumb"},"inLanguage":"en-US","potentialAction":[{"@type":"ReadAction","target":["https:\/\/groupefranc.com\/index.php\/portraits\/marianne-dorde\/"]}]},{"@type":"ImageObject","inLanguage":"en-US","@id":"https:\/\/groupefranc.com\/index.php\/portraits\/marianne-dorde\/#primaryimage","url":"https:\/\/groupefranc.com\/wp-content\/uploads\/2025\/11\/MARIANNE.webp","contentUrl":"https:\/\/groupefranc.com\/wp-content\/uploads\/2025\/11\/MARIANNE.webp","width":1476,"height":1476,"caption":"Marianne Dord\u00e9"},{"@type":"BreadcrumbList","@id":"https:\/\/groupefranc.com\/index.php\/portraits\/marianne-dorde\/#breadcrumb","itemListElement":[{"@type":"ListItem","position":1,"name":"Home","item":"https:\/\/groupefranc.com\/"},{"@type":"ListItem","position":2,"name":"Portraits","item":"https:\/\/groupefranc.com\/index.php\/portraits\/"},{"@type":"ListItem","position":3,"name":"Marianne Dord\u00e9"}]},{"@type":"WebSite","@id":"https:\/\/groupefranc.com\/#website","url":"https:\/\/groupefranc.com\/","name":"GROUPE FRANC ARCHITECTURES","description":"","publisher":{"@id":"https:\/\/groupefranc.com\/#organization"},"potentialAction":[{"@type":"SearchAction","target":{"@type":"EntryPoint","urlTemplate":"https:\/\/groupefranc.com\/?s={search_term_string}"},"query-input":{"@type":"PropertyValueSpecification","valueRequired":true,"valueName":"search_term_string"}}],"inLanguage":"en-US"},{"@type":"Organization","@id":"https:\/\/groupefranc.com\/#organization","name":"GROUPE FRANC ARCHITECTURES","url":"https:\/\/groupefranc.com\/","logo":{"@type":"ImageObject","inLanguage":"en-US","@id":"https:\/\/groupefranc.com\/#\/schema\/logo\/image\/","url":"https:\/\/groupefranc.com\/wp-content\/uploads\/2021\/12\/cropped-logo.png","contentUrl":"https:\/\/groupefranc.com\/wp-content\/uploads\/2021\/12\/cropped-logo.png","width":705,"height":723,"caption":"GROUPE FRANC ARCHITECTURES"},"image":{"@id":"https:\/\/groupefranc.com\/#\/schema\/logo\/image\/"},"sameAs":["https:\/\/www.linkedin.com\/company\/groupe-franc\/"]}]}},"_links":{"self":[{"href":"https:\/\/groupefranc.com\/index.php\/wp-json\/wp\/v2\/pages\/10666","targetHints":{"allow":["GET"]}}],"collection":[{"href":"https:\/\/groupefranc.com\/index.php\/wp-json\/wp\/v2\/pages"}],"about":[{"href":"https:\/\/groupefranc.com\/index.php\/wp-json\/wp\/v2\/types\/page"}],"author":[{"embeddable":true,"href":"https:\/\/groupefranc.com\/index.php\/wp-json\/wp\/v2\/users\/1"}],"replies":[{"embeddable":true,"href":"https:\/\/groupefranc.com\/index.php\/wp-json\/wp\/v2\/comments?post=10666"}],"version-history":[{"count":7,"href":"https:\/\/groupefranc.com\/index.php\/wp-json\/wp\/v2\/pages\/10666\/revisions"}],"predecessor-version":[{"id":10851,"href":"https:\/\/groupefranc.com\/index.php\/wp-json\/wp\/v2\/pages\/10666\/revisions\/10851"}],"up":[{"embeddable":true,"href":"https:\/\/groupefranc.com\/index.php\/wp-json\/wp\/v2\/pages\/4082"}],"wp:featuredmedia":[{"embeddable":true,"href":"https:\/\/groupefranc.com\/index.php\/wp-json\/wp\/v2\/media\/4112"}],"wp:attachment":[{"href":"https:\/\/groupefranc.com\/index.php\/wp-json\/wp\/v2\/media?parent=10666"}],"curies":[{"name":"wp","href":"https:\/\/api.w.org\/{rel}","templated":true}]}}