{"id":10681,"date":"2026-02-11T16:41:29","date_gmt":"2026-02-11T16:41:29","guid":{"rendered":"https:\/\/groupefranc.com\/?page_id=10681"},"modified":"2026-02-11T22:04:34","modified_gmt":"2026-02-11T22:04:34","slug":"aurelie-ades","status":"publish","type":"page","link":"https:\/\/groupefranc.com\/index.php\/portraits\/aurelie-ades\/","title":{"rendered":"Aur\u00e9lie Ad\u00e8s"},"content":{"rendered":"\t\t<div data-elementor-type=\"wp-page\" data-elementor-id=\"10681\" class=\"elementor elementor-10681\">\n\t\t\t\t\t\t<section class=\"elementor-section elementor-top-section elementor-element elementor-element-8af2734 elementor-section-full_width background-primary elementor-section-height-min-height elementor-section-items-top elementor-section-height-default wpr-particle-no wpr-jarallax-no wpr-parallax-no wpr-sticky-section-no\" data-id=\"8af2734\" data-element_type=\"section\" data-e-type=\"section\" data-settings=\"{&quot;background_background&quot;:&quot;classic&quot;}\">\n\t\t\t\t\t\t\t<div class=\"elementor-background-overlay\"><\/div>\n\t\t\t\t\t\t\t<div class=\"elementor-container elementor-column-gap-no\">\n\t\t\t\t\t<div class=\"elementor-column elementor-col-50 elementor-top-column elementor-element elementor-element-9a65c76 m_auto-responsive \" data-id=\"9a65c76\" data-element_type=\"column\" data-e-type=\"column\">\n\t\t\t<div class=\"elementor-widget-wrap elementor-element-populated\">\n\t\t\t\t\t\t<div class=\"elementor-element elementor-element-7abaf4e portrait_title maxime elementor-widget elementor-widget-heading\" data-id=\"7abaf4e\" data-element_type=\"widget\" data-e-type=\"widget\" data-settings=\"{&quot;_animation&quot;:&quot;none&quot;}\" data-widget_type=\"heading.default\">\n\t\t\t\t\t<h2 class=\"elementor-heading-title elementor-size-default\">PRAGMATISME ET SENSIBILIT\u00c9 : L\u2019ARCHITECTURE COMME EXP\u00c9RIENCE PARTAG\u00c9E<\/h2>\t\t\t\t<\/div>\n\t\t\t\t<div class=\"elementor-element elementor-element-c2fb4ff animated-fast portrait_title name elementor-widget elementor-widget-heading\" data-id=\"c2fb4ff\" data-element_type=\"widget\" data-e-type=\"widget\" data-settings=\"{&quot;_animation&quot;:&quot;none&quot;}\" data-widget_type=\"heading.default\">\n\t\t\t\t\t<h1 class=\"elementor-heading-title elementor-size-default\">Aur\u00e9lie Ad\u00e8s<\/h1>\t\t\t\t<\/div>\n\t\t\t\t<div class=\"elementor-element elementor-element-4399d97 animated-fast portrait_title title elementor-widget elementor-widget-heading\" data-id=\"4399d97\" data-element_type=\"widget\" data-e-type=\"widget\" data-settings=\"{&quot;_animation&quot;:&quot;none&quot;}\" data-widget_type=\"heading.default\">\n\t\t\t\t\t<h2 class=\"elementor-heading-title elementor-size-default\">Architecte Associ\u00e9e, MACADDAM \u2013 GROUPE FRANC ARCHITECTURES \u00e0 Toulouse<\/h2>\t\t\t\t<\/div>\n\t\t\t\t<div class=\"elementor-element elementor-element-2fc0448 animated-slow elementor-widget__width-initial elementor-widget-tablet__width-initial elementor-widget elementor-widget-text-editor\" data-id=\"2fc0448\" data-element_type=\"widget\" data-e-type=\"widget\" data-settings=\"{&quot;_animation&quot;:&quot;none&quot;}\" data-widget_type=\"text-editor.default\">\n\t\t\t\t\t\t\t\t\t<p>Architecte DPLG dipl\u00f4m\u00e9e de <a href=\"https:\/\/www.toulouse.archi.fr\/fr\">l\u2019\u00c9cole d\u2019Architecture de Toulouse<\/a>, Aur\u00e9lie Ad\u00e8s exerce depuis pr\u00e8s de vingt ans au sein de la profession. Associ\u00e9e de l\u2019agence <a href=\"https:\/\/groupefranc.com\/index.php\/agences\/agence-macaddam-groupe-franc-architectures\/\">MACADDAM<\/a>, int\u00e9gr\u00e9e au <a href=\"https:\/\/groupefranc.com\/index.php\/a-propos-groupe-franc-architectures\/\">GROUPE FRANC ARCHITECTURES<\/a> depuis 2020, elle participe activement au d\u00e9veloppement de projets d\u2019envergure, \u00e0 la crois\u00e9e de la technicit\u00e9, de la fonctionnalit\u00e9 et de l\u2019usage.<\/p><p>\u00a0 \u00a0Sp\u00e9cialis\u00e9e dans les march\u00e9s publics, elle intervient plus particuli\u00e8rement dans le champ de l\u2019enseignement sup\u00e9rieur, accompagnant des ma\u00eetres d\u2019ouvrage tels que <a href=\"https:\/\/www.inp-toulouse.fr\/fr\/index.html\">l\u2019INP Toulouse<\/a> ou <a href=\"https:\/\/groupefranc.com\/index.php\/2025\/11\/27\/ufr-toulouse\/\">l\u2019Universit\u00e9 Toulouse II Jean Jaur\u00e8s<\/a>. Cette exp\u00e9rience l\u2019a conduite \u00e0 approfondir sa ma\u00eetrise des op\u00e9rations complexes de restructuration et de r\u00e9habilitation lourde, o\u00f9 les enjeux techniques, r\u00e9glementaires et humains s\u2019entrecroisent avec exigence.<\/p>\t\t\t\t\t\t\t\t<\/div>\n\t\t<div class=\"elementor-element elementor-element-2a239d2 e-con-full elementor-hidden-desktop e-flex wpr-particle-no wpr-jarallax-no wpr-parallax-no wpr-sticky-section-no e-con e-parent\" data-id=\"2a239d2\" data-element_type=\"container\" data-e-type=\"container\">\n\t\t<div class=\"elementor-element elementor-element-8840687 e-con-full container_portrait e-flex wpr-particle-no wpr-jarallax-no wpr-parallax-no wpr-sticky-section-no e-con e-child\" data-id=\"8840687\" data-element_type=\"container\" data-e-type=\"container\" id=\"Aur\u00e9lie_Ades\">\n\t\t<div class=\"elementor-element elementor-element-4632552 e-con-full img e-flex wpr-particle-no wpr-jarallax-no wpr-parallax-no wpr-sticky-section-no e-con e-child\" data-id=\"4632552\" data-element_type=\"container\" data-e-type=\"container\" data-settings=\"{&quot;background_background&quot;:&quot;classic&quot;}\">\n\t\t\t\t<\/div>\n\t\t\t\t<\/div>\n\t\t\t\t<\/div>\n\t\t\t\t<div class=\"elementor-element elementor-element-22bc8d1 animated-slow elementor-widget__width-initial elementor-widget-tablet__width-initial elementor-widget elementor-widget-text-editor\" data-id=\"22bc8d1\" data-element_type=\"widget\" data-e-type=\"widget\" data-settings=\"{&quot;_animation&quot;:&quot;none&quot;}\" data-widget_type=\"text-editor.default\">\n\t\t\t\t\t\t\t\t\t<p>\u00a0 \u00a0Dans son travail, Aur\u00e9lie Ad\u00e8s privil\u00e9gie une approche pragmatique et responsable. Pour elle, l\u2019architecture trouve son sens dans l\u2019usage : chaque espace con\u00e7u doit d\u2019abord \u00eatre au service de celles et ceux qui le vivront. Son attention constante \u00e0 la fonctionnalit\u00e9, \u00e0 la pr\u00e9cision et \u00e0 la lisibilit\u00e9 des projets t\u00e9moigne d\u2019une recherche d\u2019\u00e9quilibre entre rigueur, sensibilit\u00e9 et efficacit\u00e9.<\/p><p>\u00a0 \u00a0M\u00e9ticuleuse et consciencieuse, elle veille \u00e0 ce que chaque d\u00e9cision de conception soit guid\u00e9e par une compr\u00e9hension fine du contexte, du programme et des attentes des utilisateurs. Sa plus grande satisfaction r\u00e9side dans la qualit\u00e9 du dialogue \u00e9tabli avec les ma\u00eetrises d\u2019ouvrage et la reconnaissance des usagers une fois les lieux investis.<\/p><p>\u00a0 \u00a0Impliqu\u00e9e dans toutes les phases du projet, de l\u2019esquisse \u00e0 la r\u00e9ception de l\u2019ouvrage, elle cultive une vision globale et continue de l\u2019acte de construire. Elle appr\u00e9cie tout particuli\u00e8rement les moments d\u2019\u00e9changes f\u00e9conds avec l&#8217;ensemble des partenaires.<br \/>Son parcours traduit une conviction profonde : l\u2019architecture est avant tout une affaire d\u2019\u00e9coute, de m\u00e9thode et de confiance, o\u00f9 la qualit\u00e9 du projet d\u00e9coule de la qualit\u00e9 des relations humaines qui l\u2019animent.<\/p><p><em><strong>\u00ab L\u2019architecture prend tout son sens lorsqu\u2019elle r\u00e9pond \u00e0 ceux qui la vivent. \u00bb <\/strong><\/em><br \/><em><strong>A.A.<\/strong><\/em><\/p>\t\t\t\t\t\t\t\t<\/div>\n\t\t\t\t\t<\/div>\n\t\t<\/div>\n\t\t\t\t<div class=\"elementor-column elementor-col-50 elementor-top-column elementor-element elementor-element-ee756c6 elementor-hidden-tablet elementor-hidden-mobile\" data-id=\"ee756c6\" data-element_type=\"column\" data-e-type=\"column\" data-settings=\"{&quot;background_background&quot;:&quot;classic&quot;}\">\n\t\t\t<div class=\"elementor-widget-wrap elementor-element-populated\">\n\t\t\t\t<div class=\"elementor-element elementor-element-0e3646b e-con-full container_portrait e-flex wpr-particle-no wpr-jarallax-no wpr-parallax-no wpr-sticky-section-no e-con e-child\" data-id=\"0e3646b\" data-element_type=\"container\" data-e-type=\"container\" id=\"Aur\u00e9lie_Ades\">\n\t\t<div class=\"elementor-element elementor-element-7953ed7 e-con-full img e-flex wpr-particle-no wpr-jarallax-no wpr-parallax-no wpr-sticky-section-no e-con e-child\" data-id=\"7953ed7\" data-element_type=\"container\" data-e-type=\"container\" data-settings=\"{&quot;background_background&quot;:&quot;classic&quot;}\">\n\t\t\t\t<\/div>\n\t\t\t\t<\/div>\n\t\t\t\t\t<\/div>\n\t\t<\/div>\n\t\t\t\t\t<\/div>\n\t\t<\/section>\n\t\t\t\t<\/div>\n\t\t","protected":false},"excerpt":{"rendered":"<p>PRAGMATISME ET SENSIBILIT\u00c9 : L\u2019ARCHITECTURE COMME EXP\u00c9RIENCE PARTAG\u00c9E Aur\u00e9lie Ad\u00e8s Architecte Associ\u00e9e, MACADDAM \u2013 GROUPE FRANC ARCHITECTURES \u00e0 Toulouse Architecte DPLG dipl\u00f4m\u00e9e de l\u2019\u00c9cole d\u2019Architecture de Toulouse, Aur\u00e9lie Ad\u00e8s exerce depuis pr\u00e8s de vingt ans au sein de la profession. Associ\u00e9e de l\u2019agence MACADDAM, int\u00e9gr\u00e9e au GROUPE FRANC ARCHITECTURES depuis 2020, elle participe activement au d\u00e9veloppement de projets d\u2019envergure, \u00e0 la crois\u00e9e de la technicit\u00e9, de la fonctionnalit\u00e9 et de l\u2019usage. \u00a0 \u00a0Sp\u00e9cialis\u00e9e dans les march\u00e9s publics, elle intervient plus particuli\u00e8rement dans le champ de l\u2019enseignement sup\u00e9rieur, accompagnant des ma\u00eetres d\u2019ouvrage tels que l\u2019INP Toulouse ou l\u2019Universit\u00e9 Toulouse II Jean Jaur\u00e8s. Cette exp\u00e9rience l\u2019a conduite \u00e0 approfondir sa ma\u00eetrise des op\u00e9rations complexes de restructuration et de r\u00e9habilitation lourde, o\u00f9 les enjeux techniques, r\u00e9glementaires et humains s\u2019entrecroisent avec exigence. \u00a0 \u00a0Dans son travail, Aur\u00e9lie Ad\u00e8s privil\u00e9gie une approche pragmatique et responsable. Pour elle, l\u2019architecture trouve son sens dans l\u2019usage : chaque espace con\u00e7u doit d\u2019abord \u00eatre au service de celles et ceux qui le vivront. Son attention constante \u00e0 la fonctionnalit\u00e9, \u00e0 la pr\u00e9cision et \u00e0 la lisibilit\u00e9 des projets t\u00e9moigne d\u2019une recherche d\u2019\u00e9quilibre entre rigueur, sensibilit\u00e9 et efficacit\u00e9. \u00a0 \u00a0M\u00e9ticuleuse et consciencieuse, elle veille \u00e0 ce que chaque d\u00e9cision de conception soit guid\u00e9e par une compr\u00e9hension fine du contexte, du programme et des attentes des utilisateurs. Sa plus grande satisfaction r\u00e9side dans la qualit\u00e9 du dialogue \u00e9tabli avec les ma\u00eetrises d\u2019ouvrage et la reconnaissance des usagers une fois les lieux investis. \u00a0 \u00a0Impliqu\u00e9e dans toutes les phases du projet, de l\u2019esquisse \u00e0 la r\u00e9ception de l\u2019ouvrage, elle cultive une vision globale et continue de l\u2019acte de construire. Elle appr\u00e9cie tout particuli\u00e8rement les moments d\u2019\u00e9changes f\u00e9conds avec l&#8217;ensemble des partenaires.Son parcours traduit une conviction profonde : l\u2019architecture est avant tout une affaire d\u2019\u00e9coute, de m\u00e9thode et de confiance, o\u00f9 la qualit\u00e9 du projet d\u00e9coule de la qualit\u00e9 des relations humaines qui l\u2019animent. \u00ab L\u2019architecture prend tout son sens lorsqu\u2019elle r\u00e9pond \u00e0 ceux qui la vivent. \u00bb A.A.<\/p>\n","protected":false},"author":1,"featured_media":4100,"parent":4082,"menu_order":0,"comment_status":"closed","ping_status":"closed","template":"elementor_canvas","meta":{"_vp_format_video_url":"","_vp_image_focal_point":[],"footnotes":""},"class_list":["post-10681","page","type-page","status-publish","has-post-thumbnail","hentry"],"yoast_head":"<!-- This site is optimized with the Yoast SEO plugin v27.1.1 - https:\/\/yoast.com\/product\/yoast-seo-wordpress\/ -->\n<title>Aur\u00e9lie Ad\u00e8s - GROUPE FRANC ARCHITECTURES<\/title>\n<meta name=\"description\" content=\"Gabriel Franc, Pr\u00e9sident du Groupe Franc Architectures. Entrepreneur visionnaire expert en conception-r\u00e9alisation et immobilier durable\" \/>\n<meta name=\"robots\" content=\"index, follow, max-snippet:-1, max-image-preview:large, max-video-preview:-1\" \/>\n<link rel=\"canonical\" href=\"https:\/\/groupefranc.com\/index.php\/portraits\/aurelie-ades\/\" \/>\n<meta property=\"og:locale\" content=\"en_US\" \/>\n<meta property=\"og:type\" content=\"article\" \/>\n<meta property=\"og:title\" content=\"Gabriel Franc\" \/>\n<meta property=\"og:description\" content=\"Gabriel Franc, Pr\u00e9sident du Groupe Franc Architectures. Entrepreneur visionnaire expert en conception-r\u00e9alisation et immobilier durable\" \/>\n<meta property=\"og:url\" content=\"https:\/\/groupefranc.com\/index.php\/portraits\/aurelie-ades\/\" \/>\n<meta property=\"og:site_name\" content=\"GROUPE FRANC ARCHITECTURES\" \/>\n<meta property=\"article:modified_time\" content=\"2026-02-11T22:04:34+00:00\" \/>\n<meta property=\"og:image\" content=\"https:\/\/groupefranc.com\/wp-content\/uploads\/2025\/11\/Gabriel-Franc.webp\" \/>\n\t<meta property=\"og:image:width\" content=\"1094\" \/>\n\t<meta property=\"og:image:height\" content=\"1641\" \/>\n\t<meta property=\"og:image:type\" content=\"image\/webp\" \/>\n<meta name=\"twitter:card\" content=\"summary_large_image\" \/>\n<meta name=\"twitter:label1\" content=\"Est. reading time\" \/>\n\t<meta name=\"twitter:data1\" content=\"2 minutes\" \/>\n<script type=\"application\/ld+json\" class=\"yoast-schema-graph\">{\"@context\":\"https:\/\/schema.org\",\"@graph\":[{\"@type\":\"WebPage\",\"@id\":\"https:\/\/groupefranc.com\/index.php\/portraits\/aurelie-ades\/\",\"url\":\"https:\/\/groupefranc.com\/index.php\/portraits\/aurelie-ades\/\",\"name\":\"Aur\u00e9lie Ad\u00e8s - GROUPE FRANC ARCHITECTURES\",\"isPartOf\":{\"@id\":\"https:\/\/groupefranc.com\/#website\"},\"primaryImageOfPage\":{\"@id\":\"https:\/\/groupefranc.com\/index.php\/portraits\/aurelie-ades\/#primaryimage\"},\"image\":{\"@id\":\"https:\/\/groupefranc.com\/index.php\/portraits\/aurelie-ades\/#primaryimage\"},\"thumbnailUrl\":\"https:\/\/groupefranc.com\/wp-content\/uploads\/2025\/11\/AURELIE.webp\",\"datePublished\":\"2026-02-11T16:41:29+00:00\",\"dateModified\":\"2026-02-11T22:04:34+00:00\",\"description\":\"Gabriel Franc, Pr\u00e9sident du Groupe Franc Architectures. Entrepreneur visionnaire expert en conception-r\u00e9alisation et immobilier durable\",\"breadcrumb\":{\"@id\":\"https:\/\/groupefranc.com\/index.php\/portraits\/aurelie-ades\/#breadcrumb\"},\"inLanguage\":\"en-US\",\"potentialAction\":[{\"@type\":\"ReadAction\",\"target\":[\"https:\/\/groupefranc.com\/index.php\/portraits\/aurelie-ades\/\"]}]},{\"@type\":\"ImageObject\",\"inLanguage\":\"en-US\",\"@id\":\"https:\/\/groupefranc.com\/index.php\/portraits\/aurelie-ades\/#primaryimage\",\"url\":\"https:\/\/groupefranc.com\/wp-content\/uploads\/2025\/11\/AURELIE.webp\",\"contentUrl\":\"https:\/\/groupefranc.com\/wp-content\/uploads\/2025\/11\/AURELIE.webp\",\"width\":1495,\"height\":1495,\"caption\":\"Aur\u00e9lie Ad\u00e8s\"},{\"@type\":\"BreadcrumbList\",\"@id\":\"https:\/\/groupefranc.com\/index.php\/portraits\/aurelie-ades\/#breadcrumb\",\"itemListElement\":[{\"@type\":\"ListItem\",\"position\":1,\"name\":\"Home\",\"item\":\"https:\/\/groupefranc.com\/\"},{\"@type\":\"ListItem\",\"position\":2,\"name\":\"Portraits\",\"item\":\"https:\/\/groupefranc.com\/index.php\/portraits\/\"},{\"@type\":\"ListItem\",\"position\":3,\"name\":\"Aur\u00e9lie Ad\u00e8s\"}]},{\"@type\":\"WebSite\",\"@id\":\"https:\/\/groupefranc.com\/#website\",\"url\":\"https:\/\/groupefranc.com\/\",\"name\":\"GROUPE FRANC ARCHITECTURES\",\"description\":\"\",\"publisher\":{\"@id\":\"https:\/\/groupefranc.com\/#organization\"},\"potentialAction\":[{\"@type\":\"SearchAction\",\"target\":{\"@type\":\"EntryPoint\",\"urlTemplate\":\"https:\/\/groupefranc.com\/?s={search_term_string}\"},\"query-input\":{\"@type\":\"PropertyValueSpecification\",\"valueRequired\":true,\"valueName\":\"search_term_string\"}}],\"inLanguage\":\"en-US\"},{\"@type\":\"Organization\",\"@id\":\"https:\/\/groupefranc.com\/#organization\",\"name\":\"GROUPE FRANC ARCHITECTURES\",\"url\":\"https:\/\/groupefranc.com\/\",\"logo\":{\"@type\":\"ImageObject\",\"inLanguage\":\"en-US\",\"@id\":\"https:\/\/groupefranc.com\/#\/schema\/logo\/image\/\",\"url\":\"https:\/\/groupefranc.com\/wp-content\/uploads\/2021\/12\/cropped-logo.png\",\"contentUrl\":\"https:\/\/groupefranc.com\/wp-content\/uploads\/2021\/12\/cropped-logo.png\",\"width\":705,\"height\":723,\"caption\":\"GROUPE FRANC ARCHITECTURES\"},\"image\":{\"@id\":\"https:\/\/groupefranc.com\/#\/schema\/logo\/image\/\"},\"sameAs\":[\"https:\/\/www.linkedin.com\/company\/groupe-franc\/\"]}]}<\/script>\n<!-- \/ Yoast SEO plugin. -->","yoast_head_json":{"title":"Aur\u00e9lie Ad\u00e8s - GROUPE FRANC ARCHITECTURES","description":"Gabriel Franc, Pr\u00e9sident du Groupe Franc Architectures. Entrepreneur visionnaire expert en conception-r\u00e9alisation et immobilier durable","robots":{"index":"index","follow":"follow","max-snippet":"max-snippet:-1","max-image-preview":"max-image-preview:large","max-video-preview":"max-video-preview:-1"},"canonical":"https:\/\/groupefranc.com\/index.php\/portraits\/aurelie-ades\/","og_locale":"en_US","og_type":"article","og_title":"Gabriel Franc","og_description":"Gabriel Franc, Pr\u00e9sident du Groupe Franc Architectures. Entrepreneur visionnaire expert en conception-r\u00e9alisation et immobilier durable","og_url":"https:\/\/groupefranc.com\/index.php\/portraits\/aurelie-ades\/","og_site_name":"GROUPE FRANC ARCHITECTURES","article_modified_time":"2026-02-11T22:04:34+00:00","og_image":[{"width":1094,"height":1641,"url":"https:\/\/groupefranc.com\/wp-content\/uploads\/2025\/11\/Gabriel-Franc.webp","type":"image\/webp"}],"twitter_card":"summary_large_image","twitter_misc":{"Est. reading time":"2 minutes"},"schema":{"@context":"https:\/\/schema.org","@graph":[{"@type":"WebPage","@id":"https:\/\/groupefranc.com\/index.php\/portraits\/aurelie-ades\/","url":"https:\/\/groupefranc.com\/index.php\/portraits\/aurelie-ades\/","name":"Aur\u00e9lie Ad\u00e8s - GROUPE FRANC ARCHITECTURES","isPartOf":{"@id":"https:\/\/groupefranc.com\/#website"},"primaryImageOfPage":{"@id":"https:\/\/groupefranc.com\/index.php\/portraits\/aurelie-ades\/#primaryimage"},"image":{"@id":"https:\/\/groupefranc.com\/index.php\/portraits\/aurelie-ades\/#primaryimage"},"thumbnailUrl":"https:\/\/groupefranc.com\/wp-content\/uploads\/2025\/11\/AURELIE.webp","datePublished":"2026-02-11T16:41:29+00:00","dateModified":"2026-02-11T22:04:34+00:00","description":"Gabriel Franc, Pr\u00e9sident du Groupe Franc Architectures. Entrepreneur visionnaire expert en conception-r\u00e9alisation et immobilier durable","breadcrumb":{"@id":"https:\/\/groupefranc.com\/index.php\/portraits\/aurelie-ades\/#breadcrumb"},"inLanguage":"en-US","potentialAction":[{"@type":"ReadAction","target":["https:\/\/groupefranc.com\/index.php\/portraits\/aurelie-ades\/"]}]},{"@type":"ImageObject","inLanguage":"en-US","@id":"https:\/\/groupefranc.com\/index.php\/portraits\/aurelie-ades\/#primaryimage","url":"https:\/\/groupefranc.com\/wp-content\/uploads\/2025\/11\/AURELIE.webp","contentUrl":"https:\/\/groupefranc.com\/wp-content\/uploads\/2025\/11\/AURELIE.webp","width":1495,"height":1495,"caption":"Aur\u00e9lie Ad\u00e8s"},{"@type":"BreadcrumbList","@id":"https:\/\/groupefranc.com\/index.php\/portraits\/aurelie-ades\/#breadcrumb","itemListElement":[{"@type":"ListItem","position":1,"name":"Home","item":"https:\/\/groupefranc.com\/"},{"@type":"ListItem","position":2,"name":"Portraits","item":"https:\/\/groupefranc.com\/index.php\/portraits\/"},{"@type":"ListItem","position":3,"name":"Aur\u00e9lie Ad\u00e8s"}]},{"@type":"WebSite","@id":"https:\/\/groupefranc.com\/#website","url":"https:\/\/groupefranc.com\/","name":"GROUPE FRANC ARCHITECTURES","description":"","publisher":{"@id":"https:\/\/groupefranc.com\/#organization"},"potentialAction":[{"@type":"SearchAction","target":{"@type":"EntryPoint","urlTemplate":"https:\/\/groupefranc.com\/?s={search_term_string}"},"query-input":{"@type":"PropertyValueSpecification","valueRequired":true,"valueName":"search_term_string"}}],"inLanguage":"en-US"},{"@type":"Organization","@id":"https:\/\/groupefranc.com\/#organization","name":"GROUPE FRANC ARCHITECTURES","url":"https:\/\/groupefranc.com\/","logo":{"@type":"ImageObject","inLanguage":"en-US","@id":"https:\/\/groupefranc.com\/#\/schema\/logo\/image\/","url":"https:\/\/groupefranc.com\/wp-content\/uploads\/2021\/12\/cropped-logo.png","contentUrl":"https:\/\/groupefranc.com\/wp-content\/uploads\/2021\/12\/cropped-logo.png","width":705,"height":723,"caption":"GROUPE FRANC ARCHITECTURES"},"image":{"@id":"https:\/\/groupefranc.com\/#\/schema\/logo\/image\/"},"sameAs":["https:\/\/www.linkedin.com\/company\/groupe-franc\/"]}]}},"_links":{"self":[{"href":"https:\/\/groupefranc.com\/index.php\/wp-json\/wp\/v2\/pages\/10681","targetHints":{"allow":["GET"]}}],"collection":[{"href":"https:\/\/groupefranc.com\/index.php\/wp-json\/wp\/v2\/pages"}],"about":[{"href":"https:\/\/groupefranc.com\/index.php\/wp-json\/wp\/v2\/types\/page"}],"author":[{"embeddable":true,"href":"https:\/\/groupefranc.com\/index.php\/wp-json\/wp\/v2\/users\/1"}],"replies":[{"embeddable":true,"href":"https:\/\/groupefranc.com\/index.php\/wp-json\/wp\/v2\/comments?post=10681"}],"version-history":[{"count":7,"href":"https:\/\/groupefranc.com\/index.php\/wp-json\/wp\/v2\/pages\/10681\/revisions"}],"predecessor-version":[{"id":10845,"href":"https:\/\/groupefranc.com\/index.php\/wp-json\/wp\/v2\/pages\/10681\/revisions\/10845"}],"up":[{"embeddable":true,"href":"https:\/\/groupefranc.com\/index.php\/wp-json\/wp\/v2\/pages\/4082"}],"wp:featuredmedia":[{"embeddable":true,"href":"https:\/\/groupefranc.com\/index.php\/wp-json\/wp\/v2\/media\/4100"}],"wp:attachment":[{"href":"https:\/\/groupefranc.com\/index.php\/wp-json\/wp\/v2\/media?parent=10681"}],"curies":[{"name":"wp","href":"https:\/\/api.w.org\/{rel}","templated":true}]}}