{"id":10686,"date":"2026-02-11T16:45:01","date_gmt":"2026-02-11T16:45:01","guid":{"rendered":"https:\/\/groupefranc.com\/?page_id=10686"},"modified":"2026-02-11T22:04:06","modified_gmt":"2026-02-11T22:04:06","slug":"frederic-briffaud","status":"publish","type":"page","link":"https:\/\/groupefranc.com\/index.php\/portraits\/frederic-briffaud\/","title":{"rendered":"Fr\u00e9d\u00e9ric Briffaud"},"content":{"rendered":"\t\t<div data-elementor-type=\"wp-page\" data-elementor-id=\"10686\" class=\"elementor elementor-10686\">\n\t\t\t\t\t\t<section class=\"elementor-section elementor-top-section elementor-element elementor-element-8af2734 elementor-section-full_width background-primary elementor-section-height-min-height elementor-section-items-top elementor-section-height-default wpr-particle-no wpr-jarallax-no wpr-parallax-no wpr-sticky-section-no\" data-id=\"8af2734\" data-element_type=\"section\" data-e-type=\"section\" data-settings=\"{&quot;background_background&quot;:&quot;classic&quot;}\">\n\t\t\t\t\t\t\t<div class=\"elementor-background-overlay\"><\/div>\n\t\t\t\t\t\t\t<div class=\"elementor-container elementor-column-gap-no\">\n\t\t\t\t\t<div class=\"elementor-column elementor-col-50 elementor-top-column elementor-element elementor-element-9a65c76 m_auto-responsive \" data-id=\"9a65c76\" data-element_type=\"column\" data-e-type=\"column\">\n\t\t\t<div class=\"elementor-widget-wrap elementor-element-populated\">\n\t\t\t\t\t\t<div class=\"elementor-element elementor-element-7abaf4e portrait_title maxime elementor-widget elementor-widget-heading\" data-id=\"7abaf4e\" data-element_type=\"widget\" data-e-type=\"widget\" data-settings=\"{&quot;_animation&quot;:&quot;none&quot;}\" data-widget_type=\"heading.default\">\n\t\t\t\t\t<h2 class=\"elementor-heading-title elementor-size-default\">DE LA MATIERE A L\u2019USAGE, BATIR AVEC EXIGENCE ET SENS<\/h2>\t\t\t\t<\/div>\n\t\t\t\t<div class=\"elementor-element elementor-element-c2fb4ff animated-fast portrait_title name elementor-widget elementor-widget-heading\" data-id=\"c2fb4ff\" data-element_type=\"widget\" data-e-type=\"widget\" data-settings=\"{&quot;_animation&quot;:&quot;none&quot;}\" data-widget_type=\"heading.default\">\n\t\t\t\t\t<h1 class=\"elementor-heading-title elementor-size-default\">Fr\u00e9d\u00e9ric Briffaud<\/h1>\t\t\t\t<\/div>\n\t\t\t\t<div class=\"elementor-element elementor-element-4399d97 animated-fast portrait_title title elementor-widget elementor-widget-heading\" data-id=\"4399d97\" data-element_type=\"widget\" data-e-type=\"widget\" data-settings=\"{&quot;_animation&quot;:&quot;none&quot;}\" data-widget_type=\"heading.default\">\n\t\t\t\t\t<h2 class=\"elementor-heading-title elementor-size-default\">Pr\u00e9sident Associ\u00e9, Agence F.Briffaud \u2013 GROUPE FRANC ARCHITECTURES \u00e0 Fontainebleau<\/h2>\t\t\t\t<\/div>\n\t\t\t\t<div class=\"elementor-element elementor-element-2fc0448 animated-slow elementor-widget__width-initial elementor-widget-tablet__width-initial elementor-widget elementor-widget-text-editor\" data-id=\"2fc0448\" data-element_type=\"widget\" data-e-type=\"widget\" data-settings=\"{&quot;_animation&quot;:&quot;none&quot;}\" data-widget_type=\"text-editor.default\">\n\t\t\t\t\t\t\t\t\t<p>Fr\u00e9d\u00e9ric Briffaud est un architecte passionn\u00e9, attach\u00e9 \u00e0 la pr\u00e9cision du geste et \u00e0 la p\u00e9rennit\u00e9 de l\u2019ouvrage. Fils d\u2019un conducteur de travaux du g\u00e9nie militaire, il d\u00e9couvre tr\u00e8s jeune les chantiers \u00e0 travers la France, o\u00f9 na\u00eet sa fascination pour la construction et le patrimoine b\u00e2ti.<\/p><p>\u00a0 \u00a0Dipl\u00f4m\u00e9 de l\u2019\u00c9cole Nationale Sup\u00e9rieure des Arts et Industries de Strasbourg (ENSAIS) en 1992, il d\u00e9bute sa carri\u00e8re au Service du G\u00e9nie Militaire, avant de rejoindre en 1993 l\u2019Atelier 77 &#8211; Claude Boutard \u00e0 Melun puis en 1995 l\u2019agence Fran\u00e7ois Jestaz \u00e0 Fontainebleau.<\/p><p>\u00a0 \u00a0En 2015, les deux hommes s\u2019associent pour cr\u00e9er la SAS Jestaz Briffaud, r\u00e9unissant leurs expertises en architecture, paysage et am\u00e9nagement urbain autour de projets \u00e0 forte identit\u00e9 territoriale, m\u00ealant requalification urbaine, logements, \u00e9quipements publics et b\u00e2timents techniques.<\/p>\t\t\t\t\t\t\t\t<\/div>\n\t\t<div class=\"elementor-element elementor-element-2a239d2 e-con-full elementor-hidden-desktop e-flex wpr-particle-no wpr-jarallax-no wpr-parallax-no wpr-sticky-section-no e-con e-parent\" data-id=\"2a239d2\" data-element_type=\"container\" data-e-type=\"container\">\n\t\t<div class=\"elementor-element elementor-element-8840687 e-con-full container_portrait e-flex wpr-particle-no wpr-jarallax-no wpr-parallax-no wpr-sticky-section-no e-con e-child\" data-id=\"8840687\" data-element_type=\"container\" data-e-type=\"container\" id=\"Frederic_Briffaud\">\n\t\t<div class=\"elementor-element elementor-element-4632552 e-con-full img e-flex wpr-particle-no wpr-jarallax-no wpr-parallax-no wpr-sticky-section-no e-con e-child\" data-id=\"4632552\" data-element_type=\"container\" data-e-type=\"container\" data-settings=\"{&quot;background_background&quot;:&quot;classic&quot;}\">\n\t\t\t\t<\/div>\n\t\t\t\t<\/div>\n\t\t\t\t<\/div>\n\t\t\t\t<div class=\"elementor-element elementor-element-22bc8d1 animated-slow elementor-widget__width-initial elementor-widget-tablet__width-initial elementor-widget elementor-widget-text-editor\" data-id=\"22bc8d1\" data-element_type=\"widget\" data-e-type=\"widget\" data-settings=\"{&quot;_animation&quot;:&quot;none&quot;}\" data-widget_type=\"text-editor.default\">\n\t\t\t\t\t\t\t\t\t<p>\u00a0 \u00a0En 2022, la soci\u00e9t\u00e9 Jestaz Briffaud rejoint le <a href=\"https:\/\/groupefranc.com\/index.php\/a-propos-groupe-franc-architectures\/\">GROUPE FRANC ARCHITECTURES<\/a>, marquant une \u00e9tape majeure dans son d\u00e9veloppement et renfor\u00e7ant la pr\u00e9sence du groupe en \u00cele-de-France et dans le sud parisien.<\/p><p>\u00a0 \u00a0Depuis cette date, Fr\u00e9d\u00e9ric Briffaud y occupe le r\u00f4le de Pr\u00e9sident Associ\u00e9, apportant son exp\u00e9rience, sa rigueur technique et sa sensibilit\u00e9 contextuelle \u00e0 la conception et \u00e0 la r\u00e9habilitation du b\u00e2ti. Son approche repose sur une conviction forte : concevoir des architectures durables, justes et sensibles, o\u00f9 le dialogue entre le neuf et l\u2019existant, entre l\u2019usage et le temps, constitue la cl\u00e9 d\u2019une qualit\u00e9 p\u00e9renne.<\/p><p><em><strong>\u00ab J\u2019aime les architectures qui racontent le temps, celles qui vieillissent bien parce qu\u2019elles ont \u00e9t\u00e9 justes. \u00bb<\/strong><\/em><br \/><em><strong>FB<\/strong><\/em><\/p>\t\t\t\t\t\t\t\t<\/div>\n\t\t\t\t\t<\/div>\n\t\t<\/div>\n\t\t\t\t<div class=\"elementor-column elementor-col-50 elementor-top-column elementor-element elementor-element-ee756c6 elementor-hidden-tablet elementor-hidden-mobile\" data-id=\"ee756c6\" data-element_type=\"column\" data-e-type=\"column\" data-settings=\"{&quot;background_background&quot;:&quot;classic&quot;}\">\n\t\t\t<div class=\"elementor-widget-wrap elementor-element-populated\">\n\t\t\t\t<div class=\"elementor-element elementor-element-0e3646b e-con-full container_portrait e-flex wpr-particle-no wpr-jarallax-no wpr-parallax-no wpr-sticky-section-no e-con e-child\" data-id=\"0e3646b\" data-element_type=\"container\" data-e-type=\"container\" id=\"Frederic_Briffaud\">\n\t\t<div class=\"elementor-element elementor-element-7953ed7 e-con-full img e-flex wpr-particle-no wpr-jarallax-no wpr-parallax-no wpr-sticky-section-no e-con e-child\" data-id=\"7953ed7\" data-element_type=\"container\" data-e-type=\"container\" data-settings=\"{&quot;background_background&quot;:&quot;classic&quot;}\">\n\t\t\t\t<\/div>\n\t\t\t\t<\/div>\n\t\t\t\t\t<\/div>\n\t\t<\/div>\n\t\t\t\t\t<\/div>\n\t\t<\/section>\n\t\t\t\t<\/div>\n\t\t","protected":false},"excerpt":{"rendered":"<p>DE LA MATIERE A L\u2019USAGE, BATIR AVEC EXIGENCE ET SENS Fr\u00e9d\u00e9ric Briffaud Pr\u00e9sident Associ\u00e9, Agence F.Briffaud \u2013 GROUPE FRANC ARCHITECTURES \u00e0 Fontainebleau Fr\u00e9d\u00e9ric Briffaud est un architecte passionn\u00e9, attach\u00e9 \u00e0 la pr\u00e9cision du geste et \u00e0 la p\u00e9rennit\u00e9 de l\u2019ouvrage. Fils d\u2019un conducteur de travaux du g\u00e9nie militaire, il d\u00e9couvre tr\u00e8s jeune les chantiers \u00e0 travers la France, o\u00f9 na\u00eet sa fascination pour la construction et le patrimoine b\u00e2ti. \u00a0 \u00a0Dipl\u00f4m\u00e9 de l\u2019\u00c9cole Nationale Sup\u00e9rieure des Arts et Industries de Strasbourg (ENSAIS) en 1992, il d\u00e9bute sa carri\u00e8re au Service du G\u00e9nie Militaire, avant de rejoindre en 1993 l\u2019Atelier 77 &#8211; Claude Boutard \u00e0 Melun puis en 1995 l\u2019agence Fran\u00e7ois Jestaz \u00e0 Fontainebleau. \u00a0 \u00a0En 2015, les deux hommes s\u2019associent pour cr\u00e9er la SAS Jestaz Briffaud, r\u00e9unissant leurs expertises en architecture, paysage et am\u00e9nagement urbain autour de projets \u00e0 forte identit\u00e9 territoriale, m\u00ealant requalification urbaine, logements, \u00e9quipements publics et b\u00e2timents techniques. \u00a0 \u00a0En 2022, la soci\u00e9t\u00e9 Jestaz Briffaud rejoint le GROUPE FRANC ARCHITECTURES, marquant une \u00e9tape majeure dans son d\u00e9veloppement et renfor\u00e7ant la pr\u00e9sence du groupe en \u00cele-de-France et dans le sud parisien. \u00a0 \u00a0Depuis cette date, Fr\u00e9d\u00e9ric Briffaud y occupe le r\u00f4le de Pr\u00e9sident Associ\u00e9, apportant son exp\u00e9rience, sa rigueur technique et sa sensibilit\u00e9 contextuelle \u00e0 la conception et \u00e0 la r\u00e9habilitation du b\u00e2ti. Son approche repose sur une conviction forte : concevoir des architectures durables, justes et sensibles, o\u00f9 le dialogue entre le neuf et l\u2019existant, entre l\u2019usage et le temps, constitue la cl\u00e9 d\u2019une qualit\u00e9 p\u00e9renne. \u00ab J\u2019aime les architectures qui racontent le temps, celles qui vieillissent bien parce qu\u2019elles ont \u00e9t\u00e9 justes. \u00bbFB<\/p>\n","protected":false},"author":1,"featured_media":4106,"parent":4082,"menu_order":0,"comment_status":"closed","ping_status":"closed","template":"elementor_canvas","meta":{"_vp_format_video_url":"","_vp_image_focal_point":[],"footnotes":""},"class_list":["post-10686","page","type-page","status-publish","has-post-thumbnail","hentry"],"yoast_head":"<!-- This site is optimized with the Yoast SEO plugin v27.1.1 - https:\/\/yoast.com\/product\/yoast-seo-wordpress\/ -->\n<title>Fr\u00e9d\u00e9ric Briffaud - GROUPE FRANC ARCHITECTURES<\/title>\n<meta name=\"description\" content=\"Gabriel Franc, Pr\u00e9sident du Groupe Franc Architectures. Entrepreneur visionnaire expert en conception-r\u00e9alisation et immobilier durable\" \/>\n<meta name=\"robots\" content=\"index, follow, max-snippet:-1, max-image-preview:large, max-video-preview:-1\" \/>\n<link rel=\"canonical\" href=\"https:\/\/groupefranc.com\/index.php\/portraits\/frederic-briffaud\/\" \/>\n<meta property=\"og:locale\" content=\"en_US\" \/>\n<meta property=\"og:type\" content=\"article\" \/>\n<meta property=\"og:title\" content=\"Gabriel Franc\" \/>\n<meta property=\"og:description\" content=\"Gabriel Franc, Pr\u00e9sident du Groupe Franc Architectures. Entrepreneur visionnaire expert en conception-r\u00e9alisation et immobilier durable\" \/>\n<meta property=\"og:url\" content=\"https:\/\/groupefranc.com\/index.php\/portraits\/frederic-briffaud\/\" \/>\n<meta property=\"og:site_name\" content=\"GROUPE FRANC ARCHITECTURES\" \/>\n<meta property=\"article:modified_time\" content=\"2026-02-11T22:04:06+00:00\" \/>\n<meta property=\"og:image\" content=\"https:\/\/groupefranc.com\/wp-content\/uploads\/2025\/11\/Gabriel-Franc.webp\" \/>\n\t<meta property=\"og:image:width\" content=\"1094\" \/>\n\t<meta property=\"og:image:height\" content=\"1641\" \/>\n\t<meta property=\"og:image:type\" content=\"image\/webp\" \/>\n<meta name=\"twitter:card\" content=\"summary_large_image\" \/>\n<meta name=\"twitter:label1\" content=\"Est. reading time\" \/>\n\t<meta name=\"twitter:data1\" content=\"2 minutes\" \/>\n<script type=\"application\/ld+json\" class=\"yoast-schema-graph\">{\"@context\":\"https:\/\/schema.org\",\"@graph\":[{\"@type\":\"WebPage\",\"@id\":\"https:\/\/groupefranc.com\/index.php\/portraits\/frederic-briffaud\/\",\"url\":\"https:\/\/groupefranc.com\/index.php\/portraits\/frederic-briffaud\/\",\"name\":\"Fr\u00e9d\u00e9ric Briffaud - GROUPE FRANC ARCHITECTURES\",\"isPartOf\":{\"@id\":\"https:\/\/groupefranc.com\/#website\"},\"primaryImageOfPage\":{\"@id\":\"https:\/\/groupefranc.com\/index.php\/portraits\/frederic-briffaud\/#primaryimage\"},\"image\":{\"@id\":\"https:\/\/groupefranc.com\/index.php\/portraits\/frederic-briffaud\/#primaryimage\"},\"thumbnailUrl\":\"https:\/\/groupefranc.com\/wp-content\/uploads\/2025\/11\/Frederic-BRIFFAUD.webp\",\"datePublished\":\"2026-02-11T16:45:01+00:00\",\"dateModified\":\"2026-02-11T22:04:06+00:00\",\"description\":\"Gabriel Franc, Pr\u00e9sident du Groupe Franc Architectures. Entrepreneur visionnaire expert en conception-r\u00e9alisation et immobilier durable\",\"breadcrumb\":{\"@id\":\"https:\/\/groupefranc.com\/index.php\/portraits\/frederic-briffaud\/#breadcrumb\"},\"inLanguage\":\"en-US\",\"potentialAction\":[{\"@type\":\"ReadAction\",\"target\":[\"https:\/\/groupefranc.com\/index.php\/portraits\/frederic-briffaud\/\"]}]},{\"@type\":\"ImageObject\",\"inLanguage\":\"en-US\",\"@id\":\"https:\/\/groupefranc.com\/index.php\/portraits\/frederic-briffaud\/#primaryimage\",\"url\":\"https:\/\/groupefranc.com\/wp-content\/uploads\/2025\/11\/Frederic-BRIFFAUD.webp\",\"contentUrl\":\"https:\/\/groupefranc.com\/wp-content\/uploads\/2025\/11\/Frederic-BRIFFAUD.webp\",\"width\":1682,\"height\":2379,\"caption\":\"Fr\u00e9d\u00e9ric Briffaud\"},{\"@type\":\"BreadcrumbList\",\"@id\":\"https:\/\/groupefranc.com\/index.php\/portraits\/frederic-briffaud\/#breadcrumb\",\"itemListElement\":[{\"@type\":\"ListItem\",\"position\":1,\"name\":\"Home\",\"item\":\"https:\/\/groupefranc.com\/\"},{\"@type\":\"ListItem\",\"position\":2,\"name\":\"Portraits\",\"item\":\"https:\/\/groupefranc.com\/index.php\/portraits\/\"},{\"@type\":\"ListItem\",\"position\":3,\"name\":\"Fr\u00e9d\u00e9ric Briffaud\"}]},{\"@type\":\"WebSite\",\"@id\":\"https:\/\/groupefranc.com\/#website\",\"url\":\"https:\/\/groupefranc.com\/\",\"name\":\"GROUPE FRANC ARCHITECTURES\",\"description\":\"\",\"publisher\":{\"@id\":\"https:\/\/groupefranc.com\/#organization\"},\"potentialAction\":[{\"@type\":\"SearchAction\",\"target\":{\"@type\":\"EntryPoint\",\"urlTemplate\":\"https:\/\/groupefranc.com\/?s={search_term_string}\"},\"query-input\":{\"@type\":\"PropertyValueSpecification\",\"valueRequired\":true,\"valueName\":\"search_term_string\"}}],\"inLanguage\":\"en-US\"},{\"@type\":\"Organization\",\"@id\":\"https:\/\/groupefranc.com\/#organization\",\"name\":\"GROUPE FRANC ARCHITECTURES\",\"url\":\"https:\/\/groupefranc.com\/\",\"logo\":{\"@type\":\"ImageObject\",\"inLanguage\":\"en-US\",\"@id\":\"https:\/\/groupefranc.com\/#\/schema\/logo\/image\/\",\"url\":\"https:\/\/groupefranc.com\/wp-content\/uploads\/2021\/12\/cropped-logo.png\",\"contentUrl\":\"https:\/\/groupefranc.com\/wp-content\/uploads\/2021\/12\/cropped-logo.png\",\"width\":705,\"height\":723,\"caption\":\"GROUPE FRANC ARCHITECTURES\"},\"image\":{\"@id\":\"https:\/\/groupefranc.com\/#\/schema\/logo\/image\/\"},\"sameAs\":[\"https:\/\/www.linkedin.com\/company\/groupe-franc\/\"]}]}<\/script>\n<!-- \/ Yoast SEO plugin. -->","yoast_head_json":{"title":"Fr\u00e9d\u00e9ric Briffaud - GROUPE FRANC ARCHITECTURES","description":"Gabriel Franc, Pr\u00e9sident du Groupe Franc Architectures. Entrepreneur visionnaire expert en conception-r\u00e9alisation et immobilier durable","robots":{"index":"index","follow":"follow","max-snippet":"max-snippet:-1","max-image-preview":"max-image-preview:large","max-video-preview":"max-video-preview:-1"},"canonical":"https:\/\/groupefranc.com\/index.php\/portraits\/frederic-briffaud\/","og_locale":"en_US","og_type":"article","og_title":"Gabriel Franc","og_description":"Gabriel Franc, Pr\u00e9sident du Groupe Franc Architectures. Entrepreneur visionnaire expert en conception-r\u00e9alisation et immobilier durable","og_url":"https:\/\/groupefranc.com\/index.php\/portraits\/frederic-briffaud\/","og_site_name":"GROUPE FRANC ARCHITECTURES","article_modified_time":"2026-02-11T22:04:06+00:00","og_image":[{"width":1094,"height":1641,"url":"https:\/\/groupefranc.com\/wp-content\/uploads\/2025\/11\/Gabriel-Franc.webp","type":"image\/webp"}],"twitter_card":"summary_large_image","twitter_misc":{"Est. reading time":"2 minutes"},"schema":{"@context":"https:\/\/schema.org","@graph":[{"@type":"WebPage","@id":"https:\/\/groupefranc.com\/index.php\/portraits\/frederic-briffaud\/","url":"https:\/\/groupefranc.com\/index.php\/portraits\/frederic-briffaud\/","name":"Fr\u00e9d\u00e9ric Briffaud - GROUPE FRANC ARCHITECTURES","isPartOf":{"@id":"https:\/\/groupefranc.com\/#website"},"primaryImageOfPage":{"@id":"https:\/\/groupefranc.com\/index.php\/portraits\/frederic-briffaud\/#primaryimage"},"image":{"@id":"https:\/\/groupefranc.com\/index.php\/portraits\/frederic-briffaud\/#primaryimage"},"thumbnailUrl":"https:\/\/groupefranc.com\/wp-content\/uploads\/2025\/11\/Frederic-BRIFFAUD.webp","datePublished":"2026-02-11T16:45:01+00:00","dateModified":"2026-02-11T22:04:06+00:00","description":"Gabriel Franc, Pr\u00e9sident du Groupe Franc Architectures. Entrepreneur visionnaire expert en conception-r\u00e9alisation et immobilier durable","breadcrumb":{"@id":"https:\/\/groupefranc.com\/index.php\/portraits\/frederic-briffaud\/#breadcrumb"},"inLanguage":"en-US","potentialAction":[{"@type":"ReadAction","target":["https:\/\/groupefranc.com\/index.php\/portraits\/frederic-briffaud\/"]}]},{"@type":"ImageObject","inLanguage":"en-US","@id":"https:\/\/groupefranc.com\/index.php\/portraits\/frederic-briffaud\/#primaryimage","url":"https:\/\/groupefranc.com\/wp-content\/uploads\/2025\/11\/Frederic-BRIFFAUD.webp","contentUrl":"https:\/\/groupefranc.com\/wp-content\/uploads\/2025\/11\/Frederic-BRIFFAUD.webp","width":1682,"height":2379,"caption":"Fr\u00e9d\u00e9ric Briffaud"},{"@type":"BreadcrumbList","@id":"https:\/\/groupefranc.com\/index.php\/portraits\/frederic-briffaud\/#breadcrumb","itemListElement":[{"@type":"ListItem","position":1,"name":"Home","item":"https:\/\/groupefranc.com\/"},{"@type":"ListItem","position":2,"name":"Portraits","item":"https:\/\/groupefranc.com\/index.php\/portraits\/"},{"@type":"ListItem","position":3,"name":"Fr\u00e9d\u00e9ric Briffaud"}]},{"@type":"WebSite","@id":"https:\/\/groupefranc.com\/#website","url":"https:\/\/groupefranc.com\/","name":"GROUPE FRANC ARCHITECTURES","description":"","publisher":{"@id":"https:\/\/groupefranc.com\/#organization"},"potentialAction":[{"@type":"SearchAction","target":{"@type":"EntryPoint","urlTemplate":"https:\/\/groupefranc.com\/?s={search_term_string}"},"query-input":{"@type":"PropertyValueSpecification","valueRequired":true,"valueName":"search_term_string"}}],"inLanguage":"en-US"},{"@type":"Organization","@id":"https:\/\/groupefranc.com\/#organization","name":"GROUPE FRANC ARCHITECTURES","url":"https:\/\/groupefranc.com\/","logo":{"@type":"ImageObject","inLanguage":"en-US","@id":"https:\/\/groupefranc.com\/#\/schema\/logo\/image\/","url":"https:\/\/groupefranc.com\/wp-content\/uploads\/2021\/12\/cropped-logo.png","contentUrl":"https:\/\/groupefranc.com\/wp-content\/uploads\/2021\/12\/cropped-logo.png","width":705,"height":723,"caption":"GROUPE FRANC ARCHITECTURES"},"image":{"@id":"https:\/\/groupefranc.com\/#\/schema\/logo\/image\/"},"sameAs":["https:\/\/www.linkedin.com\/company\/groupe-franc\/"]}]}},"_links":{"self":[{"href":"https:\/\/groupefranc.com\/index.php\/wp-json\/wp\/v2\/pages\/10686","targetHints":{"allow":["GET"]}}],"collection":[{"href":"https:\/\/groupefranc.com\/index.php\/wp-json\/wp\/v2\/pages"}],"about":[{"href":"https:\/\/groupefranc.com\/index.php\/wp-json\/wp\/v2\/types\/page"}],"author":[{"embeddable":true,"href":"https:\/\/groupefranc.com\/index.php\/wp-json\/wp\/v2\/users\/1"}],"replies":[{"embeddable":true,"href":"https:\/\/groupefranc.com\/index.php\/wp-json\/wp\/v2\/comments?post=10686"}],"version-history":[{"count":13,"href":"https:\/\/groupefranc.com\/index.php\/wp-json\/wp\/v2\/pages\/10686\/revisions"}],"predecessor-version":[{"id":10842,"href":"https:\/\/groupefranc.com\/index.php\/wp-json\/wp\/v2\/pages\/10686\/revisions\/10842"}],"up":[{"embeddable":true,"href":"https:\/\/groupefranc.com\/index.php\/wp-json\/wp\/v2\/pages\/4082"}],"wp:featuredmedia":[{"embeddable":true,"href":"https:\/\/groupefranc.com\/index.php\/wp-json\/wp\/v2\/media\/4106"}],"wp:attachment":[{"href":"https:\/\/groupefranc.com\/index.php\/wp-json\/wp\/v2\/media?parent=10686"}],"curies":[{"name":"wp","href":"https:\/\/api.w.org\/{rel}","templated":true}]}}