{"id":10713,"date":"2026-02-11T17:06:10","date_gmt":"2026-02-11T17:06:10","guid":{"rendered":"https:\/\/groupefranc.com\/?page_id=10713"},"modified":"2026-02-11T22:02:14","modified_gmt":"2026-02-11T22:02:14","slug":"gabriel-navet","status":"publish","type":"page","link":"https:\/\/groupefranc.com\/index.php\/portraits\/gabriel-navet\/","title":{"rendered":"Gabriel Navet"},"content":{"rendered":"\t\t<div data-elementor-type=\"wp-page\" data-elementor-id=\"10713\" class=\"elementor elementor-10713\">\n\t\t\t\t\t\t<section class=\"elementor-section elementor-top-section elementor-element elementor-element-8af2734 elementor-section-full_width background-primary elementor-section-height-min-height elementor-section-items-top elementor-section-height-default wpr-particle-no wpr-jarallax-no wpr-parallax-no wpr-sticky-section-no\" data-id=\"8af2734\" data-element_type=\"section\" data-e-type=\"section\" data-settings=\"{&quot;background_background&quot;:&quot;classic&quot;}\">\n\t\t\t\t\t\t\t<div class=\"elementor-background-overlay\"><\/div>\n\t\t\t\t\t\t\t<div class=\"elementor-container elementor-column-gap-no\">\n\t\t\t\t\t<div class=\"elementor-column elementor-col-50 elementor-top-column elementor-element elementor-element-9a65c76 m_auto-responsive \" data-id=\"9a65c76\" data-element_type=\"column\" data-e-type=\"column\">\n\t\t\t<div class=\"elementor-widget-wrap elementor-element-populated\">\n\t\t\t\t\t\t<div class=\"elementor-element elementor-element-7abaf4e portrait_title maxime elementor-widget elementor-widget-heading\" data-id=\"7abaf4e\" data-element_type=\"widget\" data-e-type=\"widget\" data-settings=\"{&quot;_animation&quot;:&quot;none&quot;}\" data-widget_type=\"heading.default\">\n\t\t\t\t\t<h2 class=\"elementor-heading-title elementor-size-default\">DU TRAIT \u00c0 LA LUMI\u00c9RE, IL IMAGINE L\u2019\u00c2ME DES ESPACES<\/h2>\t\t\t\t<\/div>\n\t\t\t\t<div class=\"elementor-element elementor-element-c2fb4ff animated-fast portrait_title name elementor-widget elementor-widget-heading\" data-id=\"c2fb4ff\" data-element_type=\"widget\" data-e-type=\"widget\" data-settings=\"{&quot;_animation&quot;:&quot;none&quot;}\" data-widget_type=\"heading.default\">\n\t\t\t\t\t<h1 class=\"elementor-heading-title elementor-size-default\">Gabriel Navet<\/h1>\t\t\t\t<\/div>\n\t\t\t\t<div class=\"elementor-element elementor-element-4399d97 animated-fast portrait_title title elementor-widget elementor-widget-heading\" data-id=\"4399d97\" data-element_type=\"widget\" data-e-type=\"widget\" data-settings=\"{&quot;_animation&quot;:&quot;none&quot;}\" data-widget_type=\"heading.default\">\n\t\t\t\t\t<h2 class=\"elementor-heading-title elementor-size-default\">Responsable du Studio Franc \/ Designer, D\u00e9corateur &amp; Perspectiviste 3D<\/h2>\t\t\t\t<\/div>\n\t\t\t\t<div class=\"elementor-element elementor-element-2fc0448 animated-slow elementor-widget__width-initial elementor-widget-tablet__width-initial elementor-widget elementor-widget-text-editor\" data-id=\"2fc0448\" data-element_type=\"widget\" data-e-type=\"widget\" data-settings=\"{&quot;_animation&quot;:&quot;none&quot;}\" data-widget_type=\"text-editor.default\">\n\t\t\t\t\t\t\t\t\t<p><span style=\"font-weight: 400;\">Dipl\u00f4m\u00e9 d\u2019un <\/span><b>Master en Architecture d\u2019Int\u00e9rieur<\/b><span style=\"font-weight: 400;\"> et d\u2019un <\/span><b>BTS Design d\u2019Espace<\/b><span style=\"font-weight: 400;\">, <\/span><b>Gabriel Navet<\/b><span style=\"font-weight: 400;\"> incarne la synergie entre <\/span><b>architecture, design et image<\/b><span style=\"font-weight: 400;\">. Depuis 2017, il \u00e9volue au sein du <\/span><b>Studio Franc<\/b><span style=\"font-weight: 400;\">, le p\u00f4le <\/span><b>design, d\u00e9coration et infographie 3D<\/b><span style=\"font-weight: 400;\"> du <\/span><a href=\"https:\/\/groupefranc.com\/index.php\/a-propos-groupe-franc-architectures\/\"><b>GROUPE FRANC ARCHITECTURES<\/b><\/a><span style=\"font-weight: 400;\">, qu\u2019il dirige aujourd\u2019hui.<\/span><\/p><p><span style=\"font-weight: 400;\">\u00a0 \u00a0V\u00e9ritable <\/span><b>metteur en sc\u00e8ne de l\u2019espace<\/b><span style=\"font-weight: 400;\">, il imagine des univers int\u00e9rieurs et sc\u00e9nographiques o\u00f9 volumes, mati\u00e8res et lumi\u00e8res dialoguent avec pr\u00e9cision. Son savoir-faire allie <\/span><b>conception, d\u00e9coration et visualisation<\/b><span style=\"font-weight: 400;\">, offrant une lecture sensible et immersive des projets, du mobilier \u00e0 l\u2019\u00e9chelle architecturale.<\/span><\/p>\t\t\t\t\t\t\t\t<\/div>\n\t\t<div class=\"elementor-element elementor-element-2a239d2 e-con-full elementor-hidden-desktop e-flex wpr-particle-no wpr-jarallax-no wpr-parallax-no wpr-sticky-section-no e-con e-parent\" data-id=\"2a239d2\" data-element_type=\"container\" data-e-type=\"container\">\n\t\t<div class=\"elementor-element elementor-element-8840687 e-con-full container_portrait e-flex wpr-particle-no wpr-jarallax-no wpr-parallax-no wpr-sticky-section-no e-con e-child\" data-id=\"8840687\" data-element_type=\"container\" data-e-type=\"container\" id=\"Gabriel_Navet\">\n\t\t<div class=\"elementor-element elementor-element-4632552 e-con-full img e-flex wpr-particle-no wpr-jarallax-no wpr-parallax-no wpr-sticky-section-no e-con e-child\" data-id=\"4632552\" data-element_type=\"container\" data-e-type=\"container\" data-settings=\"{&quot;background_background&quot;:&quot;classic&quot;}\">\n\t\t\t\t<\/div>\n\t\t\t\t<\/div>\n\t\t\t\t<\/div>\n\t\t\t\t<div class=\"elementor-element elementor-element-22bc8d1 animated-slow elementor-widget__width-initial elementor-widget-tablet__width-initial elementor-widget elementor-widget-text-editor\" data-id=\"22bc8d1\" data-element_type=\"widget\" data-e-type=\"widget\" data-settings=\"{&quot;_animation&quot;:&quot;none&quot;}\" data-widget_type=\"text-editor.default\">\n\t\t\t\t\t\t\t\t\t<p><span style=\"font-weight: 400;\">\u00a0 \u00a0Sous sa direction, <\/span><a href=\"https:\/\/groupefranc.com\/index.php\/agences\/studio-franc\/\"><b>Studio Franc<\/b><\/a><span style=\"font-weight: 400;\"> s\u2019affirme comme un <\/span><b>laboratoire cr\u00e9atif<\/b><span style=\"font-weight: 400;\"> o\u00f9 l\u2019esth\u00e9tique et la technique se rejoignent au service de la qualit\u00e9 architecturale.<\/span><span style=\"font-weight: 400;\"><br \/><\/span><\/p><p><span style=\"font-weight: 400;\">\u00a0 \u00a0Ses rendus traduisent son exigence et son sens du d\u00e9tail, chaque image ou lieu devenant un v\u00e9ritable r\u00e9cit architectural.<\/span><\/p><p><em><strong>\u00ab Chaque image doit raconter l\u2019espace avant qu\u2019il ne prenne vie. \u00bb<br \/>GN<\/strong><\/em><\/p>\t\t\t\t\t\t\t\t<\/div>\n\t\t\t\t\t<\/div>\n\t\t<\/div>\n\t\t\t\t<div class=\"elementor-column elementor-col-50 elementor-top-column elementor-element elementor-element-ee756c6 elementor-hidden-tablet elementor-hidden-mobile\" data-id=\"ee756c6\" data-element_type=\"column\" data-e-type=\"column\" data-settings=\"{&quot;background_background&quot;:&quot;classic&quot;}\">\n\t\t\t<div class=\"elementor-widget-wrap elementor-element-populated\">\n\t\t\t\t<div class=\"elementor-element elementor-element-0e3646b e-con-full container_portrait e-flex wpr-particle-no wpr-jarallax-no wpr-parallax-no wpr-sticky-section-no e-con e-child\" data-id=\"0e3646b\" data-element_type=\"container\" data-e-type=\"container\" id=\"Gabriel_Navet\">\n\t\t<div class=\"elementor-element elementor-element-7953ed7 e-con-full img e-flex wpr-particle-no wpr-jarallax-no wpr-parallax-no wpr-sticky-section-no e-con e-child\" data-id=\"7953ed7\" data-element_type=\"container\" data-e-type=\"container\" data-settings=\"{&quot;background_background&quot;:&quot;classic&quot;}\">\n\t\t\t\t<\/div>\n\t\t\t\t<\/div>\n\t\t\t\t\t<\/div>\n\t\t<\/div>\n\t\t\t\t\t<\/div>\n\t\t<\/section>\n\t\t\t\t<\/div>\n\t\t","protected":false},"excerpt":{"rendered":"<p>DU TRAIT \u00c0 LA LUMI\u00c9RE, IL IMAGINE L\u2019\u00c2ME DES ESPACES Gabriel Navet Responsable du Studio Franc \/ Designer, D\u00e9corateur &amp; Perspectiviste 3D Dipl\u00f4m\u00e9 d\u2019un Master en Architecture d\u2019Int\u00e9rieur et d\u2019un BTS Design d\u2019Espace, Gabriel Navet incarne la synergie entre architecture, design et image. Depuis 2017, il \u00e9volue au sein du Studio Franc, le p\u00f4le design, d\u00e9coration et infographie 3D du GROUPE FRANC ARCHITECTURES, qu\u2019il dirige aujourd\u2019hui. \u00a0 \u00a0V\u00e9ritable metteur en sc\u00e8ne de l\u2019espace, il imagine des univers int\u00e9rieurs et sc\u00e9nographiques o\u00f9 volumes, mati\u00e8res et lumi\u00e8res dialoguent avec pr\u00e9cision. Son savoir-faire allie conception, d\u00e9coration et visualisation, offrant une lecture sensible et immersive des projets, du mobilier \u00e0 l\u2019\u00e9chelle architecturale. \u00a0 \u00a0Sous sa direction, Studio Franc s\u2019affirme comme un laboratoire cr\u00e9atif o\u00f9 l\u2019esth\u00e9tique et la technique se rejoignent au service de la qualit\u00e9 architecturale. \u00a0 \u00a0Ses rendus traduisent son exigence et son sens du d\u00e9tail, chaque image ou lieu devenant un v\u00e9ritable r\u00e9cit architectural. \u00ab Chaque image doit raconter l\u2019espace avant qu\u2019il ne prenne vie. \u00bbGN<\/p>\n","protected":false},"author":1,"featured_media":6582,"parent":4082,"menu_order":0,"comment_status":"closed","ping_status":"closed","template":"elementor_canvas","meta":{"_vp_format_video_url":"","_vp_image_focal_point":[],"footnotes":""},"class_list":["post-10713","page","type-page","status-publish","has-post-thumbnail","hentry"],"yoast_head":"<!-- This site is optimized with the Yoast SEO plugin v27.1.1 - https:\/\/yoast.com\/product\/yoast-seo-wordpress\/ -->\n<title>Gabriel Navet - GROUPE FRANC ARCHITECTURES<\/title>\n<meta name=\"description\" content=\"Gabriel Franc, Pr\u00e9sident du Groupe Franc Architectures. Entrepreneur visionnaire expert en conception-r\u00e9alisation et immobilier durable\" \/>\n<meta name=\"robots\" content=\"index, follow, max-snippet:-1, max-image-preview:large, max-video-preview:-1\" \/>\n<link rel=\"canonical\" href=\"https:\/\/groupefranc.com\/index.php\/portraits\/gabriel-navet\/\" \/>\n<meta property=\"og:locale\" content=\"en_US\" \/>\n<meta property=\"og:type\" content=\"article\" \/>\n<meta property=\"og:title\" content=\"Gabriel Franc\" \/>\n<meta property=\"og:description\" content=\"Gabriel Franc, Pr\u00e9sident du Groupe Franc Architectures. Entrepreneur visionnaire expert en conception-r\u00e9alisation et immobilier durable\" \/>\n<meta property=\"og:url\" content=\"https:\/\/groupefranc.com\/index.php\/portraits\/gabriel-navet\/\" \/>\n<meta property=\"og:site_name\" content=\"GROUPE FRANC ARCHITECTURES\" \/>\n<meta property=\"article:modified_time\" content=\"2026-02-11T22:02:14+00:00\" \/>\n<meta property=\"og:image\" content=\"https:\/\/groupefranc.com\/wp-content\/uploads\/2025\/11\/Gabriel-Franc.webp\" \/>\n\t<meta property=\"og:image:width\" content=\"1094\" \/>\n\t<meta property=\"og:image:height\" content=\"1641\" \/>\n\t<meta property=\"og:image:type\" content=\"image\/webp\" \/>\n<meta name=\"twitter:card\" content=\"summary_large_image\" \/>\n<meta name=\"twitter:label1\" content=\"Est. reading time\" \/>\n\t<meta name=\"twitter:data1\" content=\"1 minute\" \/>\n<script type=\"application\/ld+json\" class=\"yoast-schema-graph\">{\"@context\":\"https:\/\/schema.org\",\"@graph\":[{\"@type\":\"WebPage\",\"@id\":\"https:\/\/groupefranc.com\/index.php\/portraits\/gabriel-navet\/\",\"url\":\"https:\/\/groupefranc.com\/index.php\/portraits\/gabriel-navet\/\",\"name\":\"Gabriel Navet - GROUPE FRANC ARCHITECTURES\",\"isPartOf\":{\"@id\":\"https:\/\/groupefranc.com\/#website\"},\"primaryImageOfPage\":{\"@id\":\"https:\/\/groupefranc.com\/index.php\/portraits\/gabriel-navet\/#primaryimage\"},\"image\":{\"@id\":\"https:\/\/groupefranc.com\/index.php\/portraits\/gabriel-navet\/#primaryimage\"},\"thumbnailUrl\":\"https:\/\/groupefranc.com\/wp-content\/uploads\/2025\/12\/18-Gabriel-Navet-scaled.jpg\",\"datePublished\":\"2026-02-11T17:06:10+00:00\",\"dateModified\":\"2026-02-11T22:02:14+00:00\",\"description\":\"Gabriel Franc, Pr\u00e9sident du Groupe Franc Architectures. Entrepreneur visionnaire expert en conception-r\u00e9alisation et immobilier durable\",\"breadcrumb\":{\"@id\":\"https:\/\/groupefranc.com\/index.php\/portraits\/gabriel-navet\/#breadcrumb\"},\"inLanguage\":\"en-US\",\"potentialAction\":[{\"@type\":\"ReadAction\",\"target\":[\"https:\/\/groupefranc.com\/index.php\/portraits\/gabriel-navet\/\"]}]},{\"@type\":\"ImageObject\",\"inLanguage\":\"en-US\",\"@id\":\"https:\/\/groupefranc.com\/index.php\/portraits\/gabriel-navet\/#primaryimage\",\"url\":\"https:\/\/groupefranc.com\/wp-content\/uploads\/2025\/12\/18-Gabriel-Navet-scaled.jpg\",\"contentUrl\":\"https:\/\/groupefranc.com\/wp-content\/uploads\/2025\/12\/18-Gabriel-Navet-scaled.jpg\",\"width\":1707,\"height\":2560,\"caption\":\"Gabriel Navet\"},{\"@type\":\"BreadcrumbList\",\"@id\":\"https:\/\/groupefranc.com\/index.php\/portraits\/gabriel-navet\/#breadcrumb\",\"itemListElement\":[{\"@type\":\"ListItem\",\"position\":1,\"name\":\"Home\",\"item\":\"https:\/\/groupefranc.com\/\"},{\"@type\":\"ListItem\",\"position\":2,\"name\":\"Portraits\",\"item\":\"https:\/\/groupefranc.com\/index.php\/portraits\/\"},{\"@type\":\"ListItem\",\"position\":3,\"name\":\"Gabriel Navet\"}]},{\"@type\":\"WebSite\",\"@id\":\"https:\/\/groupefranc.com\/#website\",\"url\":\"https:\/\/groupefranc.com\/\",\"name\":\"GROUPE FRANC ARCHITECTURES\",\"description\":\"\",\"publisher\":{\"@id\":\"https:\/\/groupefranc.com\/#organization\"},\"potentialAction\":[{\"@type\":\"SearchAction\",\"target\":{\"@type\":\"EntryPoint\",\"urlTemplate\":\"https:\/\/groupefranc.com\/?s={search_term_string}\"},\"query-input\":{\"@type\":\"PropertyValueSpecification\",\"valueRequired\":true,\"valueName\":\"search_term_string\"}}],\"inLanguage\":\"en-US\"},{\"@type\":\"Organization\",\"@id\":\"https:\/\/groupefranc.com\/#organization\",\"name\":\"GROUPE FRANC ARCHITECTURES\",\"url\":\"https:\/\/groupefranc.com\/\",\"logo\":{\"@type\":\"ImageObject\",\"inLanguage\":\"en-US\",\"@id\":\"https:\/\/groupefranc.com\/#\/schema\/logo\/image\/\",\"url\":\"https:\/\/groupefranc.com\/wp-content\/uploads\/2021\/12\/cropped-logo.png\",\"contentUrl\":\"https:\/\/groupefranc.com\/wp-content\/uploads\/2021\/12\/cropped-logo.png\",\"width\":705,\"height\":723,\"caption\":\"GROUPE FRANC ARCHITECTURES\"},\"image\":{\"@id\":\"https:\/\/groupefranc.com\/#\/schema\/logo\/image\/\"},\"sameAs\":[\"https:\/\/www.linkedin.com\/company\/groupe-franc\/\"]}]}<\/script>\n<!-- \/ Yoast SEO plugin. -->","yoast_head_json":{"title":"Gabriel Navet - GROUPE FRANC ARCHITECTURES","description":"Gabriel Franc, Pr\u00e9sident du Groupe Franc Architectures. Entrepreneur visionnaire expert en conception-r\u00e9alisation et immobilier durable","robots":{"index":"index","follow":"follow","max-snippet":"max-snippet:-1","max-image-preview":"max-image-preview:large","max-video-preview":"max-video-preview:-1"},"canonical":"https:\/\/groupefranc.com\/index.php\/portraits\/gabriel-navet\/","og_locale":"en_US","og_type":"article","og_title":"Gabriel Franc","og_description":"Gabriel Franc, Pr\u00e9sident du Groupe Franc Architectures. Entrepreneur visionnaire expert en conception-r\u00e9alisation et immobilier durable","og_url":"https:\/\/groupefranc.com\/index.php\/portraits\/gabriel-navet\/","og_site_name":"GROUPE FRANC ARCHITECTURES","article_modified_time":"2026-02-11T22:02:14+00:00","og_image":[{"width":1094,"height":1641,"url":"https:\/\/groupefranc.com\/wp-content\/uploads\/2025\/11\/Gabriel-Franc.webp","type":"image\/webp"}],"twitter_card":"summary_large_image","twitter_misc":{"Est. reading time":"1 minute"},"schema":{"@context":"https:\/\/schema.org","@graph":[{"@type":"WebPage","@id":"https:\/\/groupefranc.com\/index.php\/portraits\/gabriel-navet\/","url":"https:\/\/groupefranc.com\/index.php\/portraits\/gabriel-navet\/","name":"Gabriel Navet - GROUPE FRANC ARCHITECTURES","isPartOf":{"@id":"https:\/\/groupefranc.com\/#website"},"primaryImageOfPage":{"@id":"https:\/\/groupefranc.com\/index.php\/portraits\/gabriel-navet\/#primaryimage"},"image":{"@id":"https:\/\/groupefranc.com\/index.php\/portraits\/gabriel-navet\/#primaryimage"},"thumbnailUrl":"https:\/\/groupefranc.com\/wp-content\/uploads\/2025\/12\/18-Gabriel-Navet-scaled.jpg","datePublished":"2026-02-11T17:06:10+00:00","dateModified":"2026-02-11T22:02:14+00:00","description":"Gabriel Franc, Pr\u00e9sident du Groupe Franc Architectures. Entrepreneur visionnaire expert en conception-r\u00e9alisation et immobilier durable","breadcrumb":{"@id":"https:\/\/groupefranc.com\/index.php\/portraits\/gabriel-navet\/#breadcrumb"},"inLanguage":"en-US","potentialAction":[{"@type":"ReadAction","target":["https:\/\/groupefranc.com\/index.php\/portraits\/gabriel-navet\/"]}]},{"@type":"ImageObject","inLanguage":"en-US","@id":"https:\/\/groupefranc.com\/index.php\/portraits\/gabriel-navet\/#primaryimage","url":"https:\/\/groupefranc.com\/wp-content\/uploads\/2025\/12\/18-Gabriel-Navet-scaled.jpg","contentUrl":"https:\/\/groupefranc.com\/wp-content\/uploads\/2025\/12\/18-Gabriel-Navet-scaled.jpg","width":1707,"height":2560,"caption":"Gabriel Navet"},{"@type":"BreadcrumbList","@id":"https:\/\/groupefranc.com\/index.php\/portraits\/gabriel-navet\/#breadcrumb","itemListElement":[{"@type":"ListItem","position":1,"name":"Home","item":"https:\/\/groupefranc.com\/"},{"@type":"ListItem","position":2,"name":"Portraits","item":"https:\/\/groupefranc.com\/index.php\/portraits\/"},{"@type":"ListItem","position":3,"name":"Gabriel Navet"}]},{"@type":"WebSite","@id":"https:\/\/groupefranc.com\/#website","url":"https:\/\/groupefranc.com\/","name":"GROUPE FRANC ARCHITECTURES","description":"","publisher":{"@id":"https:\/\/groupefranc.com\/#organization"},"potentialAction":[{"@type":"SearchAction","target":{"@type":"EntryPoint","urlTemplate":"https:\/\/groupefranc.com\/?s={search_term_string}"},"query-input":{"@type":"PropertyValueSpecification","valueRequired":true,"valueName":"search_term_string"}}],"inLanguage":"en-US"},{"@type":"Organization","@id":"https:\/\/groupefranc.com\/#organization","name":"GROUPE FRANC ARCHITECTURES","url":"https:\/\/groupefranc.com\/","logo":{"@type":"ImageObject","inLanguage":"en-US","@id":"https:\/\/groupefranc.com\/#\/schema\/logo\/image\/","url":"https:\/\/groupefranc.com\/wp-content\/uploads\/2021\/12\/cropped-logo.png","contentUrl":"https:\/\/groupefranc.com\/wp-content\/uploads\/2021\/12\/cropped-logo.png","width":705,"height":723,"caption":"GROUPE FRANC ARCHITECTURES"},"image":{"@id":"https:\/\/groupefranc.com\/#\/schema\/logo\/image\/"},"sameAs":["https:\/\/www.linkedin.com\/company\/groupe-franc\/"]}]}},"_links":{"self":[{"href":"https:\/\/groupefranc.com\/index.php\/wp-json\/wp\/v2\/pages\/10713","targetHints":{"allow":["GET"]}}],"collection":[{"href":"https:\/\/groupefranc.com\/index.php\/wp-json\/wp\/v2\/pages"}],"about":[{"href":"https:\/\/groupefranc.com\/index.php\/wp-json\/wp\/v2\/types\/page"}],"author":[{"embeddable":true,"href":"https:\/\/groupefranc.com\/index.php\/wp-json\/wp\/v2\/users\/1"}],"replies":[{"embeddable":true,"href":"https:\/\/groupefranc.com\/index.php\/wp-json\/wp\/v2\/comments?post=10713"}],"version-history":[{"count":7,"href":"https:\/\/groupefranc.com\/index.php\/wp-json\/wp\/v2\/pages\/10713\/revisions"}],"predecessor-version":[{"id":10833,"href":"https:\/\/groupefranc.com\/index.php\/wp-json\/wp\/v2\/pages\/10713\/revisions\/10833"}],"up":[{"embeddable":true,"href":"https:\/\/groupefranc.com\/index.php\/wp-json\/wp\/v2\/pages\/4082"}],"wp:featuredmedia":[{"embeddable":true,"href":"https:\/\/groupefranc.com\/index.php\/wp-json\/wp\/v2\/media\/6582"}],"wp:attachment":[{"href":"https:\/\/groupefranc.com\/index.php\/wp-json\/wp\/v2\/media?parent=10713"}],"curies":[{"name":"wp","href":"https:\/\/api.w.org\/{rel}","templated":true}]}}