{"id":14296,"date":"2026-02-22T17:10:15","date_gmt":"2026-02-22T17:10:15","guid":{"rendered":"https:\/\/groupefranc.com\/?page_id=14296"},"modified":"2026-03-04T08:50:24","modified_gmt":"2026-03-04T08:50:24","slug":"relations-presse","status":"publish","type":"page","link":"https:\/\/groupefranc.com\/index.php\/relations-presse\/","title":{"rendered":"Relations Presse"},"content":{"rendered":"\t\t<div data-elementor-type=\"wp-page\" data-elementor-id=\"14296\" class=\"elementor elementor-14296\">\n\t\t\t\t\t\t<section class=\"elementor-section elementor-top-section elementor-element elementor-element-1a51dfc elementor-section-full_width background-primary elementor-section-height-default elementor-section-height-default wpr-particle-no wpr-jarallax-no wpr-parallax-no wpr-sticky-section-no\" data-id=\"1a51dfc\" data-element_type=\"section\" data-e-type=\"section\" data-settings=\"{&quot;background_background&quot;:&quot;classic&quot;}\">\n\t\t\t\t\t\t\t<div class=\"elementor-background-overlay\"><\/div>\n\t\t\t\t\t\t\t<div class=\"elementor-container elementor-column-gap-no\">\n\t\t\t\t\t<div class=\"elementor-column elementor-col-100 elementor-top-column elementor-element elementor-element-955834c .m_auto-responsive \" data-id=\"955834c\" data-element_type=\"column\" data-e-type=\"column\">\n\t\t\t<div class=\"elementor-widget-wrap elementor-element-populated\">\n\t\t\t\t\t\t<div class=\"elementor-element elementor-element-c7cf9a9 animated-fast elementor-widget elementor-widget-heading\" data-id=\"c7cf9a9\" data-element_type=\"widget\" data-e-type=\"widget\" data-settings=\"{&quot;_animation&quot;:&quot;none&quot;}\" data-widget_type=\"heading.default\">\n\t\t\t\t\t<h1 class=\"elementor-heading-title elementor-size-default\">Relations Presse<\/h1>\t\t\t\t<\/div>\n\t\t\t\t<div class=\"elementor-element elementor-element-9d33279 animated-slow elementor-widget__width-initial elementor-widget elementor-widget-text-editor\" data-id=\"9d33279\" data-element_type=\"widget\" data-e-type=\"widget\" data-settings=\"{&quot;_animation&quot;:&quot;none&quot;}\" data-widget_type=\"text-editor.default\">\n\t\t\t\t\t\t\t\t\t<p style=\"font-weight: 400;\">Les plus belles collaborations \u00e9ditoriales commencent souvent par un simple \u00e9change.<br \/>Notre service presse est \u00e0 votre \u00e9coute.<\/p>\t\t\t\t\t\t\t\t<\/div>\n\t\t\t\t\t<\/div>\n\t\t<\/div>\n\t\t\t\t\t<\/div>\n\t\t<\/section>\n\t\t\t\t<section class=\"elementor-section elementor-top-section elementor-element elementor-element-16c804c6 elementor-section-full_width elementor-section-height-min-height elementor-section-height-default elementor-section-items-middle wpr-particle-no wpr-jarallax-no wpr-parallax-no wpr-sticky-section-no\" data-id=\"16c804c6\" data-element_type=\"section\" data-e-type=\"section\">\n\t\t\t\t\t\t<div class=\"elementor-container elementor-column-gap-no\">\n\t\t\t\t\t<div class=\"elementor-column elementor-col-100 elementor-top-column elementor-element elementor-element-7c6a9c1 .m_auto-responsive \" data-id=\"7c6a9c1\" data-element_type=\"column\" data-e-type=\"column\">\n\t\t\t<div class=\"elementor-widget-wrap elementor-element-populated\">\n\t\t\t\t\t\t<div class=\"elementor-element elementor-element-cc2e10b animated-fast elementor-widget elementor-widget-heading\" data-id=\"cc2e10b\" data-element_type=\"widget\" data-e-type=\"widget\" data-settings=\"{&quot;_animation&quot;:&quot;none&quot;}\" data-widget_type=\"heading.default\">\n\t\t\t\t\t<h3 class=\"elementor-heading-title elementor-size-default\">Contact presse<\/h3>\t\t\t\t<\/div>\n\t\t\t\t<div class=\"elementor-element elementor-element-fd676ed elementor-widget__width-initial animated-slow elementor-widget elementor-widget-text-editor\" data-id=\"fd676ed\" data-element_type=\"widget\" data-e-type=\"widget\" data-settings=\"{&quot;_animation&quot;:&quot;none&quot;}\" data-widget_type=\"text-editor.default\">\n\t\t\t\t\t\t\t\t\t<div class=\"bio-container\"><p><a href=\"mailto:presse@groupefranc.com\">presse@groupefranc.com<\/a><\/p><\/div>\t\t\t\t\t\t\t\t<\/div>\n\t\t\t\t\t<\/div>\n\t\t<\/div>\n\t\t\t\t\t<\/div>\n\t\t<\/section>\n\t\t\t\t<section class=\"elementor-section elementor-top-section elementor-element elementor-element-2b07b82 elementor-section-full_width elementor-section-height-min-height elementor-section-height-default elementor-section-items-middle wpr-particle-no wpr-jarallax-no wpr-parallax-no wpr-sticky-section-no\" data-id=\"2b07b82\" data-element_type=\"section\" data-e-type=\"section\">\n\t\t\t\t\t\t<div class=\"elementor-container elementor-column-gap-no\">\n\t\t\t\t\t<div class=\"elementor-column elementor-col-100 elementor-top-column elementor-element elementor-element-1b16fc2 .m_auto-responsive \" data-id=\"1b16fc2\" data-element_type=\"column\" data-e-type=\"column\">\n\t\t\t<div class=\"elementor-widget-wrap elementor-element-populated\">\n\t\t\t\t\t\t<div class=\"elementor-element elementor-element-e23ac74 elementor-widget elementor-widget-image\" data-id=\"e23ac74\" data-element_type=\"widget\" data-e-type=\"widget\" data-widget_type=\"image.default\">\n\t\t\t\t\t\t\t\t\t\t\t\t\t\t\t<img fetchpriority=\"high\" decoding=\"async\" width=\"2192\" height=\"369\" src=\"https:\/\/groupefranc.com\/wp-content\/uploads\/2026\/02\/Capture-magazines.png\" class=\"attachment-full size-full wp-image-14298\" alt=\"\" srcset=\"https:\/\/groupefranc.com\/wp-content\/uploads\/2026\/02\/Capture-magazines.png 2192w, https:\/\/groupefranc.com\/wp-content\/uploads\/2026\/02\/Capture-magazines-1536x259.png 1536w, https:\/\/groupefranc.com\/wp-content\/uploads\/2026\/02\/Capture-magazines-2048x345.png 2048w, https:\/\/groupefranc.com\/wp-content\/uploads\/2026\/02\/Capture-magazines-200x34.png 200w, https:\/\/groupefranc.com\/wp-content\/uploads\/2026\/02\/Capture-magazines-500x84.png 500w, https:\/\/groupefranc.com\/wp-content\/uploads\/2026\/02\/Capture-magazines-800x135.png 800w, https:\/\/groupefranc.com\/wp-content\/uploads\/2026\/02\/Capture-magazines-1280x215.png 1280w, https:\/\/groupefranc.com\/wp-content\/uploads\/2026\/02\/Capture-magazines-1920x323.png 1920w\" sizes=\"(max-width: 2192px) 100vw, 2192px\" \/>\t\t\t\t\t\t\t\t\t\t\t\t\t\t\t<\/div>\n\t\t\t\t\t<\/div>\n\t\t<\/div>\n\t\t\t\t\t<\/div>\n\t\t<\/section>\n\t\t\t\t<\/div>\n\t\t","protected":false},"excerpt":{"rendered":"<p>Relations Presse Les plus belles collaborations \u00e9ditoriales commencent souvent par un simple \u00e9change.Notre service presse est \u00e0 votre \u00e9coute. Contact presse presse@groupefranc.com<\/p>\n","protected":false},"author":1,"featured_media":0,"parent":0,"menu_order":0,"comment_status":"closed","ping_status":"closed","template":"elementor_canvas","meta":{"_vp_format_video_url":"","_vp_image_focal_point":[],"footnotes":""},"class_list":["post-14296","page","type-page","status-publish","hentry"],"yoast_head":"<!-- This site is optimized with the Yoast SEO plugin v27.1.1 - https:\/\/yoast.com\/product\/yoast-seo-wordpress\/ -->\n<title>Relations Presse - GROUPE FRANC ARCHITECTURES<\/title>\n<meta name=\"description\" content=\"GROUPE FRANC ARCHITECTURES : b\u00e2tisseur depuis 50 ans. Expertise en conception et r\u00e9habilitation pour la logistique, l&#039;industrie et tertiaire\" \/>\n<meta name=\"robots\" content=\"index, follow, max-snippet:-1, max-image-preview:large, max-video-preview:-1\" \/>\n<link rel=\"canonical\" href=\"https:\/\/groupefranc.com\/index.php\/relations-presse\/\" \/>\n<meta property=\"og:locale\" content=\"en_US\" \/>\n<meta property=\"og:type\" content=\"article\" \/>\n<meta property=\"og:title\" content=\"A propos GROUPE FRANC ARCHITECTURES\" \/>\n<meta property=\"og:description\" content=\"GROUPE FRANC ARCHITECTURES : b\u00e2tisseur depuis 50 ans. Expertise en conception et r\u00e9habilitation pour la logistique, l&#039;industrie et tertiaire\" \/>\n<meta property=\"og:url\" content=\"https:\/\/groupefranc.com\/index.php\/relations-presse\/\" \/>\n<meta property=\"og:site_name\" content=\"GROUPE FRANC ARCHITECTURES\" \/>\n<meta property=\"article:modified_time\" content=\"2026-03-04T08:50:24+00:00\" \/>\n<meta property=\"og:image\" content=\"https:\/\/groupefranc.com\/wp-content\/uploads\/2021\/12\/cropped-logo.png\" \/>\n\t<meta property=\"og:image:width\" content=\"705\" \/>\n\t<meta property=\"og:image:height\" content=\"723\" \/>\n\t<meta property=\"og:image:type\" content=\"image\/png\" \/>\n<meta name=\"twitter:card\" content=\"summary_large_image\" \/>\n<meta name=\"twitter:label1\" content=\"Est. reading time\" \/>\n\t<meta name=\"twitter:data1\" content=\"1 minute\" \/>\n<script type=\"application\/ld+json\" class=\"yoast-schema-graph\">{\"@context\":\"https:\/\/schema.org\",\"@graph\":[{\"@type\":[\"WebPage\",\"AboutPage\"],\"@id\":\"https:\/\/groupefranc.com\/index.php\/relations-presse\/\",\"url\":\"https:\/\/groupefranc.com\/index.php\/relations-presse\/\",\"name\":\"Relations Presse - GROUPE FRANC ARCHITECTURES\",\"isPartOf\":{\"@id\":\"https:\/\/groupefranc.com\/#website\"},\"primaryImageOfPage\":{\"@id\":\"https:\/\/groupefranc.com\/index.php\/relations-presse\/#primaryimage\"},\"image\":{\"@id\":\"https:\/\/groupefranc.com\/index.php\/relations-presse\/#primaryimage\"},\"thumbnailUrl\":\"https:\/\/groupefranc.com\/wp-content\/uploads\/2026\/02\/Capture-magazines.png\",\"datePublished\":\"2026-02-22T17:10:15+00:00\",\"dateModified\":\"2026-03-04T08:50:24+00:00\",\"description\":\"GROUPE FRANC ARCHITECTURES : b\u00e2tisseur depuis 50 ans. Expertise en conception et r\u00e9habilitation pour la logistique, l'industrie et tertiaire\",\"breadcrumb\":{\"@id\":\"https:\/\/groupefranc.com\/index.php\/relations-presse\/#breadcrumb\"},\"inLanguage\":\"en-US\",\"potentialAction\":[{\"@type\":\"ReadAction\",\"target\":[\"https:\/\/groupefranc.com\/index.php\/relations-presse\/\"]}]},{\"@type\":\"ImageObject\",\"inLanguage\":\"en-US\",\"@id\":\"https:\/\/groupefranc.com\/index.php\/relations-presse\/#primaryimage\",\"url\":\"https:\/\/groupefranc.com\/wp-content\/uploads\/2026\/02\/Capture-magazines.png\",\"contentUrl\":\"https:\/\/groupefranc.com\/wp-content\/uploads\/2026\/02\/Capture-magazines.png\",\"width\":2192,\"height\":369},{\"@type\":\"BreadcrumbList\",\"@id\":\"https:\/\/groupefranc.com\/index.php\/relations-presse\/#breadcrumb\",\"itemListElement\":[{\"@type\":\"ListItem\",\"position\":1,\"name\":\"Home\",\"item\":\"https:\/\/groupefranc.com\/\"},{\"@type\":\"ListItem\",\"position\":2,\"name\":\"Relations Presse\"}]},{\"@type\":\"WebSite\",\"@id\":\"https:\/\/groupefranc.com\/#website\",\"url\":\"https:\/\/groupefranc.com\/\",\"name\":\"GROUPE FRANC ARCHITECTURES\",\"description\":\"\",\"publisher\":{\"@id\":\"https:\/\/groupefranc.com\/#organization\"},\"potentialAction\":[{\"@type\":\"SearchAction\",\"target\":{\"@type\":\"EntryPoint\",\"urlTemplate\":\"https:\/\/groupefranc.com\/?s={search_term_string}\"},\"query-input\":{\"@type\":\"PropertyValueSpecification\",\"valueRequired\":true,\"valueName\":\"search_term_string\"}}],\"inLanguage\":\"en-US\"},{\"@type\":\"Organization\",\"@id\":\"https:\/\/groupefranc.com\/#organization\",\"name\":\"GROUPE FRANC ARCHITECTURES\",\"url\":\"https:\/\/groupefranc.com\/\",\"logo\":{\"@type\":\"ImageObject\",\"inLanguage\":\"en-US\",\"@id\":\"https:\/\/groupefranc.com\/#\/schema\/logo\/image\/\",\"url\":\"https:\/\/groupefranc.com\/wp-content\/uploads\/2021\/12\/cropped-logo.png\",\"contentUrl\":\"https:\/\/groupefranc.com\/wp-content\/uploads\/2021\/12\/cropped-logo.png\",\"width\":705,\"height\":723,\"caption\":\"GROUPE FRANC ARCHITECTURES\"},\"image\":{\"@id\":\"https:\/\/groupefranc.com\/#\/schema\/logo\/image\/\"},\"sameAs\":[\"https:\/\/www.linkedin.com\/company\/groupe-franc\/\"]}]}<\/script>\n<!-- \/ Yoast SEO plugin. -->","yoast_head_json":{"title":"Relations Presse - GROUPE FRANC ARCHITECTURES","description":"GROUPE FRANC ARCHITECTURES : b\u00e2tisseur depuis 50 ans. Expertise en conception et r\u00e9habilitation pour la logistique, l'industrie et tertiaire","robots":{"index":"index","follow":"follow","max-snippet":"max-snippet:-1","max-image-preview":"max-image-preview:large","max-video-preview":"max-video-preview:-1"},"canonical":"https:\/\/groupefranc.com\/index.php\/relations-presse\/","og_locale":"en_US","og_type":"article","og_title":"A propos GROUPE FRANC ARCHITECTURES","og_description":"GROUPE FRANC ARCHITECTURES : b\u00e2tisseur depuis 50 ans. Expertise en conception et r\u00e9habilitation pour la logistique, l'industrie et tertiaire","og_url":"https:\/\/groupefranc.com\/index.php\/relations-presse\/","og_site_name":"GROUPE FRANC ARCHITECTURES","article_modified_time":"2026-03-04T08:50:24+00:00","og_image":[{"width":705,"height":723,"url":"https:\/\/groupefranc.com\/wp-content\/uploads\/2021\/12\/cropped-logo.png","type":"image\/png"}],"twitter_card":"summary_large_image","twitter_misc":{"Est. reading time":"1 minute"},"schema":{"@context":"https:\/\/schema.org","@graph":[{"@type":["WebPage","AboutPage"],"@id":"https:\/\/groupefranc.com\/index.php\/relations-presse\/","url":"https:\/\/groupefranc.com\/index.php\/relations-presse\/","name":"Relations Presse - GROUPE FRANC ARCHITECTURES","isPartOf":{"@id":"https:\/\/groupefranc.com\/#website"},"primaryImageOfPage":{"@id":"https:\/\/groupefranc.com\/index.php\/relations-presse\/#primaryimage"},"image":{"@id":"https:\/\/groupefranc.com\/index.php\/relations-presse\/#primaryimage"},"thumbnailUrl":"https:\/\/groupefranc.com\/wp-content\/uploads\/2026\/02\/Capture-magazines.png","datePublished":"2026-02-22T17:10:15+00:00","dateModified":"2026-03-04T08:50:24+00:00","description":"GROUPE FRANC ARCHITECTURES : b\u00e2tisseur depuis 50 ans. Expertise en conception et r\u00e9habilitation pour la logistique, l'industrie et tertiaire","breadcrumb":{"@id":"https:\/\/groupefranc.com\/index.php\/relations-presse\/#breadcrumb"},"inLanguage":"en-US","potentialAction":[{"@type":"ReadAction","target":["https:\/\/groupefranc.com\/index.php\/relations-presse\/"]}]},{"@type":"ImageObject","inLanguage":"en-US","@id":"https:\/\/groupefranc.com\/index.php\/relations-presse\/#primaryimage","url":"https:\/\/groupefranc.com\/wp-content\/uploads\/2026\/02\/Capture-magazines.png","contentUrl":"https:\/\/groupefranc.com\/wp-content\/uploads\/2026\/02\/Capture-magazines.png","width":2192,"height":369},{"@type":"BreadcrumbList","@id":"https:\/\/groupefranc.com\/index.php\/relations-presse\/#breadcrumb","itemListElement":[{"@type":"ListItem","position":1,"name":"Home","item":"https:\/\/groupefranc.com\/"},{"@type":"ListItem","position":2,"name":"Relations Presse"}]},{"@type":"WebSite","@id":"https:\/\/groupefranc.com\/#website","url":"https:\/\/groupefranc.com\/","name":"GROUPE FRANC ARCHITECTURES","description":"","publisher":{"@id":"https:\/\/groupefranc.com\/#organization"},"potentialAction":[{"@type":"SearchAction","target":{"@type":"EntryPoint","urlTemplate":"https:\/\/groupefranc.com\/?s={search_term_string}"},"query-input":{"@type":"PropertyValueSpecification","valueRequired":true,"valueName":"search_term_string"}}],"inLanguage":"en-US"},{"@type":"Organization","@id":"https:\/\/groupefranc.com\/#organization","name":"GROUPE FRANC ARCHITECTURES","url":"https:\/\/groupefranc.com\/","logo":{"@type":"ImageObject","inLanguage":"en-US","@id":"https:\/\/groupefranc.com\/#\/schema\/logo\/image\/","url":"https:\/\/groupefranc.com\/wp-content\/uploads\/2021\/12\/cropped-logo.png","contentUrl":"https:\/\/groupefranc.com\/wp-content\/uploads\/2021\/12\/cropped-logo.png","width":705,"height":723,"caption":"GROUPE FRANC ARCHITECTURES"},"image":{"@id":"https:\/\/groupefranc.com\/#\/schema\/logo\/image\/"},"sameAs":["https:\/\/www.linkedin.com\/company\/groupe-franc\/"]}]}},"_links":{"self":[{"href":"https:\/\/groupefranc.com\/index.php\/wp-json\/wp\/v2\/pages\/14296","targetHints":{"allow":["GET"]}}],"collection":[{"href":"https:\/\/groupefranc.com\/index.php\/wp-json\/wp\/v2\/pages"}],"about":[{"href":"https:\/\/groupefranc.com\/index.php\/wp-json\/wp\/v2\/types\/page"}],"author":[{"embeddable":true,"href":"https:\/\/groupefranc.com\/index.php\/wp-json\/wp\/v2\/users\/1"}],"replies":[{"embeddable":true,"href":"https:\/\/groupefranc.com\/index.php\/wp-json\/wp\/v2\/comments?post=14296"}],"version-history":[{"count":58,"href":"https:\/\/groupefranc.com\/index.php\/wp-json\/wp\/v2\/pages\/14296\/revisions"}],"predecessor-version":[{"id":16169,"href":"https:\/\/groupefranc.com\/index.php\/wp-json\/wp\/v2\/pages\/14296\/revisions\/16169"}],"wp:attachment":[{"href":"https:\/\/groupefranc.com\/index.php\/wp-json\/wp\/v2\/media?parent=14296"}],"curies":[{"name":"wp","href":"https:\/\/api.w.org\/{rel}","templated":true}]}}