{"id":2307,"date":"2025-11-11T13:26:54","date_gmt":"2025-11-11T13:26:54","guid":{"rendered":"https:\/\/groupefranc.com\/?page_id=2307"},"modified":"2026-03-06T09:51:21","modified_gmt":"2026-03-06T09:51:21","slug":"studio-franc","status":"publish","type":"page","link":"https:\/\/groupefranc.com\/index.php\/agences\/studio-franc\/","title":{"rendered":"STUDIO FRANC"},"content":{"rendered":"\t\t<div data-elementor-type=\"wp-page\" data-elementor-id=\"2307\" class=\"elementor elementor-2307\">\n\t\t\t\t\t\t<section class=\"elementor-section elementor-top-section elementor-element elementor-element-727ec21a elementor-section-full_width background-primary elementor-reverse-tablet elementor-reverse-mobile elementor-section-height-default elementor-section-height-default wpr-particle-no wpr-jarallax-no wpr-parallax-no wpr-sticky-section-no\" data-id=\"727ec21a\" data-element_type=\"section\" data-e-type=\"section\" id=\"about_landing\" data-settings=\"{&quot;background_background&quot;:&quot;classic&quot;}\">\n\t\t\t\t\t\t\t<div class=\"elementor-background-overlay\"><\/div>\n\t\t\t\t\t\t\t<div class=\"elementor-container elementor-column-gap-no\">\n\t\t\t\t\t<div class=\"elementor-column elementor-col-50 elementor-top-column elementor-element elementor-element-79ddc0cd\" data-id=\"79ddc0cd\" data-element_type=\"column\" data-e-type=\"column\">\n\t\t\t<div class=\"elementor-widget-wrap elementor-element-populated\">\n\t\t\t\t\t\t<div class=\"elementor-element elementor-element-2a79630d animated-fast elementor-hidden-tablet elementor-hidden-mobile elementor-widget elementor-widget-heading\" data-id=\"2a79630d\" data-element_type=\"widget\" data-e-type=\"widget\" data-settings=\"{&quot;_animation&quot;:&quot;none&quot;}\" data-widget_type=\"heading.default\">\n\t\t\t\t\t<h1 class=\"elementor-heading-title elementor-size-default\">STUDIO FRANC<\/h1>\t\t\t\t<\/div>\n\t\t\t\t<div class=\"elementor-element elementor-element-253e6275 animated-slow elementor-widget elementor-widget-text-editor\" data-id=\"253e6275\" data-element_type=\"widget\" data-e-type=\"widget\" data-settings=\"{&quot;_animation&quot;:&quot;none&quot;}\" data-widget_type=\"text-editor.default\">\n\t\t\t\t\t\t\t\t\t<div class=\"row\"><div class=\"col-lg-12\"><p>STUDIO FRANC <span style=\"font-weight: 400;\">est l\u2019agence d\u2019architecture d\u2019int\u00e9rieur, de design et d\u2019image du <a href=\"https:\/\/groupefranc.com\/index.php\/a-propos-groupe-franc-architectures\/\">GROUPE FRANC ARCHITECTURES<\/a>. Fond\u00e9 sur une conviction forte<\/span>, l\u2019esth\u00e9tique ne doit jamais \u00eatre dissoci\u00e9e du sens<span style=\"font-weight: 400;\">, le studio con\u00e7oit des espaces sur mesure qui racontent une histoire : celle des lieux et de ceux qui les habitent.\u00a0<\/span><\/p><p><span style=\"font-weight: 400;\">\u00a0 \u00a0Install\u00e9 \u00e0 <a href=\"https:\/\/www.bordeaux.fr\/\">Bordeaux<\/a>, STUDIO FRANC intervient sur des projets d\u2019h\u00f4tellerie, de restaurants, de retail, de r\u00e9sidentiel haut de gamme, de tertiaire et de si\u00e8ges sociaux. D\u2019H\u00f4tels de renoms aux ch\u00e2teaux viticoles bordelais, en passant par des r\u00e9sidences \u00e9tudiantes, seniors ou des showrooms, le studio d\u00e9veloppe des univers int\u00e9rieurs singuliers, \u00e9l\u00e9gants et durables.\u00a0<\/span><\/p><p><span style=\"font-weight: 400;\">Son expertise repose sur un double savoir-faire :<\/span><\/p><ul><li style=\"font-weight: 400;\" aria-level=\"1\"><span style=\"font-weight: 400;\">Architecture d\u2019int\u00e9rieur &amp; d\u00e9coration : conception compl\u00e8te des espaces, travail sur les volumes, la lumi\u00e8re, les mati\u00e8res, le mobilier sur-mesure et les ambiances, en lien \u00e9troit avec les usages et le niveau de service attendu.<\/span><\/li><li style=\"font-weight: 400;\" aria-level=\"1\"><span style=\"font-weight: 400;\">Infographie &amp; perspectivisme : images 3D, perspectives, films, r\u00e9alit\u00e9 augment\u00e9e et supports graphiques permettant de mettre en sc\u00e8ne les projets, de faciliter les d\u00e9cisions et d\u2019accompagner la commercialisation.\u00a0<\/span><\/li><\/ul><p><span style=\"font-weight: 400;\"><br \/>\u00a0 \u00a0L\u2019\u00e9quipe rassemble architectes, architectes d\u2019int\u00e9rieur, designers, graphistes et r\u00e9alisateurs 3D. Cette pluridisciplinarit\u00e9 permet d\u2019assurer une continuit\u00e9 entre la conception, l\u2019\u00e9criture des ambiances et la mise en image, de la premi\u00e8re esquisse jusqu\u2019\u00e0 la livraison. Le studio privil\u00e9gie les collaborations avec des artisans et fabricants engag\u00e9s, dans une logique de durabilit\u00e9, de qualit\u00e9 des d\u00e9tails et d\u2019\u00e9l\u00e9gance discr\u00e8te.\u00a0<\/span><\/p><p>\u00a0 \u00a0STUDIO FRANC signe ainsi une esth\u00e9tique contemporaine, po\u00e9tique et intemporelle<span style=\"font-weight: 400;\">, au service de lieux \u00e0 vivre, \u00e0 travailler ou \u00e0 recevoir, pens\u00e9s comme des exp\u00e9riences compl\u00e8tes.<\/span><\/p><\/div><\/div>\t\t\t\t\t\t\t\t<\/div>\n\t\t\t\t<div class=\"elementor-element elementor-element-205b8e3 animated-fast elementor-widget elementor-widget-heading\" data-id=\"205b8e3\" data-element_type=\"widget\" data-e-type=\"widget\" data-settings=\"{&quot;_animation&quot;:&quot;none&quot;}\" data-widget_type=\"heading.default\">\n\t\t\t\t\t<h2 class=\"elementor-heading-title elementor-size-default\">Contact<\/h2>\t\t\t\t<\/div>\n\t\t\t\t<div class=\"elementor-element elementor-element-8e8eec6 animated-slow elementor-widget elementor-widget-text-editor\" data-id=\"8e8eec6\" data-element_type=\"widget\" data-e-type=\"widget\" data-settings=\"{&quot;_animation&quot;:&quot;none&quot;}\" data-widget_type=\"text-editor.default\">\n\t\t\t\t\t\t\t\t\t<div class=\"row\"><div class=\"col-lg-12\"><p>STUDIO FRANC \u2013 BORDEAUX<br \/>23, rue Margaux \u2013 33000 Bordeaux <br \/>T\u00e9l : 05 56 02 50 50<br \/>contact@sf-groupefranc.com<\/p><\/div><\/div>\t\t\t\t\t\t\t\t<\/div>\n\t\t\t\t\t<\/div>\n\t\t<\/div>\n\t\t\t\t<div class=\"elementor-column elementor-col-50 elementor-top-column elementor-element elementor-element-cd575ac\" data-id=\"cd575ac\" data-element_type=\"column\" data-e-type=\"column\" data-settings=\"{&quot;background_background&quot;:&quot;classic&quot;}\">\n\t\t\t<div class=\"elementor-widget-wrap elementor-element-populated\">\n\t\t\t\t\t\t<div class=\"elementor-element elementor-element-a4a7c96 animated-slow agency_logo elementor-widget__width-initial elementor-widget elementor-widget-image\" data-id=\"a4a7c96\" data-element_type=\"widget\" data-e-type=\"widget\" data-settings=\"{&quot;_animation&quot;:&quot;none&quot;}\" data-widget_type=\"image.default\">\n\t\t\t\t\t\t\t\t\t\t\t\t\t\t\t<img fetchpriority=\"high\" decoding=\"async\" width=\"1210\" height=\"1210\" src=\"https:\/\/groupefranc.com\/wp-content\/uploads\/2025\/12\/3-e1770843986256.png\" class=\"attachment-full size-full wp-image-5322\" alt=\"STUDIO FRANC\" srcset=\"https:\/\/groupefranc.com\/wp-content\/uploads\/2025\/12\/3-e1770843986256.png 1210w, https:\/\/groupefranc.com\/wp-content\/uploads\/2025\/12\/3-e1770843986256-300x300.png 300w, https:\/\/groupefranc.com\/wp-content\/uploads\/2025\/12\/3-e1770843986256-1024x1024.png 1024w, https:\/\/groupefranc.com\/wp-content\/uploads\/2025\/12\/3-e1770843986256-150x150.png 150w, https:\/\/groupefranc.com\/wp-content\/uploads\/2025\/12\/3-e1770843986256-768x768.png 768w, https:\/\/groupefranc.com\/wp-content\/uploads\/2025\/12\/3-e1770843986256-500x500.png 500w, https:\/\/groupefranc.com\/wp-content\/uploads\/2025\/12\/3-e1770843986256-800x800.png 800w, https:\/\/groupefranc.com\/wp-content\/uploads\/2025\/12\/3-e1770843986256-200x200.png 200w\" sizes=\"(max-width: 1210px) 100vw, 1210px\" \/>\t\t\t\t\t\t\t\t\t\t\t\t\t\t\t<\/div>\n\t\t\t\t\t<\/div>\n\t\t<\/div>\n\t\t\t\t\t<\/div>\n\t\t<\/section>\n\t\t\t\t<\/div>\n\t\t","protected":false},"excerpt":{"rendered":"<p>STUDIO FRANC STUDIO FRANC est l\u2019agence d\u2019architecture d\u2019int\u00e9rieur, de design et d\u2019image du GROUPE FRANC ARCHITECTURES. Fond\u00e9 sur une conviction forte, l\u2019esth\u00e9tique ne doit jamais \u00eatre dissoci\u00e9e du sens, le studio con\u00e7oit des espaces sur mesure qui racontent une histoire : celle des lieux et de ceux qui les habitent.\u00a0 \u00a0 \u00a0Install\u00e9 \u00e0 Bordeaux, STUDIO FRANC intervient sur des projets d\u2019h\u00f4tellerie, de restaurants, de retail, de r\u00e9sidentiel haut de gamme, de tertiaire et de si\u00e8ges sociaux. D\u2019H\u00f4tels de renoms aux ch\u00e2teaux viticoles bordelais, en passant par des r\u00e9sidences \u00e9tudiantes, seniors ou des showrooms, le studio d\u00e9veloppe des univers int\u00e9rieurs singuliers, \u00e9l\u00e9gants et durables.\u00a0 Son expertise repose sur un double savoir-faire : Architecture d\u2019int\u00e9rieur &amp; d\u00e9coration : conception compl\u00e8te des espaces, travail sur les volumes, la lumi\u00e8re, les mati\u00e8res, le mobilier sur-mesure et les ambiances, en lien \u00e9troit avec les usages et le niveau de service attendu. Infographie &amp; perspectivisme : images 3D, perspectives, films, r\u00e9alit\u00e9 augment\u00e9e et supports graphiques permettant de mettre en sc\u00e8ne les projets, de faciliter les d\u00e9cisions et d\u2019accompagner la commercialisation.\u00a0 \u00a0 \u00a0L\u2019\u00e9quipe rassemble architectes, architectes d\u2019int\u00e9rieur, designers, graphistes et r\u00e9alisateurs 3D. Cette pluridisciplinarit\u00e9 permet d\u2019assurer une continuit\u00e9 entre la conception, l\u2019\u00e9criture des ambiances et la mise en image, de la premi\u00e8re esquisse jusqu\u2019\u00e0 la livraison. Le studio privil\u00e9gie les collaborations avec des artisans et fabricants engag\u00e9s, dans une logique de durabilit\u00e9, de qualit\u00e9 des d\u00e9tails et d\u2019\u00e9l\u00e9gance discr\u00e8te.\u00a0 \u00a0 \u00a0STUDIO FRANC signe ainsi une esth\u00e9tique contemporaine, po\u00e9tique et intemporelle, au service de lieux \u00e0 vivre, \u00e0 travailler ou \u00e0 recevoir, pens\u00e9s comme des exp\u00e9riences compl\u00e8tes. Contact STUDIO FRANC \u2013 BORDEAUX23, rue Margaux \u2013 33000 Bordeaux T\u00e9l : 05 56 02 50 50contact@sf-groupefranc.com<\/p>\n","protected":false},"author":1,"featured_media":2319,"parent":2258,"menu_order":0,"comment_status":"closed","ping_status":"closed","template":"elementor_canvas","meta":{"_vp_format_video_url":"","_vp_image_focal_point":[],"footnotes":""},"class_list":["post-2307","page","type-page","status-publish","has-post-thumbnail","hentry"],"yoast_head":"<!-- This site is optimized with the Yoast SEO plugin v27.1.1 - https:\/\/yoast.com\/product\/yoast-seo-wordpress\/ -->\n<title>STUDIO FRANC - GROUPE FRANC ARCHITECTURES<\/title>\n<meta name=\"description\" content=\"Studio Franc \u00e0 Bordeaux : architecture d&#039;int\u00e9rieur et design du Groupe Franc. Conception sur mesure pour h\u00f4tellerie et tertiaire\" \/>\n<meta name=\"robots\" content=\"index, follow, max-snippet:-1, max-image-preview:large, max-video-preview:-1\" \/>\n<link rel=\"canonical\" href=\"https:\/\/groupefranc.com\/index.php\/agences\/studio-franc\/\" \/>\n<meta property=\"og:locale\" content=\"en_US\" \/>\n<meta property=\"og:type\" content=\"article\" \/>\n<meta property=\"og:title\" content=\"STUDIO FRANC\" \/>\n<meta property=\"og:description\" content=\"Studio Franc \u00e0 Bordeaux : architecture d&#039;int\u00e9rieur et design du Groupe Franc. Conception sur mesure pour h\u00f4tellerie et tertiaire\" \/>\n<meta property=\"og:url\" content=\"https:\/\/groupefranc.com\/index.php\/agences\/studio-franc\/\" \/>\n<meta property=\"og:site_name\" content=\"GROUPE FRANC ARCHITECTURES\" \/>\n<meta property=\"article:modified_time\" content=\"2026-03-06T09:51:21+00:00\" \/>\n<meta property=\"og:image\" content=\"https:\/\/groupefranc.com\/wp-content\/uploads\/2025\/12\/2-STUDIO-FRANC-GROUPE-FRANC-scaled.png\" \/>\n\t<meta property=\"og:image:width\" content=\"2560\" \/>\n\t<meta property=\"og:image:height\" content=\"2560\" \/>\n\t<meta property=\"og:image:type\" content=\"image\/png\" \/>\n<meta name=\"twitter:card\" content=\"summary_large_image\" \/>\n<meta name=\"twitter:label1\" content=\"Est. reading time\" \/>\n\t<meta name=\"twitter:data1\" content=\"2 minutes\" \/>\n<script type=\"application\/ld+json\" class=\"yoast-schema-graph\">{\"@context\":\"https:\/\/schema.org\",\"@graph\":[{\"@type\":\"WebPage\",\"@id\":\"https:\/\/groupefranc.com\/index.php\/agences\/studio-franc\/\",\"url\":\"https:\/\/groupefranc.com\/index.php\/agences\/studio-franc\/\",\"name\":\"STUDIO FRANC - GROUPE FRANC ARCHITECTURES\",\"isPartOf\":{\"@id\":\"https:\/\/groupefranc.com\/#website\"},\"primaryImageOfPage\":{\"@id\":\"https:\/\/groupefranc.com\/index.php\/agences\/studio-franc\/#primaryimage\"},\"image\":{\"@id\":\"https:\/\/groupefranc.com\/index.php\/agences\/studio-franc\/#primaryimage\"},\"thumbnailUrl\":\"https:\/\/groupefranc.com\/wp-content\/uploads\/2025\/11\/image_2025-11-11_142636654.png\",\"datePublished\":\"2025-11-11T13:26:54+00:00\",\"dateModified\":\"2026-03-06T09:51:21+00:00\",\"description\":\"Studio Franc \u00e0 Bordeaux : architecture d'int\u00e9rieur et design du Groupe Franc. Conception sur mesure pour h\u00f4tellerie et tertiaire\",\"breadcrumb\":{\"@id\":\"https:\/\/groupefranc.com\/index.php\/agences\/studio-franc\/#breadcrumb\"},\"inLanguage\":\"en-US\",\"potentialAction\":[{\"@type\":\"ReadAction\",\"target\":[\"https:\/\/groupefranc.com\/index.php\/agences\/studio-franc\/\"]}]},{\"@type\":\"ImageObject\",\"inLanguage\":\"en-US\",\"@id\":\"https:\/\/groupefranc.com\/index.php\/agences\/studio-franc\/#primaryimage\",\"url\":\"https:\/\/groupefranc.com\/wp-content\/uploads\/2025\/11\/image_2025-11-11_142636654.png\",\"contentUrl\":\"https:\/\/groupefranc.com\/wp-content\/uploads\/2025\/11\/image_2025-11-11_142636654.png\",\"width\":800,\"height\":800,\"caption\":\"STUDIO FRANC\"},{\"@type\":\"BreadcrumbList\",\"@id\":\"https:\/\/groupefranc.com\/index.php\/agences\/studio-franc\/#breadcrumb\",\"itemListElement\":[{\"@type\":\"ListItem\",\"position\":1,\"name\":\"Home\",\"item\":\"https:\/\/groupefranc.com\/\"},{\"@type\":\"ListItem\",\"position\":2,\"name\":\"Agences\",\"item\":\"https:\/\/groupefranc.com\/index.php\/agences\/\"},{\"@type\":\"ListItem\",\"position\":3,\"name\":\"STUDIO FRANC\"}]},{\"@type\":\"WebSite\",\"@id\":\"https:\/\/groupefranc.com\/#website\",\"url\":\"https:\/\/groupefranc.com\/\",\"name\":\"GROUPE FRANC ARCHITECTURES\",\"description\":\"\",\"publisher\":{\"@id\":\"https:\/\/groupefranc.com\/#organization\"},\"potentialAction\":[{\"@type\":\"SearchAction\",\"target\":{\"@type\":\"EntryPoint\",\"urlTemplate\":\"https:\/\/groupefranc.com\/?s={search_term_string}\"},\"query-input\":{\"@type\":\"PropertyValueSpecification\",\"valueRequired\":true,\"valueName\":\"search_term_string\"}}],\"inLanguage\":\"en-US\"},{\"@type\":\"Organization\",\"@id\":\"https:\/\/groupefranc.com\/#organization\",\"name\":\"GROUPE FRANC ARCHITECTURES\",\"url\":\"https:\/\/groupefranc.com\/\",\"logo\":{\"@type\":\"ImageObject\",\"inLanguage\":\"en-US\",\"@id\":\"https:\/\/groupefranc.com\/#\/schema\/logo\/image\/\",\"url\":\"https:\/\/groupefranc.com\/wp-content\/uploads\/2021\/12\/cropped-logo.png\",\"contentUrl\":\"https:\/\/groupefranc.com\/wp-content\/uploads\/2021\/12\/cropped-logo.png\",\"width\":705,\"height\":723,\"caption\":\"GROUPE FRANC ARCHITECTURES\"},\"image\":{\"@id\":\"https:\/\/groupefranc.com\/#\/schema\/logo\/image\/\"},\"sameAs\":[\"https:\/\/www.linkedin.com\/company\/groupe-franc\/\"]}]}<\/script>\n<!-- \/ Yoast SEO plugin. -->","yoast_head_json":{"title":"STUDIO FRANC - GROUPE FRANC ARCHITECTURES","description":"Studio Franc \u00e0 Bordeaux : architecture d'int\u00e9rieur et design du Groupe Franc. Conception sur mesure pour h\u00f4tellerie et tertiaire","robots":{"index":"index","follow":"follow","max-snippet":"max-snippet:-1","max-image-preview":"max-image-preview:large","max-video-preview":"max-video-preview:-1"},"canonical":"https:\/\/groupefranc.com\/index.php\/agences\/studio-franc\/","og_locale":"en_US","og_type":"article","og_title":"STUDIO FRANC","og_description":"Studio Franc \u00e0 Bordeaux : architecture d'int\u00e9rieur et design du Groupe Franc. Conception sur mesure pour h\u00f4tellerie et tertiaire","og_url":"https:\/\/groupefranc.com\/index.php\/agences\/studio-franc\/","og_site_name":"GROUPE FRANC ARCHITECTURES","article_modified_time":"2026-03-06T09:51:21+00:00","og_image":[{"width":2560,"height":2560,"url":"https:\/\/groupefranc.com\/wp-content\/uploads\/2025\/12\/2-STUDIO-FRANC-GROUPE-FRANC-scaled.png","type":"image\/png"}],"twitter_card":"summary_large_image","twitter_misc":{"Est. reading time":"2 minutes"},"schema":{"@context":"https:\/\/schema.org","@graph":[{"@type":"WebPage","@id":"https:\/\/groupefranc.com\/index.php\/agences\/studio-franc\/","url":"https:\/\/groupefranc.com\/index.php\/agences\/studio-franc\/","name":"STUDIO FRANC - GROUPE FRANC ARCHITECTURES","isPartOf":{"@id":"https:\/\/groupefranc.com\/#website"},"primaryImageOfPage":{"@id":"https:\/\/groupefranc.com\/index.php\/agences\/studio-franc\/#primaryimage"},"image":{"@id":"https:\/\/groupefranc.com\/index.php\/agences\/studio-franc\/#primaryimage"},"thumbnailUrl":"https:\/\/groupefranc.com\/wp-content\/uploads\/2025\/11\/image_2025-11-11_142636654.png","datePublished":"2025-11-11T13:26:54+00:00","dateModified":"2026-03-06T09:51:21+00:00","description":"Studio Franc \u00e0 Bordeaux : architecture d'int\u00e9rieur et design du Groupe Franc. Conception sur mesure pour h\u00f4tellerie et tertiaire","breadcrumb":{"@id":"https:\/\/groupefranc.com\/index.php\/agences\/studio-franc\/#breadcrumb"},"inLanguage":"en-US","potentialAction":[{"@type":"ReadAction","target":["https:\/\/groupefranc.com\/index.php\/agences\/studio-franc\/"]}]},{"@type":"ImageObject","inLanguage":"en-US","@id":"https:\/\/groupefranc.com\/index.php\/agences\/studio-franc\/#primaryimage","url":"https:\/\/groupefranc.com\/wp-content\/uploads\/2025\/11\/image_2025-11-11_142636654.png","contentUrl":"https:\/\/groupefranc.com\/wp-content\/uploads\/2025\/11\/image_2025-11-11_142636654.png","width":800,"height":800,"caption":"STUDIO FRANC"},{"@type":"BreadcrumbList","@id":"https:\/\/groupefranc.com\/index.php\/agences\/studio-franc\/#breadcrumb","itemListElement":[{"@type":"ListItem","position":1,"name":"Home","item":"https:\/\/groupefranc.com\/"},{"@type":"ListItem","position":2,"name":"Agences","item":"https:\/\/groupefranc.com\/index.php\/agences\/"},{"@type":"ListItem","position":3,"name":"STUDIO FRANC"}]},{"@type":"WebSite","@id":"https:\/\/groupefranc.com\/#website","url":"https:\/\/groupefranc.com\/","name":"GROUPE FRANC ARCHITECTURES","description":"","publisher":{"@id":"https:\/\/groupefranc.com\/#organization"},"potentialAction":[{"@type":"SearchAction","target":{"@type":"EntryPoint","urlTemplate":"https:\/\/groupefranc.com\/?s={search_term_string}"},"query-input":{"@type":"PropertyValueSpecification","valueRequired":true,"valueName":"search_term_string"}}],"inLanguage":"en-US"},{"@type":"Organization","@id":"https:\/\/groupefranc.com\/#organization","name":"GROUPE FRANC ARCHITECTURES","url":"https:\/\/groupefranc.com\/","logo":{"@type":"ImageObject","inLanguage":"en-US","@id":"https:\/\/groupefranc.com\/#\/schema\/logo\/image\/","url":"https:\/\/groupefranc.com\/wp-content\/uploads\/2021\/12\/cropped-logo.png","contentUrl":"https:\/\/groupefranc.com\/wp-content\/uploads\/2021\/12\/cropped-logo.png","width":705,"height":723,"caption":"GROUPE FRANC ARCHITECTURES"},"image":{"@id":"https:\/\/groupefranc.com\/#\/schema\/logo\/image\/"},"sameAs":["https:\/\/www.linkedin.com\/company\/groupe-franc\/"]}]}},"_links":{"self":[{"href":"https:\/\/groupefranc.com\/index.php\/wp-json\/wp\/v2\/pages\/2307","targetHints":{"allow":["GET"]}}],"collection":[{"href":"https:\/\/groupefranc.com\/index.php\/wp-json\/wp\/v2\/pages"}],"about":[{"href":"https:\/\/groupefranc.com\/index.php\/wp-json\/wp\/v2\/types\/page"}],"author":[{"embeddable":true,"href":"https:\/\/groupefranc.com\/index.php\/wp-json\/wp\/v2\/users\/1"}],"replies":[{"embeddable":true,"href":"https:\/\/groupefranc.com\/index.php\/wp-json\/wp\/v2\/comments?post=2307"}],"version-history":[{"count":47,"href":"https:\/\/groupefranc.com\/index.php\/wp-json\/wp\/v2\/pages\/2307\/revisions"}],"predecessor-version":[{"id":16435,"href":"https:\/\/groupefranc.com\/index.php\/wp-json\/wp\/v2\/pages\/2307\/revisions\/16435"}],"up":[{"embeddable":true,"href":"https:\/\/groupefranc.com\/index.php\/wp-json\/wp\/v2\/pages\/2258"}],"wp:featuredmedia":[{"embeddable":true,"href":"https:\/\/groupefranc.com\/index.php\/wp-json\/wp\/v2\/media\/2319"}],"wp:attachment":[{"href":"https:\/\/groupefranc.com\/index.php\/wp-json\/wp\/v2\/media?parent=2307"}],"curies":[{"name":"wp","href":"https:\/\/api.w.org\/{rel}","templated":true}]}}