{"id":2336,"date":"2025-11-11T13:31:13","date_gmt":"2025-11-11T13:31:13","guid":{"rendered":"https:\/\/groupefranc.com\/?page_id=2336"},"modified":"2026-03-06T09:49:51","modified_gmt":"2026-03-06T09:49:51","slug":"agence-franc-architectures-le-havre","status":"publish","type":"page","link":"https:\/\/groupefranc.com\/index.php\/agences\/agence-franc-architectures-le-havre\/","title":{"rendered":"AGENCE FRANC ARCHITECTURES LE HAVRE"},"content":{"rendered":"\t\t<div data-elementor-type=\"wp-page\" data-elementor-id=\"2336\" class=\"elementor elementor-2336\">\n\t\t\t\t\t\t<section class=\"elementor-section elementor-top-section elementor-element elementor-element-727ec21a elementor-section-full_width background-primary elementor-reverse-tablet elementor-reverse-mobile elementor-section-height-default elementor-section-height-default wpr-particle-no wpr-jarallax-no wpr-parallax-no wpr-sticky-section-no\" data-id=\"727ec21a\" data-element_type=\"section\" data-e-type=\"section\" id=\"about_landing\" data-settings=\"{&quot;background_background&quot;:&quot;classic&quot;}\">\n\t\t\t\t\t\t\t<div class=\"elementor-background-overlay\"><\/div>\n\t\t\t\t\t\t\t<div class=\"elementor-container elementor-column-gap-no\">\n\t\t\t\t\t<div class=\"elementor-column elementor-col-50 elementor-top-column elementor-element elementor-element-79ddc0cd\" data-id=\"79ddc0cd\" data-element_type=\"column\" data-e-type=\"column\">\n\t\t\t<div class=\"elementor-widget-wrap elementor-element-populated\">\n\t\t\t\t\t\t<div class=\"elementor-element elementor-element-2a79630d animated-fast elementor-hidden-tablet elementor-hidden-mobile elementor-widget elementor-widget-heading\" data-id=\"2a79630d\" data-element_type=\"widget\" data-e-type=\"widget\" data-settings=\"{&quot;_animation&quot;:&quot;none&quot;}\" data-widget_type=\"heading.default\">\n\t\t\t\t\t<h1 class=\"elementor-heading-title elementor-size-default\">AGENCE FRANC ARCHITECTURES LE HAVRE<\/h1>\t\t\t\t<\/div>\n\t\t\t\t<div class=\"elementor-element elementor-element-253e6275 animated-slow elementor-widget elementor-widget-text-editor\" data-id=\"253e6275\" data-element_type=\"widget\" data-e-type=\"widget\" data-settings=\"{&quot;_animation&quot;:&quot;none&quot;}\" data-widget_type=\"text-editor.default\">\n\t\t\t\t\t\t\t\t\t<div class=\"row\"><div class=\"col-lg-12\"><p><b>L\u2019AGENCE FRANC ARCHITECTURES LE HAVRE<\/b><span style=\"font-weight: 400;\"> s\u2019inscrit dans un h\u00e9ritage singulier, celui d\u2019une ville fa\u00e7onn\u00e9e par la reconstruction et par la vision moderniste <a href=\"https:\/\/fr.wikipedia.org\/wiki\/Auguste_Perret\">d\u2019Auguste Perret<\/a>. Cette histoire, profond\u00e9ment ancr\u00e9e dans le paysage havrais, constitue le terreau sur lequel l\u2019agence a b\u00e2ti son identit\u00e9. D\u2019abord port\u00e9e par Jacques Lamy, figure incontournable de la renaissance du Havre, elle devient ensuite le lieu d\u2019expression de Jean Amoyal, qui y fa\u00e7onne ses premiers projets, en devient associ\u00e9 puis en reprend la direction.<\/span><\/p><p><b>\u00a0 \u00a0En 2019, le <a href=\"https:\/\/groupefranc.com\/index.php\/a-propos-groupe-franc-architectures\/\">GROUPE FRANC ARCHITECTURES<\/a> choisit d\u2019int\u00e9grer cette agence<\/b><span style=\"font-weight: 400;\">, convaincu de la n\u00e9cessit\u00e9 <\/span><b>d\u2019accompagner plus \u00e9troitement un territoire o\u00f9 il m\u00e8ne de longue date de nombreux projets<\/b><span style=\"font-weight: 400;\">. Cette int\u00e9gration marque une \u00e9tape importante et ouvre la voie \u00e0 un nouveau chapitre, qui se concr\u00e9tise en 2023 lorsque l\u2019agence devient AGENCE FRANC ARCHITECTURES LE HAVRE et s\u2019installe dans un b\u00e2timent embl\u00e9matique sign\u00e9 Perret, face au Volcan de Niemeyer. Cette adresse ne rel\u00e8ve pas du hasard : elle symbolise la volont\u00e9 d\u2019inscrire l\u2019agence dans une continuit\u00e9 architecturale, respectueuse de la m\u00e9moire du lieu tout en \u00e9tant r\u00e9solument tourn\u00e9e vers l\u2019avenir.<\/span><\/p><p><span style=\"font-weight: 400;\">\u00a0 \u00a0La direction de l\u2019agence est aujourd\u2019hui assur\u00e9e par un <\/span><b>duo compl\u00e9mentaire<\/b><span style=\"font-weight: 400;\">, compos\u00e9 de <\/span><a href=\"https:\/\/groupefranc.com\/index.php\/portraits\/fabien-gourlin\/\"><b>Fabien Gourlin<\/b><\/a><span style=\"font-weight: 400;\">, Architecte et Pr\u00e9sident et <a href=\"https:\/\/groupefranc.com\/index.php\/portraits\/estelle-derly\/\">d<\/a><\/span><b>\u2019Estelle Derly<\/b><span style=\"font-weight: 400;\">, Directrice G\u00e9n\u00e9rale. Leur collaboration, nourrie par plus d\u2019une d\u00e9cennie de projets partag\u00e9s, conf\u00e8re \u00e0 l\u2019agence une solidit\u00e9 et une agilit\u00e9 rares. Ensemble, ils cultivent une approche exigeante, attentive aux usages comme aux d\u00e9tails constructifs, et capable de mener des op\u00e9rations complexes avec ma\u00eetrise et coh\u00e9rence.<\/span><\/p><p><span style=\"font-weight: 400;\">\u00a0 \u00a0L\u2019agence s\u2019illustre dans une grande diversit\u00e9 de programmes : enseignement public et priv\u00e9, sant\u00e9 et m\u00e9dico-social, tertiaire, r\u00e9sidentiel dans toutes ses composantes, du logement \u00e9tudiant au logement senior, du social \u00e0 l\u2019accession, ainsi que dans les projets industriels et logistiques. Cette pluralit\u00e9 de comp\u00e9tences lui permet d\u2019aborder chaque projet avec pr\u00e9cision, en conciliant qualit\u00e9 architecturale, <\/span><b>pertinence fonctionnelle et inscription harmonieuse dans le territoire.<\/b><\/p><p><span style=\"font-weight: 400;\">\u00a0 \u00a0Parmi ses r\u00e9alisations majeures, le projet de d\u00e9localisation de l\u2019\u00c9cole V\u00e9t\u00e9rinaire de Maisons-Alfort, au sein de <a href=\"https:\/\/groupefranc.com\/index.php\/2025\/11\/26\/nev-goustranville\/\">Normandie \u00c9quine Vall\u00e9e<\/a>, constitue un jalon d\u00e9terminant. Implant\u00e9 \u00e0 Goustranville, ce vaste ensemble rassemble un h\u00f4pital v\u00e9t\u00e9rinaire complet, un amphith\u00e9\u00e2tre, des laboratoires sp\u00e9cialis\u00e9s, une r\u00e9sidence \u00e9tudiante, un centre entrepreneurial d\u00e9di\u00e9 aux m\u00e9tiers hippiques et seize hectares d\u2019espaces ext\u00e9rieurs. Pens\u00e9 comme un campus scientifique et p\u00e9dagogique d\u2019envergure, il t\u00e9moigne de la capacit\u00e9 de l\u2019agence \u00e0 traiter des programmes techniques, interdisciplinaires et fortement structurants pour leur territoire.<\/span><\/p><p><b>\u00a0 \u00a0L\u2019AGENCE FRANC ARCHITECTURES LE HAVRE revendique une architecture sobre<\/b><span style=\"font-weight: 400;\">, lisible et lumineuse, <\/span><b>fid\u00e8le \u00e0 l\u2019esprit du Havre<\/b><span style=\"font-weight: 400;\"> tout en r\u00e9pondant aux enjeux contemporains. Elle accorde une attention particuli\u00e8re aux mati\u00e8res, aux volumes, au cycle de vie du b\u00e2timent, \u00e0 la qualit\u00e9 d\u2019usage et \u00e0 la valeur durable des lieux. Chaque projet est con\u00e7u comme un dialogue entre l\u2019h\u00e9ritage et l\u2019innovation, entre la rigueur constructive et la douceur des espaces v\u00e9cus, entre la volont\u00e9 de servir la ville et celle d\u2019accompagner ses usagers au quotidien.<\/span><\/p><\/div><\/div>\t\t\t\t\t\t\t\t<\/div>\n\t\t\t\t<div class=\"elementor-element elementor-element-205b8e3 animated-fast elementor-widget elementor-widget-heading\" data-id=\"205b8e3\" data-element_type=\"widget\" data-e-type=\"widget\" data-settings=\"{&quot;_animation&quot;:&quot;none&quot;}\" data-widget_type=\"heading.default\">\n\t\t\t\t\t<h2 class=\"elementor-heading-title elementor-size-default\">Contact<\/h2>\t\t\t\t<\/div>\n\t\t\t\t<div class=\"elementor-element elementor-element-8e8eec6 animated-slow elementor-widget elementor-widget-text-editor\" data-id=\"8e8eec6\" data-element_type=\"widget\" data-e-type=\"widget\" data-settings=\"{&quot;_animation&quot;:&quot;none&quot;}\" data-widget_type=\"text-editor.default\">\n\t\t\t\t\t\t\t\t\t<div class=\"row\"><div class=\"col-lg-12\"><p>AGENCE FRANC \u2013 LE HAVRE<br \/>5, rue Edouard LARUE &#8211; 76600 LE HAVRE<\/p><p>T\u00e9l : 02 76 89 50 19<br \/>contact@agencefranc-lh.com<\/p><\/div><\/div>\t\t\t\t\t\t\t\t<\/div>\n\t\t\t\t\t<\/div>\n\t\t<\/div>\n\t\t\t\t<div class=\"elementor-column elementor-col-50 elementor-top-column elementor-element elementor-element-cd575ac\" data-id=\"cd575ac\" data-element_type=\"column\" data-e-type=\"column\" data-settings=\"{&quot;background_background&quot;:&quot;classic&quot;}\">\n\t\t\t<div class=\"elementor-widget-wrap elementor-element-populated\">\n\t\t\t\t\t\t<div class=\"elementor-element elementor-element-a4a7c96 animated-slow agency_logo elementor-widget__width-initial elementor-widget elementor-widget-image\" data-id=\"a4a7c96\" data-element_type=\"widget\" data-e-type=\"widget\" data-settings=\"{&quot;_animation&quot;:&quot;none&quot;}\" data-widget_type=\"image.default\">\n\t\t\t\t\t\t\t\t\t\t\t\t\t\t\t<img fetchpriority=\"high\" decoding=\"async\" width=\"1224\" height=\"1224\" src=\"https:\/\/groupefranc.com\/wp-content\/uploads\/2025\/12\/4-e1770831076864.png\" class=\"attachment-full size-full wp-image-5323\" alt=\"\" srcset=\"https:\/\/groupefranc.com\/wp-content\/uploads\/2025\/12\/4-e1770831076864.png 1224w, https:\/\/groupefranc.com\/wp-content\/uploads\/2025\/12\/4-e1770831076864-300x300.png 300w, https:\/\/groupefranc.com\/wp-content\/uploads\/2025\/12\/4-e1770831076864-1024x1024.png 1024w, https:\/\/groupefranc.com\/wp-content\/uploads\/2025\/12\/4-e1770831076864-150x150.png 150w, https:\/\/groupefranc.com\/wp-content\/uploads\/2025\/12\/4-e1770831076864-768x768.png 768w, https:\/\/groupefranc.com\/wp-content\/uploads\/2025\/12\/4-e1770831076864-500x500.png 500w, https:\/\/groupefranc.com\/wp-content\/uploads\/2025\/12\/4-e1770831076864-800x800.png 800w, https:\/\/groupefranc.com\/wp-content\/uploads\/2025\/12\/4-e1770831076864-200x200.png 200w\" sizes=\"(max-width: 1224px) 100vw, 1224px\" \/>\t\t\t\t\t\t\t\t\t\t\t\t\t\t\t<\/div>\n\t\t\t\t\t<\/div>\n\t\t<\/div>\n\t\t\t\t\t<\/div>\n\t\t<\/section>\n\t\t\t\t<\/div>\n\t\t","protected":false},"excerpt":{"rendered":"<p>AGENCE FRANC ARCHITECTURES LE HAVRE L\u2019AGENCE FRANC ARCHITECTURES LE HAVRE s\u2019inscrit dans un h\u00e9ritage singulier, celui d\u2019une ville fa\u00e7onn\u00e9e par la reconstruction et par la vision moderniste d\u2019Auguste Perret. Cette histoire, profond\u00e9ment ancr\u00e9e dans le paysage havrais, constitue le terreau sur lequel l\u2019agence a b\u00e2ti son identit\u00e9. D\u2019abord port\u00e9e par Jacques Lamy, figure incontournable de la renaissance du Havre, elle devient ensuite le lieu d\u2019expression de Jean Amoyal, qui y fa\u00e7onne ses premiers projets, en devient associ\u00e9 puis en reprend la direction. \u00a0 \u00a0En 2019, le GROUPE FRANC ARCHITECTURES choisit d\u2019int\u00e9grer cette agence, convaincu de la n\u00e9cessit\u00e9 d\u2019accompagner plus \u00e9troitement un territoire o\u00f9 il m\u00e8ne de longue date de nombreux projets. Cette int\u00e9gration marque une \u00e9tape importante et ouvre la voie \u00e0 un nouveau chapitre, qui se concr\u00e9tise en 2023 lorsque l\u2019agence devient AGENCE FRANC ARCHITECTURES LE HAVRE et s\u2019installe dans un b\u00e2timent embl\u00e9matique sign\u00e9 Perret, face au Volcan de Niemeyer. Cette adresse ne rel\u00e8ve pas du hasard : elle symbolise la volont\u00e9 d\u2019inscrire l\u2019agence dans une continuit\u00e9 architecturale, respectueuse de la m\u00e9moire du lieu tout en \u00e9tant r\u00e9solument tourn\u00e9e vers l\u2019avenir. \u00a0 \u00a0La direction de l\u2019agence est aujourd\u2019hui assur\u00e9e par un duo compl\u00e9mentaire, compos\u00e9 de Fabien Gourlin, Architecte et Pr\u00e9sident et d\u2019Estelle Derly, Directrice G\u00e9n\u00e9rale. Leur collaboration, nourrie par plus d\u2019une d\u00e9cennie de projets partag\u00e9s, conf\u00e8re \u00e0 l\u2019agence une solidit\u00e9 et une agilit\u00e9 rares. Ensemble, ils cultivent une approche exigeante, attentive aux usages comme aux d\u00e9tails constructifs, et capable de mener des op\u00e9rations complexes avec ma\u00eetrise et coh\u00e9rence. \u00a0 \u00a0L\u2019agence s\u2019illustre dans une grande diversit\u00e9 de programmes : enseignement public et priv\u00e9, sant\u00e9 et m\u00e9dico-social, tertiaire, r\u00e9sidentiel dans toutes ses composantes, du logement \u00e9tudiant au logement senior, du social \u00e0 l\u2019accession, ainsi que dans les projets industriels et logistiques. Cette pluralit\u00e9 de comp\u00e9tences lui permet d\u2019aborder chaque projet avec pr\u00e9cision, en conciliant qualit\u00e9 architecturale, pertinence fonctionnelle et inscription harmonieuse dans le territoire. \u00a0 \u00a0Parmi ses r\u00e9alisations majeures, le projet de d\u00e9localisation de l\u2019\u00c9cole V\u00e9t\u00e9rinaire de Maisons-Alfort, au sein de Normandie \u00c9quine Vall\u00e9e, constitue un jalon d\u00e9terminant. Implant\u00e9 \u00e0 Goustranville, ce vaste ensemble rassemble un h\u00f4pital v\u00e9t\u00e9rinaire complet, un amphith\u00e9\u00e2tre, des laboratoires sp\u00e9cialis\u00e9s, une r\u00e9sidence \u00e9tudiante, un centre entrepreneurial d\u00e9di\u00e9 aux m\u00e9tiers hippiques et seize hectares d\u2019espaces ext\u00e9rieurs. Pens\u00e9 comme un campus scientifique et p\u00e9dagogique d\u2019envergure, il t\u00e9moigne de la capacit\u00e9 de l\u2019agence \u00e0 traiter des programmes techniques, interdisciplinaires et fortement structurants pour leur territoire. \u00a0 \u00a0L\u2019AGENCE FRANC ARCHITECTURES LE HAVRE revendique une architecture sobre, lisible et lumineuse, fid\u00e8le \u00e0 l\u2019esprit du Havre tout en r\u00e9pondant aux enjeux contemporains. Elle accorde une attention particuli\u00e8re aux mati\u00e8res, aux volumes, au cycle de vie du b\u00e2timent, \u00e0 la qualit\u00e9 d\u2019usage et \u00e0 la valeur durable des lieux. Chaque projet est con\u00e7u comme un dialogue entre l\u2019h\u00e9ritage et l\u2019innovation, entre la rigueur constructive et la douceur des espaces v\u00e9cus, entre la volont\u00e9 de servir la ville et celle d\u2019accompagner ses usagers au quotidien. Contact AGENCE FRANC \u2013 LE HAVRE5, rue Edouard LARUE &#8211; 76600 LE HAVRE T\u00e9l : 02 76 89 50 19contact@agencefranc-lh.com<\/p>\n","protected":false},"author":1,"featured_media":2337,"parent":2258,"menu_order":0,"comment_status":"closed","ping_status":"closed","template":"elementor_canvas","meta":{"_vp_format_video_url":"","_vp_image_focal_point":[],"footnotes":""},"class_list":["post-2336","page","type-page","status-publish","has-post-thumbnail","hentry"],"yoast_head":"<!-- This site is optimized with the Yoast SEO plugin v27.1.1 - https:\/\/yoast.com\/product\/yoast-seo-wordpress\/ -->\n<title>AGENCE FRANC ARCHITECTURES LE HAVRE - GROUPE FRANC ARCHITECTURES<\/title>\n<meta name=\"description\" content=\"Agence Franc Le Havre (ex-Amoyal). Situ\u00e9e au c\u0153ur du patrimoine Perret. Sant\u00e9, enseignement et grands projets comme Normandie \u00c9quine Vall\u00e9e\" \/>\n<meta name=\"robots\" content=\"index, follow, max-snippet:-1, max-image-preview:large, max-video-preview:-1\" \/>\n<link rel=\"canonical\" href=\"https:\/\/groupefranc.com\/index.php\/agences\/agence-franc-architectures-le-havre\/\" \/>\n<meta property=\"og:locale\" content=\"en_US\" \/>\n<meta property=\"og:type\" content=\"article\" \/>\n<meta property=\"og:title\" content=\"AGENCE FRANC ARCHITECTURES LE HAVRE\" \/>\n<meta property=\"og:description\" content=\"Agence Franc Le Havre (ex-Amoyal). Situ\u00e9e au c\u0153ur du patrimoine Perret. Expertise sant\u00e9, enseignement et grands projets comme Normandie \u00c9quine Vall\u00e9e\" \/>\n<meta property=\"og:url\" content=\"https:\/\/groupefranc.com\/index.php\/agences\/agence-franc-architectures-le-havre\/\" \/>\n<meta property=\"og:site_name\" content=\"GROUPE FRANC ARCHITECTURES\" \/>\n<meta property=\"article:modified_time\" content=\"2026-03-06T09:49:51+00:00\" \/>\n<meta property=\"og:image\" content=\"https:\/\/groupefranc.com\/wp-content\/uploads\/2025\/12\/4-AGENCE-FRANC-ARCHITECTURES-LE-HAVRE-1-scaled.png\" \/>\n\t<meta property=\"og:image:width\" content=\"2560\" \/>\n\t<meta property=\"og:image:height\" content=\"2560\" \/>\n\t<meta property=\"og:image:type\" content=\"image\/png\" \/>\n<meta name=\"twitter:card\" content=\"summary_large_image\" \/>\n<meta name=\"twitter:label1\" content=\"Est. reading time\" \/>\n\t<meta name=\"twitter:data1\" content=\"3 minutes\" \/>\n<script type=\"application\/ld+json\" class=\"yoast-schema-graph\">{\"@context\":\"https:\/\/schema.org\",\"@graph\":[{\"@type\":\"WebPage\",\"@id\":\"https:\/\/groupefranc.com\/index.php\/agences\/agence-franc-architectures-le-havre\/\",\"url\":\"https:\/\/groupefranc.com\/index.php\/agences\/agence-franc-architectures-le-havre\/\",\"name\":\"AGENCE FRANC ARCHITECTURES LE HAVRE - GROUPE FRANC ARCHITECTURES\",\"isPartOf\":{\"@id\":\"https:\/\/groupefranc.com\/#website\"},\"primaryImageOfPage\":{\"@id\":\"https:\/\/groupefranc.com\/index.php\/agences\/agence-franc-architectures-le-havre\/#primaryimage\"},\"image\":{\"@id\":\"https:\/\/groupefranc.com\/index.php\/agences\/agence-franc-architectures-le-havre\/#primaryimage\"},\"thumbnailUrl\":\"https:\/\/groupefranc.com\/wp-content\/uploads\/2025\/11\/image_2025-11-11_143101865.png\",\"datePublished\":\"2025-11-11T13:31:13+00:00\",\"dateModified\":\"2026-03-06T09:49:51+00:00\",\"description\":\"Agence Franc Le Havre (ex-Amoyal). Situ\u00e9e au c\u0153ur du patrimoine Perret. Sant\u00e9, enseignement et grands projets comme Normandie \u00c9quine Vall\u00e9e\",\"breadcrumb\":{\"@id\":\"https:\/\/groupefranc.com\/index.php\/agences\/agence-franc-architectures-le-havre\/#breadcrumb\"},\"inLanguage\":\"en-US\",\"potentialAction\":[{\"@type\":\"ReadAction\",\"target\":[\"https:\/\/groupefranc.com\/index.php\/agences\/agence-franc-architectures-le-havre\/\"]}]},{\"@type\":\"ImageObject\",\"inLanguage\":\"en-US\",\"@id\":\"https:\/\/groupefranc.com\/index.php\/agences\/agence-franc-architectures-le-havre\/#primaryimage\",\"url\":\"https:\/\/groupefranc.com\/wp-content\/uploads\/2025\/11\/image_2025-11-11_143101865.png\",\"contentUrl\":\"https:\/\/groupefranc.com\/wp-content\/uploads\/2025\/11\/image_2025-11-11_143101865.png\",\"width\":800,\"height\":800,\"caption\":\"AGENCE FRANC ARCHITECTURES LE HAVRE\"},{\"@type\":\"BreadcrumbList\",\"@id\":\"https:\/\/groupefranc.com\/index.php\/agences\/agence-franc-architectures-le-havre\/#breadcrumb\",\"itemListElement\":[{\"@type\":\"ListItem\",\"position\":1,\"name\":\"Home\",\"item\":\"https:\/\/groupefranc.com\/\"},{\"@type\":\"ListItem\",\"position\":2,\"name\":\"Agences\",\"item\":\"https:\/\/groupefranc.com\/index.php\/agences\/\"},{\"@type\":\"ListItem\",\"position\":3,\"name\":\"AGENCE FRANC ARCHITECTURES LE HAVRE\"}]},{\"@type\":\"WebSite\",\"@id\":\"https:\/\/groupefranc.com\/#website\",\"url\":\"https:\/\/groupefranc.com\/\",\"name\":\"GROUPE FRANC ARCHITECTURES\",\"description\":\"\",\"publisher\":{\"@id\":\"https:\/\/groupefranc.com\/#organization\"},\"potentialAction\":[{\"@type\":\"SearchAction\",\"target\":{\"@type\":\"EntryPoint\",\"urlTemplate\":\"https:\/\/groupefranc.com\/?s={search_term_string}\"},\"query-input\":{\"@type\":\"PropertyValueSpecification\",\"valueRequired\":true,\"valueName\":\"search_term_string\"}}],\"inLanguage\":\"en-US\"},{\"@type\":\"Organization\",\"@id\":\"https:\/\/groupefranc.com\/#organization\",\"name\":\"GROUPE FRANC ARCHITECTURES\",\"url\":\"https:\/\/groupefranc.com\/\",\"logo\":{\"@type\":\"ImageObject\",\"inLanguage\":\"en-US\",\"@id\":\"https:\/\/groupefranc.com\/#\/schema\/logo\/image\/\",\"url\":\"https:\/\/groupefranc.com\/wp-content\/uploads\/2021\/12\/cropped-logo.png\",\"contentUrl\":\"https:\/\/groupefranc.com\/wp-content\/uploads\/2021\/12\/cropped-logo.png\",\"width\":705,\"height\":723,\"caption\":\"GROUPE FRANC ARCHITECTURES\"},\"image\":{\"@id\":\"https:\/\/groupefranc.com\/#\/schema\/logo\/image\/\"},\"sameAs\":[\"https:\/\/www.linkedin.com\/company\/groupe-franc\/\"]}]}<\/script>\n<!-- \/ Yoast SEO plugin. -->","yoast_head_json":{"title":"AGENCE FRANC ARCHITECTURES LE HAVRE - GROUPE FRANC ARCHITECTURES","description":"Agence Franc Le Havre (ex-Amoyal). Situ\u00e9e au c\u0153ur du patrimoine Perret. Sant\u00e9, enseignement et grands projets comme Normandie \u00c9quine Vall\u00e9e","robots":{"index":"index","follow":"follow","max-snippet":"max-snippet:-1","max-image-preview":"max-image-preview:large","max-video-preview":"max-video-preview:-1"},"canonical":"https:\/\/groupefranc.com\/index.php\/agences\/agence-franc-architectures-le-havre\/","og_locale":"en_US","og_type":"article","og_title":"AGENCE FRANC ARCHITECTURES LE HAVRE","og_description":"Agence Franc Le Havre (ex-Amoyal). Situ\u00e9e au c\u0153ur du patrimoine Perret. Expertise sant\u00e9, enseignement et grands projets comme Normandie \u00c9quine Vall\u00e9e","og_url":"https:\/\/groupefranc.com\/index.php\/agences\/agence-franc-architectures-le-havre\/","og_site_name":"GROUPE FRANC ARCHITECTURES","article_modified_time":"2026-03-06T09:49:51+00:00","og_image":[{"width":2560,"height":2560,"url":"https:\/\/groupefranc.com\/wp-content\/uploads\/2025\/12\/4-AGENCE-FRANC-ARCHITECTURES-LE-HAVRE-1-scaled.png","type":"image\/png"}],"twitter_card":"summary_large_image","twitter_misc":{"Est. reading time":"3 minutes"},"schema":{"@context":"https:\/\/schema.org","@graph":[{"@type":"WebPage","@id":"https:\/\/groupefranc.com\/index.php\/agences\/agence-franc-architectures-le-havre\/","url":"https:\/\/groupefranc.com\/index.php\/agences\/agence-franc-architectures-le-havre\/","name":"AGENCE FRANC ARCHITECTURES LE HAVRE - GROUPE FRANC ARCHITECTURES","isPartOf":{"@id":"https:\/\/groupefranc.com\/#website"},"primaryImageOfPage":{"@id":"https:\/\/groupefranc.com\/index.php\/agences\/agence-franc-architectures-le-havre\/#primaryimage"},"image":{"@id":"https:\/\/groupefranc.com\/index.php\/agences\/agence-franc-architectures-le-havre\/#primaryimage"},"thumbnailUrl":"https:\/\/groupefranc.com\/wp-content\/uploads\/2025\/11\/image_2025-11-11_143101865.png","datePublished":"2025-11-11T13:31:13+00:00","dateModified":"2026-03-06T09:49:51+00:00","description":"Agence Franc Le Havre (ex-Amoyal). Situ\u00e9e au c\u0153ur du patrimoine Perret. Sant\u00e9, enseignement et grands projets comme Normandie \u00c9quine Vall\u00e9e","breadcrumb":{"@id":"https:\/\/groupefranc.com\/index.php\/agences\/agence-franc-architectures-le-havre\/#breadcrumb"},"inLanguage":"en-US","potentialAction":[{"@type":"ReadAction","target":["https:\/\/groupefranc.com\/index.php\/agences\/agence-franc-architectures-le-havre\/"]}]},{"@type":"ImageObject","inLanguage":"en-US","@id":"https:\/\/groupefranc.com\/index.php\/agences\/agence-franc-architectures-le-havre\/#primaryimage","url":"https:\/\/groupefranc.com\/wp-content\/uploads\/2025\/11\/image_2025-11-11_143101865.png","contentUrl":"https:\/\/groupefranc.com\/wp-content\/uploads\/2025\/11\/image_2025-11-11_143101865.png","width":800,"height":800,"caption":"AGENCE FRANC ARCHITECTURES LE HAVRE"},{"@type":"BreadcrumbList","@id":"https:\/\/groupefranc.com\/index.php\/agences\/agence-franc-architectures-le-havre\/#breadcrumb","itemListElement":[{"@type":"ListItem","position":1,"name":"Home","item":"https:\/\/groupefranc.com\/"},{"@type":"ListItem","position":2,"name":"Agences","item":"https:\/\/groupefranc.com\/index.php\/agences\/"},{"@type":"ListItem","position":3,"name":"AGENCE FRANC ARCHITECTURES LE HAVRE"}]},{"@type":"WebSite","@id":"https:\/\/groupefranc.com\/#website","url":"https:\/\/groupefranc.com\/","name":"GROUPE FRANC ARCHITECTURES","description":"","publisher":{"@id":"https:\/\/groupefranc.com\/#organization"},"potentialAction":[{"@type":"SearchAction","target":{"@type":"EntryPoint","urlTemplate":"https:\/\/groupefranc.com\/?s={search_term_string}"},"query-input":{"@type":"PropertyValueSpecification","valueRequired":true,"valueName":"search_term_string"}}],"inLanguage":"en-US"},{"@type":"Organization","@id":"https:\/\/groupefranc.com\/#organization","name":"GROUPE FRANC ARCHITECTURES","url":"https:\/\/groupefranc.com\/","logo":{"@type":"ImageObject","inLanguage":"en-US","@id":"https:\/\/groupefranc.com\/#\/schema\/logo\/image\/","url":"https:\/\/groupefranc.com\/wp-content\/uploads\/2021\/12\/cropped-logo.png","contentUrl":"https:\/\/groupefranc.com\/wp-content\/uploads\/2021\/12\/cropped-logo.png","width":705,"height":723,"caption":"GROUPE FRANC ARCHITECTURES"},"image":{"@id":"https:\/\/groupefranc.com\/#\/schema\/logo\/image\/"},"sameAs":["https:\/\/www.linkedin.com\/company\/groupe-franc\/"]}]}},"_links":{"self":[{"href":"https:\/\/groupefranc.com\/index.php\/wp-json\/wp\/v2\/pages\/2336","targetHints":{"allow":["GET"]}}],"collection":[{"href":"https:\/\/groupefranc.com\/index.php\/wp-json\/wp\/v2\/pages"}],"about":[{"href":"https:\/\/groupefranc.com\/index.php\/wp-json\/wp\/v2\/types\/page"}],"author":[{"embeddable":true,"href":"https:\/\/groupefranc.com\/index.php\/wp-json\/wp\/v2\/users\/1"}],"replies":[{"embeddable":true,"href":"https:\/\/groupefranc.com\/index.php\/wp-json\/wp\/v2\/comments?post=2336"}],"version-history":[{"count":68,"href":"https:\/\/groupefranc.com\/index.php\/wp-json\/wp\/v2\/pages\/2336\/revisions"}],"predecessor-version":[{"id":16423,"href":"https:\/\/groupefranc.com\/index.php\/wp-json\/wp\/v2\/pages\/2336\/revisions\/16423"}],"up":[{"embeddable":true,"href":"https:\/\/groupefranc.com\/index.php\/wp-json\/wp\/v2\/pages\/2258"}],"wp:featuredmedia":[{"embeddable":true,"href":"https:\/\/groupefranc.com\/index.php\/wp-json\/wp\/v2\/media\/2337"}],"wp:attachment":[{"href":"https:\/\/groupefranc.com\/index.php\/wp-json\/wp\/v2\/media?parent=2336"}],"curies":[{"name":"wp","href":"https:\/\/api.w.org\/{rel}","templated":true}]}}