{"id":2426,"date":"2025-11-11T14:01:24","date_gmt":"2025-11-11T14:01:24","guid":{"rendered":"https:\/\/groupefranc.com\/?page_id=2426"},"modified":"2026-03-06T09:50:46","modified_gmt":"2026-03-06T09:50:46","slug":"agence-franc","status":"publish","type":"page","link":"https:\/\/groupefranc.com\/index.php\/agences\/agence-franc\/","title":{"rendered":"AGENCE FRANC"},"content":{"rendered":"\t\t<div data-elementor-type=\"wp-page\" data-elementor-id=\"2426\" class=\"elementor elementor-2426\">\n\t\t\t\t\t\t<section class=\"elementor-section elementor-top-section elementor-element elementor-element-727ec21a elementor-section-full_width background-primary elementor-reverse-tablet elementor-reverse-mobile elementor-section-height-default elementor-section-height-default wpr-particle-no wpr-jarallax-no wpr-parallax-no wpr-sticky-section-no\" data-id=\"727ec21a\" data-element_type=\"section\" data-e-type=\"section\" id=\"about_landing\" data-settings=\"{&quot;background_background&quot;:&quot;classic&quot;}\">\n\t\t\t\t\t\t\t<div class=\"elementor-background-overlay\"><\/div>\n\t\t\t\t\t\t\t<div class=\"elementor-container elementor-column-gap-no\">\n\t\t\t\t\t<div class=\"elementor-column elementor-col-50 elementor-top-column elementor-element elementor-element-79ddc0cd\" data-id=\"79ddc0cd\" data-element_type=\"column\" data-e-type=\"column\">\n\t\t\t<div class=\"elementor-widget-wrap elementor-element-populated\">\n\t\t\t\t\t\t<div class=\"elementor-element elementor-element-2a79630d animated-fast elementor-hidden-tablet elementor-hidden-mobile elementor-widget elementor-widget-heading\" data-id=\"2a79630d\" data-element_type=\"widget\" data-e-type=\"widget\" data-settings=\"{&quot;_animation&quot;:&quot;none&quot;}\" data-widget_type=\"heading.default\">\n\t\t\t\t\t<h1 class=\"elementor-heading-title elementor-size-default\">AGENCE FRANC<\/h1>\t\t\t\t<\/div>\n\t\t\t\t<div class=\"elementor-element elementor-element-253e6275 animated-slow elementor-widget elementor-widget-text-editor\" data-id=\"253e6275\" data-element_type=\"widget\" data-e-type=\"widget\" data-settings=\"{&quot;_animation&quot;:&quot;none&quot;}\" data-widget_type=\"text-editor.default\">\n\t\t\t\t\t\t\t\t\t<div class=\"row\"><div class=\"col-lg-12\"><div class=\"row\"><div class=\"col-lg-12\"><div class=\"row\"><div class=\"col-lg-12\"><p>L\u2019AGENCE FRANC<span style=\"font-weight: 400;\">, <\/span>fond\u00e9e en 1975 par <a href=\"https:\/\/groupefranc.com\/index.php\/a-propos-groupe-franc-architectures\/\">G\u00e9rard Franc<\/a><span style=\"font-weight: 400;\">, ing\u00e9nieur ESTP et architecte DPLG, s\u2019inscrit depuis pr\u00e8s d\u2019<\/span>un demi-si\u00e8cle <span style=\"font-weight: 400;\">dans le paysage de l\u2019immobilier d\u2019entreprise et des grandes op\u00e9rations architecturales fran\u00e7aises. D\u00e8s l\u2019origine, elle d\u00e9fend une architecture pr\u00e9cise, mesur\u00e9e et durable, o\u00f9 la clart\u00e9 du geste et la ma\u00eetrise technique priment sur l\u2019effet gratuit. Cette mani\u00e8re de concevoir, patiemment construite au fil des d\u00e9cennies, constitue aujourd\u2019hui la signature du Groupe.<\/span><\/p><p><span style=\"font-weight: 400;\">\u00a0 \u00a0En 2011, <\/span><a href=\"https:\/\/groupefranc.com\/index.php\/portraits\/gabriel-franc\/\">Gabriel Franc<\/a><span style=\"font-weight: 400;\"> reprend la direction de l\u2019agence, accompagn\u00e9 de <\/span><a href=\"https:\/\/groupefranc.com\/index.php\/portraits\/yann-daoudlarian\/\">Yann Daoudlarian<\/a><span style=\"font-weight: 400;\">, Architecte DPLG, aujourd\u2019hui Pr\u00e9sident de l\u2019AGENCE FRANC et du GROUPE FRANC ARCHITECTURES. <\/span>Ensemble, ils portent une vision fond\u00e9e sur l\u2019exigence, la transmission et la justesse<span style=\"font-weight: 400;\">, attentive aux attentes des ma\u00eetres d\u2019ouvrage comme aux enjeux \u00e9conomiques, techniques et environnementaux des projets.<\/span><\/p><p><span style=\"font-weight: 400;\">\u00a0 \u00a0En 2023, l\u2019agence Franc Paris renforce sa gouvernance avec l\u2019arriv\u00e9e de <\/span><a href=\"https:\/\/groupefranc.com\/index.php\/portraits\/jeremy-chauvidon\/\">J\u00e9r\u00e9my Chauvidon<\/a><span style=\"font-weight: 400;\"> et <\/span><a href=\"https:\/\/groupefranc.com\/index.php\/portraits\/ali-maoudji\/\">Ali Maoudji<\/a><span style=\"font-weight: 400;\"> en tant qu\u2019associ\u00e9s. Leur expertise vient enrichir la dynamique de d\u00e9veloppement, notamment en conception-r\u00e9alisation, en pilotage d\u2019op\u00e9rations complexes et dans l\u2019accompagnement durable des ma\u00eetres d\u2019ouvrage publics comme priv\u00e9s.<\/span><\/p><p><span style=\"font-weight: 400;\">\u00a0 \u00a0\u00c9tablie aux 4 &amp; 7, rue Bayard, au c\u0153ur du 8<\/span><span style=\"font-weight: 400;\">\u1d49<\/span><span style=\"font-weight: 400;\"> arrondissement, l\u2019agence r\u00e9unit les directions et les \u00e9quipes strat\u00e9giques du Groupe. Cet ancrage parisien f\u00e9d\u00e8re toutes les comp\u00e9tences du GROUPE FRANC ARCHITECTURES, architectes, ing\u00e9nieurs, \u00e9conomistes, directeurs de travaux, designers d\u2019int\u00e9rieur, experts image et garantit une coh\u00e9rence m\u00e9thodologique \u00e0 l\u2019\u00e9chelle nationale.<\/span><\/p><p>\u00a0 \u00a0L\u2019AGENCE FRANC intervient sur une large diversit\u00e9 de programmes neufs ou en r\u00e9habilitations<span style=\"font-weight: 400;\"> : immeubles tertiaires ou r\u00e9sidentiels, si\u00e8ges sociaux, p\u00f4les d\u2019activit\u00e9s, parcs logistiques, b\u00e2timents industriels, programmes mixtes associant activit\u00e9, tertiaire et paysage, ainsi que <\/span>des op\u00e9rations certifi\u00e9es selon les plus hauts standards environnementaux<span style=\"font-weight: 400;\">. Cette vari\u00e9t\u00e9 nourrit une compr\u00e9hension fine des enjeux contemporains : <\/span>qualit\u00e9 d\u2019usage, sobri\u00e9t\u00e9 \u00e9nerg\u00e9tique, r\u00e9versibilit\u00e9, optimisation des flux, int\u00e9gration urbaine ou encore performance constructive.<\/p><p><span style=\"font-weight: 400;\">\u00a0 \u00a0Cette exigence est reconnue par la profession :<\/span><span style=\"font-weight: 400;\"><br \/><\/span><span style=\"font-weight: 400;\">\u2013 <\/span>Grand Prix <a href=\"https:\/\/www.salonsimi.com\/\">SIMI<\/a> 2018<span style=\"font-weight: 400;\"> pour <\/span>Dassault Aviation<span style=\"font-weight: 400;\"> \u00e0 Tremblay-en-France, certifi\u00e9 <\/span>ISO 14001<span style=\"font-weight: 400;\"> et <\/span>HQE B\u00e2timent Durable \u2013 niveau Excellent<span style=\"font-weight: 400;\"> ;<\/span><span style=\"font-weight: 400;\"><br \/><\/span><span style=\"font-weight: 400;\">\u2013 <\/span>Grand Prix <a href=\"https:\/\/www.salonsimi.com\/\">SIMI<\/a> 2015<span style=\"font-weight: 400;\"> pour la r\u00e9habilitation d\u2019un b\u00e2timent logistique pour <\/span>Sogaris<span style=\"font-weight: 400;\">, certifi\u00e9 <\/span>HQE R\u00e9novation \u2013 niveau Tr\u00e8s Performant<span style=\"font-weight: 400;\">.<\/span><\/p><p><span style=\"font-weight: 400;\">\u00a0 \u00a0Depuis 2019, l\u2019AGENCE FRANC constitue le centre de gravit\u00e9 du <a href=\"https:\/\/groupefranc.com\/index.php\/a-propos-groupe-franc-architectures\/\">GROUPE FRANC ARCHITECTURES<\/a>. Elle incarne une architecture pr\u00e9cise, responsable et tourn\u00e9e vers l\u2019avenir : une architecture qui s\u2019appuie sur la ma\u00eetrise, la coh\u00e9rence et la durabilit\u00e9, et qui fait du dialogue entre le site, l\u2019usage et la technique le v\u00e9ritable fondement de chaque projet.<\/span><\/p><\/div><\/div><\/div><\/div><\/div><\/div>\t\t\t\t\t\t\t\t<\/div>\n\t\t\t\t<div class=\"elementor-element elementor-element-205b8e3 animated-fast elementor-widget elementor-widget-heading\" data-id=\"205b8e3\" data-element_type=\"widget\" data-e-type=\"widget\" data-settings=\"{&quot;_animation&quot;:&quot;none&quot;}\" data-widget_type=\"heading.default\">\n\t\t\t\t\t<h2 class=\"elementor-heading-title elementor-size-default\">Contact<\/h2>\t\t\t\t<\/div>\n\t\t\t\t<div class=\"elementor-element elementor-element-8e8eec6 animated-slow elementor-widget elementor-widget-text-editor\" data-id=\"8e8eec6\" data-element_type=\"widget\" data-e-type=\"widget\" data-settings=\"{&quot;_animation&quot;:&quot;none&quot;}\" data-widget_type=\"text-editor.default\">\n\t\t\t\t\t\t\t\t\t<p>AGENCE FRANC PARIS<br \/>4-7 rue Bayard \u2013 75008 PARIS<br \/>T\u00e9l : 01 42 25 26 07<br \/>contact@agencefranc.com<\/p>\t\t\t\t\t\t\t\t<\/div>\n\t\t\t\t\t<\/div>\n\t\t<\/div>\n\t\t\t\t<div class=\"elementor-column elementor-col-50 elementor-top-column elementor-element elementor-element-cd575ac\" data-id=\"cd575ac\" data-element_type=\"column\" data-e-type=\"column\" data-settings=\"{&quot;background_background&quot;:&quot;classic&quot;}\">\n\t\t\t<div class=\"elementor-widget-wrap elementor-element-populated\">\n\t\t\t\t\t\t<div class=\"elementor-element elementor-element-a4a7c96 animated-slow elementor-widget__width-initial agency_logo elementor-widget elementor-widget-image\" data-id=\"a4a7c96\" data-element_type=\"widget\" data-e-type=\"widget\" data-settings=\"{&quot;_animation&quot;:&quot;none&quot;}\" data-widget_type=\"image.default\">\n\t\t\t\t\t\t\t\t\t\t\t\t\t\t\t<img fetchpriority=\"high\" decoding=\"async\" width=\"1204\" height=\"1204\" src=\"https:\/\/groupefranc.com\/wp-content\/uploads\/2025\/12\/1-e1770831626608.png\" class=\"attachment-full size-full wp-image-5320\" alt=\"\" srcset=\"https:\/\/groupefranc.com\/wp-content\/uploads\/2025\/12\/1-e1770831626608.png 1204w, https:\/\/groupefranc.com\/wp-content\/uploads\/2025\/12\/1-e1770831626608-300x300.png 300w, https:\/\/groupefranc.com\/wp-content\/uploads\/2025\/12\/1-e1770831626608-1024x1024.png 1024w, https:\/\/groupefranc.com\/wp-content\/uploads\/2025\/12\/1-e1770831626608-150x150.png 150w, https:\/\/groupefranc.com\/wp-content\/uploads\/2025\/12\/1-e1770831626608-768x768.png 768w, https:\/\/groupefranc.com\/wp-content\/uploads\/2025\/12\/1-e1770831626608-500x500.png 500w, https:\/\/groupefranc.com\/wp-content\/uploads\/2025\/12\/1-e1770831626608-800x800.png 800w, https:\/\/groupefranc.com\/wp-content\/uploads\/2025\/12\/1-e1770831626608-200x200.png 200w\" sizes=\"(max-width: 1204px) 100vw, 1204px\" \/>\t\t\t\t\t\t\t\t\t\t\t\t\t\t\t<\/div>\n\t\t\t\t\t<\/div>\n\t\t<\/div>\n\t\t\t\t\t<\/div>\n\t\t<\/section>\n\t\t\t\t<\/div>\n\t\t","protected":false},"excerpt":{"rendered":"<p>AGENCE FRANC L\u2019AGENCE FRANC, fond\u00e9e en 1975 par G\u00e9rard Franc, ing\u00e9nieur ESTP et architecte DPLG, s\u2019inscrit depuis pr\u00e8s d\u2019un demi-si\u00e8cle dans le paysage de l\u2019immobilier d\u2019entreprise et des grandes op\u00e9rations architecturales fran\u00e7aises. D\u00e8s l\u2019origine, elle d\u00e9fend une architecture pr\u00e9cise, mesur\u00e9e et durable, o\u00f9 la clart\u00e9 du geste et la ma\u00eetrise technique priment sur l\u2019effet gratuit. Cette mani\u00e8re de concevoir, patiemment construite au fil des d\u00e9cennies, constitue aujourd\u2019hui la signature du Groupe. \u00a0 \u00a0En 2011, Gabriel Franc reprend la direction de l\u2019agence, accompagn\u00e9 de Yann Daoudlarian, Architecte DPLG, aujourd\u2019hui Pr\u00e9sident de l\u2019AGENCE FRANC et du GROUPE FRANC ARCHITECTURES. Ensemble, ils portent une vision fond\u00e9e sur l\u2019exigence, la transmission et la justesse, attentive aux attentes des ma\u00eetres d\u2019ouvrage comme aux enjeux \u00e9conomiques, techniques et environnementaux des projets. \u00a0 \u00a0En 2023, l\u2019agence Franc Paris renforce sa gouvernance avec l\u2019arriv\u00e9e de J\u00e9r\u00e9my Chauvidon et Ali Maoudji en tant qu\u2019associ\u00e9s. Leur expertise vient enrichir la dynamique de d\u00e9veloppement, notamment en conception-r\u00e9alisation, en pilotage d\u2019op\u00e9rations complexes et dans l\u2019accompagnement durable des ma\u00eetres d\u2019ouvrage publics comme priv\u00e9s. \u00a0 \u00a0\u00c9tablie aux 4 &amp; 7, rue Bayard, au c\u0153ur du 8\u1d49 arrondissement, l\u2019agence r\u00e9unit les directions et les \u00e9quipes strat\u00e9giques du Groupe. Cet ancrage parisien f\u00e9d\u00e8re toutes les comp\u00e9tences du GROUPE FRANC ARCHITECTURES, architectes, ing\u00e9nieurs, \u00e9conomistes, directeurs de travaux, designers d\u2019int\u00e9rieur, experts image et garantit une coh\u00e9rence m\u00e9thodologique \u00e0 l\u2019\u00e9chelle nationale. \u00a0 \u00a0L\u2019AGENCE FRANC intervient sur une large diversit\u00e9 de programmes neufs ou en r\u00e9habilitations : immeubles tertiaires ou r\u00e9sidentiels, si\u00e8ges sociaux, p\u00f4les d\u2019activit\u00e9s, parcs logistiques, b\u00e2timents industriels, programmes mixtes associant activit\u00e9, tertiaire et paysage, ainsi que des op\u00e9rations certifi\u00e9es selon les plus hauts standards environnementaux. Cette vari\u00e9t\u00e9 nourrit une compr\u00e9hension fine des enjeux contemporains : qualit\u00e9 d\u2019usage, sobri\u00e9t\u00e9 \u00e9nerg\u00e9tique, r\u00e9versibilit\u00e9, optimisation des flux, int\u00e9gration urbaine ou encore performance constructive. \u00a0 \u00a0Cette exigence est reconnue par la profession :\u2013 Grand Prix SIMI 2018 pour Dassault Aviation \u00e0 Tremblay-en-France, certifi\u00e9 ISO 14001 et HQE B\u00e2timent Durable \u2013 niveau Excellent ;\u2013 Grand Prix SIMI 2015 pour la r\u00e9habilitation d\u2019un b\u00e2timent logistique pour Sogaris, certifi\u00e9 HQE R\u00e9novation \u2013 niveau Tr\u00e8s Performant. \u00a0 \u00a0Depuis 2019, l\u2019AGENCE FRANC constitue le centre de gravit\u00e9 du GROUPE FRANC ARCHITECTURES. Elle incarne une architecture pr\u00e9cise, responsable et tourn\u00e9e vers l\u2019avenir : une architecture qui s\u2019appuie sur la ma\u00eetrise, la coh\u00e9rence et la durabilit\u00e9, et qui fait du dialogue entre le site, l\u2019usage et la technique le v\u00e9ritable fondement de chaque projet. Contact AGENCE FRANC PARIS4-7 rue Bayard \u2013 75008 PARIST\u00e9l : 01 42 25 26 07contact@agencefranc.com<\/p>\n","protected":false},"author":1,"featured_media":2427,"parent":2258,"menu_order":0,"comment_status":"closed","ping_status":"closed","template":"elementor_canvas","meta":{"_vp_format_video_url":"","_vp_image_focal_point":[],"footnotes":""},"class_list":["post-2426","page","type-page","status-publish","has-post-thumbnail","hentry"],"yoast_head":"<!-- This site is optimized with the Yoast SEO plugin v27.1.1 - https:\/\/yoast.com\/product\/yoast-seo-wordpress\/ -->\n<title>AGENCE FRANC - GROUPE FRANC ARCHITECTURES<\/title>\n<meta name=\"description\" content=\"Agence d&#039;architecture \u00e0 Paris fond\u00e9e en 1975. Expertise du Groupe Franc en immobilier d&#039;entreprise grands projets. Double laur\u00e9at Prix SIMI\" \/>\n<meta name=\"robots\" content=\"index, follow, max-snippet:-1, max-image-preview:large, max-video-preview:-1\" \/>\n<link rel=\"canonical\" href=\"https:\/\/groupefranc.com\/index.php\/agences\/agence-franc\/\" \/>\n<meta property=\"og:locale\" content=\"en_US\" \/>\n<meta property=\"og:type\" content=\"article\" \/>\n<meta property=\"og:title\" content=\"AGENCE FRANC - GROUPE FRANC ARCHITECTURES\" \/>\n<meta property=\"og:description\" content=\"Agence d&#039;architecture \u00e0 Paris fond\u00e9e en 1975. Expertise du Groupe Franc en immobilier d&#039;entreprise grands projets. Double laur\u00e9at Prix SIMI\" \/>\n<meta property=\"og:url\" content=\"https:\/\/groupefranc.com\/index.php\/agences\/agence-franc\/\" \/>\n<meta property=\"og:site_name\" content=\"GROUPE FRANC ARCHITECTURES\" \/>\n<meta property=\"article:modified_time\" content=\"2026-03-06T09:50:46+00:00\" \/>\n<meta property=\"og:image\" content=\"https:\/\/groupefranc.com\/wp-content\/uploads\/2025\/12\/1-AGENCE-FRANC-GROUPE-FRANC-scaled.png\" \/>\n\t<meta property=\"og:image:width\" content=\"2560\" \/>\n\t<meta property=\"og:image:height\" content=\"2560\" \/>\n\t<meta property=\"og:image:type\" content=\"image\/png\" \/>\n<meta name=\"twitter:card\" content=\"summary_large_image\" \/>\n<meta name=\"twitter:label1\" content=\"Est. reading time\" \/>\n\t<meta name=\"twitter:data1\" content=\"2 minutes\" \/>\n<script type=\"application\/ld+json\" class=\"yoast-schema-graph\">{\"@context\":\"https:\/\/schema.org\",\"@graph\":[{\"@type\":\"WebPage\",\"@id\":\"https:\/\/groupefranc.com\/index.php\/agences\/agence-franc\/\",\"url\":\"https:\/\/groupefranc.com\/index.php\/agences\/agence-franc\/\",\"name\":\"AGENCE FRANC - GROUPE FRANC ARCHITECTURES\",\"isPartOf\":{\"@id\":\"https:\/\/groupefranc.com\/#website\"},\"primaryImageOfPage\":{\"@id\":\"https:\/\/groupefranc.com\/index.php\/agences\/agence-franc\/#primaryimage\"},\"image\":{\"@id\":\"https:\/\/groupefranc.com\/index.php\/agences\/agence-franc\/#primaryimage\"},\"thumbnailUrl\":\"https:\/\/groupefranc.com\/wp-content\/uploads\/2025\/11\/image_2025-11-11_150104550.png\",\"datePublished\":\"2025-11-11T14:01:24+00:00\",\"dateModified\":\"2026-03-06T09:50:46+00:00\",\"description\":\"Agence d'architecture \u00e0 Paris fond\u00e9e en 1975. Expertise du Groupe Franc en immobilier d'entreprise grands projets. Double laur\u00e9at Prix SIMI\",\"breadcrumb\":{\"@id\":\"https:\/\/groupefranc.com\/index.php\/agences\/agence-franc\/#breadcrumb\"},\"inLanguage\":\"en-US\",\"potentialAction\":[{\"@type\":\"ReadAction\",\"target\":[\"https:\/\/groupefranc.com\/index.php\/agences\/agence-franc\/\"]}]},{\"@type\":\"ImageObject\",\"inLanguage\":\"en-US\",\"@id\":\"https:\/\/groupefranc.com\/index.php\/agences\/agence-franc\/#primaryimage\",\"url\":\"https:\/\/groupefranc.com\/wp-content\/uploads\/2025\/11\/image_2025-11-11_150104550.png\",\"contentUrl\":\"https:\/\/groupefranc.com\/wp-content\/uploads\/2025\/11\/image_2025-11-11_150104550.png\",\"width\":800,\"height\":800,\"caption\":\"AGENCE FRANC\"},{\"@type\":\"BreadcrumbList\",\"@id\":\"https:\/\/groupefranc.com\/index.php\/agences\/agence-franc\/#breadcrumb\",\"itemListElement\":[{\"@type\":\"ListItem\",\"position\":1,\"name\":\"Home\",\"item\":\"https:\/\/groupefranc.com\/\"},{\"@type\":\"ListItem\",\"position\":2,\"name\":\"Agences\",\"item\":\"https:\/\/groupefranc.com\/index.php\/agences\/\"},{\"@type\":\"ListItem\",\"position\":3,\"name\":\"AGENCE FRANC\"}]},{\"@type\":\"WebSite\",\"@id\":\"https:\/\/groupefranc.com\/#website\",\"url\":\"https:\/\/groupefranc.com\/\",\"name\":\"GROUPE FRANC ARCHITECTURES\",\"description\":\"\",\"publisher\":{\"@id\":\"https:\/\/groupefranc.com\/#organization\"},\"potentialAction\":[{\"@type\":\"SearchAction\",\"target\":{\"@type\":\"EntryPoint\",\"urlTemplate\":\"https:\/\/groupefranc.com\/?s={search_term_string}\"},\"query-input\":{\"@type\":\"PropertyValueSpecification\",\"valueRequired\":true,\"valueName\":\"search_term_string\"}}],\"inLanguage\":\"en-US\"},{\"@type\":\"Organization\",\"@id\":\"https:\/\/groupefranc.com\/#organization\",\"name\":\"GROUPE FRANC ARCHITECTURES\",\"url\":\"https:\/\/groupefranc.com\/\",\"logo\":{\"@type\":\"ImageObject\",\"inLanguage\":\"en-US\",\"@id\":\"https:\/\/groupefranc.com\/#\/schema\/logo\/image\/\",\"url\":\"https:\/\/groupefranc.com\/wp-content\/uploads\/2021\/12\/cropped-logo.png\",\"contentUrl\":\"https:\/\/groupefranc.com\/wp-content\/uploads\/2021\/12\/cropped-logo.png\",\"width\":705,\"height\":723,\"caption\":\"GROUPE FRANC ARCHITECTURES\"},\"image\":{\"@id\":\"https:\/\/groupefranc.com\/#\/schema\/logo\/image\/\"},\"sameAs\":[\"https:\/\/www.linkedin.com\/company\/groupe-franc\/\"]}]}<\/script>\n<!-- \/ Yoast SEO plugin. -->","yoast_head_json":{"title":"AGENCE FRANC - GROUPE FRANC ARCHITECTURES","description":"Agence d'architecture \u00e0 Paris fond\u00e9e en 1975. Expertise du Groupe Franc en immobilier d'entreprise grands projets. Double laur\u00e9at Prix SIMI","robots":{"index":"index","follow":"follow","max-snippet":"max-snippet:-1","max-image-preview":"max-image-preview:large","max-video-preview":"max-video-preview:-1"},"canonical":"https:\/\/groupefranc.com\/index.php\/agences\/agence-franc\/","og_locale":"en_US","og_type":"article","og_title":"AGENCE FRANC - GROUPE FRANC ARCHITECTURES","og_description":"Agence d'architecture \u00e0 Paris fond\u00e9e en 1975. Expertise du Groupe Franc en immobilier d'entreprise grands projets. Double laur\u00e9at Prix SIMI","og_url":"https:\/\/groupefranc.com\/index.php\/agences\/agence-franc\/","og_site_name":"GROUPE FRANC ARCHITECTURES","article_modified_time":"2026-03-06T09:50:46+00:00","og_image":[{"width":2560,"height":2560,"url":"https:\/\/groupefranc.com\/wp-content\/uploads\/2025\/12\/1-AGENCE-FRANC-GROUPE-FRANC-scaled.png","type":"image\/png"}],"twitter_card":"summary_large_image","twitter_misc":{"Est. reading time":"2 minutes"},"schema":{"@context":"https:\/\/schema.org","@graph":[{"@type":"WebPage","@id":"https:\/\/groupefranc.com\/index.php\/agences\/agence-franc\/","url":"https:\/\/groupefranc.com\/index.php\/agences\/agence-franc\/","name":"AGENCE FRANC - GROUPE FRANC ARCHITECTURES","isPartOf":{"@id":"https:\/\/groupefranc.com\/#website"},"primaryImageOfPage":{"@id":"https:\/\/groupefranc.com\/index.php\/agences\/agence-franc\/#primaryimage"},"image":{"@id":"https:\/\/groupefranc.com\/index.php\/agences\/agence-franc\/#primaryimage"},"thumbnailUrl":"https:\/\/groupefranc.com\/wp-content\/uploads\/2025\/11\/image_2025-11-11_150104550.png","datePublished":"2025-11-11T14:01:24+00:00","dateModified":"2026-03-06T09:50:46+00:00","description":"Agence d'architecture \u00e0 Paris fond\u00e9e en 1975. Expertise du Groupe Franc en immobilier d'entreprise grands projets. Double laur\u00e9at Prix SIMI","breadcrumb":{"@id":"https:\/\/groupefranc.com\/index.php\/agences\/agence-franc\/#breadcrumb"},"inLanguage":"en-US","potentialAction":[{"@type":"ReadAction","target":["https:\/\/groupefranc.com\/index.php\/agences\/agence-franc\/"]}]},{"@type":"ImageObject","inLanguage":"en-US","@id":"https:\/\/groupefranc.com\/index.php\/agences\/agence-franc\/#primaryimage","url":"https:\/\/groupefranc.com\/wp-content\/uploads\/2025\/11\/image_2025-11-11_150104550.png","contentUrl":"https:\/\/groupefranc.com\/wp-content\/uploads\/2025\/11\/image_2025-11-11_150104550.png","width":800,"height":800,"caption":"AGENCE FRANC"},{"@type":"BreadcrumbList","@id":"https:\/\/groupefranc.com\/index.php\/agences\/agence-franc\/#breadcrumb","itemListElement":[{"@type":"ListItem","position":1,"name":"Home","item":"https:\/\/groupefranc.com\/"},{"@type":"ListItem","position":2,"name":"Agences","item":"https:\/\/groupefranc.com\/index.php\/agences\/"},{"@type":"ListItem","position":3,"name":"AGENCE FRANC"}]},{"@type":"WebSite","@id":"https:\/\/groupefranc.com\/#website","url":"https:\/\/groupefranc.com\/","name":"GROUPE FRANC ARCHITECTURES","description":"","publisher":{"@id":"https:\/\/groupefranc.com\/#organization"},"potentialAction":[{"@type":"SearchAction","target":{"@type":"EntryPoint","urlTemplate":"https:\/\/groupefranc.com\/?s={search_term_string}"},"query-input":{"@type":"PropertyValueSpecification","valueRequired":true,"valueName":"search_term_string"}}],"inLanguage":"en-US"},{"@type":"Organization","@id":"https:\/\/groupefranc.com\/#organization","name":"GROUPE FRANC ARCHITECTURES","url":"https:\/\/groupefranc.com\/","logo":{"@type":"ImageObject","inLanguage":"en-US","@id":"https:\/\/groupefranc.com\/#\/schema\/logo\/image\/","url":"https:\/\/groupefranc.com\/wp-content\/uploads\/2021\/12\/cropped-logo.png","contentUrl":"https:\/\/groupefranc.com\/wp-content\/uploads\/2021\/12\/cropped-logo.png","width":705,"height":723,"caption":"GROUPE FRANC ARCHITECTURES"},"image":{"@id":"https:\/\/groupefranc.com\/#\/schema\/logo\/image\/"},"sameAs":["https:\/\/www.linkedin.com\/company\/groupe-franc\/"]}]}},"_links":{"self":[{"href":"https:\/\/groupefranc.com\/index.php\/wp-json\/wp\/v2\/pages\/2426","targetHints":{"allow":["GET"]}}],"collection":[{"href":"https:\/\/groupefranc.com\/index.php\/wp-json\/wp\/v2\/pages"}],"about":[{"href":"https:\/\/groupefranc.com\/index.php\/wp-json\/wp\/v2\/types\/page"}],"author":[{"embeddable":true,"href":"https:\/\/groupefranc.com\/index.php\/wp-json\/wp\/v2\/users\/1"}],"replies":[{"embeddable":true,"href":"https:\/\/groupefranc.com\/index.php\/wp-json\/wp\/v2\/comments?post=2426"}],"version-history":[{"count":59,"href":"https:\/\/groupefranc.com\/index.php\/wp-json\/wp\/v2\/pages\/2426\/revisions"}],"predecessor-version":[{"id":16429,"href":"https:\/\/groupefranc.com\/index.php\/wp-json\/wp\/v2\/pages\/2426\/revisions\/16429"}],"up":[{"embeddable":true,"href":"https:\/\/groupefranc.com\/index.php\/wp-json\/wp\/v2\/pages\/2258"}],"wp:featuredmedia":[{"embeddable":true,"href":"https:\/\/groupefranc.com\/index.php\/wp-json\/wp\/v2\/media\/2427"}],"wp:attachment":[{"href":"https:\/\/groupefranc.com\/index.php\/wp-json\/wp\/v2\/media?parent=2426"}],"curies":[{"name":"wp","href":"https:\/\/api.w.org\/{rel}","templated":true}]}}