{"id":2468,"date":"2025-11-11T14:25:49","date_gmt":"2025-11-11T14:25:49","guid":{"rendered":"https:\/\/groupefranc.com\/index.php\/agence-franc-2\/"},"modified":"2026-03-06T11:03:52","modified_gmt":"2026-03-06T11:03:52","slug":"agence-macaddam-groupe-franc-architectures","status":"publish","type":"page","link":"https:\/\/groupefranc.com\/index.php\/agences\/agence-macaddam-groupe-franc-architectures\/","title":{"rendered":"AGENCE MACADDAM GROUPE FRANC ARCHITECTURES\u200b"},"content":{"rendered":"\t\t<div data-elementor-type=\"wp-page\" data-elementor-id=\"2468\" class=\"elementor elementor-2468\">\n\t\t\t\t\t\t<section class=\"elementor-section elementor-top-section elementor-element elementor-element-727ec21a elementor-section-full_width background-primary elementor-reverse-tablet elementor-reverse-mobile elementor-section-height-default elementor-section-height-default wpr-particle-no wpr-jarallax-no wpr-parallax-no wpr-sticky-section-no\" data-id=\"727ec21a\" data-element_type=\"section\" data-e-type=\"section\" id=\"about_landing\" data-settings=\"{&quot;background_background&quot;:&quot;classic&quot;}\">\n\t\t\t\t\t\t\t<div class=\"elementor-background-overlay\"><\/div>\n\t\t\t\t\t\t\t<div class=\"elementor-container elementor-column-gap-no\">\n\t\t\t\t\t<div class=\"elementor-column elementor-col-50 elementor-top-column elementor-element elementor-element-79ddc0cd\" data-id=\"79ddc0cd\" data-element_type=\"column\" data-e-type=\"column\">\n\t\t\t<div class=\"elementor-widget-wrap elementor-element-populated\">\n\t\t\t\t\t\t<div class=\"elementor-element elementor-element-2a79630d animated-fast elementor-hidden-tablet elementor-hidden-mobile elementor-widget elementor-widget-heading\" data-id=\"2a79630d\" data-element_type=\"widget\" data-e-type=\"widget\" data-settings=\"{&quot;_animation&quot;:&quot;none&quot;}\" data-widget_type=\"heading.default\">\n\t\t\t\t\t<h1 class=\"elementor-heading-title elementor-size-default\">AGENCE MACADDAM GROUPE FRANC ARCHITECTURES\u200b<\/h1>\t\t\t\t<\/div>\n\t\t\t\t<div class=\"elementor-element elementor-element-253e6275 animated-slow elementor-widget elementor-widget-text-editor\" data-id=\"253e6275\" data-element_type=\"widget\" data-e-type=\"widget\" data-settings=\"{&quot;_animation&quot;:&quot;none&quot;}\" data-widget_type=\"text-editor.default\">\n\t\t\t\t\t\t\t\t\t<p>L\u2019AGENCE MACADDAM<span style=\"font-weight: 400;\">, implant\u00e9e \u00e0 <a href=\"https:\/\/metropole.toulouse.fr\/\">Toulouse<\/a>, <\/span>a rejoint le <b><a href=\"https:\/\/groupefranc.com\/index.php\/a-propos-groupe-franc-architectures\/\">GROUPE FRANC ARCHITECTURES<\/a><\/b><span style=\"font-weight: 400;\"> en <\/span>2020<span style=\"font-weight: 400;\">, marquant une nouvelle \u00e9tape dans son d\u00e9veloppement et l\u2019enrichissement du r\u00e9seau national du Groupe. Forte de plus de quarante ans d\u2019exp\u00e9rience, l\u2019agence s\u2019est affirm\u00e9e gr\u00e2ce \u00e0 la rigueur et \u00e0 l\u2019expertise de son fondateur, Dominique Alet, dont elle prolonge aujourd\u2019hui l\u2019exigence et la qualit\u00e9 d\u2019\u00e9criture architecturale.<\/span><\/p><p>\u00a0 \u00a0Reprise par un trio dirigeant 100 % f\u00e9minin, <a href=\"https:\/\/groupefranc.com\/index.php\/portraits\/mathilde-caillaud\/\"><b>Mathilde Caillaud<\/b><\/a><span style=\"font-weight: 400;\">, <\/span><a href=\"https:\/\/groupefranc.com\/index.php\/portraits\/aurelie-ades\/\"><b>Aur\u00e9lie Ades<\/b><\/a><span style=\"font-weight: 400;\"> et <\/span><a href=\"https:\/\/groupefranc.com\/index.php\/portraits\/marianne-dorde\/\"><b>Marianne Dorde<\/b><\/a><span style=\"font-weight: 400;\">, MACADDAM GROUPE FRANC ARCHITECTURES s\u2019appuie sur une compl\u00e9mentarit\u00e9 solide et une vision commune : <\/span>d\u00e9velopper une architecture mesur\u00e9e, pr\u00e9cise et durable, attentive aux usages comme \u00e0 la coh\u00e9rence constructive. Cette \u00e9quipe incarne un renouvellement assum\u00e9, capable d\u2019aborder une grande diversit\u00e9 de programmes : enseignement, hospitalier, r\u00e9sidentiel, industriel, r\u00e9habilitations et constructions neuves.<\/p><p><span style=\"font-weight: 400;\">\u00a0 \u00a0L\u2019int\u00e9gration au sein du <a href=\"https:\/\/groupefranc.com\/index.php\/a-propos-groupe-franc-architectures\/\">GROUPE FRANC ARCHITECTURES<\/a> permet d\u00e9sormais \u00e0 l\u2019agence de b\u00e9n\u00e9ficier d\u2019un ensemble complet d\u2019expertises : ing\u00e9nierie, \u00e9conomie, direction des travaux, production d\u2019images et accompagnement environnemental. Cette synergie offre \u00e0 MACADDAM GROUPE FRANC ARCHITECTURES une capacit\u00e9 renforc\u00e9e pour piloter des projets complexes, assurer une continuit\u00e9 entre conception et r\u00e9alisation et garantir une qualit\u00e9 technique constante.<\/span><\/p><p>\u00a0 \u00a0R\u00e9solument ancr\u00e9e dans le grand Sud, l\u2019agence d\u00e9veloppe une architecture attentive, \u00e9quilibr\u00e9e et en dialogue constant avec son environnement, o\u00f9 la pr\u00e9cision des lignes, la simplicit\u00e9 constructive et la pertinence des mat\u00e9riaux servent la qualit\u00e9 de vie des usagers. Chaque projet est envisag\u00e9 comme une r\u00e9ponse ancr\u00e9e dans son contexte, soucieuse de l\u2019int\u00e9gration paysag\u00e8re et de la durabilit\u00e9 des solutions mises en \u0153uvre.<\/p><p><span style=\"font-weight: 400;\">\u00a0 \u00a0En rejoignant le <a href=\"https:\/\/groupefranc.com\/index.php\/a-propos-groupe-franc-architectures\/\">GROUPE FRANC ARCHITECTURES<\/a>, l\u2019AGENCE MACADDAM renforce la pr\u00e9sence territoriale du Groupe dans le Sud-Ouest et confirme sa capacit\u00e9 \u00e0 intervenir sur des op\u00e9rations d\u2019envergure, en <\/span>conjuguant ma\u00eetrise, exigence et culture du service. Elle poursuit aujourd\u2019hui son d\u00e9veloppement avec une ambition claire : concevoir des architectures utiles, \u00e9l\u00e9gantes et \u00e0 la hauteur des enjeux des territoires qu\u2019elle accompagne.<\/p>\t\t\t\t\t\t\t\t<\/div>\n\t\t\t\t<div class=\"elementor-element elementor-element-205b8e3 animated-fast elementor-widget elementor-widget-heading\" data-id=\"205b8e3\" data-element_type=\"widget\" data-e-type=\"widget\" data-settings=\"{&quot;_animation&quot;:&quot;none&quot;}\" data-widget_type=\"heading.default\">\n\t\t\t\t\t<h2 class=\"elementor-heading-title elementor-size-default\">Contact<\/h2>\t\t\t\t<\/div>\n\t\t\t\t<div class=\"elementor-element elementor-element-8e8eec6 animated-slow elementor-widget elementor-widget-text-editor\" data-id=\"8e8eec6\" data-element_type=\"widget\" data-e-type=\"widget\" data-settings=\"{&quot;_animation&quot;:&quot;none&quot;}\" data-widget_type=\"text-editor.default\">\n\t\t\t\t\t\t\t\t\t<p>AGENCE MACADDAM GROUPE FRANC ARCHITECTURES<br \/>15, rue du Languedoc \u2013 31000 TOULOUSE<br \/>T\u00e9l : 02 76 89 50 19<br \/>contact@ma-groupefranc.com<\/p>\t\t\t\t\t\t\t\t<\/div>\n\t\t\t\t\t<\/div>\n\t\t<\/div>\n\t\t\t\t<div class=\"elementor-column elementor-col-50 elementor-top-column elementor-element elementor-element-cd575ac\" data-id=\"cd575ac\" data-element_type=\"column\" data-e-type=\"column\" data-settings=\"{&quot;background_background&quot;:&quot;classic&quot;}\">\n\t\t\t<div class=\"elementor-widget-wrap elementor-element-populated\">\n\t\t\t\t\t\t<div class=\"elementor-element elementor-element-a4a7c96 animated-slow agency_logo elementor-widget__width-initial elementor-widget elementor-widget-image\" data-id=\"a4a7c96\" data-element_type=\"widget\" data-e-type=\"widget\" data-settings=\"{&quot;_animation&quot;:&quot;none&quot;}\" data-widget_type=\"image.default\">\n\t\t\t\t\t\t\t\t\t\t\t\t\t\t\t<img fetchpriority=\"high\" decoding=\"async\" width=\"1206\" height=\"1206\" src=\"https:\/\/groupefranc.com\/wp-content\/uploads\/2025\/12\/6-e1770844803932.png\" class=\"attachment-full size-full wp-image-5325\" alt=\"AGENCE MACADDAM GROUPE FRANC ARCHITECTURES\u200b\" srcset=\"https:\/\/groupefranc.com\/wp-content\/uploads\/2025\/12\/6-e1770844803932.png 1206w, https:\/\/groupefranc.com\/wp-content\/uploads\/2025\/12\/6-e1770844803932-300x300.png 300w, https:\/\/groupefranc.com\/wp-content\/uploads\/2025\/12\/6-e1770844803932-1024x1024.png 1024w, https:\/\/groupefranc.com\/wp-content\/uploads\/2025\/12\/6-e1770844803932-150x150.png 150w, https:\/\/groupefranc.com\/wp-content\/uploads\/2025\/12\/6-e1770844803932-768x768.png 768w, https:\/\/groupefranc.com\/wp-content\/uploads\/2025\/12\/6-e1770844803932-500x500.png 500w, https:\/\/groupefranc.com\/wp-content\/uploads\/2025\/12\/6-e1770844803932-800x800.png 800w, https:\/\/groupefranc.com\/wp-content\/uploads\/2025\/12\/6-e1770844803932-200x200.png 200w\" sizes=\"(max-width: 1206px) 100vw, 1206px\" \/>\t\t\t\t\t\t\t\t\t\t\t\t\t\t\t<\/div>\n\t\t\t\t\t<\/div>\n\t\t<\/div>\n\t\t\t\t\t<\/div>\n\t\t<\/section>\n\t\t\t\t<\/div>\n\t\t","protected":false},"excerpt":{"rendered":"<p>AGENCE MACADDAM GROUPE FRANC ARCHITECTURES\u200b L\u2019AGENCE MACADDAM, implant\u00e9e \u00e0 Toulouse, a rejoint le GROUPE FRANC ARCHITECTURES en 2020, marquant une nouvelle \u00e9tape dans son d\u00e9veloppement et l\u2019enrichissement du r\u00e9seau national du Groupe. Forte de plus de quarante ans d\u2019exp\u00e9rience, l\u2019agence s\u2019est affirm\u00e9e gr\u00e2ce \u00e0 la rigueur et \u00e0 l\u2019expertise de son fondateur, Dominique Alet, dont elle prolonge aujourd\u2019hui l\u2019exigence et la qualit\u00e9 d\u2019\u00e9criture architecturale. \u00a0 \u00a0Reprise par un trio dirigeant 100 % f\u00e9minin, Mathilde Caillaud, Aur\u00e9lie Ades et Marianne Dorde, MACADDAM GROUPE FRANC ARCHITECTURES s\u2019appuie sur une compl\u00e9mentarit\u00e9 solide et une vision commune : d\u00e9velopper une architecture mesur\u00e9e, pr\u00e9cise et durable, attentive aux usages comme \u00e0 la coh\u00e9rence constructive. Cette \u00e9quipe incarne un renouvellement assum\u00e9, capable d\u2019aborder une grande diversit\u00e9 de programmes : enseignement, hospitalier, r\u00e9sidentiel, industriel, r\u00e9habilitations et constructions neuves. \u00a0 \u00a0L\u2019int\u00e9gration au sein du GROUPE FRANC ARCHITECTURES permet d\u00e9sormais \u00e0 l\u2019agence de b\u00e9n\u00e9ficier d\u2019un ensemble complet d\u2019expertises : ing\u00e9nierie, \u00e9conomie, direction des travaux, production d\u2019images et accompagnement environnemental. Cette synergie offre \u00e0 MACADDAM GROUPE FRANC ARCHITECTURES une capacit\u00e9 renforc\u00e9e pour piloter des projets complexes, assurer une continuit\u00e9 entre conception et r\u00e9alisation et garantir une qualit\u00e9 technique constante. \u00a0 \u00a0R\u00e9solument ancr\u00e9e dans le grand Sud, l\u2019agence d\u00e9veloppe une architecture attentive, \u00e9quilibr\u00e9e et en dialogue constant avec son environnement, o\u00f9 la pr\u00e9cision des lignes, la simplicit\u00e9 constructive et la pertinence des mat\u00e9riaux servent la qualit\u00e9 de vie des usagers. Chaque projet est envisag\u00e9 comme une r\u00e9ponse ancr\u00e9e dans son contexte, soucieuse de l\u2019int\u00e9gration paysag\u00e8re et de la durabilit\u00e9 des solutions mises en \u0153uvre. \u00a0 \u00a0En rejoignant le GROUPE FRANC ARCHITECTURES, l\u2019AGENCE MACADDAM renforce la pr\u00e9sence territoriale du Groupe dans le Sud-Ouest et confirme sa capacit\u00e9 \u00e0 intervenir sur des op\u00e9rations d\u2019envergure, en conjuguant ma\u00eetrise, exigence et culture du service. Elle poursuit aujourd\u2019hui son d\u00e9veloppement avec une ambition claire : concevoir des architectures utiles, \u00e9l\u00e9gantes et \u00e0 la hauteur des enjeux des territoires qu\u2019elle accompagne. Contact AGENCE MACADDAM GROUPE FRANC ARCHITECTURES15, rue du Languedoc \u2013 31000 TOULOUSET\u00e9l : 02 76 89 50 19contact@ma-groupefranc.com<\/p>\n","protected":false},"author":1,"featured_media":2470,"parent":2258,"menu_order":0,"comment_status":"closed","ping_status":"closed","template":"elementor_canvas","meta":{"_vp_format_video_url":"","_vp_image_focal_point":[],"footnotes":""},"class_list":["post-2468","page","type-page","status-publish","has-post-thumbnail","hentry"],"yoast_head":"<!-- This site is optimized with the Yoast SEO plugin v27.1.1 - https:\/\/yoast.com\/product\/yoast-seo-wordpress\/ -->\n<title>AGENCE MACADDAM GROUPE FRANC ARCHITECTURES\u200b - GROUPE FRANC ARCHITECTURES<\/title>\n<meta name=\"description\" content=\"Agence Macaddam \u00e0 Toulouse. Une direction f\u00e9minine experte en architecture hospitali\u00e8re, enseignement et logement dans le Sud-Ouest\" \/>\n<meta name=\"robots\" content=\"index, follow, max-snippet:-1, max-image-preview:large, max-video-preview:-1\" \/>\n<link rel=\"canonical\" href=\"https:\/\/groupefranc.com\/index.php\/agences\/agence-macaddam-groupe-franc-architectures\/\" \/>\n<meta property=\"og:locale\" content=\"en_US\" \/>\n<meta property=\"og:type\" content=\"article\" \/>\n<meta property=\"og:title\" content=\"AGENCE MACADDAM GROUPE FRANC ARCHITECTURES\u200b\" \/>\n<meta property=\"og:description\" content=\"Agence Macaddam \u00e0 Toulouse. Une direction f\u00e9minine experte en architecture hospitali\u00e8re, enseignement et logement dans le Sud-Ouest\" \/>\n<meta property=\"og:url\" content=\"https:\/\/groupefranc.com\/index.php\/agences\/agence-macaddam-groupe-franc-architectures\/\" \/>\n<meta property=\"og:site_name\" content=\"GROUPE FRANC ARCHITECTURES\" \/>\n<meta property=\"article:modified_time\" content=\"2026-03-06T11:03:52+00:00\" \/>\n<meta property=\"og:image\" content=\"https:\/\/groupefranc.com\/wp-content\/uploads\/2025\/12\/6-MACADDAM-STUDIO-FRANC-scaled.png\" \/>\n\t<meta property=\"og:image:width\" content=\"2560\" \/>\n\t<meta property=\"og:image:height\" content=\"2560\" \/>\n\t<meta property=\"og:image:type\" content=\"image\/png\" \/>\n<meta name=\"twitter:card\" content=\"summary_large_image\" \/>\n<meta name=\"twitter:label1\" content=\"Est. reading time\" \/>\n\t<meta name=\"twitter:data1\" content=\"2 minutes\" \/>\n<script type=\"application\/ld+json\" class=\"yoast-schema-graph\">{\"@context\":\"https:\/\/schema.org\",\"@graph\":[{\"@type\":\"WebPage\",\"@id\":\"https:\/\/groupefranc.com\/index.php\/agences\/agence-macaddam-groupe-franc-architectures\/\",\"url\":\"https:\/\/groupefranc.com\/index.php\/agences\/agence-macaddam-groupe-franc-architectures\/\",\"name\":\"AGENCE MACADDAM GROUPE FRANC ARCHITECTURES\u200b - GROUPE FRANC ARCHITECTURES\",\"isPartOf\":{\"@id\":\"https:\/\/groupefranc.com\/#website\"},\"primaryImageOfPage\":{\"@id\":\"https:\/\/groupefranc.com\/index.php\/agences\/agence-macaddam-groupe-franc-architectures\/#primaryimage\"},\"image\":{\"@id\":\"https:\/\/groupefranc.com\/index.php\/agences\/agence-macaddam-groupe-franc-architectures\/#primaryimage\"},\"thumbnailUrl\":\"https:\/\/groupefranc.com\/wp-content\/uploads\/2025\/11\/image_2025-11-11_152749515.png\",\"datePublished\":\"2025-11-11T14:25:49+00:00\",\"dateModified\":\"2026-03-06T11:03:52+00:00\",\"description\":\"Agence Macaddam \u00e0 Toulouse. Une direction f\u00e9minine experte en architecture hospitali\u00e8re, enseignement et logement dans le Sud-Ouest\",\"breadcrumb\":{\"@id\":\"https:\/\/groupefranc.com\/index.php\/agences\/agence-macaddam-groupe-franc-architectures\/#breadcrumb\"},\"inLanguage\":\"en-US\",\"potentialAction\":[{\"@type\":\"ReadAction\",\"target\":[\"https:\/\/groupefranc.com\/index.php\/agences\/agence-macaddam-groupe-franc-architectures\/\"]}]},{\"@type\":\"ImageObject\",\"inLanguage\":\"en-US\",\"@id\":\"https:\/\/groupefranc.com\/index.php\/agences\/agence-macaddam-groupe-franc-architectures\/#primaryimage\",\"url\":\"https:\/\/groupefranc.com\/wp-content\/uploads\/2025\/11\/image_2025-11-11_152749515.png\",\"contentUrl\":\"https:\/\/groupefranc.com\/wp-content\/uploads\/2025\/11\/image_2025-11-11_152749515.png\",\"width\":800,\"height\":800,\"caption\":\"MACADDAM\"},{\"@type\":\"BreadcrumbList\",\"@id\":\"https:\/\/groupefranc.com\/index.php\/agences\/agence-macaddam-groupe-franc-architectures\/#breadcrumb\",\"itemListElement\":[{\"@type\":\"ListItem\",\"position\":1,\"name\":\"Home\",\"item\":\"https:\/\/groupefranc.com\/\"},{\"@type\":\"ListItem\",\"position\":2,\"name\":\"Agences\",\"item\":\"https:\/\/groupefranc.com\/index.php\/agences\/\"},{\"@type\":\"ListItem\",\"position\":3,\"name\":\"AGENCE MACADDAM GROUPE FRANC ARCHITECTURES\u200b\"}]},{\"@type\":\"WebSite\",\"@id\":\"https:\/\/groupefranc.com\/#website\",\"url\":\"https:\/\/groupefranc.com\/\",\"name\":\"GROUPE FRANC ARCHITECTURES\",\"description\":\"\",\"publisher\":{\"@id\":\"https:\/\/groupefranc.com\/#organization\"},\"potentialAction\":[{\"@type\":\"SearchAction\",\"target\":{\"@type\":\"EntryPoint\",\"urlTemplate\":\"https:\/\/groupefranc.com\/?s={search_term_string}\"},\"query-input\":{\"@type\":\"PropertyValueSpecification\",\"valueRequired\":true,\"valueName\":\"search_term_string\"}}],\"inLanguage\":\"en-US\"},{\"@type\":\"Organization\",\"@id\":\"https:\/\/groupefranc.com\/#organization\",\"name\":\"GROUPE FRANC ARCHITECTURES\",\"url\":\"https:\/\/groupefranc.com\/\",\"logo\":{\"@type\":\"ImageObject\",\"inLanguage\":\"en-US\",\"@id\":\"https:\/\/groupefranc.com\/#\/schema\/logo\/image\/\",\"url\":\"https:\/\/groupefranc.com\/wp-content\/uploads\/2021\/12\/cropped-logo.png\",\"contentUrl\":\"https:\/\/groupefranc.com\/wp-content\/uploads\/2021\/12\/cropped-logo.png\",\"width\":705,\"height\":723,\"caption\":\"GROUPE FRANC ARCHITECTURES\"},\"image\":{\"@id\":\"https:\/\/groupefranc.com\/#\/schema\/logo\/image\/\"},\"sameAs\":[\"https:\/\/www.linkedin.com\/company\/groupe-franc\/\"]}]}<\/script>\n<!-- \/ Yoast SEO plugin. -->","yoast_head_json":{"title":"AGENCE MACADDAM GROUPE FRANC ARCHITECTURES\u200b - GROUPE FRANC ARCHITECTURES","description":"Agence Macaddam \u00e0 Toulouse. Une direction f\u00e9minine experte en architecture hospitali\u00e8re, enseignement et logement dans le Sud-Ouest","robots":{"index":"index","follow":"follow","max-snippet":"max-snippet:-1","max-image-preview":"max-image-preview:large","max-video-preview":"max-video-preview:-1"},"canonical":"https:\/\/groupefranc.com\/index.php\/agences\/agence-macaddam-groupe-franc-architectures\/","og_locale":"en_US","og_type":"article","og_title":"AGENCE MACADDAM GROUPE FRANC ARCHITECTURES\u200b","og_description":"Agence Macaddam \u00e0 Toulouse. Une direction f\u00e9minine experte en architecture hospitali\u00e8re, enseignement et logement dans le Sud-Ouest","og_url":"https:\/\/groupefranc.com\/index.php\/agences\/agence-macaddam-groupe-franc-architectures\/","og_site_name":"GROUPE FRANC ARCHITECTURES","article_modified_time":"2026-03-06T11:03:52+00:00","og_image":[{"width":2560,"height":2560,"url":"https:\/\/groupefranc.com\/wp-content\/uploads\/2025\/12\/6-MACADDAM-STUDIO-FRANC-scaled.png","type":"image\/png"}],"twitter_card":"summary_large_image","twitter_misc":{"Est. reading time":"2 minutes"},"schema":{"@context":"https:\/\/schema.org","@graph":[{"@type":"WebPage","@id":"https:\/\/groupefranc.com\/index.php\/agences\/agence-macaddam-groupe-franc-architectures\/","url":"https:\/\/groupefranc.com\/index.php\/agences\/agence-macaddam-groupe-franc-architectures\/","name":"AGENCE MACADDAM GROUPE FRANC ARCHITECTURES\u200b - GROUPE FRANC ARCHITECTURES","isPartOf":{"@id":"https:\/\/groupefranc.com\/#website"},"primaryImageOfPage":{"@id":"https:\/\/groupefranc.com\/index.php\/agences\/agence-macaddam-groupe-franc-architectures\/#primaryimage"},"image":{"@id":"https:\/\/groupefranc.com\/index.php\/agences\/agence-macaddam-groupe-franc-architectures\/#primaryimage"},"thumbnailUrl":"https:\/\/groupefranc.com\/wp-content\/uploads\/2025\/11\/image_2025-11-11_152749515.png","datePublished":"2025-11-11T14:25:49+00:00","dateModified":"2026-03-06T11:03:52+00:00","description":"Agence Macaddam \u00e0 Toulouse. Une direction f\u00e9minine experte en architecture hospitali\u00e8re, enseignement et logement dans le Sud-Ouest","breadcrumb":{"@id":"https:\/\/groupefranc.com\/index.php\/agences\/agence-macaddam-groupe-franc-architectures\/#breadcrumb"},"inLanguage":"en-US","potentialAction":[{"@type":"ReadAction","target":["https:\/\/groupefranc.com\/index.php\/agences\/agence-macaddam-groupe-franc-architectures\/"]}]},{"@type":"ImageObject","inLanguage":"en-US","@id":"https:\/\/groupefranc.com\/index.php\/agences\/agence-macaddam-groupe-franc-architectures\/#primaryimage","url":"https:\/\/groupefranc.com\/wp-content\/uploads\/2025\/11\/image_2025-11-11_152749515.png","contentUrl":"https:\/\/groupefranc.com\/wp-content\/uploads\/2025\/11\/image_2025-11-11_152749515.png","width":800,"height":800,"caption":"MACADDAM"},{"@type":"BreadcrumbList","@id":"https:\/\/groupefranc.com\/index.php\/agences\/agence-macaddam-groupe-franc-architectures\/#breadcrumb","itemListElement":[{"@type":"ListItem","position":1,"name":"Home","item":"https:\/\/groupefranc.com\/"},{"@type":"ListItem","position":2,"name":"Agences","item":"https:\/\/groupefranc.com\/index.php\/agences\/"},{"@type":"ListItem","position":3,"name":"AGENCE MACADDAM GROUPE FRANC ARCHITECTURES\u200b"}]},{"@type":"WebSite","@id":"https:\/\/groupefranc.com\/#website","url":"https:\/\/groupefranc.com\/","name":"GROUPE FRANC ARCHITECTURES","description":"","publisher":{"@id":"https:\/\/groupefranc.com\/#organization"},"potentialAction":[{"@type":"SearchAction","target":{"@type":"EntryPoint","urlTemplate":"https:\/\/groupefranc.com\/?s={search_term_string}"},"query-input":{"@type":"PropertyValueSpecification","valueRequired":true,"valueName":"search_term_string"}}],"inLanguage":"en-US"},{"@type":"Organization","@id":"https:\/\/groupefranc.com\/#organization","name":"GROUPE FRANC ARCHITECTURES","url":"https:\/\/groupefranc.com\/","logo":{"@type":"ImageObject","inLanguage":"en-US","@id":"https:\/\/groupefranc.com\/#\/schema\/logo\/image\/","url":"https:\/\/groupefranc.com\/wp-content\/uploads\/2021\/12\/cropped-logo.png","contentUrl":"https:\/\/groupefranc.com\/wp-content\/uploads\/2021\/12\/cropped-logo.png","width":705,"height":723,"caption":"GROUPE FRANC ARCHITECTURES"},"image":{"@id":"https:\/\/groupefranc.com\/#\/schema\/logo\/image\/"},"sameAs":["https:\/\/www.linkedin.com\/company\/groupe-franc\/"]}]}},"_links":{"self":[{"href":"https:\/\/groupefranc.com\/index.php\/wp-json\/wp\/v2\/pages\/2468","targetHints":{"allow":["GET"]}}],"collection":[{"href":"https:\/\/groupefranc.com\/index.php\/wp-json\/wp\/v2\/pages"}],"about":[{"href":"https:\/\/groupefranc.com\/index.php\/wp-json\/wp\/v2\/types\/page"}],"author":[{"embeddable":true,"href":"https:\/\/groupefranc.com\/index.php\/wp-json\/wp\/v2\/users\/1"}],"replies":[{"embeddable":true,"href":"https:\/\/groupefranc.com\/index.php\/wp-json\/wp\/v2\/comments?post=2468"}],"version-history":[{"count":63,"href":"https:\/\/groupefranc.com\/index.php\/wp-json\/wp\/v2\/pages\/2468\/revisions"}],"predecessor-version":[{"id":16451,"href":"https:\/\/groupefranc.com\/index.php\/wp-json\/wp\/v2\/pages\/2468\/revisions\/16451"}],"up":[{"embeddable":true,"href":"https:\/\/groupefranc.com\/index.php\/wp-json\/wp\/v2\/pages\/2258"}],"wp:featuredmedia":[{"embeddable":true,"href":"https:\/\/groupefranc.com\/index.php\/wp-json\/wp\/v2\/media\/2470"}],"wp:attachment":[{"href":"https:\/\/groupefranc.com\/index.php\/wp-json\/wp\/v2\/media?parent=2468"}],"curies":[{"name":"wp","href":"https:\/\/api.w.org\/{rel}","templated":true}]}}