{"id":2480,"date":"2025-11-11T14:36:10","date_gmt":"2025-11-11T14:36:10","guid":{"rendered":"https:\/\/groupefranc.com\/?page_id=2480"},"modified":"2026-03-06T09:50:24","modified_gmt":"2026-03-06T09:50:24","slug":"briffaud-architecte","status":"publish","type":"page","link":"https:\/\/groupefranc.com\/index.php\/agences\/briffaud-architecte\/","title":{"rendered":"BRIFFAUD ARCHITECTE"},"content":{"rendered":"\t\t<div data-elementor-type=\"wp-page\" data-elementor-id=\"2480\" class=\"elementor elementor-2480\">\n\t\t\t\t\t\t<section class=\"elementor-section elementor-top-section elementor-element elementor-element-727ec21a elementor-section-full_width background-primary elementor-reverse-tablet elementor-reverse-mobile elementor-section-height-default elementor-section-height-default wpr-particle-no wpr-jarallax-no wpr-parallax-no wpr-sticky-section-no\" data-id=\"727ec21a\" data-element_type=\"section\" data-e-type=\"section\" id=\"about_landing\" data-settings=\"{&quot;background_background&quot;:&quot;classic&quot;}\">\n\t\t\t\t\t\t\t<div class=\"elementor-background-overlay\"><\/div>\n\t\t\t\t\t\t\t<div class=\"elementor-container elementor-column-gap-no\">\n\t\t\t\t\t<div class=\"elementor-column elementor-col-50 elementor-top-column elementor-element elementor-element-79ddc0cd\" data-id=\"79ddc0cd\" data-element_type=\"column\" data-e-type=\"column\">\n\t\t\t<div class=\"elementor-widget-wrap elementor-element-populated\">\n\t\t\t\t\t\t<div class=\"elementor-element elementor-element-2a79630d animated-fast elementor-hidden-tablet elementor-hidden-mobile elementor-widget elementor-widget-heading\" data-id=\"2a79630d\" data-element_type=\"widget\" data-e-type=\"widget\" data-settings=\"{&quot;_animation&quot;:&quot;none&quot;}\" data-widget_type=\"heading.default\">\n\t\t\t\t\t<h1 class=\"elementor-heading-title elementor-size-default\">BRIFFAUD ARCHITECTE<\/h1>\t\t\t\t<\/div>\n\t\t\t\t<div class=\"elementor-element elementor-element-253e6275 animated-slow elementor-widget elementor-widget-text-editor\" data-id=\"253e6275\" data-element_type=\"widget\" data-e-type=\"widget\" data-settings=\"{&quot;_animation&quot;:&quot;none&quot;}\" data-widget_type=\"text-editor.default\">\n\t\t\t\t\t\t\t\t\t<p>L\u2019AGENCE FR\u00c9D\u00c9RIC BRIFFAUD ARCHITECTE GROUPE FRANC, bas\u00e9e \u00e0 <a href=\"https:\/\/www.fontainebleau.fr\/\">Fontainebleau<\/a>, s\u2019inscrit dans la continuit\u00e9 d\u2019une histoire architecturale n\u00e9e au sein de l\u2019agence Jestaz-Briffaud, dont elle reprend naturellement l\u2019expertise, les m\u00e9thodes et l\u2019ancrage territorial. La rencontre d\u00e9terminante entre <a href=\"https:\/\/groupefranc.com\/index.php\/portraits\/frederic-briffaud\/\">Fr\u00e9d\u00e9ric Briffaud<\/a> et <a href=\"https:\/\/groupefranc.com\/index.php\/portraits\/gabriel-franc\/\">Gabriel Franc<\/a> marque un tournant : elle ouvre la voie \u00e0 l\u2019int\u00e9gration de l\u2019agence au sein du GROUPE FRANC ARCHITECTURES, donnant naissance \u00e0 F.BRIFFAUD GROUPE FRANC ARCHITECTURES.<\/p><p>\u00a0 \u00a0Forte de plus de vingt-six ann\u00e9es d\u2019exp\u00e9rience en mission compl\u00e8te, l\u2019agence s\u2019est impos\u00e9e comme un acteur reconnu dans les domaines du logement, du tertiaire et des \u00e9quipements publics. H\u00e9riti\u00e8re des comp\u00e9tences d\u00e9velopp\u00e9es au sein de Jestaz puis de la soci\u00e9t\u00e9 Jestaz Briffaud, elle ma\u00eetrise une large diversit\u00e9 de programmes : projets urbains, am\u00e9nagements, \u00e9quipements collectifs, op\u00e9rations r\u00e9sidentielles, r\u00e9habilitations et cr\u00e9ations de quartiers.<\/p><p>\u00a0 \u00a0Cette int\u00e9gration au sein du Groupe renforce sa capacit\u00e9 d\u2019intervention gr\u00e2ce \u00e0 l\u2019acc\u00e8s \u00e0 un \u00e9cosyst\u00e8me complet,\u00a0ing\u00e9nierie, \u00e9conomie, direction de travaux, architecture int\u00e9rieure, production d\u2019images et expertise environnementale. F.BRIFFAUD GROUPE FRANC ARCHITECTURES peut ainsi accompagner des projets complexes avec une coh\u00e9rence renforc\u00e9e entre conception, technique et r\u00e9alisation.<\/p><p>\u00a0 \u00a0Aujourd\u2019hui, l\u2019agence poursuit cette dynamique au sein du <a href=\"https:\/\/groupefranc.com\/index.php\/a-propos-groupe-franc-architectures\/\">GROUPE FRANC ARCHITECTURES<\/a> en affirmant une architecture mesur\u00e9e, durable et profond\u00e9ment attentive \u00e0 la qualit\u00e9 des usages comme \u00e0 la singularit\u00e9 des territoires. Elle s\u2019appuie sur un enracinement fort \u00e0 Fontainebleau et une vision architecturale contemporaine, exigeante et humaniste, enti\u00e8rement tourn\u00e9e vers la qualit\u00e9 du b\u00e2ti et la pertinence des projets livr\u00e9s.<\/p>\t\t\t\t\t\t\t\t<\/div>\n\t\t\t\t<div class=\"elementor-element elementor-element-205b8e3 animated-fast elementor-widget elementor-widget-heading\" data-id=\"205b8e3\" data-element_type=\"widget\" data-e-type=\"widget\" data-settings=\"{&quot;_animation&quot;:&quot;none&quot;}\" data-widget_type=\"heading.default\">\n\t\t\t\t\t<h2 class=\"elementor-heading-title elementor-size-default\">Contact<\/h2>\t\t\t\t<\/div>\n\t\t\t\t<div class=\"elementor-element elementor-element-8e8eec6 animated-slow elementor-widget elementor-widget-text-editor\" data-id=\"8e8eec6\" data-element_type=\"widget\" data-e-type=\"widget\" data-settings=\"{&quot;_animation&quot;:&quot;none&quot;}\" data-widget_type=\"text-editor.default\">\n\t\t\t\t\t\t\t\t\t<p>AGENCE F.BRIFFAUD GROUPE FRANC ARCHITECTURES <br \/>109 rue Saint-Honor\u00e9 \u2013 77300 FONTAINEBLEAU<br \/>T\u00e9l : 01 60 74 53 60<br \/>contact@fb-groupefranc.com<\/p>\t\t\t\t\t\t\t\t<\/div>\n\t\t\t\t\t<\/div>\n\t\t<\/div>\n\t\t\t\t<div class=\"elementor-column elementor-col-50 elementor-top-column elementor-element elementor-element-cd575ac\" data-id=\"cd575ac\" data-element_type=\"column\" data-e-type=\"column\" data-settings=\"{&quot;background_background&quot;:&quot;classic&quot;}\">\n\t\t\t<div class=\"elementor-widget-wrap elementor-element-populated\">\n\t\t\t\t\t\t<div class=\"elementor-element elementor-element-a4a7c96 animated-slow agency_logo elementor-widget__width-initial elementor-widget elementor-widget-image\" data-id=\"a4a7c96\" data-element_type=\"widget\" data-e-type=\"widget\" data-settings=\"{&quot;_animation&quot;:&quot;none&quot;}\" data-widget_type=\"image.default\">\n\t\t\t\t\t\t\t\t\t\t\t\t\t\t\t<img fetchpriority=\"high\" decoding=\"async\" width=\"1188\" height=\"1188\" src=\"https:\/\/groupefranc.com\/wp-content\/uploads\/2025\/12\/8-e1770831774131.png\" class=\"attachment-full size-full wp-image-5327\" alt=\"\" srcset=\"https:\/\/groupefranc.com\/wp-content\/uploads\/2025\/12\/8-e1770831774131.png 1188w, https:\/\/groupefranc.com\/wp-content\/uploads\/2025\/12\/8-e1770831774131-300x300.png 300w, https:\/\/groupefranc.com\/wp-content\/uploads\/2025\/12\/8-e1770831774131-1024x1024.png 1024w, https:\/\/groupefranc.com\/wp-content\/uploads\/2025\/12\/8-e1770831774131-150x150.png 150w, https:\/\/groupefranc.com\/wp-content\/uploads\/2025\/12\/8-e1770831774131-768x768.png 768w, https:\/\/groupefranc.com\/wp-content\/uploads\/2025\/12\/8-e1770831774131-500x500.png 500w, https:\/\/groupefranc.com\/wp-content\/uploads\/2025\/12\/8-e1770831774131-800x800.png 800w, https:\/\/groupefranc.com\/wp-content\/uploads\/2025\/12\/8-e1770831774131-200x200.png 200w\" sizes=\"(max-width: 1188px) 100vw, 1188px\" \/>\t\t\t\t\t\t\t\t\t\t\t\t\t\t\t<\/div>\n\t\t\t\t\t<\/div>\n\t\t<\/div>\n\t\t\t\t\t<\/div>\n\t\t<\/section>\n\t\t\t\t<\/div>\n\t\t","protected":false},"excerpt":{"rendered":"<p>BRIFFAUD ARCHITECTE L\u2019AGENCE FR\u00c9D\u00c9RIC BRIFFAUD ARCHITECTE GROUPE FRANC, bas\u00e9e \u00e0 Fontainebleau, s\u2019inscrit dans la continuit\u00e9 d\u2019une histoire architecturale n\u00e9e au sein de l\u2019agence Jestaz-Briffaud, dont elle reprend naturellement l\u2019expertise, les m\u00e9thodes et l\u2019ancrage territorial. La rencontre d\u00e9terminante entre Fr\u00e9d\u00e9ric Briffaud et Gabriel Franc marque un tournant : elle ouvre la voie \u00e0 l\u2019int\u00e9gration de l\u2019agence au sein du GROUPE FRANC ARCHITECTURES, donnant naissance \u00e0 F.BRIFFAUD GROUPE FRANC ARCHITECTURES. \u00a0 \u00a0Forte de plus de vingt-six ann\u00e9es d\u2019exp\u00e9rience en mission compl\u00e8te, l\u2019agence s\u2019est impos\u00e9e comme un acteur reconnu dans les domaines du logement, du tertiaire et des \u00e9quipements publics. H\u00e9riti\u00e8re des comp\u00e9tences d\u00e9velopp\u00e9es au sein de Jestaz puis de la soci\u00e9t\u00e9 Jestaz Briffaud, elle ma\u00eetrise une large diversit\u00e9 de programmes : projets urbains, am\u00e9nagements, \u00e9quipements collectifs, op\u00e9rations r\u00e9sidentielles, r\u00e9habilitations et cr\u00e9ations de quartiers. \u00a0 \u00a0Cette int\u00e9gration au sein du Groupe renforce sa capacit\u00e9 d\u2019intervention gr\u00e2ce \u00e0 l\u2019acc\u00e8s \u00e0 un \u00e9cosyst\u00e8me complet,\u00a0ing\u00e9nierie, \u00e9conomie, direction de travaux, architecture int\u00e9rieure, production d\u2019images et expertise environnementale. F.BRIFFAUD GROUPE FRANC ARCHITECTURES peut ainsi accompagner des projets complexes avec une coh\u00e9rence renforc\u00e9e entre conception, technique et r\u00e9alisation. \u00a0 \u00a0Aujourd\u2019hui, l\u2019agence poursuit cette dynamique au sein du GROUPE FRANC ARCHITECTURES en affirmant une architecture mesur\u00e9e, durable et profond\u00e9ment attentive \u00e0 la qualit\u00e9 des usages comme \u00e0 la singularit\u00e9 des territoires. Elle s\u2019appuie sur un enracinement fort \u00e0 Fontainebleau et une vision architecturale contemporaine, exigeante et humaniste, enti\u00e8rement tourn\u00e9e vers la qualit\u00e9 du b\u00e2ti et la pertinence des projets livr\u00e9s. Contact AGENCE F.BRIFFAUD GROUPE FRANC ARCHITECTURES 109 rue Saint-Honor\u00e9 \u2013 77300 FONTAINEBLEAUT\u00e9l : 01 60 74 53 60contact@fb-groupefranc.com<\/p>\n","protected":false},"author":1,"featured_media":2481,"parent":2258,"menu_order":0,"comment_status":"closed","ping_status":"closed","template":"elementor_canvas","meta":{"_vp_format_video_url":"","_vp_image_focal_point":[],"footnotes":""},"class_list":["post-2480","page","type-page","status-publish","has-post-thumbnail","hentry"],"yoast_head":"<!-- This site is optimized with the Yoast SEO plugin v27.1.1 - https:\/\/yoast.com\/product\/yoast-seo-wordpress\/ -->\n<title>BRIFFAUD ARCHITECTE - GROUPE FRANC ARCHITECTURES<\/title>\n<meta name=\"description\" content=\"BRIFFAUD ARCHITECTE \u00e0 Fontainebleau, membre du Groupe Franc. 26 ans d&#039;expertise (ex-Jestaz) en logement, tertiaire et \u00e9quipements publics\" \/>\n<meta name=\"robots\" content=\"index, follow, max-snippet:-1, max-image-preview:large, max-video-preview:-1\" \/>\n<link rel=\"canonical\" href=\"https:\/\/groupefranc.com\/index.php\/agences\/briffaud-architecte\/\" \/>\n<meta property=\"og:locale\" content=\"en_US\" \/>\n<meta property=\"og:type\" content=\"article\" \/>\n<meta property=\"og:title\" content=\"BRIFFAUD ARCHITECTE\" \/>\n<meta property=\"og:description\" content=\"BRIFFAUD ARCHITECTE \u00e0 Fontainebleau, membre du Groupe Franc. 26 ans d&#039;expertise (ex-Jestaz) en logement, tertiaire et \u00e9quipements publics\" \/>\n<meta property=\"og:url\" content=\"https:\/\/groupefranc.com\/index.php\/agences\/briffaud-architecte\/\" \/>\n<meta property=\"og:site_name\" content=\"GROUPE FRANC ARCHITECTURES\" \/>\n<meta property=\"article:modified_time\" content=\"2026-03-06T09:50:24+00:00\" \/>\n<meta property=\"og:image\" content=\"https:\/\/groupefranc.com\/wp-content\/uploads\/2025\/12\/7-BRIFFAUD-GROUPE-ARCHITECTE-scaled.png\" \/>\n\t<meta property=\"og:image:width\" content=\"2560\" \/>\n\t<meta property=\"og:image:height\" content=\"2560\" \/>\n\t<meta property=\"og:image:type\" content=\"image\/png\" \/>\n<meta name=\"twitter:card\" content=\"summary_large_image\" \/>\n<meta name=\"twitter:label1\" content=\"Est. reading time\" \/>\n\t<meta name=\"twitter:data1\" content=\"2 minutes\" \/>\n<script type=\"application\/ld+json\" class=\"yoast-schema-graph\">{\"@context\":\"https:\/\/schema.org\",\"@graph\":[{\"@type\":\"WebPage\",\"@id\":\"https:\/\/groupefranc.com\/index.php\/agences\/briffaud-architecte\/\",\"url\":\"https:\/\/groupefranc.com\/index.php\/agences\/briffaud-architecte\/\",\"name\":\"BRIFFAUD ARCHITECTE - GROUPE FRANC ARCHITECTURES\",\"isPartOf\":{\"@id\":\"https:\/\/groupefranc.com\/#website\"},\"primaryImageOfPage\":{\"@id\":\"https:\/\/groupefranc.com\/index.php\/agences\/briffaud-architecte\/#primaryimage\"},\"image\":{\"@id\":\"https:\/\/groupefranc.com\/index.php\/agences\/briffaud-architecte\/#primaryimage\"},\"thumbnailUrl\":\"https:\/\/groupefranc.com\/wp-content\/uploads\/2025\/11\/image_2025-11-11_153554992.png\",\"datePublished\":\"2025-11-11T14:36:10+00:00\",\"dateModified\":\"2026-03-06T09:50:24+00:00\",\"description\":\"BRIFFAUD ARCHITECTE \u00e0 Fontainebleau, membre du Groupe Franc. 26 ans d'expertise (ex-Jestaz) en logement, tertiaire et \u00e9quipements publics\",\"breadcrumb\":{\"@id\":\"https:\/\/groupefranc.com\/index.php\/agences\/briffaud-architecte\/#breadcrumb\"},\"inLanguage\":\"en-US\",\"potentialAction\":[{\"@type\":\"ReadAction\",\"target\":[\"https:\/\/groupefranc.com\/index.php\/agences\/briffaud-architecte\/\"]}]},{\"@type\":\"ImageObject\",\"inLanguage\":\"en-US\",\"@id\":\"https:\/\/groupefranc.com\/index.php\/agences\/briffaud-architecte\/#primaryimage\",\"url\":\"https:\/\/groupefranc.com\/wp-content\/uploads\/2025\/11\/image_2025-11-11_153554992.png\",\"contentUrl\":\"https:\/\/groupefranc.com\/wp-content\/uploads\/2025\/11\/image_2025-11-11_153554992.png\",\"width\":800,\"height\":800,\"caption\":\"BRIFFAUD ARCHITECTE\"},{\"@type\":\"BreadcrumbList\",\"@id\":\"https:\/\/groupefranc.com\/index.php\/agences\/briffaud-architecte\/#breadcrumb\",\"itemListElement\":[{\"@type\":\"ListItem\",\"position\":1,\"name\":\"Home\",\"item\":\"https:\/\/groupefranc.com\/\"},{\"@type\":\"ListItem\",\"position\":2,\"name\":\"Agences\",\"item\":\"https:\/\/groupefranc.com\/index.php\/agences\/\"},{\"@type\":\"ListItem\",\"position\":3,\"name\":\"BRIFFAUD ARCHITECTE\"}]},{\"@type\":\"WebSite\",\"@id\":\"https:\/\/groupefranc.com\/#website\",\"url\":\"https:\/\/groupefranc.com\/\",\"name\":\"GROUPE FRANC ARCHITECTURES\",\"description\":\"\",\"publisher\":{\"@id\":\"https:\/\/groupefranc.com\/#organization\"},\"potentialAction\":[{\"@type\":\"SearchAction\",\"target\":{\"@type\":\"EntryPoint\",\"urlTemplate\":\"https:\/\/groupefranc.com\/?s={search_term_string}\"},\"query-input\":{\"@type\":\"PropertyValueSpecification\",\"valueRequired\":true,\"valueName\":\"search_term_string\"}}],\"inLanguage\":\"en-US\"},{\"@type\":\"Organization\",\"@id\":\"https:\/\/groupefranc.com\/#organization\",\"name\":\"GROUPE FRANC ARCHITECTURES\",\"url\":\"https:\/\/groupefranc.com\/\",\"logo\":{\"@type\":\"ImageObject\",\"inLanguage\":\"en-US\",\"@id\":\"https:\/\/groupefranc.com\/#\/schema\/logo\/image\/\",\"url\":\"https:\/\/groupefranc.com\/wp-content\/uploads\/2021\/12\/cropped-logo.png\",\"contentUrl\":\"https:\/\/groupefranc.com\/wp-content\/uploads\/2021\/12\/cropped-logo.png\",\"width\":705,\"height\":723,\"caption\":\"GROUPE FRANC ARCHITECTURES\"},\"image\":{\"@id\":\"https:\/\/groupefranc.com\/#\/schema\/logo\/image\/\"},\"sameAs\":[\"https:\/\/www.linkedin.com\/company\/groupe-franc\/\"]}]}<\/script>\n<!-- \/ Yoast SEO plugin. -->","yoast_head_json":{"title":"BRIFFAUD ARCHITECTE - GROUPE FRANC ARCHITECTURES","description":"BRIFFAUD ARCHITECTE \u00e0 Fontainebleau, membre du Groupe Franc. 26 ans d'expertise (ex-Jestaz) en logement, tertiaire et \u00e9quipements publics","robots":{"index":"index","follow":"follow","max-snippet":"max-snippet:-1","max-image-preview":"max-image-preview:large","max-video-preview":"max-video-preview:-1"},"canonical":"https:\/\/groupefranc.com\/index.php\/agences\/briffaud-architecte\/","og_locale":"en_US","og_type":"article","og_title":"BRIFFAUD ARCHITECTE","og_description":"BRIFFAUD ARCHITECTE \u00e0 Fontainebleau, membre du Groupe Franc. 26 ans d'expertise (ex-Jestaz) en logement, tertiaire et \u00e9quipements publics","og_url":"https:\/\/groupefranc.com\/index.php\/agences\/briffaud-architecte\/","og_site_name":"GROUPE FRANC ARCHITECTURES","article_modified_time":"2026-03-06T09:50:24+00:00","og_image":[{"width":2560,"height":2560,"url":"https:\/\/groupefranc.com\/wp-content\/uploads\/2025\/12\/7-BRIFFAUD-GROUPE-ARCHITECTE-scaled.png","type":"image\/png"}],"twitter_card":"summary_large_image","twitter_misc":{"Est. reading time":"2 minutes"},"schema":{"@context":"https:\/\/schema.org","@graph":[{"@type":"WebPage","@id":"https:\/\/groupefranc.com\/index.php\/agences\/briffaud-architecte\/","url":"https:\/\/groupefranc.com\/index.php\/agences\/briffaud-architecte\/","name":"BRIFFAUD ARCHITECTE - GROUPE FRANC ARCHITECTURES","isPartOf":{"@id":"https:\/\/groupefranc.com\/#website"},"primaryImageOfPage":{"@id":"https:\/\/groupefranc.com\/index.php\/agences\/briffaud-architecte\/#primaryimage"},"image":{"@id":"https:\/\/groupefranc.com\/index.php\/agences\/briffaud-architecte\/#primaryimage"},"thumbnailUrl":"https:\/\/groupefranc.com\/wp-content\/uploads\/2025\/11\/image_2025-11-11_153554992.png","datePublished":"2025-11-11T14:36:10+00:00","dateModified":"2026-03-06T09:50:24+00:00","description":"BRIFFAUD ARCHITECTE \u00e0 Fontainebleau, membre du Groupe Franc. 26 ans d'expertise (ex-Jestaz) en logement, tertiaire et \u00e9quipements publics","breadcrumb":{"@id":"https:\/\/groupefranc.com\/index.php\/agences\/briffaud-architecte\/#breadcrumb"},"inLanguage":"en-US","potentialAction":[{"@type":"ReadAction","target":["https:\/\/groupefranc.com\/index.php\/agences\/briffaud-architecte\/"]}]},{"@type":"ImageObject","inLanguage":"en-US","@id":"https:\/\/groupefranc.com\/index.php\/agences\/briffaud-architecte\/#primaryimage","url":"https:\/\/groupefranc.com\/wp-content\/uploads\/2025\/11\/image_2025-11-11_153554992.png","contentUrl":"https:\/\/groupefranc.com\/wp-content\/uploads\/2025\/11\/image_2025-11-11_153554992.png","width":800,"height":800,"caption":"BRIFFAUD ARCHITECTE"},{"@type":"BreadcrumbList","@id":"https:\/\/groupefranc.com\/index.php\/agences\/briffaud-architecte\/#breadcrumb","itemListElement":[{"@type":"ListItem","position":1,"name":"Home","item":"https:\/\/groupefranc.com\/"},{"@type":"ListItem","position":2,"name":"Agences","item":"https:\/\/groupefranc.com\/index.php\/agences\/"},{"@type":"ListItem","position":3,"name":"BRIFFAUD ARCHITECTE"}]},{"@type":"WebSite","@id":"https:\/\/groupefranc.com\/#website","url":"https:\/\/groupefranc.com\/","name":"GROUPE FRANC ARCHITECTURES","description":"","publisher":{"@id":"https:\/\/groupefranc.com\/#organization"},"potentialAction":[{"@type":"SearchAction","target":{"@type":"EntryPoint","urlTemplate":"https:\/\/groupefranc.com\/?s={search_term_string}"},"query-input":{"@type":"PropertyValueSpecification","valueRequired":true,"valueName":"search_term_string"}}],"inLanguage":"en-US"},{"@type":"Organization","@id":"https:\/\/groupefranc.com\/#organization","name":"GROUPE FRANC ARCHITECTURES","url":"https:\/\/groupefranc.com\/","logo":{"@type":"ImageObject","inLanguage":"en-US","@id":"https:\/\/groupefranc.com\/#\/schema\/logo\/image\/","url":"https:\/\/groupefranc.com\/wp-content\/uploads\/2021\/12\/cropped-logo.png","contentUrl":"https:\/\/groupefranc.com\/wp-content\/uploads\/2021\/12\/cropped-logo.png","width":705,"height":723,"caption":"GROUPE FRANC ARCHITECTURES"},"image":{"@id":"https:\/\/groupefranc.com\/#\/schema\/logo\/image\/"},"sameAs":["https:\/\/www.linkedin.com\/company\/groupe-franc\/"]}]}},"_links":{"self":[{"href":"https:\/\/groupefranc.com\/index.php\/wp-json\/wp\/v2\/pages\/2480","targetHints":{"allow":["GET"]}}],"collection":[{"href":"https:\/\/groupefranc.com\/index.php\/wp-json\/wp\/v2\/pages"}],"about":[{"href":"https:\/\/groupefranc.com\/index.php\/wp-json\/wp\/v2\/types\/page"}],"author":[{"embeddable":true,"href":"https:\/\/groupefranc.com\/index.php\/wp-json\/wp\/v2\/users\/1"}],"replies":[{"embeddable":true,"href":"https:\/\/groupefranc.com\/index.php\/wp-json\/wp\/v2\/comments?post=2480"}],"version-history":[{"count":59,"href":"https:\/\/groupefranc.com\/index.php\/wp-json\/wp\/v2\/pages\/2480\/revisions"}],"predecessor-version":[{"id":16426,"href":"https:\/\/groupefranc.com\/index.php\/wp-json\/wp\/v2\/pages\/2480\/revisions\/16426"}],"up":[{"embeddable":true,"href":"https:\/\/groupefranc.com\/index.php\/wp-json\/wp\/v2\/pages\/2258"}],"wp:featuredmedia":[{"embeddable":true,"href":"https:\/\/groupefranc.com\/index.php\/wp-json\/wp\/v2\/media\/2481"}],"wp:attachment":[{"href":"https:\/\/groupefranc.com\/index.php\/wp-json\/wp\/v2\/media?parent=2480"}],"curies":[{"name":"wp","href":"https:\/\/api.w.org\/{rel}","templated":true}]}}