{"id":4430,"date":"2025-11-30T18:04:24","date_gmt":"2025-11-30T18:04:24","guid":{"rendered":"https:\/\/groupefranc.com\/index.php\/agences\/briffaud-architecte-2\/"},"modified":"2026-03-06T09:51:41","modified_gmt":"2026-03-06T09:51:41","slug":"agence-franc-architectures-mediterranee","status":"publish","type":"page","link":"https:\/\/groupefranc.com\/index.php\/agences\/agence-franc-architectures-mediterranee\/","title":{"rendered":"AGENCE  FRANC ARCHITECTURES MEDITERRANEE"},"content":{"rendered":"\t\t<div data-elementor-type=\"wp-page\" data-elementor-id=\"4430\" class=\"elementor elementor-4430\">\n\t\t\t\t\t\t<section class=\"elementor-section elementor-top-section elementor-element elementor-element-727ec21a elementor-section-full_width background-primary elementor-reverse-tablet elementor-reverse-mobile elementor-section-height-default elementor-section-height-default wpr-particle-no wpr-jarallax-no wpr-parallax-no wpr-sticky-section-no\" data-id=\"727ec21a\" data-element_type=\"section\" data-e-type=\"section\" id=\"about_landing\" data-settings=\"{&quot;background_background&quot;:&quot;classic&quot;}\">\n\t\t\t\t\t\t\t<div class=\"elementor-background-overlay\"><\/div>\n\t\t\t\t\t\t\t<div class=\"elementor-container elementor-column-gap-no\">\n\t\t\t\t\t<div class=\"elementor-column elementor-col-50 elementor-top-column elementor-element elementor-element-79ddc0cd\" data-id=\"79ddc0cd\" data-element_type=\"column\" data-e-type=\"column\">\n\t\t\t<div class=\"elementor-widget-wrap elementor-element-populated\">\n\t\t\t\t\t\t<div class=\"elementor-element elementor-element-2a79630d animated-fast elementor-hidden-tablet elementor-hidden-mobile elementor-widget elementor-widget-heading\" data-id=\"2a79630d\" data-element_type=\"widget\" data-e-type=\"widget\" data-settings=\"{&quot;_animation&quot;:&quot;none&quot;}\" data-widget_type=\"heading.default\">\n\t\t\t\t\t<h1 class=\"elementor-heading-title elementor-size-default\">AGENCE FRANC M\u00c9DITERRAN\u00c9E<\/h1>\t\t\t\t<\/div>\n\t\t\t\t<div class=\"elementor-element elementor-element-253e6275 animated-slow elementor-widget elementor-widget-text-editor\" data-id=\"253e6275\" data-element_type=\"widget\" data-e-type=\"widget\" data-settings=\"{&quot;_animation&quot;:&quot;none&quot;}\" data-widget_type=\"text-editor.default\">\n\t\t\t\t\t\t\t\t\t<p>L\u2019AGENCE FRANC M\u00c9DITERRAN\u00c9E<span style=\"font-weight: 400;\"> affirme la volont\u00e9 du <a href=\"https:\/\/groupefranc.com\/index.php\/a-propos-groupe-franc-architectures\/\">GROUPE FRANC ARCHITECTURES<\/a> d\u2019accompagner le d\u00e9veloppement du Sud-Est \u00e0 travers une pr\u00e9sence locale forte, alliant pr\u00e9cision constructive, intelligence du territoire et \u00e9l\u00e9gance architecturale. Implant\u00e9e \u00e0 <a href=\"https:\/\/www.aixenprovence.fr\/\">Aix-en-Provence<\/a>, l\u2019agence incarne une approche o\u00f9 la justesse du geste, la ma\u00eetrise technique et la coh\u00e9rence d\u2019ensemble priment sur l\u2019effet, dans la continuit\u00e9 de la culture d\u2019architecte-b\u00e2tisseur du Groupe.<\/span><\/p><p><span style=\"font-weight: 400;\">\u00a0 \u00a0Plac\u00e9e sous la responsabilit\u00e9 de <\/span><a href=\"https:\/\/groupefranc.com\/index.php\/portraits\/maud-gress\/\"><b>Maud Gress<\/b><\/a><span style=\"font-weight: 400;\">, architecte dipl\u00f4m\u00e9e d\u2019\u00c9tat HMONP form\u00e9e \u00e0 l\u2019\u00c9cole Sp\u00e9ciale d\u2019Architecture de Paris, <\/span>l\u2019agence d\u00e9veloppe une vision contemporaine o\u00f9 exigence, sensibilit\u00e9 et pragmatisme<span style=\"font-weight: 400;\"> s\u2019entrelacent naturellement sous la direction de <\/span><a href=\"https:\/\/groupefranc.com\/index.php\/portraits\/jeremy-chauvidon\/\"><b>J\u00e9r\u00e9my Chauvidon<\/b><\/a><span style=\"font-weight: 400;\">.<\/span><\/p><p>\u00a0 \u00a0L\u2019AGENCE FRANC M\u00c9DITERRAN\u00c9E intervient sur une grande diversit\u00e9 de programmes : logements, b\u00e2timents tertiaires, \u00e9quipements publics, projets logistiques et op\u00e9rations mixtes. Chaque projet est abord\u00e9 avec une attention particuli\u00e8re port\u00e9e \u00e0 la qualit\u00e9 d\u2019usage, \u00e0 la coh\u00e9rence constructive et \u00e0 l\u2019int\u00e9gration dans un contexte r\u00e9gional exigeant, o\u00f9 lumi\u00e8re, paysage et mati\u00e8re constituent des leviers essentiels de la conception.<\/p><p><span style=\"font-weight: 400;\">\u00a0 \u00a0Gr\u00e2ce \u00e0 son int\u00e9gration au sein du <a href=\"https:\/\/groupefranc.com\/index.php\/a-propos-groupe-franc-architectures\/\">GROUPE FRANC ARCHITECTURES<\/a>, l\u2019agence b\u00e9n\u00e9ficie d\u2019un ensemble complet d\u2019expertises, ing\u00e9nierie, \u00e9conomie, direction des travaux, architecture int\u00e9rieure, production d\u2019images, performance environnementale, lui permettant d\u2019assurer un accompagnement global et un haut niveau de ma\u00eetrise technique, depuis la premi\u00e8re esquisse jusqu\u2019\u00e0 la r\u00e9alisation.<\/span><\/p><p><span style=\"font-weight: 400;\">\u00a0 \u00a0Avec une volont\u00e9 affirm\u00e9e de faire rayonner dans la r\u00e9gion une architecture durable, fonctionnelle et \u00e9l\u00e9gante, l\u2019AGENCE FRANC M\u00c9DITERRAN\u00c9E fait des principes de pr\u00e9cision, de mesure et de clart\u00e9 sa v\u00e9ritable signature. L\u2019agence assume une \u00e9criture architecturale subtile, \u00e9quilibr\u00e9e et r\u00e9solument ancr\u00e9e dans les enjeux contemporains du territoire m\u00e9diterran\u00e9en.<\/span><\/p>\t\t\t\t\t\t\t\t<\/div>\n\t\t\t\t<div class=\"elementor-element elementor-element-f1926ca animated-fast elementor-widget elementor-widget-heading\" data-id=\"f1926ca\" data-element_type=\"widget\" data-e-type=\"widget\" data-settings=\"{&quot;_animation&quot;:&quot;none&quot;}\" data-widget_type=\"heading.default\">\n\t\t\t\t\t<h2 class=\"elementor-heading-title elementor-size-default\">Contact<\/h2>\t\t\t\t<\/div>\n\t\t\t\t<div class=\"elementor-element elementor-element-8e8eec6 animated-slow elementor-widget elementor-widget-text-editor\" data-id=\"8e8eec6\" data-element_type=\"widget\" data-e-type=\"widget\" data-settings=\"{&quot;_animation&quot;:&quot;none&quot;}\" data-widget_type=\"text-editor.default\">\n\t\t\t\t\t\t\t\t\t<p>AGENCE FRANC M\u00c9DITERRAN\u00c9E <br \/>37 Boulevard d\u2019Aristide Briand &#8211; 13100 AIX-EN-PROVENCE<br \/>T\u00e9l : 01 42 25 26 07<br \/>contact@agencefranc.com<\/p>\t\t\t\t\t\t\t\t<\/div>\n\t\t\t\t\t<\/div>\n\t\t<\/div>\n\t\t\t\t<div class=\"elementor-column elementor-col-50 elementor-top-column elementor-element elementor-element-cd575ac\" data-id=\"cd575ac\" data-element_type=\"column\" data-e-type=\"column\" data-settings=\"{&quot;background_background&quot;:&quot;classic&quot;}\">\n\t\t\t<div class=\"elementor-widget-wrap elementor-element-populated\">\n\t\t\t\t\t\t<div class=\"elementor-element elementor-element-a4a7c96 animated-slow agency_logo elementor-widget__width-initial elementor-widget elementor-widget-image\" data-id=\"a4a7c96\" data-element_type=\"widget\" data-e-type=\"widget\" data-settings=\"{&quot;_animation&quot;:&quot;none&quot;}\" data-widget_type=\"image.default\">\n\t\t\t\t\t\t\t\t\t\t\t\t\t\t\t<img fetchpriority=\"high\" decoding=\"async\" width=\"899\" height=\"899\" src=\"https:\/\/groupefranc.com\/wp-content\/uploads\/2025\/11\/9-AGENCE-FRANC-ARCHITECTURES-MEDITERRANEE-scaled-e1770845246986.png\" class=\"attachment-full size-full wp-image-4422\" alt=\"AGENCE FRANC ARCHITECTURES MEDITERRANEE\" srcset=\"https:\/\/groupefranc.com\/wp-content\/uploads\/2025\/11\/9-AGENCE-FRANC-ARCHITECTURES-MEDITERRANEE-scaled-e1770845246986.png 899w, https:\/\/groupefranc.com\/wp-content\/uploads\/2025\/11\/9-AGENCE-FRANC-ARCHITECTURES-MEDITERRANEE-scaled-e1770845246986-300x300.png 300w, https:\/\/groupefranc.com\/wp-content\/uploads\/2025\/11\/9-AGENCE-FRANC-ARCHITECTURES-MEDITERRANEE-scaled-e1770845246986-150x150.png 150w, https:\/\/groupefranc.com\/wp-content\/uploads\/2025\/11\/9-AGENCE-FRANC-ARCHITECTURES-MEDITERRANEE-scaled-e1770845246986-768x768.png 768w, https:\/\/groupefranc.com\/wp-content\/uploads\/2025\/11\/9-AGENCE-FRANC-ARCHITECTURES-MEDITERRANEE-scaled-e1770845246986-500x500.png 500w, https:\/\/groupefranc.com\/wp-content\/uploads\/2025\/11\/9-AGENCE-FRANC-ARCHITECTURES-MEDITERRANEE-scaled-e1770845246986-800x800.png 800w, https:\/\/groupefranc.com\/wp-content\/uploads\/2025\/11\/9-AGENCE-FRANC-ARCHITECTURES-MEDITERRANEE-scaled-e1770845246986-200x200.png 200w\" sizes=\"(max-width: 899px) 100vw, 899px\" \/>\t\t\t\t\t\t\t\t\t\t\t\t\t\t\t<\/div>\n\t\t\t\t\t<\/div>\n\t\t<\/div>\n\t\t\t\t\t<\/div>\n\t\t<\/section>\n\t\t\t\t<\/div>\n\t\t","protected":false},"excerpt":{"rendered":"<p>AGENCE FRANC M\u00c9DITERRAN\u00c9E L\u2019AGENCE FRANC M\u00c9DITERRAN\u00c9E affirme la volont\u00e9 du GROUPE FRANC ARCHITECTURES d\u2019accompagner le d\u00e9veloppement du Sud-Est \u00e0 travers une pr\u00e9sence locale forte, alliant pr\u00e9cision constructive, intelligence du territoire et \u00e9l\u00e9gance architecturale. Implant\u00e9e \u00e0 Aix-en-Provence, l\u2019agence incarne une approche o\u00f9 la justesse du geste, la ma\u00eetrise technique et la coh\u00e9rence d\u2019ensemble priment sur l\u2019effet, dans la continuit\u00e9 de la culture d\u2019architecte-b\u00e2tisseur du Groupe. \u00a0 \u00a0Plac\u00e9e sous la responsabilit\u00e9 de Maud Gress, architecte dipl\u00f4m\u00e9e d\u2019\u00c9tat HMONP form\u00e9e \u00e0 l\u2019\u00c9cole Sp\u00e9ciale d\u2019Architecture de Paris, l\u2019agence d\u00e9veloppe une vision contemporaine o\u00f9 exigence, sensibilit\u00e9 et pragmatisme s\u2019entrelacent naturellement sous la direction de J\u00e9r\u00e9my Chauvidon. \u00a0 \u00a0L\u2019AGENCE FRANC M\u00c9DITERRAN\u00c9E intervient sur une grande diversit\u00e9 de programmes : logements, b\u00e2timents tertiaires, \u00e9quipements publics, projets logistiques et op\u00e9rations mixtes. Chaque projet est abord\u00e9 avec une attention particuli\u00e8re port\u00e9e \u00e0 la qualit\u00e9 d\u2019usage, \u00e0 la coh\u00e9rence constructive et \u00e0 l\u2019int\u00e9gration dans un contexte r\u00e9gional exigeant, o\u00f9 lumi\u00e8re, paysage et mati\u00e8re constituent des leviers essentiels de la conception. \u00a0 \u00a0Gr\u00e2ce \u00e0 son int\u00e9gration au sein du GROUPE FRANC ARCHITECTURES, l\u2019agence b\u00e9n\u00e9ficie d\u2019un ensemble complet d\u2019expertises, ing\u00e9nierie, \u00e9conomie, direction des travaux, architecture int\u00e9rieure, production d\u2019images, performance environnementale, lui permettant d\u2019assurer un accompagnement global et un haut niveau de ma\u00eetrise technique, depuis la premi\u00e8re esquisse jusqu\u2019\u00e0 la r\u00e9alisation. \u00a0 \u00a0Avec une volont\u00e9 affirm\u00e9e de faire rayonner dans la r\u00e9gion une architecture durable, fonctionnelle et \u00e9l\u00e9gante, l\u2019AGENCE FRANC M\u00c9DITERRAN\u00c9E fait des principes de pr\u00e9cision, de mesure et de clart\u00e9 sa v\u00e9ritable signature. L\u2019agence assume une \u00e9criture architecturale subtile, \u00e9quilibr\u00e9e et r\u00e9solument ancr\u00e9e dans les enjeux contemporains du territoire m\u00e9diterran\u00e9en. Contact AGENCE FRANC M\u00c9DITERRAN\u00c9E 37 Boulevard d\u2019Aristide Briand &#8211; 13100 AIX-EN-PROVENCET\u00e9l : 01 42 25 26 07contact@agencefranc.com<\/p>\n","protected":false},"author":1,"featured_media":4854,"parent":2258,"menu_order":0,"comment_status":"closed","ping_status":"closed","template":"elementor_canvas","meta":{"_vp_format_video_url":"","_vp_image_focal_point":[],"footnotes":""},"class_list":["post-4430","page","type-page","status-publish","has-post-thumbnail","hentry"],"yoast_head":"<!-- This site is optimized with the Yoast SEO plugin v27.1.1 - https:\/\/yoast.com\/product\/yoast-seo-wordpress\/ -->\n<title>AGENCE FRANC ARCHITECTURES MEDITERRANEE - GROUPE FRANC ARCHITECTURES<\/title>\n<meta name=\"description\" content=\"Agence Franc M\u00e9diterran\u00e9e \u00e0 Aix-en-Provence. Architecture durable, logements et tertiaire en r\u00e9gion PACA. Expertise technique du Groupe Franc\" \/>\n<meta name=\"robots\" content=\"index, follow, max-snippet:-1, max-image-preview:large, max-video-preview:-1\" \/>\n<link rel=\"canonical\" href=\"https:\/\/groupefranc.com\/index.php\/agences\/agence-franc-architectures-mediterranee\/\" \/>\n<meta property=\"og:locale\" content=\"en_US\" \/>\n<meta property=\"og:type\" content=\"article\" \/>\n<meta property=\"og:title\" content=\"AGENCE FRANC ARCHITECTURES MEDITERRANEE\" \/>\n<meta property=\"og:description\" content=\"Agence Franc M\u00e9diterran\u00e9e \u00e0 Aix-en-Provence. Architecture durable, logements et tertiaire en r\u00e9gion PACA. Expertise technique du Groupe Franc\" \/>\n<meta property=\"og:url\" content=\"https:\/\/groupefranc.com\/index.php\/agences\/agence-franc-architectures-mediterranee\/\" \/>\n<meta property=\"og:site_name\" content=\"GROUPE FRANC ARCHITECTURES\" \/>\n<meta property=\"article:modified_time\" content=\"2026-03-06T09:51:41+00:00\" \/>\n<meta property=\"og:image\" content=\"https:\/\/groupefranc.com\/wp-content\/uploads\/2025\/12\/9-AGENCE-FRANC-ARCHITECTURES-MEDITERRANEE.png\" \/>\n\t<meta property=\"og:image:width\" content=\"2300\" \/>\n\t<meta property=\"og:image:height\" content=\"2300\" \/>\n\t<meta property=\"og:image:type\" content=\"image\/png\" \/>\n<meta name=\"twitter:card\" content=\"summary_large_image\" \/>\n<meta name=\"twitter:label1\" content=\"Est. reading time\" \/>\n\t<meta name=\"twitter:data1\" content=\"2 minutes\" \/>\n<script type=\"application\/ld+json\" class=\"yoast-schema-graph\">{\"@context\":\"https:\/\/schema.org\",\"@graph\":[{\"@type\":\"WebPage\",\"@id\":\"https:\/\/groupefranc.com\/index.php\/agences\/agence-franc-architectures-mediterranee\/\",\"url\":\"https:\/\/groupefranc.com\/index.php\/agences\/agence-franc-architectures-mediterranee\/\",\"name\":\"AGENCE FRANC ARCHITECTURES MEDITERRANEE - GROUPE FRANC ARCHITECTURES\",\"isPartOf\":{\"@id\":\"https:\/\/groupefranc.com\/#website\"},\"primaryImageOfPage\":{\"@id\":\"https:\/\/groupefranc.com\/index.php\/agences\/agence-franc-architectures-mediterranee\/#primaryimage\"},\"image\":{\"@id\":\"https:\/\/groupefranc.com\/index.php\/agences\/agence-franc-architectures-mediterranee\/#primaryimage\"},\"thumbnailUrl\":\"https:\/\/groupefranc.com\/wp-content\/uploads\/2025\/12\/9-AGENCE-FRANC-ARCHITECTURES-MEDITERRANEE.png\",\"datePublished\":\"2025-11-30T18:04:24+00:00\",\"dateModified\":\"2026-03-06T09:51:41+00:00\",\"description\":\"Agence Franc M\u00e9diterran\u00e9e \u00e0 Aix-en-Provence. Architecture durable, logements et tertiaire en r\u00e9gion PACA. Expertise technique du Groupe Franc\",\"breadcrumb\":{\"@id\":\"https:\/\/groupefranc.com\/index.php\/agences\/agence-franc-architectures-mediterranee\/#breadcrumb\"},\"inLanguage\":\"en-US\",\"potentialAction\":[{\"@type\":\"ReadAction\",\"target\":[\"https:\/\/groupefranc.com\/index.php\/agences\/agence-franc-architectures-mediterranee\/\"]}]},{\"@type\":\"ImageObject\",\"inLanguage\":\"en-US\",\"@id\":\"https:\/\/groupefranc.com\/index.php\/agences\/agence-franc-architectures-mediterranee\/#primaryimage\",\"url\":\"https:\/\/groupefranc.com\/wp-content\/uploads\/2025\/12\/9-AGENCE-FRANC-ARCHITECTURES-MEDITERRANEE.png\",\"contentUrl\":\"https:\/\/groupefranc.com\/wp-content\/uploads\/2025\/12\/9-AGENCE-FRANC-ARCHITECTURES-MEDITERRANEE.png\",\"width\":2300,\"height\":2300},{\"@type\":\"BreadcrumbList\",\"@id\":\"https:\/\/groupefranc.com\/index.php\/agences\/agence-franc-architectures-mediterranee\/#breadcrumb\",\"itemListElement\":[{\"@type\":\"ListItem\",\"position\":1,\"name\":\"Home\",\"item\":\"https:\/\/groupefranc.com\/\"},{\"@type\":\"ListItem\",\"position\":2,\"name\":\"Agences\",\"item\":\"https:\/\/groupefranc.com\/index.php\/agences\/\"},{\"@type\":\"ListItem\",\"position\":3,\"name\":\"AGENCE FRANC ARCHITECTURES MEDITERRANEE\"}]},{\"@type\":\"WebSite\",\"@id\":\"https:\/\/groupefranc.com\/#website\",\"url\":\"https:\/\/groupefranc.com\/\",\"name\":\"GROUPE FRANC ARCHITECTURES\",\"description\":\"\",\"publisher\":{\"@id\":\"https:\/\/groupefranc.com\/#organization\"},\"potentialAction\":[{\"@type\":\"SearchAction\",\"target\":{\"@type\":\"EntryPoint\",\"urlTemplate\":\"https:\/\/groupefranc.com\/?s={search_term_string}\"},\"query-input\":{\"@type\":\"PropertyValueSpecification\",\"valueRequired\":true,\"valueName\":\"search_term_string\"}}],\"inLanguage\":\"en-US\"},{\"@type\":\"Organization\",\"@id\":\"https:\/\/groupefranc.com\/#organization\",\"name\":\"GROUPE FRANC ARCHITECTURES\",\"url\":\"https:\/\/groupefranc.com\/\",\"logo\":{\"@type\":\"ImageObject\",\"inLanguage\":\"en-US\",\"@id\":\"https:\/\/groupefranc.com\/#\/schema\/logo\/image\/\",\"url\":\"https:\/\/groupefranc.com\/wp-content\/uploads\/2021\/12\/cropped-logo.png\",\"contentUrl\":\"https:\/\/groupefranc.com\/wp-content\/uploads\/2021\/12\/cropped-logo.png\",\"width\":705,\"height\":723,\"caption\":\"GROUPE FRANC ARCHITECTURES\"},\"image\":{\"@id\":\"https:\/\/groupefranc.com\/#\/schema\/logo\/image\/\"},\"sameAs\":[\"https:\/\/www.linkedin.com\/company\/groupe-franc\/\"]}]}<\/script>\n<!-- \/ Yoast SEO plugin. -->","yoast_head_json":{"title":"AGENCE FRANC ARCHITECTURES MEDITERRANEE - GROUPE FRANC ARCHITECTURES","description":"Agence Franc M\u00e9diterran\u00e9e \u00e0 Aix-en-Provence. Architecture durable, logements et tertiaire en r\u00e9gion PACA. Expertise technique du Groupe Franc","robots":{"index":"index","follow":"follow","max-snippet":"max-snippet:-1","max-image-preview":"max-image-preview:large","max-video-preview":"max-video-preview:-1"},"canonical":"https:\/\/groupefranc.com\/index.php\/agences\/agence-franc-architectures-mediterranee\/","og_locale":"en_US","og_type":"article","og_title":"AGENCE FRANC ARCHITECTURES MEDITERRANEE","og_description":"Agence Franc M\u00e9diterran\u00e9e \u00e0 Aix-en-Provence. Architecture durable, logements et tertiaire en r\u00e9gion PACA. Expertise technique du Groupe Franc","og_url":"https:\/\/groupefranc.com\/index.php\/agences\/agence-franc-architectures-mediterranee\/","og_site_name":"GROUPE FRANC ARCHITECTURES","article_modified_time":"2026-03-06T09:51:41+00:00","og_image":[{"width":2300,"height":2300,"url":"https:\/\/groupefranc.com\/wp-content\/uploads\/2025\/12\/9-AGENCE-FRANC-ARCHITECTURES-MEDITERRANEE.png","type":"image\/png"}],"twitter_card":"summary_large_image","twitter_misc":{"Est. reading time":"2 minutes"},"schema":{"@context":"https:\/\/schema.org","@graph":[{"@type":"WebPage","@id":"https:\/\/groupefranc.com\/index.php\/agences\/agence-franc-architectures-mediterranee\/","url":"https:\/\/groupefranc.com\/index.php\/agences\/agence-franc-architectures-mediterranee\/","name":"AGENCE FRANC ARCHITECTURES MEDITERRANEE - GROUPE FRANC ARCHITECTURES","isPartOf":{"@id":"https:\/\/groupefranc.com\/#website"},"primaryImageOfPage":{"@id":"https:\/\/groupefranc.com\/index.php\/agences\/agence-franc-architectures-mediterranee\/#primaryimage"},"image":{"@id":"https:\/\/groupefranc.com\/index.php\/agences\/agence-franc-architectures-mediterranee\/#primaryimage"},"thumbnailUrl":"https:\/\/groupefranc.com\/wp-content\/uploads\/2025\/12\/9-AGENCE-FRANC-ARCHITECTURES-MEDITERRANEE.png","datePublished":"2025-11-30T18:04:24+00:00","dateModified":"2026-03-06T09:51:41+00:00","description":"Agence Franc M\u00e9diterran\u00e9e \u00e0 Aix-en-Provence. Architecture durable, logements et tertiaire en r\u00e9gion PACA. Expertise technique du Groupe Franc","breadcrumb":{"@id":"https:\/\/groupefranc.com\/index.php\/agences\/agence-franc-architectures-mediterranee\/#breadcrumb"},"inLanguage":"en-US","potentialAction":[{"@type":"ReadAction","target":["https:\/\/groupefranc.com\/index.php\/agences\/agence-franc-architectures-mediterranee\/"]}]},{"@type":"ImageObject","inLanguage":"en-US","@id":"https:\/\/groupefranc.com\/index.php\/agences\/agence-franc-architectures-mediterranee\/#primaryimage","url":"https:\/\/groupefranc.com\/wp-content\/uploads\/2025\/12\/9-AGENCE-FRANC-ARCHITECTURES-MEDITERRANEE.png","contentUrl":"https:\/\/groupefranc.com\/wp-content\/uploads\/2025\/12\/9-AGENCE-FRANC-ARCHITECTURES-MEDITERRANEE.png","width":2300,"height":2300},{"@type":"BreadcrumbList","@id":"https:\/\/groupefranc.com\/index.php\/agences\/agence-franc-architectures-mediterranee\/#breadcrumb","itemListElement":[{"@type":"ListItem","position":1,"name":"Home","item":"https:\/\/groupefranc.com\/"},{"@type":"ListItem","position":2,"name":"Agences","item":"https:\/\/groupefranc.com\/index.php\/agences\/"},{"@type":"ListItem","position":3,"name":"AGENCE FRANC ARCHITECTURES MEDITERRANEE"}]},{"@type":"WebSite","@id":"https:\/\/groupefranc.com\/#website","url":"https:\/\/groupefranc.com\/","name":"GROUPE FRANC ARCHITECTURES","description":"","publisher":{"@id":"https:\/\/groupefranc.com\/#organization"},"potentialAction":[{"@type":"SearchAction","target":{"@type":"EntryPoint","urlTemplate":"https:\/\/groupefranc.com\/?s={search_term_string}"},"query-input":{"@type":"PropertyValueSpecification","valueRequired":true,"valueName":"search_term_string"}}],"inLanguage":"en-US"},{"@type":"Organization","@id":"https:\/\/groupefranc.com\/#organization","name":"GROUPE FRANC ARCHITECTURES","url":"https:\/\/groupefranc.com\/","logo":{"@type":"ImageObject","inLanguage":"en-US","@id":"https:\/\/groupefranc.com\/#\/schema\/logo\/image\/","url":"https:\/\/groupefranc.com\/wp-content\/uploads\/2021\/12\/cropped-logo.png","contentUrl":"https:\/\/groupefranc.com\/wp-content\/uploads\/2021\/12\/cropped-logo.png","width":705,"height":723,"caption":"GROUPE FRANC ARCHITECTURES"},"image":{"@id":"https:\/\/groupefranc.com\/#\/schema\/logo\/image\/"},"sameAs":["https:\/\/www.linkedin.com\/company\/groupe-franc\/"]}]}},"_links":{"self":[{"href":"https:\/\/groupefranc.com\/index.php\/wp-json\/wp\/v2\/pages\/4430","targetHints":{"allow":["GET"]}}],"collection":[{"href":"https:\/\/groupefranc.com\/index.php\/wp-json\/wp\/v2\/pages"}],"about":[{"href":"https:\/\/groupefranc.com\/index.php\/wp-json\/wp\/v2\/types\/page"}],"author":[{"embeddable":true,"href":"https:\/\/groupefranc.com\/index.php\/wp-json\/wp\/v2\/users\/1"}],"replies":[{"embeddable":true,"href":"https:\/\/groupefranc.com\/index.php\/wp-json\/wp\/v2\/comments?post=4430"}],"version-history":[{"count":50,"href":"https:\/\/groupefranc.com\/index.php\/wp-json\/wp\/v2\/pages\/4430\/revisions"}],"predecessor-version":[{"id":16444,"href":"https:\/\/groupefranc.com\/index.php\/wp-json\/wp\/v2\/pages\/4430\/revisions\/16444"}],"up":[{"embeddable":true,"href":"https:\/\/groupefranc.com\/index.php\/wp-json\/wp\/v2\/pages\/2258"}],"wp:featuredmedia":[{"embeddable":true,"href":"https:\/\/groupefranc.com\/index.php\/wp-json\/wp\/v2\/media\/4854"}],"wp:attachment":[{"href":"https:\/\/groupefranc.com\/index.php\/wp-json\/wp\/v2\/media?parent=4430"}],"curies":[{"name":"wp","href":"https:\/\/api.w.org\/{rel}","templated":true}]}}