{"id":5599,"date":"2025-12-08T15:56:33","date_gmt":"2025-12-08T15:56:33","guid":{"rendered":"https:\/\/groupefranc.com\/index.php\/agences\/agence-franc-architectures-mediterranee-2\/"},"modified":"2026-03-06T09:51:27","modified_gmt":"2026-03-06T09:51:27","slug":"agence-franc-lyon","status":"publish","type":"page","link":"https:\/\/groupefranc.com\/index.php\/agences\/agence-franc-lyon\/","title":{"rendered":"AGENCE FRANC LYON"},"content":{"rendered":"\t\t<div data-elementor-type=\"wp-page\" data-elementor-id=\"5599\" class=\"elementor elementor-5599\">\n\t\t\t\t\t\t<section class=\"elementor-section elementor-top-section elementor-element elementor-element-727ec21a elementor-section-full_width background-primary elementor-reverse-tablet elementor-reverse-mobile elementor-section-height-default elementor-section-height-default wpr-particle-no wpr-jarallax-no wpr-parallax-no wpr-sticky-section-no\" data-id=\"727ec21a\" data-element_type=\"section\" data-e-type=\"section\" id=\"about_landing\" data-settings=\"{&quot;background_background&quot;:&quot;classic&quot;}\">\n\t\t\t\t\t\t\t<div class=\"elementor-background-overlay\"><\/div>\n\t\t\t\t\t\t\t<div class=\"elementor-container elementor-column-gap-no\">\n\t\t\t\t\t<div class=\"elementor-column elementor-col-50 elementor-top-column elementor-element elementor-element-79ddc0cd\" data-id=\"79ddc0cd\" data-element_type=\"column\" data-e-type=\"column\">\n\t\t\t<div class=\"elementor-widget-wrap elementor-element-populated\">\n\t\t\t\t\t\t<div class=\"elementor-element elementor-element-2a79630d animated-fast elementor-hidden-tablet elementor-hidden-mobile elementor-widget elementor-widget-heading\" data-id=\"2a79630d\" data-element_type=\"widget\" data-e-type=\"widget\" data-settings=\"{&quot;_animation&quot;:&quot;none&quot;}\" data-widget_type=\"heading.default\">\n\t\t\t\t\t<h1 class=\"elementor-heading-title elementor-size-default\">AGENCE FRANC LYON<\/h1>\t\t\t\t<\/div>\n\t\t\t\t<div class=\"elementor-element elementor-element-253e6275 animated-slow elementor-widget elementor-widget-text-editor\" data-id=\"253e6275\" data-element_type=\"widget\" data-e-type=\"widget\" data-settings=\"{&quot;_animation&quot;:&quot;none&quot;}\" data-widget_type=\"text-editor.default\">\n\t\t\t\t\t\t\t\t\t<p>L\u2019AGENCE FRANC LYON, plac\u00e9e sous la responsabilit\u00e9 de Benjamin Foltier, affirme la volont\u00e9 du <a href=\"https:\/\/groupefranc.com\/index.php\/a-propos-groupe-franc-architectures\/\">GROUPE FRANC ARCHITECTURES<\/a> de renforcer sa pr\u00e9sence dans le quart Sud-Est et d\u2019accompagner au plus pr\u00e8s les ma\u00eetres d\u2019ouvrage de la r\u00e9gion Auvergne-Rh\u00f4ne-Alpes. Ing\u00e9nieur en g\u00e9nie civil, dipl\u00f4m\u00e9 en construction durable, <a href=\"https:\/\/groupefranc.com\/index.php\/portraits\/benjamin-foltier-portrait\/\">Benjamin Foltier<\/a> incarne la rigueur technique et la pr\u00e9cision constructive qui caract\u00e9risent la culture d\u2019architecte-b\u00e2tisseur du Groupe.<\/p><p>\u00a0 \u00a0Apr\u00e8s plusieurs ann\u00e9es au sein de groupes majeurs tels qu\u2019IDEC, <a href=\"https:\/\/www.gsegroup.com\/\">GSE<\/a> ou <a href=\"https:\/\/quartus-logistique.fr\/\">Quartus Logistique<\/a>, o\u00f9 il a dirig\u00e9 des op\u00e9rations d\u2019envergure, logements, plateformes logistiques XXL, b\u00e2timents industriels automatis\u00e9s et certifi\u00e9s HQE, LEED, BiodiverCity ou BREEAM, il rejoint le <a href=\"https:\/\/groupefranc.com\/index.php\/a-propos-groupe-franc-architectures\/\">GROUPE FRANC ARCHITECTURES<\/a> en 2023 comme Directeur Travaux, avant de prendre la direction op\u00e9rationnelle de l\u2019agence lyonnaise sous la supervision de <a href=\"https:\/\/groupefranc.com\/index.php\/portraits\/jeremy-chauvidon\/\">J\u00e9r\u00e9my Chauvidon<\/a>.<\/p><p>\u00a0 \u00a0L\u2019AGENCE FRANC LYON d\u00e9veloppe une approche centr\u00e9e sur la ma\u00eetrise technique, la performance \u00e9nerg\u00e9tique et la qualit\u00e9 d\u2019ex\u00e9cution. Elle intervient sur une large diversit\u00e9 de programmes : immobilier d\u2019activit\u00e9, logistique nouvelle g\u00e9n\u00e9ration, industrie, tertiaire, mais aussi projets mixtes associant production, usages tertiaires et services. Chaque op\u00e9ration est pilot\u00e9e avec une exigence forte de fiabilit\u00e9, d\u2019efficacit\u00e9 et de coordination fluide entre conception et r\u00e9alisation, garantissant une parfaite tenue des engagements de co\u00fbt, de qualit\u00e9 et de d\u00e9lai.<\/p><p>\u00a0 \u00a0Implant\u00e9e au c\u0153ur d\u2019un territoire dynamique et industriel, l\u2019agence se positionne comme un partenaire solide et r\u00e9actif, capable de mener des projets complexes et d\u2019accompagner la transformation durable des zones d\u2019activit\u00e9s, des parcs logistiques et des infrastructures productives de la r\u00e9gion. Elle s\u2019int\u00e8gre pleinement dans l\u2019\u00e9cosyst\u00e8me du <a href=\"https:\/\/groupefranc.com\/index.php\/a-propos-groupe-franc-architectures\/\">GROUPE FRANC ARCHITECTURES<\/a>, b\u00e9n\u00e9ficiant de l\u2019ing\u00e9nierie, de l\u2019architecture, de l\u2019\u00e9conomie et de l\u2019expertise environnementale du Groupe pour assurer des op\u00e9rations coh\u00e9rentes, performantes et adapt\u00e9es aux enjeux contemporains.<\/p><p>\u00a0 \u00a0Guid\u00e9e par la pr\u00e9cision, le pragmatisme et une vision claire de la qualit\u00e9 constructive, l\u2019AGENCE FRANC LYON poursuit son d\u00e9veloppement avec une ambition affirm\u00e9e : proposer une architecture utile, ma\u00eetris\u00e9e et durable, au service des acteurs \u00e9conomiques de la r\u00e9gion et des territoires qu\u2019elle accompagne.<\/p>\t\t\t\t\t\t\t\t<\/div>\n\t\t\t\t<div class=\"elementor-element elementor-element-205b8e3 animated-fast elementor-widget elementor-widget-heading\" data-id=\"205b8e3\" data-element_type=\"widget\" data-e-type=\"widget\" data-settings=\"{&quot;_animation&quot;:&quot;none&quot;}\" data-widget_type=\"heading.default\">\n\t\t\t\t\t<h2 class=\"elementor-heading-title elementor-size-default\">Contact<\/h2>\t\t\t\t<\/div>\n\t\t\t\t<div class=\"elementor-element elementor-element-8e8eec6 animated-slow elementor-widget elementor-widget-text-editor\" data-id=\"8e8eec6\" data-element_type=\"widget\" data-e-type=\"widget\" data-settings=\"{&quot;_animation&quot;:&quot;none&quot;}\" data-widget_type=\"text-editor.default\">\n\t\t\t\t\t\t\t\t\t<p>AGENCE FRANC LYON &#8211; RH\u00d4NE ALPES <br \/>191-193 cours Lafayette &#8211; 69006 LYON<br \/>T\u00e9l : 01 42 25 26 07<br \/>contact@agencefranc.com<\/p>\t\t\t\t\t\t\t\t<\/div>\n\t\t\t\t\t<\/div>\n\t\t<\/div>\n\t\t\t\t<div class=\"elementor-column elementor-col-50 elementor-top-column elementor-element elementor-element-cd575ac\" data-id=\"cd575ac\" data-element_type=\"column\" data-e-type=\"column\" data-settings=\"{&quot;background_background&quot;:&quot;classic&quot;}\">\n\t\t\t<div class=\"elementor-widget-wrap elementor-element-populated\">\n\t\t\t\t\t\t<div class=\"elementor-element elementor-element-a4a7c96 animated-slow agency_logo elementor-widget__width-initial elementor-widget elementor-widget-image\" data-id=\"a4a7c96\" data-element_type=\"widget\" data-e-type=\"widget\" data-settings=\"{&quot;_animation&quot;:&quot;none&quot;}\" data-widget_type=\"image.default\">\n\t\t\t\t\t\t\t\t\t\t\t\t\t\t\t<img fetchpriority=\"high\" decoding=\"async\" width=\"1210\" height=\"1210\" src=\"https:\/\/groupefranc.com\/wp-content\/uploads\/2025\/12\/LOGO-LYON-AGENCES-e1770844298568.png\" class=\"attachment-full size-full wp-image-6807\" alt=\"LOGO LYON AGENCES\" srcset=\"https:\/\/groupefranc.com\/wp-content\/uploads\/2025\/12\/LOGO-LYON-AGENCES-e1770844298568.png 1210w, https:\/\/groupefranc.com\/wp-content\/uploads\/2025\/12\/LOGO-LYON-AGENCES-e1770844298568-300x300.png 300w, https:\/\/groupefranc.com\/wp-content\/uploads\/2025\/12\/LOGO-LYON-AGENCES-e1770844298568-1024x1024.png 1024w, https:\/\/groupefranc.com\/wp-content\/uploads\/2025\/12\/LOGO-LYON-AGENCES-e1770844298568-150x150.png 150w, https:\/\/groupefranc.com\/wp-content\/uploads\/2025\/12\/LOGO-LYON-AGENCES-e1770844298568-768x768.png 768w, https:\/\/groupefranc.com\/wp-content\/uploads\/2025\/12\/LOGO-LYON-AGENCES-e1770844298568-200x200.png 200w, https:\/\/groupefranc.com\/wp-content\/uploads\/2025\/12\/LOGO-LYON-AGENCES-e1770844298568-500x500.png 500w, https:\/\/groupefranc.com\/wp-content\/uploads\/2025\/12\/LOGO-LYON-AGENCES-e1770844298568-800x800.png 800w\" sizes=\"(max-width: 1210px) 100vw, 1210px\" \/>\t\t\t\t\t\t\t\t\t\t\t\t\t\t\t<\/div>\n\t\t\t\t\t<\/div>\n\t\t<\/div>\n\t\t\t\t\t<\/div>\n\t\t<\/section>\n\t\t\t\t<\/div>\n\t\t","protected":false},"excerpt":{"rendered":"<p>AGENCE FRANC LYON L\u2019AGENCE FRANC LYON, plac\u00e9e sous la responsabilit\u00e9 de Benjamin Foltier, affirme la volont\u00e9 du GROUPE FRANC ARCHITECTURES de renforcer sa pr\u00e9sence dans le quart Sud-Est et d\u2019accompagner au plus pr\u00e8s les ma\u00eetres d\u2019ouvrage de la r\u00e9gion Auvergne-Rh\u00f4ne-Alpes. Ing\u00e9nieur en g\u00e9nie civil, dipl\u00f4m\u00e9 en construction durable, Benjamin Foltier incarne la rigueur technique et la pr\u00e9cision constructive qui caract\u00e9risent la culture d\u2019architecte-b\u00e2tisseur du Groupe. \u00a0 \u00a0Apr\u00e8s plusieurs ann\u00e9es au sein de groupes majeurs tels qu\u2019IDEC, GSE ou Quartus Logistique, o\u00f9 il a dirig\u00e9 des op\u00e9rations d\u2019envergure, logements, plateformes logistiques XXL, b\u00e2timents industriels automatis\u00e9s et certifi\u00e9s HQE, LEED, BiodiverCity ou BREEAM, il rejoint le GROUPE FRANC ARCHITECTURES en 2023 comme Directeur Travaux, avant de prendre la direction op\u00e9rationnelle de l\u2019agence lyonnaise sous la supervision de J\u00e9r\u00e9my Chauvidon. \u00a0 \u00a0L\u2019AGENCE FRANC LYON d\u00e9veloppe une approche centr\u00e9e sur la ma\u00eetrise technique, la performance \u00e9nerg\u00e9tique et la qualit\u00e9 d\u2019ex\u00e9cution. Elle intervient sur une large diversit\u00e9 de programmes : immobilier d\u2019activit\u00e9, logistique nouvelle g\u00e9n\u00e9ration, industrie, tertiaire, mais aussi projets mixtes associant production, usages tertiaires et services. Chaque op\u00e9ration est pilot\u00e9e avec une exigence forte de fiabilit\u00e9, d\u2019efficacit\u00e9 et de coordination fluide entre conception et r\u00e9alisation, garantissant une parfaite tenue des engagements de co\u00fbt, de qualit\u00e9 et de d\u00e9lai. \u00a0 \u00a0Implant\u00e9e au c\u0153ur d\u2019un territoire dynamique et industriel, l\u2019agence se positionne comme un partenaire solide et r\u00e9actif, capable de mener des projets complexes et d\u2019accompagner la transformation durable des zones d\u2019activit\u00e9s, des parcs logistiques et des infrastructures productives de la r\u00e9gion. Elle s\u2019int\u00e8gre pleinement dans l\u2019\u00e9cosyst\u00e8me du GROUPE FRANC ARCHITECTURES, b\u00e9n\u00e9ficiant de l\u2019ing\u00e9nierie, de l\u2019architecture, de l\u2019\u00e9conomie et de l\u2019expertise environnementale du Groupe pour assurer des op\u00e9rations coh\u00e9rentes, performantes et adapt\u00e9es aux enjeux contemporains. \u00a0 \u00a0Guid\u00e9e par la pr\u00e9cision, le pragmatisme et une vision claire de la qualit\u00e9 constructive, l\u2019AGENCE FRANC LYON poursuit son d\u00e9veloppement avec une ambition affirm\u00e9e : proposer une architecture utile, ma\u00eetris\u00e9e et durable, au service des acteurs \u00e9conomiques de la r\u00e9gion et des territoires qu\u2019elle accompagne. Contact AGENCE FRANC LYON &#8211; RH\u00d4NE ALPES 191-193 cours Lafayette &#8211; 69006 LYONT\u00e9l : 01 42 25 26 07contact@agencefranc.com<\/p>\n","protected":false},"author":1,"featured_media":6807,"parent":2258,"menu_order":0,"comment_status":"closed","ping_status":"closed","template":"elementor_canvas","meta":{"_vp_format_video_url":"","_vp_image_focal_point":[],"footnotes":""},"class_list":["post-5599","page","type-page","status-publish","has-post-thumbnail","hentry"],"yoast_head":"<!-- This site is optimized with the Yoast SEO plugin v27.1.1 - https:\/\/yoast.com\/product\/yoast-seo-wordpress\/ -->\n<title>AGENCE FRANC LYON - GROUPE FRANC ARCHITECTURES<\/title>\n<meta name=\"description\" content=\"Agence Franc Lyon : architecture industrielle, logistique et tertiaire en Auvergne-Rh\u00f4ne-Alpes. Expertise technique\" \/>\n<meta name=\"robots\" content=\"index, follow, max-snippet:-1, max-image-preview:large, max-video-preview:-1\" \/>\n<link rel=\"canonical\" href=\"https:\/\/groupefranc.com\/index.php\/agences\/agence-franc-lyon\/\" \/>\n<meta property=\"og:locale\" content=\"en_US\" \/>\n<meta property=\"og:type\" content=\"article\" \/>\n<meta property=\"og:title\" content=\"AGENCE FRANC LYON\" \/>\n<meta property=\"og:description\" content=\"Agence Franc Lyon : architecture industrielle, logistique et tertiaire en Auvergne-Rh\u00f4ne-Alpes. Expertise technique\" \/>\n<meta property=\"og:url\" content=\"https:\/\/groupefranc.com\/index.php\/agences\/agence-franc-lyon\/\" \/>\n<meta property=\"og:site_name\" content=\"GROUPE FRANC ARCHITECTURES\" \/>\n<meta property=\"article:modified_time\" content=\"2026-03-06T09:51:27+00:00\" \/>\n<meta property=\"og:image\" content=\"https:\/\/groupefranc.com\/wp-content\/uploads\/2025\/12\/8-AGENCE-FRANC-ARCHITECTURES-LYON-scaled.png\" \/>\n\t<meta property=\"og:image:width\" content=\"2560\" \/>\n\t<meta property=\"og:image:height\" content=\"2560\" \/>\n\t<meta property=\"og:image:type\" content=\"image\/png\" \/>\n<meta name=\"twitter:card\" content=\"summary_large_image\" \/>\n<meta name=\"twitter:label1\" content=\"Est. reading time\" \/>\n\t<meta name=\"twitter:data1\" content=\"2 minutes\" \/>\n<script type=\"application\/ld+json\" class=\"yoast-schema-graph\">{\"@context\":\"https:\/\/schema.org\",\"@graph\":[{\"@type\":\"WebPage\",\"@id\":\"https:\/\/groupefranc.com\/index.php\/agences\/agence-franc-lyon\/\",\"url\":\"https:\/\/groupefranc.com\/index.php\/agences\/agence-franc-lyon\/\",\"name\":\"AGENCE FRANC LYON - GROUPE FRANC ARCHITECTURES\",\"isPartOf\":{\"@id\":\"https:\/\/groupefranc.com\/#website\"},\"primaryImageOfPage\":{\"@id\":\"https:\/\/groupefranc.com\/index.php\/agences\/agence-franc-lyon\/#primaryimage\"},\"image\":{\"@id\":\"https:\/\/groupefranc.com\/index.php\/agences\/agence-franc-lyon\/#primaryimage\"},\"thumbnailUrl\":\"https:\/\/groupefranc.com\/wp-content\/uploads\/2025\/12\/LOGO-LYON-AGENCES-e1770844298568.png\",\"datePublished\":\"2025-12-08T15:56:33+00:00\",\"dateModified\":\"2026-03-06T09:51:27+00:00\",\"description\":\"Agence Franc Lyon : architecture industrielle, logistique et tertiaire en Auvergne-Rh\u00f4ne-Alpes. Expertise technique\",\"breadcrumb\":{\"@id\":\"https:\/\/groupefranc.com\/index.php\/agences\/agence-franc-lyon\/#breadcrumb\"},\"inLanguage\":\"en-US\",\"potentialAction\":[{\"@type\":\"ReadAction\",\"target\":[\"https:\/\/groupefranc.com\/index.php\/agences\/agence-franc-lyon\/\"]}]},{\"@type\":\"ImageObject\",\"inLanguage\":\"en-US\",\"@id\":\"https:\/\/groupefranc.com\/index.php\/agences\/agence-franc-lyon\/#primaryimage\",\"url\":\"https:\/\/groupefranc.com\/wp-content\/uploads\/2025\/12\/LOGO-LYON-AGENCES-e1770844298568.png\",\"contentUrl\":\"https:\/\/groupefranc.com\/wp-content\/uploads\/2025\/12\/LOGO-LYON-AGENCES-e1770844298568.png\",\"width\":1210,\"height\":1210,\"caption\":\"LOGO LYON AGENCES\"},{\"@type\":\"BreadcrumbList\",\"@id\":\"https:\/\/groupefranc.com\/index.php\/agences\/agence-franc-lyon\/#breadcrumb\",\"itemListElement\":[{\"@type\":\"ListItem\",\"position\":1,\"name\":\"Home\",\"item\":\"https:\/\/groupefranc.com\/\"},{\"@type\":\"ListItem\",\"position\":2,\"name\":\"Agences\",\"item\":\"https:\/\/groupefranc.com\/index.php\/agences\/\"},{\"@type\":\"ListItem\",\"position\":3,\"name\":\"AGENCE FRANC LYON\"}]},{\"@type\":\"WebSite\",\"@id\":\"https:\/\/groupefranc.com\/#website\",\"url\":\"https:\/\/groupefranc.com\/\",\"name\":\"GROUPE FRANC ARCHITECTURES\",\"description\":\"\",\"publisher\":{\"@id\":\"https:\/\/groupefranc.com\/#organization\"},\"potentialAction\":[{\"@type\":\"SearchAction\",\"target\":{\"@type\":\"EntryPoint\",\"urlTemplate\":\"https:\/\/groupefranc.com\/?s={search_term_string}\"},\"query-input\":{\"@type\":\"PropertyValueSpecification\",\"valueRequired\":true,\"valueName\":\"search_term_string\"}}],\"inLanguage\":\"en-US\"},{\"@type\":\"Organization\",\"@id\":\"https:\/\/groupefranc.com\/#organization\",\"name\":\"GROUPE FRANC ARCHITECTURES\",\"url\":\"https:\/\/groupefranc.com\/\",\"logo\":{\"@type\":\"ImageObject\",\"inLanguage\":\"en-US\",\"@id\":\"https:\/\/groupefranc.com\/#\/schema\/logo\/image\/\",\"url\":\"https:\/\/groupefranc.com\/wp-content\/uploads\/2021\/12\/cropped-logo.png\",\"contentUrl\":\"https:\/\/groupefranc.com\/wp-content\/uploads\/2021\/12\/cropped-logo.png\",\"width\":705,\"height\":723,\"caption\":\"GROUPE FRANC ARCHITECTURES\"},\"image\":{\"@id\":\"https:\/\/groupefranc.com\/#\/schema\/logo\/image\/\"},\"sameAs\":[\"https:\/\/www.linkedin.com\/company\/groupe-franc\/\"]}]}<\/script>\n<!-- \/ Yoast SEO plugin. -->","yoast_head_json":{"title":"AGENCE FRANC LYON - GROUPE FRANC ARCHITECTURES","description":"Agence Franc Lyon : architecture industrielle, logistique et tertiaire en Auvergne-Rh\u00f4ne-Alpes. Expertise technique","robots":{"index":"index","follow":"follow","max-snippet":"max-snippet:-1","max-image-preview":"max-image-preview:large","max-video-preview":"max-video-preview:-1"},"canonical":"https:\/\/groupefranc.com\/index.php\/agences\/agence-franc-lyon\/","og_locale":"en_US","og_type":"article","og_title":"AGENCE FRANC LYON","og_description":"Agence Franc Lyon : architecture industrielle, logistique et tertiaire en Auvergne-Rh\u00f4ne-Alpes. Expertise technique","og_url":"https:\/\/groupefranc.com\/index.php\/agences\/agence-franc-lyon\/","og_site_name":"GROUPE FRANC ARCHITECTURES","article_modified_time":"2026-03-06T09:51:27+00:00","og_image":[{"width":2560,"height":2560,"url":"https:\/\/groupefranc.com\/wp-content\/uploads\/2025\/12\/8-AGENCE-FRANC-ARCHITECTURES-LYON-scaled.png","type":"image\/png"}],"twitter_card":"summary_large_image","twitter_misc":{"Est. reading time":"2 minutes"},"schema":{"@context":"https:\/\/schema.org","@graph":[{"@type":"WebPage","@id":"https:\/\/groupefranc.com\/index.php\/agences\/agence-franc-lyon\/","url":"https:\/\/groupefranc.com\/index.php\/agences\/agence-franc-lyon\/","name":"AGENCE FRANC LYON - GROUPE FRANC ARCHITECTURES","isPartOf":{"@id":"https:\/\/groupefranc.com\/#website"},"primaryImageOfPage":{"@id":"https:\/\/groupefranc.com\/index.php\/agences\/agence-franc-lyon\/#primaryimage"},"image":{"@id":"https:\/\/groupefranc.com\/index.php\/agences\/agence-franc-lyon\/#primaryimage"},"thumbnailUrl":"https:\/\/groupefranc.com\/wp-content\/uploads\/2025\/12\/LOGO-LYON-AGENCES-e1770844298568.png","datePublished":"2025-12-08T15:56:33+00:00","dateModified":"2026-03-06T09:51:27+00:00","description":"Agence Franc Lyon : architecture industrielle, logistique et tertiaire en Auvergne-Rh\u00f4ne-Alpes. Expertise technique","breadcrumb":{"@id":"https:\/\/groupefranc.com\/index.php\/agences\/agence-franc-lyon\/#breadcrumb"},"inLanguage":"en-US","potentialAction":[{"@type":"ReadAction","target":["https:\/\/groupefranc.com\/index.php\/agences\/agence-franc-lyon\/"]}]},{"@type":"ImageObject","inLanguage":"en-US","@id":"https:\/\/groupefranc.com\/index.php\/agences\/agence-franc-lyon\/#primaryimage","url":"https:\/\/groupefranc.com\/wp-content\/uploads\/2025\/12\/LOGO-LYON-AGENCES-e1770844298568.png","contentUrl":"https:\/\/groupefranc.com\/wp-content\/uploads\/2025\/12\/LOGO-LYON-AGENCES-e1770844298568.png","width":1210,"height":1210,"caption":"LOGO LYON AGENCES"},{"@type":"BreadcrumbList","@id":"https:\/\/groupefranc.com\/index.php\/agences\/agence-franc-lyon\/#breadcrumb","itemListElement":[{"@type":"ListItem","position":1,"name":"Home","item":"https:\/\/groupefranc.com\/"},{"@type":"ListItem","position":2,"name":"Agences","item":"https:\/\/groupefranc.com\/index.php\/agences\/"},{"@type":"ListItem","position":3,"name":"AGENCE FRANC LYON"}]},{"@type":"WebSite","@id":"https:\/\/groupefranc.com\/#website","url":"https:\/\/groupefranc.com\/","name":"GROUPE FRANC ARCHITECTURES","description":"","publisher":{"@id":"https:\/\/groupefranc.com\/#organization"},"potentialAction":[{"@type":"SearchAction","target":{"@type":"EntryPoint","urlTemplate":"https:\/\/groupefranc.com\/?s={search_term_string}"},"query-input":{"@type":"PropertyValueSpecification","valueRequired":true,"valueName":"search_term_string"}}],"inLanguage":"en-US"},{"@type":"Organization","@id":"https:\/\/groupefranc.com\/#organization","name":"GROUPE FRANC ARCHITECTURES","url":"https:\/\/groupefranc.com\/","logo":{"@type":"ImageObject","inLanguage":"en-US","@id":"https:\/\/groupefranc.com\/#\/schema\/logo\/image\/","url":"https:\/\/groupefranc.com\/wp-content\/uploads\/2021\/12\/cropped-logo.png","contentUrl":"https:\/\/groupefranc.com\/wp-content\/uploads\/2021\/12\/cropped-logo.png","width":705,"height":723,"caption":"GROUPE FRANC ARCHITECTURES"},"image":{"@id":"https:\/\/groupefranc.com\/#\/schema\/logo\/image\/"},"sameAs":["https:\/\/www.linkedin.com\/company\/groupe-franc\/"]}]}},"_links":{"self":[{"href":"https:\/\/groupefranc.com\/index.php\/wp-json\/wp\/v2\/pages\/5599","targetHints":{"allow":["GET"]}}],"collection":[{"href":"https:\/\/groupefranc.com\/index.php\/wp-json\/wp\/v2\/pages"}],"about":[{"href":"https:\/\/groupefranc.com\/index.php\/wp-json\/wp\/v2\/types\/page"}],"author":[{"embeddable":true,"href":"https:\/\/groupefranc.com\/index.php\/wp-json\/wp\/v2\/users\/1"}],"replies":[{"embeddable":true,"href":"https:\/\/groupefranc.com\/index.php\/wp-json\/wp\/v2\/comments?post=5599"}],"version-history":[{"count":60,"href":"https:\/\/groupefranc.com\/index.php\/wp-json\/wp\/v2\/pages\/5599\/revisions"}],"predecessor-version":[{"id":16438,"href":"https:\/\/groupefranc.com\/index.php\/wp-json\/wp\/v2\/pages\/5599\/revisions\/16438"}],"up":[{"embeddable":true,"href":"https:\/\/groupefranc.com\/index.php\/wp-json\/wp\/v2\/pages\/2258"}],"wp:featuredmedia":[{"embeddable":true,"href":"https:\/\/groupefranc.com\/index.php\/wp-json\/wp\/v2\/media\/6807"}],"wp:attachment":[{"href":"https:\/\/groupefranc.com\/index.php\/wp-json\/wp\/v2\/media?parent=5599"}],"curies":[{"name":"wp","href":"https:\/\/api.w.org\/{rel}","templated":true}]}}